{"id":5660,"date":"2018-05-14T14:49:07","date_gmt":"2018-05-14T12:49:07","guid":{"rendered":"https:\/\/www.stamhuis.nl\/?page_id=5660"},"modified":"2018-05-30T09:36:57","modified_gmt":"2018-05-30T07:36:57","slug":"declaration-de-confidentialite","status":"publish","type":"page","link":"https:\/\/www.stamhuis.nl\/fr\/declaration-de-confidentialite\/","title":{"rendered":"D\u00c9CLARATION DE CONFIDENTIALIT\u00c9"},"content":{"rendered":"<p><em>Stamhuis.nl\u00a0<\/em>attache beaucoup d\u2019importance \u00e0 votre vie priv\u00e9e. Bien que la plupart des informations sont disponibles sans fournir de donn\u00e9es \u00e0 caract\u00e8re personnel, nous sommes susceptibles de\u00a0<em>vous<\/em>\u00a0demander des informations personnelles. Ces informations personnelles sont trait\u00e9es conform\u00e9ment aux exigences stipul\u00e9es dans le R\u00e8glement g\u00e9n\u00e9ral sur la protection des donn\u00e9es.<\/p>\n<p>Nous vous demandons votre nom et votre adresse e-mail par le biais de notre formulaire de contact. Dans certains cas, nous pouvons\u00a0<em>vous<\/em>\u00a0demander des donn\u00e9es \u00e0 caract\u00e8re personnel suppl\u00e9mentaires si cela est pertinent pour r\u00e9pondre \u00e0 vos questions.<\/p>\n<p><em>Stamhuis.nl<\/em>\u00a0utilise uniquement vos donn\u00e9es \u00e0 caract\u00e8re personnel aux fins auxquelles\u00a0<em>vous<\/em>\u00a0les avez transmises et ne les conserve pas plus longtemps que n\u00e9cessaire. . Avez-<em>vous<\/em>, par exemple, introduit votre adresse e-mail pour nous contacter ? <em>Stamhuis.nl<\/em>\u00a0n\u2019utilise pas vos donn\u00e9es pour\u00a0<em>vous<\/em>\u00a0envoyer des lettres d\u2019information.<\/p>\n<p>Les donn\u00e9es \u00e0 caract\u00e8re personnel obtenues sont conserv\u00e9es sur des serveurs s\u00e9curis\u00e9s et ne sont pas transf\u00e9r\u00e9es \u00e0 des tiers. Nos collaborateurs sont tenus de traiter vos donn\u00e9es de mani\u00e8re confidentielle.<\/p>\n<h4>FICHIERS JOURNAUX<\/h4>\n<p>Ce site Web collecte des donn\u00e9es de nature non personnelle dans nos fichiers journaux. Ces donn\u00e9es sont uniquement utilis\u00e9es \u00e0 des fins de statistiques g\u00e9n\u00e9rales sur l\u2019utilisation de notre site Web. Des cookies ne sont pas plac\u00e9s par le biais de l\u2019utilisation de fichiers journaux. Les informations extraites des fichiers journaux ne sont pas regroup\u00e9es avec d\u2019autres sources d&rsquo;information.<\/p>\n<p><strong>Droit de consulter et de corriger ou supprimer vos donn\u00e9es<br \/>\n<\/strong><em>Vous<\/em>\u00a0avez le droit de demander \u00e0 consulter et corriger ou supprimer vos donn\u00e9es. <em>Vous<\/em>\u00a0pouvez demander \u00e0 exercer ces droits via le formulaire sur notre page de contact. Pour \u00e9viter tout abus, nous pouvons\u00a0<em>vous<\/em>\u00a0demander de\u00a0<em>vous<\/em>\u00a0identifier. En ce qui concerne l&rsquo;acc\u00e8s aux donn\u00e9es \u00e0 caract\u00e8re personnel li\u00e9es \u00e0 un cookie, <em>vous<\/em> devez envoyer une copie du cookie en question.\u00a0<em>Vous<\/em>\u00a0pouvez le retrouver \u00e0 l\u2019aide des param\u00e8tres de votre navigateur.<\/p>\n<h4>COOKIES<\/h4>\n<p><em>Stamhuis.nl<\/em>\u00a0utilise exclusivement des cookies \u00e0 des fins de statistiques Web. <em>Nous<\/em>\u00a0le faisons uniquement pour analyser combien de visiteurs utilisent notre site Web afin d\u2019effectuer des travaux d\u2019am\u00e9lioration. <em>Nous <\/em>utilisons\u00a0le package d\u2019analyse de Google Analytics pour ces statistiques Web.<\/p>\n<table>\n<tbody>\n<tr>\n<td width=\"307\"><strong>Nom du cookie<\/strong><\/td>\n<td width=\"307\"><strong>Objectif<\/strong><\/td>\n<\/tr>\n<tr>\n<td width=\"307\">_ga, _gat<\/td>\n<td width=\"307\">Ces cookies nous donnent des informations sur le trafic de sites Internet \u00e0 vers notre site Web. Google Analytics nous permet d\u2019obtenir un tableau clair des flux de visiteurs, des sites Web \u00e0 partir desquels les visiteurs arrivent sur le n\u00f4tre et les consultations de page, entre autres. Sur la base de ces informations, nous pouvons am\u00e9liorer notre site Web pour nos visiteurs.<\/td>\n<\/tr>\n<\/tbody>\n<\/table>\n<p>Pour garantir votre confidentialit\u00e9,\u00a0<em>nous<\/em>\u00a0avons conclu un\u00a0<strong>accord de traitement\u00a0<\/strong>avec Google. Il indique que seul Google agit en tant que processeur lors du traitement des donn\u00e9es \u00e0 caract\u00e8re personnel de nos visiteurs. En outre,\u00a0<em>nous<\/em>\u00a0avons opt\u00e9 pour\u00a0<strong>l\u2019anonymisation<\/strong>\u00a0de votre adresse IP. Cela signifie que les 3 derniers chiffres de votre adresse IP dispara\u00eetront et ne seront pas stock\u00e9s par Google. Enfin, <em>nous <\/em><strong>n\u2019avons pas<\/strong>\u00a0autoris\u00e9 Google \u00e0 utiliser les informations extraites de Google Analytics pour d\u2019autres services Google.<\/p>\n<p><strong><em>D\u00e9sactiver ou supprimer des cookies<br \/>\n<\/em><\/strong>Votre navigateur Internet <em>vous<\/em> permet de bloquer l\u2019utilisation de cookies, <em>d\u2019<\/em>\u00eatre inform\u00e9 au pr\u00e9alable de l\u2019installation d\u2019un cookie, ou <em>de <\/em>supprimer ult\u00e9rieurement les cookies de votre disque dur. Comme chaque navigateur Internet poss\u00e8de ses propres options \u00e0 cet effet,\u00a0<em>nous<\/em>\u00a0<em> vous<\/em>\u00a0conseillons de consulter la fonction Aide de votre navigateur Internet.<\/p>\n","protected":false},"excerpt":{"rendered":"<p>Stamhuis.nl\u00a0attache beaucoup d\u2019importance \u00e0 votre vie priv\u00e9e. Bien que la plupart des informations sont disponibles sans fournir de donn\u00e9es \u00e0 caract\u00e8re personnel, nous sommes susceptibles de\u00a0vous\u00a0demander des informations personnelles. Ces informations personnelles sont trait\u00e9es conform\u00e9ment aux exigences stipul\u00e9es dans le R\u00e8glement g\u00e9n\u00e9ral sur la protection des donn\u00e9es. Nous vous demandons votre nom et votre adresse e-mail par le biais de notre formulaire de contact. Dans certains cas, nous pouvons\u00a0vous\u00a0demander des donn\u00e9es \u00e0 caract\u00e8re personnel suppl\u00e9mentaires si cela est pertinent pour r\u00e9pondre \u00e0 vos questions. Stamhuis.nl\u00a0utilise uniquement vos donn\u00e9es \u00e0 caract\u00e8re personnel aux fins auxquelles\u00a0vous\u00a0les avez transmises et ne les conserve pas plus longtemps que n\u00e9cessaire. . Avez-vous, par exemple, introduit votre adresse e-mail pour nous contacter ? Stamhuis.nl\u00a0n\u2019utilise pas vos donn\u00e9es pour\u00a0vous\u00a0envoyer des lettres d\u2019information. Les donn\u00e9es \u00e0 caract\u00e8re personnel obtenues sont conserv\u00e9es sur des serveurs s\u00e9curis\u00e9s et ne sont&hellip;<\/p>\n","protected":false},"author":1,"featured_media":0,"parent":0,"menu_order":0,"comment_status":"closed","ping_status":"closed","template":"","meta":{"om_disable_all_campaigns":false,"_monsterinsights_skip_tracking":false,"_monsterinsights_sitenote_active":false,"_monsterinsights_sitenote_note":"","_monsterinsights_sitenote_category":0,"footnotes":""},"class_list":{"0":"post-5660","1":"page","4":"hentry"},"_links":{"self":[{"href":"https:\/\/www.stamhuis.nl\/fr\/wp-json\/wp\/v2\/pages\/5660","targetHints":{"allow":["GET"]}}],"collection":[{"href":"https:\/\/www.stamhuis.nl\/fr\/wp-json\/wp\/v2\/pages"}],"about":[{"href":"https:\/\/www.stamhuis.nl\/fr\/wp-json\/wp\/v2\/types\/page"}],"author":[{"embeddable":true,"href":"https:\/\/www.stamhuis.nl\/fr\/wp-json\/wp\/v2\/users\/1"}],"replies":[{"embeddable":true,"href":"https:\/\/www.stamhuis.nl\/fr\/wp-json\/wp\/v2\/comments?post=5660"}],"version-history":[{"count":0,"href":"https:\/\/www.stamhuis.nl\/fr\/wp-json\/wp\/v2\/pages\/5660\/revisions"}],"wp:attachment":[{"href":"https:\/\/www.stamhuis.nl\/fr\/wp-json\/wp\/v2\/media?parent=5660"}],"curies":[{"name":"wp","href":"https:\/\/api.w.org\/{rel}","templated":true}]}}