{"id":2843,"date":"2015-11-20T12:12:34","date_gmt":"2015-11-20T11:12:34","guid":{"rendered":"https:\/\/www.stamhuis.nl\/fr\/over-ons\/onze-werkwijze\/"},"modified":"2016-05-10T14:46:25","modified_gmt":"2016-05-10T13:46:25","slug":"onze-werkwijze","status":"publish","type":"page","link":"https:\/\/www.stamhuis.nl\/fr\/over-ons\/onze-werkwijze\/","title":{"rendered":"Notre fa\u00e7on de travailler"},"content":{"rendered":"<h4>La bonne formule pour un r\u00e9am\u00e9nagement rapide sans soucis<\/h4>\n<p class=\"intro\">Un r\u00e9am\u00e9nagement, c&rsquo;est souvent toute une affaire. Combien de temps mon magasin ou bureau devra-t-il fermer ses portes ? Et qu&rsquo;en est-il des nuisances pour mon personnel et mes clients ? \u00c0 combien se chiffrera le manque \u00e0 gagner et comment puis-je \u00eatre s\u00fbr que les accords conclus seront respect\u00e9s ? Toutes ces questions peuvent \u00eatre de v\u00e9ritables casse-t\u00eate.<\/p>\n<p>Quelle est notre r\u00e9ponse \u00e0 toutes vos questions ? Le Stamhuis Total Concept : une m\u00e9thode de construction unique qui nous permet de vous d\u00e9charger de toutes vos t\u00e2ches et d&rsquo;assurer une ex\u00e9cution de qualit\u00e9 et sans faille de vos travaux.<\/p>\n<div class=\"video_box\"><div class=\"left\"><h3>Stamhuis Total Concept<\/h3><\/div><div class=\"right\"><h3 id=\"closed\">Regarder la video<\/h3><h3 id=\"opened\">Fermer<\/h3><\/div><\/div><div class=\"flex-video\" id=\"video_speler\"><iframe loading=\"lazy\" id=\"ytplayer\" type=\"text\/html\" width=\"720\" height=\"405\" src=\"https:\/\/www.youtube.com\/embed\/Y2FM0pnlijE\" frameborder=\"0\" allowfullscreen><\/iframe><\/div>\n<h4>Avantage unique<\/h4>\n<p>Quand il s&rsquo;agit de construire et de r\u00e9am\u00e9nager, Stamhuis doit d\u00e9fendre sa r\u00e9putation. Pour chaque type de produit, nous savons exactement ce qu&rsquo;on attend de nous. Nous pouvons faire appel \u00e0 nos partenaires renomm\u00e9s et dignes de confiance et les diriger. Le fait d&rsquo;avoir tous les corps de m\u00e9tier et comp\u00e9tences indispensables au sein de notre entreprise, constitue pour vous un avantage unique. Avec une \u00e9quipe soud\u00e9e de sp\u00e9cialistes habitu\u00e9s \u00e0 collaborer, nous sommes en mesure de garantir une ex\u00e9cution transparente et efficace des travaux.<\/p>\n<h4>Des sp\u00e9cialistes exp\u00e9riment\u00e9s<\/h4>\n<p>Pour chaque projet, nous choisissons une approche processuelle et nous ne laissons rien au hasard. Apr\u00e8s un premier entretien, nous visitons d&rsquo;abord votre site de construction. Nous nous y empreignons de la situation existante, de l&rsquo;am\u00e9nagement et de l&rsquo;agencement. Ensuite, notre \u00e9quipe de sp\u00e9cialistes exp\u00e9riment\u00e9s fournit des conseils d\u00e9taill\u00e9s sur la faisabilit\u00e9 et la r\u00e9alisation de la r\u00e9novation, du r\u00e9am\u00e9nagement ou de la construction.<\/p>\n<p><a href=\"https:\/\/www.stamhuis.nl\/wp-content\/uploads\/2016\/04\/Discipline-bollen-Frans-610x597.jpg\" rel=\"attachment wp-att-3719\"><img loading=\"lazy\" decoding=\"async\" class=\"alignnone size-medium wp-image-3719 body-post-image\" src=\"https:\/\/www.stamhuis.nl\/wp-content\/uploads\/2016\/04\/Discipline-bollen-Frans-610x597.jpg\" alt=\"Discipline bollen Frans\" width=\"610\" height=\"597\" srcset=\"https:\/\/www.stamhuis.nl\/wp-content\/uploads\/2016\/04\/Discipline-bollen-Frans-610x597.jpg 610w, https:\/\/www.stamhuis.nl\/wp-content\/uploads\/2016\/04\/Discipline-bollen-Frans-768x752.jpg 768w, https:\/\/www.stamhuis.nl\/wp-content\/uploads\/2016\/04\/Discipline-bollen-Frans-1024x1002.jpg 1024w, https:\/\/www.stamhuis.nl\/wp-content\/uploads\/2016\/04\/Discipline-bollen-Frans-50x50.jpg 50w, https:\/\/www.stamhuis.nl\/wp-content\/uploads\/2016\/04\/Discipline-bollen-Frans-211x207.jpg 211w, https:\/\/www.stamhuis.nl\/wp-content\/uploads\/2016\/04\/Discipline-bollen-Frans-153x150.jpg 153w, https:\/\/www.stamhuis.nl\/wp-content\/uploads\/2016\/04\/Discipline-bollen-Frans-307x300.jpg 307w, https:\/\/www.stamhuis.nl\/wp-content\/uploads\/2016\/04\/Discipline-bollen-Frans.jpg 1837w\" sizes=\"auto, (max-width: 610px) 100vw, 610px\" \/><\/a><\/p>\n<h4>Une vitesse de construction exceptionnelle<\/h4>\n<p>La vitesse \u00e0 laquelle Stamhuis construit des b\u00e2timents permet de qualifier l&rsquo;entreprise de point de vente unique. Nous pr\u00e9parons chaque projet dans les moindres d\u00e9tails et la mettons en \u0153uvre \u00e0 l&rsquo;aide d&rsquo;une logistique in\u00e9branlable. En faisant un usage intensif d&rsquo;\u00e9l\u00e9ments pr\u00e9fabriqu\u00e9s et pr\u00e9assembl\u00e9s, nous pouvons fabriquer presque tous les articles sur mesure et ensuite les monter facilement en un temps record. Ceci nous permet de r\u00e9am\u00e9nager enti\u00e8rement un magasin de 4500 m\u00b2 en seulement cinq jours ouvrables. En parlant de vitesse !<\/p>\n<h4>Savoir-faire<\/h4>\n<p>Depuis de nombreuses ann\u00e9es, nous nous d\u00e9vouons pour nos petits et grands clients, parmi lesquels se trouvent diverses cha\u00eenes de magasins op\u00e9rant aux Pays-Bas ou \u00e0 l&rsquo;\u00e9tranger. Nous avons \u00e9galement \u00e9tabli une excellente r\u00e9putation dans d&rsquo;autres domaines. Qu&rsquo;il s&rsquo;agisse d&rsquo;un nouveau supermarch\u00e9 ou d&rsquo;un nouveau th\u00e9\u00e2tre, d&rsquo;une piscine ou d&rsquo;un centre de soins : nous sommes connaisseurs dans tous les domaines et d\u00e9passons vos attentes les plus folles !<\/p>\n","protected":false},"excerpt":{"rendered":"<p>La bonne formule pour un r\u00e9am\u00e9nagement rapide sans soucis Un r\u00e9am\u00e9nagement, c&rsquo;est souvent toute une affaire. Combien de temps mon magasin ou bureau devra-t-il fermer ses portes ? Et qu&rsquo;en est-il des nuisances pour mon personnel et mes clients ? \u00c0 combien se chiffrera le manque \u00e0 gagner et comment puis-je \u00eatre s\u00fbr que les accords conclus seront respect\u00e9s ? Toutes ces questions peuvent \u00eatre de v\u00e9ritables casse-t\u00eate. Quelle est notre r\u00e9ponse \u00e0 toutes vos questions ? Le Stamhuis Total Concept : une m\u00e9thode de construction unique qui nous permet de vous d\u00e9charger de toutes vos t\u00e2ches et d&rsquo;assurer une ex\u00e9cution de qualit\u00e9 et sans faille de vos travaux. Avantage unique Quand il s&rsquo;agit de construire et de r\u00e9am\u00e9nager, Stamhuis doit d\u00e9fendre sa r\u00e9putation. Pour chaque type de produit, nous savons exactement ce qu&rsquo;on attend de nous. Nous pouvons faire&hellip;<\/p>\n","protected":false},"author":1,"featured_media":3041,"parent":2821,"menu_order":0,"comment_status":"closed","ping_status":"closed","template":"","meta":{"om_disable_all_campaigns":false,"_monsterinsights_skip_tracking":false,"_monsterinsights_sitenote_active":false,"_monsterinsights_sitenote_note":"","_monsterinsights_sitenote_category":0,"footnotes":""},"class_list":{"0":"post-2843","1":"page","4":"has-post-thumbnail","5":"hentry"},"_links":{"self":[{"href":"https:\/\/www.stamhuis.nl\/fr\/wp-json\/wp\/v2\/pages\/2843","targetHints":{"allow":["GET"]}}],"collection":[{"href":"https:\/\/www.stamhuis.nl\/fr\/wp-json\/wp\/v2\/pages"}],"about":[{"href":"https:\/\/www.stamhuis.nl\/fr\/wp-json\/wp\/v2\/types\/page"}],"author":[{"embeddable":true,"href":"https:\/\/www.stamhuis.nl\/fr\/wp-json\/wp\/v2\/users\/1"}],"replies":[{"embeddable":true,"href":"https:\/\/www.stamhuis.nl\/fr\/wp-json\/wp\/v2\/comments?post=2843"}],"version-history":[{"count":0,"href":"https:\/\/www.stamhuis.nl\/fr\/wp-json\/wp\/v2\/pages\/2843\/revisions"}],"up":[{"embeddable":true,"href":"https:\/\/www.stamhuis.nl\/fr\/wp-json\/wp\/v2\/pages\/2821"}],"wp:featuredmedia":[{"embeddable":true,"href":"https:\/\/www.stamhuis.nl\/fr\/wp-json\/wp\/v2\/media\/3041"}],"wp:attachment":[{"href":"https:\/\/www.stamhuis.nl\/fr\/wp-json\/wp\/v2\/media?parent=2843"}],"curies":[{"name":"wp","href":"https:\/\/api.w.org\/{rel}","templated":true}]}}