{"id":2840,"date":"2015-11-20T12:13:24","date_gmt":"2015-11-20T11:13:24","guid":{"rendered":"https:\/\/www.stamhuis.nl\/fr\/over-ons\/mvo\/"},"modified":"2016-05-11T09:07:45","modified_gmt":"2016-05-11T08:07:45","slug":"mvo","status":"publish","type":"page","link":"https:\/\/www.stamhuis.nl\/fr\/over-ons\/mvo\/","title":{"rendered":"Entrepreneuriat socialement responsable"},"content":{"rendered":"<h3>Construire en pensant \u00e0 l&rsquo;avenir<\/h3>\n<p class=\"intro\">Chez Stamhuis, un monde durable et propre n&rsquo;est pas consid\u00e9r\u00e9 comme un jouet pour utopistes. Dans tout ce que nous faisons, nous surveillons de pr\u00e8s l&rsquo;impact (\u00e9ventuel) sur l&rsquo;homme et l&rsquo;environnement. Nous donnons la priorit\u00e9 \u00e0 la s\u00e9curit\u00e9, la sant\u00e9 et la durabilit\u00e9 dans tous nos processus. Nous investissons \u00e9galement dans notre capital le plus important : nos employ\u00e9s;<\/p>\n<h4>Cycle ferm\u00e9 des mat\u00e9riaux<\/h4>\n<p>Nous nous effor\u00e7ons de cr\u00e9er un cycle ferm\u00e9 des mat\u00e9riaux. Cela signifie que nous enregistrons en appr\u00e9cions le degr\u00e9 de r\u00e9utilisation de tous les mat\u00e9riaux entrants et sortants. Dans notre Revisie Centrum Nederland (RCN &#8211; Centre de r\u00e9vision Pays-Bas), nous nous occupons du red\u00e9ploiement de mat\u00e9riaux issus du d\u00e9mant\u00e8lement et du d\u00e9montage d&rsquo;am\u00e9nagements (de magasin). L&rsquo;entrepreneuriat durable n&rsquo;est pas une utopie. C&rsquo;est la nouvelle r\u00e9alit\u00e9 !<\/p>\n<p><img loading=\"lazy\" decoding=\"async\" class=\"body-post-image alignnone wp-image-2205 size-leftImage\" src=\"https:\/\/www.stamhuis.nl\/wp-content\/uploads\/2016\/02\/Duurzaam-3-1170x300.jpg\" alt=\"Duurzaam 3\" width=\"1170\" height=\"300\" \/><\/p>\n<h4>Transport \u00e9conome en \u00e9nergie<\/h4>\n<p>Le d\u00e9ploiement de nos propres camions permet d&rsquo;assurer un transport \u00e9conome en \u00e9nergie : nos camions consomment beaucoup moins de carburant et permettent de r\u00e9duire le nombre de trajets d&rsquo;au moins 40 %. Nous utilisons \u00e9galement beaucoup d&rsquo;ampoules LED et de panneaux solaires. L&rsquo;achat group\u00e9 d&rsquo;\u00e9nergie verte nous permet d&rsquo;\u00e9conomiser 377 tonnes de CO2 par an ! Notre fa\u00e7on de travailler s&rsquo;av\u00e8re non seulement respectueuse de l&rsquo;environnement, mais permet \u00e9galement de r\u00e9aliser des \u00e9conomies consid\u00e9rables. Des b\u00e9n\u00e9fices pour aujourd&rsquo;hui, donc des b\u00e9n\u00e9fices pour demain !<\/p>\n<h4>Le meilleur pour nos employ\u00e9s<\/h4>\n<p>Nous surveillons de pr\u00e8s le d\u00e9veloppement, le progr\u00e8s et la sant\u00e9 de nos employ\u00e9s. Cela commence par leur donner des responsabilit\u00e9s et de la confiance. Nous donnons, par exemple, l&rsquo;occasion \u00e0 des ch\u00f4meurs de longue dur\u00e9e et aux handicap\u00e9s du travail de prendre part aux activit\u00e9s de notre entreprise. Nous r\u00e9pondons \u00e9galement au besoin de travailler \u00e0 domicile, encourageons l&rsquo;exercice physique avec notre programme v\u00e9lo et donnons aux employ\u00e9s l&rsquo;occasion de faire \u00e9voluer leur carri\u00e8re. Ce n&rsquo;est que de cette fa\u00e7on que l&rsquo;on peut r\u00e9v\u00e9ler ce qui a de mieux dans chacun d&rsquo;entre nous !<\/p>\n<h4>Confiance r\u00e9ciproque<\/h4>\n<p>Stamhuis fait tout ce qui est possible pour progresser tous les jours. Cela ne peut se faire qu&rsquo;en assurant la continuit\u00e9 des connaissances et des comp\u00e9tences. Nous nous effor\u00e7ons de concilier autant que possible les objectifs de notre entreprise avec le d\u00e9veloppent personnel de nos employ\u00e9s. En nous basant sur la confiance r\u00e9ciproque et le respect, nous contribuons ensemble au d\u00e9veloppement de notre entreprise et de nos employ\u00e9s !<\/p>\n","protected":false},"excerpt":{"rendered":"<p>Construire en pensant \u00e0 l&rsquo;avenir Chez Stamhuis, un monde durable et propre n&rsquo;est pas consid\u00e9r\u00e9 comme un jouet pour utopistes. Dans tout ce que nous faisons, nous surveillons de pr\u00e8s l&rsquo;impact (\u00e9ventuel) sur l&rsquo;homme et l&rsquo;environnement. Nous donnons la priorit\u00e9 \u00e0 la s\u00e9curit\u00e9, la sant\u00e9 et la durabilit\u00e9 dans tous nos processus. Nous investissons \u00e9galement dans notre capital le plus important : nos employ\u00e9s; Cycle ferm\u00e9 des mat\u00e9riaux Nous nous effor\u00e7ons de cr\u00e9er un cycle ferm\u00e9 des mat\u00e9riaux. Cela signifie que nous enregistrons en appr\u00e9cions le degr\u00e9 de r\u00e9utilisation de tous les mat\u00e9riaux entrants et sortants. Dans notre Revisie Centrum Nederland (RCN &#8211; Centre de r\u00e9vision Pays-Bas), nous nous occupons du red\u00e9ploiement de mat\u00e9riaux issus du d\u00e9mant\u00e8lement et du d\u00e9montage d&rsquo;am\u00e9nagements (de magasin). L&rsquo;entrepreneuriat durable n&rsquo;est pas une utopie. C&rsquo;est la nouvelle r\u00e9alit\u00e9 ! Transport \u00e9conome en \u00e9nergie Le d\u00e9ploiement&hellip;<\/p>\n","protected":false},"author":1,"featured_media":3045,"parent":2821,"menu_order":0,"comment_status":"closed","ping_status":"closed","template":"","meta":{"om_disable_all_campaigns":false,"_monsterinsights_skip_tracking":false,"_monsterinsights_sitenote_active":false,"_monsterinsights_sitenote_note":"","_monsterinsights_sitenote_category":0,"footnotes":""},"class_list":{"0":"post-2840","1":"page","4":"has-post-thumbnail","5":"hentry"},"_links":{"self":[{"href":"https:\/\/www.stamhuis.nl\/fr\/wp-json\/wp\/v2\/pages\/2840","targetHints":{"allow":["GET"]}}],"collection":[{"href":"https:\/\/www.stamhuis.nl\/fr\/wp-json\/wp\/v2\/pages"}],"about":[{"href":"https:\/\/www.stamhuis.nl\/fr\/wp-json\/wp\/v2\/types\/page"}],"author":[{"embeddable":true,"href":"https:\/\/www.stamhuis.nl\/fr\/wp-json\/wp\/v2\/users\/1"}],"replies":[{"embeddable":true,"href":"https:\/\/www.stamhuis.nl\/fr\/wp-json\/wp\/v2\/comments?post=2840"}],"version-history":[{"count":0,"href":"https:\/\/www.stamhuis.nl\/fr\/wp-json\/wp\/v2\/pages\/2840\/revisions"}],"up":[{"embeddable":true,"href":"https:\/\/www.stamhuis.nl\/fr\/wp-json\/wp\/v2\/pages\/2821"}],"wp:featuredmedia":[{"embeddable":true,"href":"https:\/\/www.stamhuis.nl\/fr\/wp-json\/wp\/v2\/media\/3045"}],"wp:attachment":[{"href":"https:\/\/www.stamhuis.nl\/fr\/wp-json\/wp\/v2\/media?parent=2840"}],"curies":[{"name":"wp","href":"https:\/\/api.w.org\/{rel}","templated":true}]}}