{"id":2837,"date":"2015-11-20T09:35:05","date_gmt":"2015-11-20T08:35:05","guid":{"rendered":"https:\/\/www.stamhuis.nl\/fr\/contact\/"},"modified":"2016-04-25T08:21:29","modified_gmt":"2016-04-25T07:21:29","slug":"contact","status":"publish","type":"page","link":"https:\/\/www.stamhuis.nl\/fr\/contact\/","title":{"rendered":"Contact"},"content":{"rendered":"<p class=\"intro\">\u00cates-vous \u00e0 la recherche d&rsquo;un sp\u00e9cialiste exp\u00e9riment\u00e9 et int\u00e9ress\u00e9 dans le domaine de la gestion de projets, des int\u00e9rieurs et des finitions ? Ou voulez-vous en savoir plus sur la faisabilit\u00e9 et la r\u00e9alisation de votre magasin, d&rsquo;am\u00e9nagement d&rsquo;int\u00e9rieur de b\u00e2timent utilitaire ou autre bien immobilier ? En faisant appel \u00e0 Stamhuis, vous \u00eates \u00e0 la bonne adresse !<\/p>\n<p>Le groupe Stamhuis se compose d<strong>\u2019 <\/strong>entreprises sp\u00e9cialis\u00e9es qui individuellement et collectivement forment une \u00e9quipe soud\u00e9e et professionnelle. Avez-vous des projets de r\u00e9am\u00e9nagement depuis un certain temps, mais ne savez-vous pas comment proc\u00e9der ? Etes-vous \u00e0 la recherche d&rsquo;un partenaire qui vous \u00e9coute r\u00e9ellement et qui a toujours une longueur d&rsquo;avance sur vous ? N&rsquo;h\u00e9sitez pas \u00e0 nous contacter. Nos sp\u00e9cialistes sont \u00e0 votre service !<\/p>\n<h4>Formulaire de contact<\/h4>\n<p>Vous pouvez nous laisser un message \u00e0 l&rsquo;aide du formulaire de contact ci-dessous.<\/p>\n\n<div class=\"wpcf7 no-js\" id=\"wpcf7-f3699-o1\" lang=\"nl-NL\" dir=\"ltr\" data-wpcf7-id=\"3699\">\n<div class=\"screen-reader-response\"><p role=\"status\" aria-live=\"polite\" aria-atomic=\"true\"><\/p> <ul><\/ul><\/div>\n<form action=\"\/fr\/wp-json\/wp\/v2\/pages\/2837#wpcf7-f3699-o1\" method=\"post\" class=\"wpcf7-form init\" aria-label=\"Contactformulier\" novalidate=\"novalidate\" data-status=\"init\">\n<fieldset class=\"hidden-fields-container\"><input type=\"hidden\" name=\"_wpcf7\" value=\"3699\" \/><input type=\"hidden\" name=\"_wpcf7_version\" value=\"6.1.3\" \/><input type=\"hidden\" name=\"_wpcf7_locale\" value=\"nl_NL\" \/><input type=\"hidden\" name=\"_wpcf7_unit_tag\" value=\"wpcf7-f3699-o1\" \/><input type=\"hidden\" name=\"_wpcf7_container_post\" value=\"0\" \/><input type=\"hidden\" name=\"_wpcf7_posted_data_hash\" value=\"\" \/>\n<\/fieldset>\n<p class='half'><label for=\"Naam\">Nom <span>*<\/span><\/label><span class=\"wpcf7-form-control-wrap\" data-name=\"naam\"><input size=\"40\" maxlength=\"400\" class=\"wpcf7-form-control wpcf7-text wpcf7-validates-as-required\" aria-required=\"true\" aria-invalid=\"false\" value=\"\" type=\"text\" name=\"naam\" \/><\/span>\n<\/p>\n<p class='half'><label for=\"email\">Email <span>*<\/span><\/label><span class=\"wpcf7-form-control-wrap\" data-name=\"email\"><input size=\"40\" maxlength=\"400\" class=\"wpcf7-form-control wpcf7-email wpcf7-validates-as-required wpcf7-text wpcf7-validates-as-email\" aria-required=\"true\" aria-invalid=\"false\" value=\"\" type=\"email\" name=\"email\" \/><\/span>\n<\/p>\n<p class='full'><label for=\"Naam\">Sujet <span>*<\/span><\/label><span class=\"wpcf7-form-control-wrap\" data-name=\"onderwerp\"><input size=\"40\" maxlength=\"400\" class=\"wpcf7-form-control wpcf7-text wpcf7-validates-as-required\" aria-required=\"true\" aria-invalid=\"false\" value=\"\" type=\"text\" name=\"onderwerp\" \/><\/span>\n<\/p>\n<p class='full'><label for=\"bericht\">Message <span>*<\/span><\/label><span class=\"wpcf7-form-control-wrap\" data-name=\"bericht\"><textarea cols=\"40\" rows=\"10\" maxlength=\"2000\" class=\"wpcf7-form-control wpcf7-textarea wpcf7-validates-as-required\" aria-required=\"true\" aria-invalid=\"false\" name=\"bericht\"><\/textarea><\/span>\n<\/p>\n<p class='full'><input class=\"wpcf7-form-control wpcf7-submit has-spinner button arrow yellow\" type=\"submit\" value=\"Envoyer\" \/>\n<\/p>\n<p class=\"full\">Par l'envoi de ce formulaire vous confirmez votre accord avec notre <a href=\"https:\/\/www.stamhuis.nl\/fr\/privacy-statement\/\" target=\"blank\">d\u00e9claration de confidentialit\u00e9<\/a>\n<\/p><div class=\"wpcf7-response-output\" aria-hidden=\"true\"><\/div>\n<\/form>\n<\/div>\n\n","protected":false},"excerpt":{"rendered":"<p>\u00cates-vous \u00e0 la recherche d&rsquo;un sp\u00e9cialiste exp\u00e9riment\u00e9 et int\u00e9ress\u00e9 dans le domaine de la gestion de projets, des int\u00e9rieurs et des finitions ? Ou voulez-vous en savoir plus sur la faisabilit\u00e9 et la r\u00e9alisation de votre magasin, d&rsquo;am\u00e9nagement d&rsquo;int\u00e9rieur de b\u00e2timent utilitaire ou autre bien immobilier ? En faisant appel \u00e0 Stamhuis, vous \u00eates \u00e0 la bonne adresse ! Le groupe Stamhuis se compose d\u2019 entreprises sp\u00e9cialis\u00e9es qui individuellement et collectivement forment une \u00e9quipe soud\u00e9e et professionnelle. Avez-vous des projets de r\u00e9am\u00e9nagement depuis un certain temps, mais ne savez-vous pas comment proc\u00e9der ? Etes-vous \u00e0 la recherche d&rsquo;un partenaire qui vous \u00e9coute r\u00e9ellement et qui a toujours une longueur d&rsquo;avance sur vous ? N&rsquo;h\u00e9sitez pas \u00e0 nous contacter. Nos sp\u00e9cialistes sont \u00e0 votre service ! Formulaire de contact Vous pouvez nous laisser un message \u00e0 l&rsquo;aide du formulaire de contact&hellip;<\/p>\n","protected":false},"author":1,"featured_media":3359,"parent":0,"menu_order":0,"comment_status":"closed","ping_status":"closed","template":"template-contact.php","meta":{"om_disable_all_campaigns":false,"_monsterinsights_skip_tracking":false,"_monsterinsights_sitenote_active":false,"_monsterinsights_sitenote_note":"","_monsterinsights_sitenote_category":0,"footnotes":""},"class_list":{"0":"post-2837","1":"page","4":"has-post-thumbnail","5":"hentry"},"_links":{"self":[{"href":"https:\/\/www.stamhuis.nl\/fr\/wp-json\/wp\/v2\/pages\/2837","targetHints":{"allow":["GET"]}}],"collection":[{"href":"https:\/\/www.stamhuis.nl\/fr\/wp-json\/wp\/v2\/pages"}],"about":[{"href":"https:\/\/www.stamhuis.nl\/fr\/wp-json\/wp\/v2\/types\/page"}],"author":[{"embeddable":true,"href":"https:\/\/www.stamhuis.nl\/fr\/wp-json\/wp\/v2\/users\/1"}],"replies":[{"embeddable":true,"href":"https:\/\/www.stamhuis.nl\/fr\/wp-json\/wp\/v2\/comments?post=2837"}],"version-history":[{"count":0,"href":"https:\/\/www.stamhuis.nl\/fr\/wp-json\/wp\/v2\/pages\/2837\/revisions"}],"wp:featuredmedia":[{"embeddable":true,"href":"https:\/\/www.stamhuis.nl\/fr\/wp-json\/wp\/v2\/media\/3359"}],"wp:attachment":[{"href":"https:\/\/www.stamhuis.nl\/fr\/wp-json\/wp\/v2\/media?parent=2837"}],"curies":[{"name":"wp","href":"https:\/\/api.w.org\/{rel}","templated":true}]}}