{"id":2824,"date":"2015-11-20T12:13:15","date_gmt":"2015-11-20T11:13:15","guid":{"rendered":"https:\/\/www.stamhuis.nl\/fr\/over-ons\/certificeringen\/"},"modified":"2016-07-04T12:17:07","modified_gmt":"2016-07-04T10:17:07","slug":"certificeringen","status":"publish","type":"page","link":"https:\/\/www.stamhuis.nl\/fr\/over-ons\/certificeringen\/","title":{"rendered":"Certifications"},"content":{"rendered":"<p class=\"intro\">Stamhuis est membre de Bouwend Nederland, le syndicat des entreprises de b\u00e2timent et de g\u00e9nie civil. Nous sommes \u00e9galement d\u00e9tenteur de divers labels de qualit\u00e9 et certificats, dont \u2018Gezond en veilig werken\u2019 (Travailler sainement et en toute s\u00e9curit\u00e9), et du dipl\u00f4me Finitions.<\/p>\n<p>Fundeon et le centre de connaissances SH&amp;M ont agr\u00e9\u00e9 Stamhuis en tant qu&rsquo;entreprise de formation pour diverses formations dans le secteur du b\u00e2timent. De plus, nous sommes d\u00e9tenteur du certificat VCA attestant que notre syst\u00e8me de gestion de la s\u00e9curit\u00e9 concernant l&rsquo;ex\u00e9cution de travaux de construction sur site (avec comme sp\u00e9cialit\u00e9 les finitions de magasins) fonctionne correctement.<\/p>\n<p><strong>Voici nos certificats :<\/strong><br \/>\n<a href=\"https:\/\/www.stamhuis.nl\/wp-content\/uploads\/2016\/07\/Afbouwkeur-1.pdf\">Dipl\u00f4me Finitions<\/a><br \/>\n<a href=\"https:\/\/www.stamhuis.nl\/wp-content\/uploads\/2016\/01\/Erkend-leerbedrijf-SHM.pdf\">Entreprise de formation agr\u00e9\u00e9e SH&amp;M<\/a><br \/>\n<a href=\"https:\/\/www.stamhuis.nl\/wp-content\/uploads\/2016\/01\/Erkend-Leerbedrijf-Fundeon.pdf\">Entreprise de formation agr\u00e9\u00e9e &#8211; Fundeon<\/a><br \/>\n<a href=\"https:\/\/www.stamhuis.nl\/wp-content\/uploads\/2016\/01\/Certificaat-gezond-veilig-werken.pdf\">Certificat <\/a><a href=\"https:\/\/www.stamhuis.nl\/wp-content\/uploads\/2016\/01\/Certificaat-gezond-veilig-werken.pdf\">\u00abSant\u00e9 et s\u00e9curit\u00e9 au travail\u00bb<\/a><strong><br \/>\n<\/strong><a href=\"https:\/\/www.stamhuis.nl\/wp-content\/uploads\/2016\/01\/VCA-certificaat-2013.pdf\">Certificat VCA<\/a><br \/>\n<a href=\"https:\/\/www.stamhuis.nl\/wp-content\/uploads\/2016\/01\/Keurmerk-voor-vakwerk.pdf\">Label de qualit\u00e9 pour travaux de professionnel<\/a><br \/>\n<a href=\"https:\/\/www.stamhuis.nl\/wp-content\/uploads\/2015\/11\/Lidmaatschap-Bouwend-Nederland.pdf\">Affiliation \u00e0 &lsquo;Bouwend Nederland&rsquo;<\/a><\/p>\n<p>&nbsp;<\/p>\n","protected":false},"excerpt":{"rendered":"<p>Stamhuis est membre de Bouwend Nederland, le syndicat des entreprises de b\u00e2timent et de g\u00e9nie civil. Nous sommes \u00e9galement d\u00e9tenteur de divers labels de qualit\u00e9 et certificats, dont \u2018Gezond en veilig werken\u2019 (Travailler sainement et en toute s\u00e9curit\u00e9), et du dipl\u00f4me Finitions. Fundeon et le centre de connaissances SH&amp;M ont agr\u00e9\u00e9 Stamhuis en tant qu&rsquo;entreprise de formation pour diverses formations dans le secteur du b\u00e2timent. De plus, nous sommes d\u00e9tenteur du certificat VCA attestant que notre syst\u00e8me de gestion de la s\u00e9curit\u00e9 concernant l&rsquo;ex\u00e9cution de travaux de construction sur site (avec comme sp\u00e9cialit\u00e9 les finitions de magasins) fonctionne correctement. Voici nos certificats : Dipl\u00f4me Finitions Entreprise de formation agr\u00e9\u00e9e SH&amp;M Entreprise de formation agr\u00e9\u00e9e &#8211; Fundeon Certificat \u00abSant\u00e9 et s\u00e9curit\u00e9 au travail\u00bb Certificat VCA Label de qualit\u00e9 pour travaux de professionnel Affiliation \u00e0 &lsquo;Bouwend Nederland&rsquo; &nbsp;<\/p>\n","protected":false},"author":1,"featured_media":3038,"parent":2821,"menu_order":0,"comment_status":"closed","ping_status":"closed","template":"","meta":{"om_disable_all_campaigns":false,"_monsterinsights_skip_tracking":false,"_monsterinsights_sitenote_active":false,"_monsterinsights_sitenote_note":"","_monsterinsights_sitenote_category":0,"footnotes":""},"class_list":{"0":"post-2824","1":"page","4":"has-post-thumbnail","5":"hentry"},"_links":{"self":[{"href":"https:\/\/www.stamhuis.nl\/fr\/wp-json\/wp\/v2\/pages\/2824","targetHints":{"allow":["GET"]}}],"collection":[{"href":"https:\/\/www.stamhuis.nl\/fr\/wp-json\/wp\/v2\/pages"}],"about":[{"href":"https:\/\/www.stamhuis.nl\/fr\/wp-json\/wp\/v2\/types\/page"}],"author":[{"embeddable":true,"href":"https:\/\/www.stamhuis.nl\/fr\/wp-json\/wp\/v2\/users\/1"}],"replies":[{"embeddable":true,"href":"https:\/\/www.stamhuis.nl\/fr\/wp-json\/wp\/v2\/comments?post=2824"}],"version-history":[{"count":0,"href":"https:\/\/www.stamhuis.nl\/fr\/wp-json\/wp\/v2\/pages\/2824\/revisions"}],"up":[{"embeddable":true,"href":"https:\/\/www.stamhuis.nl\/fr\/wp-json\/wp\/v2\/pages\/2821"}],"wp:featuredmedia":[{"embeddable":true,"href":"https:\/\/www.stamhuis.nl\/fr\/wp-json\/wp\/v2\/media\/3038"}],"wp:attachment":[{"href":"https:\/\/www.stamhuis.nl\/fr\/wp-json\/wp\/v2\/media?parent=2824"}],"curies":[{"name":"wp","href":"https:\/\/api.w.org\/{rel}","templated":true}]}}