{"id":2821,"date":"2015-11-20T09:34:58","date_gmt":"2015-11-20T08:34:58","guid":{"rendered":"https:\/\/www.stamhuis.nl\/fr\/over-ons\/"},"modified":"2016-04-25T15:41:52","modified_gmt":"2016-04-25T14:41:52","slug":"over-ons","status":"publish","type":"page","link":"https:\/\/www.stamhuis.nl\/fr\/over-ons\/","title":{"rendered":"\u00c0 propos de nous"},"content":{"rendered":"<p class=\"intro\">Stamhuis est une entreprise qui donne le ton en mati\u00e8re de r\u00e9am\u00e9nagements de magasins et d&rsquo;am\u00e9liorations de la vente au d\u00e9tail. En plus de notre si\u00e8ge social situ\u00e9 \u00e0 Utrecht, nous avons des succursales \u00e0 Medemblik, Zaltbommel, Barendrecht, Zuidwolde et Anvers. Avec un peu moins de 300 employ\u00e9s, nous construisons et r\u00e9novons tous les ans environ 1200 b\u00e2timents aux Pays-Bas et \u00e0 l&rsquo;\u00e9tranger. Bien que notre entreprise ait connu une croissance consid\u00e9rable gr\u00e2ce au r\u00e9am\u00e9nagement de magasins, nous exer\u00e7ons beaucoup d&rsquo;autres activit\u00e9s&#8230;<\/p>\n<p class=\"intro\"><div id=\"slider\" class=\"flexslider\"><ul class=\"slides\"><li id=\"img\" href=\"https:\/\/www.stamhuis.nl\/wp-content\/uploads\/2015\/12\/MG_0297-e1450447694244-1484x990.jpg\"><img decoding=\"async\" src=\"https:\/\/www.stamhuis.nl\/wp-content\/uploads\/2015\/12\/MG_0297-e1450447694244-1484x990.jpg\" \/><\/li><li id=\"img\" href=\"https:\/\/www.stamhuis.nl\/wp-content\/uploads\/2015\/12\/IMG_0420-1484x990.jpg\"><img decoding=\"async\" src=\"https:\/\/www.stamhuis.nl\/wp-content\/uploads\/2015\/12\/IMG_0420-1484x990.jpg\" \/><\/li><li id=\"img\" href=\"https:\/\/www.stamhuis.nl\/wp-content\/uploads\/2015\/12\/IMG_0480-1484x990.jpg\"><img decoding=\"async\" src=\"https:\/\/www.stamhuis.nl\/wp-content\/uploads\/2015\/12\/IMG_0480-1484x990.jpg\" \/><\/li><li id=\"img\" href=\"https:\/\/www.stamhuis.nl\/wp-content\/uploads\/2016\/01\/IMG_0455ret-1484x990.jpg\"><img decoding=\"async\" src=\"https:\/\/www.stamhuis.nl\/wp-content\/uploads\/2016\/01\/IMG_0455ret-1484x990.jpg\" \/><\/li><li id=\"img\" href=\"https:\/\/www.stamhuis.nl\/wp-content\/uploads\/2016\/01\/MG_0323-1484x990.jpg\"><img decoding=\"async\" src=\"https:\/\/www.stamhuis.nl\/wp-content\/uploads\/2016\/01\/MG_0323-1484x990.jpg\" \/><\/li><li id=\"img\" href=\"https:\/\/www.stamhuis.nl\/wp-content\/uploads\/2016\/01\/IMG_0327-1484x990.jpg\"><img decoding=\"async\" src=\"https:\/\/www.stamhuis.nl\/wp-content\/uploads\/2016\/01\/IMG_0327-1484x990.jpg\" \/><\/li><li id=\"img\" href=\"https:\/\/www.stamhuis.nl\/wp-content\/uploads\/2016\/01\/MG_0384-1484x990.jpg\"><img decoding=\"async\" src=\"https:\/\/www.stamhuis.nl\/wp-content\/uploads\/2016\/01\/MG_0384-1484x990.jpg\" \/><\/li><\/ul><\/div><div id=\"carousel\" class=\"flexslider\"><ul class=\"slides\"><li><img decoding=\"async\" src=\"https:\/\/www.stamhuis.nl\/wp-content\/uploads\/2015\/12\/MG_0297-e1450447694244-1484x990.jpg\" \/><div class=\"overlay\"><\/div><\/li><li><img decoding=\"async\" src=\"https:\/\/www.stamhuis.nl\/wp-content\/uploads\/2015\/12\/IMG_0420-1484x990.jpg\" \/><div class=\"overlay\"><\/div><\/li><li><img decoding=\"async\" src=\"https:\/\/www.stamhuis.nl\/wp-content\/uploads\/2015\/12\/IMG_0480-1484x990.jpg\" \/><div class=\"overlay\"><\/div><\/li><li><img decoding=\"async\" src=\"https:\/\/www.stamhuis.nl\/wp-content\/uploads\/2016\/01\/IMG_0455ret-1484x990.jpg\" \/><div class=\"overlay\"><\/div><\/li><li><img decoding=\"async\" src=\"https:\/\/www.stamhuis.nl\/wp-content\/uploads\/2016\/01\/MG_0323-1484x990.jpg\" \/><div class=\"overlay\"><\/div><\/li><li><img decoding=\"async\" src=\"https:\/\/www.stamhuis.nl\/wp-content\/uploads\/2016\/01\/IMG_0327-1484x990.jpg\" \/><div class=\"overlay\"><\/div><\/li><li><img decoding=\"async\" src=\"https:\/\/www.stamhuis.nl\/wp-content\/uploads\/2016\/01\/MG_0384-1484x990.jpg\" \/><div class=\"overlay\"><\/div><\/li><\/ul><\/div><\/p>\n<h4>Projets de r\u00e9am\u00e9nagement<\/h4>\n<p>Avez-vous des projets de r\u00e9am\u00e9nagement pour votre magasin, bureau, \u00e9cole ou h\u00f4pital ? Votre salon luxueux n\u00e9cessite une remise en \u00e9tat ? En faisant appel \u00e0 Stamhuis, vous \u00eates \u00e0 la bonne adresse ! Pour chaque projet, nous r\u00e9fl\u00e9chissons avec vous et nous pouvons, si vous le souhaitez, assumer l&rsquo;enti\u00e8re responsabilit\u00e9 du r\u00e9am\u00e9nagement.<\/p>\n<h4>Une fa\u00e7on de travailler unique en son genre<\/h4>\n<p>Designers, architectes, dessinateurs, gestionnaires de projet et sp\u00e9cialistes en finitions&#8230; chez nous toutes ces disciplines s&rsquo;encha\u00eenent. Pour quel r\u00e9sultat ? Une entreprise capable d&rsquo;op\u00e9rer d&rsquo;une fa\u00e7on exceptionnellement rapide et efficace et de r\u00e9am\u00e9nager un magasin entier en cinq jours ! Gr\u00e2ce \u00e0 notre fa\u00e7on unique de travailler, nous sommes devenus le premier constructeur de\u00a0magasin du Benelux.<\/p>\n<h4>Digne de confiance et flexible<\/h4>\n<p>Chez Stamhuis, nous accordons beaucoup d&rsquo;importance \u00e0 la durabilit\u00e9, l&rsquo;innovation, la collaboration multidisciplinaire et la gestion efficace de projets. Plus important encore : Nous tenons nos promesses et nous respectons les accords. Nous sommes le partenaire digne de confiance et flexible avec qui on est heureux d&rsquo;\u00eatre en relation d&rsquo;affaires. Un partenaire sur qui l&rsquo;on peut compter !<\/p>\n<h4>Des relations intensives de longue dur\u00e9e<\/h4>\n<p>Nous sommes connus pour notre polyvalence, transparence et dynamisme et nous en sommes fiers. Nous nous effor\u00e7ons d&rsquo;\u00e9tablir des relations intensives de longue dur\u00e9e avec nos clients. Pour chaque projet, nous tenons compte des souhaits sp\u00e9cifiques du client. Toujours. Cet esprit nous permet de surprendre chaque fois nos clients avec des solutions innovantes et personnalis\u00e9es.<\/p>\n","protected":false},"excerpt":{"rendered":"<p>Stamhuis est une entreprise qui donne le ton en mati\u00e8re de r\u00e9am\u00e9nagements de magasins et d&rsquo;am\u00e9liorations de la vente au d\u00e9tail. En plus de notre si\u00e8ge social situ\u00e9 \u00e0 Utrecht, nous avons des succursales \u00e0 Medemblik, Zaltbommel, Barendrecht, Zuidwolde et Anvers. Avec un peu moins de 300 employ\u00e9s, nous construisons et r\u00e9novons tous les ans environ 1200 b\u00e2timents aux Pays-Bas et \u00e0 l&rsquo;\u00e9tranger. Bien que notre entreprise ait connu une croissance consid\u00e9rable gr\u00e2ce au r\u00e9am\u00e9nagement de magasins, nous exer\u00e7ons beaucoup d&rsquo;autres activit\u00e9s&#8230; Projets de r\u00e9am\u00e9nagement Avez-vous des projets de r\u00e9am\u00e9nagement pour votre magasin, bureau, \u00e9cole ou h\u00f4pital ? Votre salon luxueux n\u00e9cessite une remise en \u00e9tat ? En faisant appel \u00e0 Stamhuis, vous \u00eates \u00e0 la bonne adresse ! Pour chaque projet, nous r\u00e9fl\u00e9chissons avec vous et nous pouvons, si vous le souhaitez, assumer l&rsquo;enti\u00e8re responsabilit\u00e9 du r\u00e9am\u00e9nagement. Une fa\u00e7on&hellip;<\/p>\n","protected":false},"author":1,"featured_media":3723,"parent":0,"menu_order":0,"comment_status":"closed","ping_status":"closed","template":"","meta":{"om_disable_all_campaigns":false,"_monsterinsights_skip_tracking":false,"_monsterinsights_sitenote_active":false,"_monsterinsights_sitenote_note":"","_monsterinsights_sitenote_category":0,"footnotes":""},"class_list":{"0":"post-2821","1":"page","4":"has-post-thumbnail","5":"hentry"},"_links":{"self":[{"href":"https:\/\/www.stamhuis.nl\/fr\/wp-json\/wp\/v2\/pages\/2821","targetHints":{"allow":["GET"]}}],"collection":[{"href":"https:\/\/www.stamhuis.nl\/fr\/wp-json\/wp\/v2\/pages"}],"about":[{"href":"https:\/\/www.stamhuis.nl\/fr\/wp-json\/wp\/v2\/types\/page"}],"author":[{"embeddable":true,"href":"https:\/\/www.stamhuis.nl\/fr\/wp-json\/wp\/v2\/users\/1"}],"replies":[{"embeddable":true,"href":"https:\/\/www.stamhuis.nl\/fr\/wp-json\/wp\/v2\/comments?post=2821"}],"version-history":[{"count":0,"href":"https:\/\/www.stamhuis.nl\/fr\/wp-json\/wp\/v2\/pages\/2821\/revisions"}],"wp:featuredmedia":[{"embeddable":true,"href":"https:\/\/www.stamhuis.nl\/fr\/wp-json\/wp\/v2\/media\/3723"}],"wp:attachment":[{"href":"https:\/\/www.stamhuis.nl\/fr\/wp-json\/wp\/v2\/media?parent=2821"}],"curies":[{"name":"wp","href":"https:\/\/api.w.org\/{rel}","templated":true}]}}