{"id":2818,"date":"2015-11-20T09:34:49","date_gmt":"2015-11-20T08:34:49","guid":{"rendered":"https:\/\/www.stamhuis.nl\/fr\/internationaal\/"},"modified":"2016-05-10T19:18:17","modified_gmt":"2016-05-10T18:18:17","slug":"internationaal","status":"publish","type":"page","link":"https:\/\/www.stamhuis.nl\/fr\/over-ons\/internationaal\/","title":{"rendered":"International"},"content":{"rendered":"<h3 class=\"p1\"><strong>Une\u00a0construction sans fronti\u00e8res<\/strong><\/h3>\n<p class=\"intro\">Les commer\u00e7ants qui souhaitent r\u00e9am\u00e9nager ou r\u00e9nover leur magasin sont confront\u00e9s aux m\u00eames d\u00e9fis partout dans le monde. Comment r\u00e9duire les co\u00fbts d&rsquo;investissement sans perte de qualit\u00e9 ? Comment d\u00e9ployer notre formule de magasin de la fa\u00e7on la plus efficace ? Comment r\u00e9duire les nuisances pour le personnel, les clients et les riverains au strict minimum ? Stamhuis International aide les commer\u00e7ants \u00e0 r\u00e9pondre \u00e0 ces questions et \u00e0 d&rsquo;autres, en surveillant de pr\u00e8s la l\u00e9gislation et la r\u00e9glementation locale.<\/p>\n<h4 class=\"p1\">Une connaissance uniques en mati\u00e8re de construction de magasins<\/h4>\n<p class=\"p1\"><span class=\"s1\">De waardevolle kennis en ervaring die wij\u00a0in onze lange geschiedenis\u00a0hebben opgedaan op het gebied van winkels ontwerpen en\u00a0(ver)bouwen, is voor onze organisatie van onschatbare waarde. Stamhuis kan deze unieke expertise inzetten voor elke winkel(keten), zelfs al bevindt deze zich in het buitenland.\u00a0Dat bewijzen wij momenteel met een groot aantal (winkel)verbouwingen in Belgi\u00eb, Duitsland en Frankrijk en hebben wij in het verleden\u00a0ook al aangetoond in landen als Rusland, Zweden en op de eilanden Bonaire en Cura\u00e7ao!\u00a0<\/span><\/p>\n<p class=\"p1\"><a href=\"https:\/\/www.stamhuis.nl\/wp-content\/uploads\/2016\/04\/Wereldbol-FR-610x585.jpg\" rel=\"attachment wp-att-3738\"><img loading=\"lazy\" decoding=\"async\" class=\"alignnone size-medium wp-image-3738 body-post-image\" src=\"https:\/\/www.stamhuis.nl\/wp-content\/uploads\/2016\/04\/Wereldbol-FR-610x585.jpg\" alt=\"Wereldbol FR\" width=\"610\" height=\"585\" srcset=\"https:\/\/www.stamhuis.nl\/wp-content\/uploads\/2016\/04\/Wereldbol-FR-610x585.jpg 610w, https:\/\/www.stamhuis.nl\/wp-content\/uploads\/2016\/04\/Wereldbol-FR-768x737.jpg 768w, https:\/\/www.stamhuis.nl\/wp-content\/uploads\/2016\/04\/Wereldbol-FR-216x207.jpg 216w, https:\/\/www.stamhuis.nl\/wp-content\/uploads\/2016\/04\/Wereldbol-FR-156x150.jpg 156w, https:\/\/www.stamhuis.nl\/wp-content\/uploads\/2016\/04\/Wereldbol-FR-313x300.jpg 313w, https:\/\/www.stamhuis.nl\/wp-content\/uploads\/2016\/04\/Wereldbol-FR.jpg 831w\" sizes=\"auto, (max-width: 610px) 100vw, 610px\" \/><\/a><\/p>\n<h4>Du local au local<\/h4>\n<p>Pour \u00eatre encore plus comp\u00e9titif, nous avons cr\u00e9\u00e9 deux succursales en Belgique (Stamhuis Belgique) et en Allemagne (Stamhuis GmbH). Nous sommes au courant des l\u00e9gislations et r\u00e9glementations locales, parlons la langue et nous nous int\u00e9grons dans la culture du pays. Ceci nous permet de diriger nos partenaires locaux depuis un point central. Ainsi, nous r\u00e9ussissons \u00e0 appliquer les connaissances et comp\u00e9tences acquises aux Pays-Bas \u00e0 la situation dans les pays voisins. Le meilleur des deux mondes !<\/p>\n<h4>Mieux, plus malin, moins cher et plus durable<\/h4>\n<p>Nous savons mieux que quiconque comment peaufiner nos processus et syst\u00e8mes pour construire encore mieux, plus malin, moins cher et plus durable. En tant que soci\u00e9t\u00e9 s\u0153ur du groupe Stamhuis, nous avons acc\u00e8s \u00e0 toute une panoplie de syst\u00e8mes, de processus et de m\u00e9thodes de travail qui ont largement fait leurs preuves dans la pratique quotidienne des d\u00e9taillants. Il s&rsquo;av\u00e8re chaque fois que le savoir-faire que nous avons acquis aux Pays-Bas est parfaitement applicable \u00e0 l&rsquo;\u00e9tranger (en tenant \u00e9videmment compte de la l\u00e9gislation et la r\u00e9glementation locale). L&rsquo;exp\u00e9rience le montre !<\/p>\n","protected":false},"excerpt":{"rendered":"<p>Une\u00a0construction sans fronti\u00e8res Les commer\u00e7ants qui souhaitent r\u00e9am\u00e9nager ou r\u00e9nover leur magasin sont confront\u00e9s aux m\u00eames d\u00e9fis partout dans le monde. Comment r\u00e9duire les co\u00fbts d&rsquo;investissement sans perte de qualit\u00e9 ? Comment d\u00e9ployer notre formule de magasin de la fa\u00e7on la plus efficace ? Comment r\u00e9duire les nuisances pour le personnel, les clients et les riverains au strict minimum ? Stamhuis International aide les commer\u00e7ants \u00e0 r\u00e9pondre \u00e0 ces questions et \u00e0 d&rsquo;autres, en surveillant de pr\u00e8s la l\u00e9gislation et la r\u00e9glementation locale. Une connaissance uniques en mati\u00e8re de construction de magasins De waardevolle kennis en ervaring die wij\u00a0in onze lange geschiedenis\u00a0hebben opgedaan op het gebied van winkels ontwerpen en\u00a0(ver)bouwen, is voor onze organisatie van onschatbare waarde. Stamhuis kan deze unieke expertise inzetten voor elke winkel(keten), zelfs al bevindt deze zich in het buitenland.\u00a0Dat bewijzen wij momenteel met een groot&hellip;<\/p>\n","protected":false},"author":1,"featured_media":3095,"parent":2821,"menu_order":0,"comment_status":"closed","ping_status":"closed","template":"","meta":{"om_disable_all_campaigns":false,"_monsterinsights_skip_tracking":false,"_monsterinsights_sitenote_active":false,"_monsterinsights_sitenote_note":"","_monsterinsights_sitenote_category":0,"footnotes":""},"class_list":{"0":"post-2818","1":"page","4":"has-post-thumbnail","5":"hentry"},"_links":{"self":[{"href":"https:\/\/www.stamhuis.nl\/fr\/wp-json\/wp\/v2\/pages\/2818","targetHints":{"allow":["GET"]}}],"collection":[{"href":"https:\/\/www.stamhuis.nl\/fr\/wp-json\/wp\/v2\/pages"}],"about":[{"href":"https:\/\/www.stamhuis.nl\/fr\/wp-json\/wp\/v2\/types\/page"}],"author":[{"embeddable":true,"href":"https:\/\/www.stamhuis.nl\/fr\/wp-json\/wp\/v2\/users\/1"}],"replies":[{"embeddable":true,"href":"https:\/\/www.stamhuis.nl\/fr\/wp-json\/wp\/v2\/comments?post=2818"}],"version-history":[{"count":0,"href":"https:\/\/www.stamhuis.nl\/fr\/wp-json\/wp\/v2\/pages\/2818\/revisions"}],"up":[{"embeddable":true,"href":"https:\/\/www.stamhuis.nl\/fr\/wp-json\/wp\/v2\/pages\/2821"}],"wp:featuredmedia":[{"embeddable":true,"href":"https:\/\/www.stamhuis.nl\/fr\/wp-json\/wp\/v2\/media\/3095"}],"wp:attachment":[{"href":"https:\/\/www.stamhuis.nl\/fr\/wp-json\/wp\/v2\/media?parent=2818"}],"curies":[{"name":"wp","href":"https:\/\/api.w.org\/{rel}","templated":true}]}}