{"id":2815,"date":"2015-11-23T13:23:26","date_gmt":"2015-11-23T12:23:26","guid":{"rendered":"https:\/\/www.stamhuis.nl\/fr\/activiteiten\/revisie-hergebruik\/"},"modified":"2016-04-21T09:44:24","modified_gmt":"2016-04-21T08:44:24","slug":"revision-et-reutilisation","status":"publish","type":"page","link":"https:\/\/www.stamhuis.nl\/fr\/activites\/revision-et-reutilisation\/","title":{"rendered":"R\u00e9vision et r\u00e9utilisation"},"content":{"rendered":"<p class=\"intro\">Voulez-vous garantir la qualit\u00e9 du r\u00e9am\u00e9nagement de votre magasin d&rsquo;une fa\u00e7on qui permet de r\u00e9duire les co\u00fbts et de respecter l&rsquo;environnement ? C&rsquo;est possible ! Nous nous occupons de la r\u00e9utilisation de mat\u00e9riaux dans notre centre de r\u00e9vision. Pour quel r\u00e9sultat ? Des rayons d\u00e9j\u00e0 utilis\u00e9s qui vous seront livr\u00e9s nettoy\u00e9s, comme neuf et avec les m\u00eames garanties de qualit\u00e9 !<\/p>\n<h4 class=\"intro\">L&rsquo;exp\u00e9rience de la qualit\u00e9<\/h4>\n<p>Un am\u00e9nagement impeccable contribue \u00e0 l\u2019apparence et \u00e0 la qualit\u00e9 de votre magasin. Nous savons tout sur \u00e0 sujet. Depuis notre centre de r\u00e9vision, nous aidons les d\u00e9taillants \u00e0 \u00e9conomiser de l&rsquo;argent lors du r\u00e9am\u00e9nagement de leur magasin et ceci d&rsquo;une fa\u00e7on qui respecte l&rsquo;environnement. Comment ? En r\u00e9visant et en r\u00e9utilisant des mat\u00e9riaux issus d&rsquo;un d\u00e9montage ou d&rsquo;un d\u00e9mant\u00e8lement (exemples: des rayons, des fours et des caddies) apr\u00e8s les avoir remis en \u00e9tat si n\u00e9cessaire. Nous maximisons la r\u00e9utilisation de produits et de mati\u00e8res premi\u00e8res afin de combattre la destruction de valeur.<\/p>\n<p><strong><div id=\"slider\" class=\"flexslider\"><ul class=\"slides\"><li id=\"img\" href=\"https:\/\/www.stamhuis.nl\/wp-content\/uploads\/2015\/12\/IMG_0501.jpg\"><img decoding=\"async\" src=\"https:\/\/www.stamhuis.nl\/wp-content\/uploads\/2015\/12\/IMG_0501.jpg\" \/><\/li><li id=\"img\" href=\"https:\/\/www.stamhuis.nl\/wp-content\/uploads\/2015\/12\/IMG_0709.jpg\"><img decoding=\"async\" src=\"https:\/\/www.stamhuis.nl\/wp-content\/uploads\/2015\/12\/IMG_0709.jpg\" \/><\/li><li id=\"img\" href=\"https:\/\/www.stamhuis.nl\/wp-content\/uploads\/2015\/12\/IMG_0523.jpg\"><img decoding=\"async\" src=\"https:\/\/www.stamhuis.nl\/wp-content\/uploads\/2015\/12\/IMG_0523.jpg\" \/><\/li><li id=\"img\" href=\"https:\/\/www.stamhuis.nl\/wp-content\/uploads\/2015\/12\/IMG_07241.jpg\"><img decoding=\"async\" src=\"https:\/\/www.stamhuis.nl\/wp-content\/uploads\/2015\/12\/IMG_07241.jpg\" \/><\/li><li id=\"img\" href=\"https:\/\/www.stamhuis.nl\/wp-content\/uploads\/2015\/12\/IMG_0429.jpg\"><img decoding=\"async\" src=\"https:\/\/www.stamhuis.nl\/wp-content\/uploads\/2015\/12\/IMG_0429.jpg\" \/><\/li><li id=\"img\" href=\"https:\/\/www.stamhuis.nl\/wp-content\/uploads\/2015\/12\/IMG_0655.jpg\"><img decoding=\"async\" src=\"https:\/\/www.stamhuis.nl\/wp-content\/uploads\/2015\/12\/IMG_0655.jpg\" \/><\/li><li id=\"img\" href=\"https:\/\/www.stamhuis.nl\/wp-content\/uploads\/2015\/12\/IMG_0547.jpg\"><img decoding=\"async\" src=\"https:\/\/www.stamhuis.nl\/wp-content\/uploads\/2015\/12\/IMG_0547.jpg\" \/><\/li><li id=\"img\" href=\"https:\/\/www.stamhuis.nl\/wp-content\/uploads\/2015\/12\/IMG_0543.jpg\"><img decoding=\"async\" src=\"https:\/\/www.stamhuis.nl\/wp-content\/uploads\/2015\/12\/IMG_0543.jpg\" \/><\/li><li id=\"img\" href=\"https:\/\/www.stamhuis.nl\/wp-content\/uploads\/2015\/12\/IMG_0336.jpg\"><img decoding=\"async\" src=\"https:\/\/www.stamhuis.nl\/wp-content\/uploads\/2015\/12\/IMG_0336.jpg\" \/><\/li><li id=\"img\" href=\"https:\/\/www.stamhuis.nl\/wp-content\/uploads\/2015\/12\/IMG_0587.jpg\"><img decoding=\"async\" src=\"https:\/\/www.stamhuis.nl\/wp-content\/uploads\/2015\/12\/IMG_0587.jpg\" \/><\/li><li id=\"img\" href=\"https:\/\/www.stamhuis.nl\/wp-content\/uploads\/2015\/12\/IMG_0364.jpg\"><img decoding=\"async\" src=\"https:\/\/www.stamhuis.nl\/wp-content\/uploads\/2015\/12\/IMG_0364.jpg\" \/><\/li><li id=\"img\" href=\"https:\/\/www.stamhuis.nl\/wp-content\/uploads\/2015\/12\/IMG_0407.jpg\"><img decoding=\"async\" src=\"https:\/\/www.stamhuis.nl\/wp-content\/uploads\/2015\/12\/IMG_0407.jpg\" \/><\/li><\/ul><\/div><div id=\"carousel\" class=\"flexslider\"><ul class=\"slides\"><li><img decoding=\"async\" src=\"https:\/\/www.stamhuis.nl\/wp-content\/uploads\/2015\/12\/IMG_0501.jpg\" \/><div class=\"overlay\"><\/div><\/li><li><img decoding=\"async\" src=\"https:\/\/www.stamhuis.nl\/wp-content\/uploads\/2015\/12\/IMG_0709.jpg\" \/><div class=\"overlay\"><\/div><\/li><li><img decoding=\"async\" src=\"https:\/\/www.stamhuis.nl\/wp-content\/uploads\/2015\/12\/IMG_0523.jpg\" \/><div class=\"overlay\"><\/div><\/li><li><img decoding=\"async\" src=\"https:\/\/www.stamhuis.nl\/wp-content\/uploads\/2015\/12\/IMG_07241.jpg\" \/><div class=\"overlay\"><\/div><\/li><li><img decoding=\"async\" src=\"https:\/\/www.stamhuis.nl\/wp-content\/uploads\/2015\/12\/IMG_0429.jpg\" \/><div class=\"overlay\"><\/div><\/li><li><img decoding=\"async\" src=\"https:\/\/www.stamhuis.nl\/wp-content\/uploads\/2015\/12\/IMG_0655.jpg\" \/><div class=\"overlay\"><\/div><\/li><li><img decoding=\"async\" src=\"https:\/\/www.stamhuis.nl\/wp-content\/uploads\/2015\/12\/IMG_0547.jpg\" \/><div class=\"overlay\"><\/div><\/li><li><img decoding=\"async\" src=\"https:\/\/www.stamhuis.nl\/wp-content\/uploads\/2015\/12\/IMG_0543.jpg\" \/><div class=\"overlay\"><\/div><\/li><li><img decoding=\"async\" src=\"https:\/\/www.stamhuis.nl\/wp-content\/uploads\/2015\/12\/IMG_0336.jpg\" \/><div class=\"overlay\"><\/div><\/li><li><img decoding=\"async\" src=\"https:\/\/www.stamhuis.nl\/wp-content\/uploads\/2015\/12\/IMG_0587.jpg\" \/><div class=\"overlay\"><\/div><\/li><li><img decoding=\"async\" src=\"https:\/\/www.stamhuis.nl\/wp-content\/uploads\/2015\/12\/IMG_0364.jpg\" \/><div class=\"overlay\"><\/div><\/li><li><img decoding=\"async\" src=\"https:\/\/www.stamhuis.nl\/wp-content\/uploads\/2015\/12\/IMG_0407.jpg\" \/><div class=\"overlay\"><\/div><\/li><\/ul><\/div><\/strong><\/p>\n<h4>Cycle ferm\u00e9 des mat\u00e9riaux<\/h4>\n<p>Nous d\u00e9terminons l&rsquo;impact environnemental pour chaque produit. Notre collaboration multidisciplinaire nous fournit une vue d\u00e9taill\u00e9e sur le flux de travail. Nous enregistrons et appr\u00e9cions \u00e9galement le degr\u00e9 de r\u00e9utilisation de tous les mat\u00e9riaux entrants et sortants. Nous nous effor\u00e7ons de cr\u00e9er un cycle ferm\u00e9 des mat\u00e9riaux \u00e0 l&rsquo;aide du Stamhuis Total Concept. C&rsquo;est bon pour l&rsquo;environnement et cela permet de r\u00e9aliser des \u00e9conomies consid\u00e9rables. Nous vous fournissons volontiers une liste des possibilit\u00e9s !<\/p>\n<h4>Traitements de mat\u00e9riaux<\/h4>\n<p>Diverses techniques de traitement de m\u00e9taux sont appliqu\u00e9es dans notre centre de r\u00e9vision. Nous disposons, par exemple, d&rsquo;une installation moderne de rev\u00eatement \u00e0 poudre, avec laquelle nous pr\u00e9parons rapidement des rayons pour r\u00e9utilisation. \u00a0Cette technique permet d&rsquo;appliquer des couches \u00e9paisses avec une surface lisse et sans texture. Elle a l&rsquo;avantage d&rsquo;\u00e9mettre peu de composants organiques volatiles. De plus, elle permet de produire des rev\u00eatements plus \u00e9pais et de r\u00e9utiliser facilement les r\u00e9sidus. La couche color\u00e9e r\u00e9siste aux rayures, prot\u00e8ge contre l&rsquo;humidit\u00e9 et donne un aspect neuf \u00e0 votre inventaire.<\/p>\n","protected":false},"excerpt":{"rendered":"<p>Voulez-vous garantir la qualit\u00e9 du r\u00e9am\u00e9nagement de votre magasin d&rsquo;une fa\u00e7on qui permet de r\u00e9duire les co\u00fbts et de respecter l&rsquo;environnement ? C&rsquo;est possible ! Nous nous occupons de la r\u00e9utilisation de mat\u00e9riaux dans notre centre de r\u00e9vision. Pour quel r\u00e9sultat ? Des rayons d\u00e9j\u00e0 utilis\u00e9s qui vous seront livr\u00e9s nettoy\u00e9s, comme neuf et avec les m\u00eames garanties de qualit\u00e9 ! L&rsquo;exp\u00e9rience de la qualit\u00e9 Un am\u00e9nagement impeccable contribue \u00e0 l\u2019apparence et \u00e0 la qualit\u00e9 de votre magasin. Nous savons tout sur \u00e0 sujet. Depuis notre centre de r\u00e9vision, nous aidons les d\u00e9taillants \u00e0 \u00e9conomiser de l&rsquo;argent lors du r\u00e9am\u00e9nagement de leur magasin et ceci d&rsquo;une fa\u00e7on qui respecte l&rsquo;environnement. Comment ? En r\u00e9visant et en r\u00e9utilisant des mat\u00e9riaux issus d&rsquo;un d\u00e9montage ou d&rsquo;un d\u00e9mant\u00e8lement (exemples: des rayons, des fours et des caddies) apr\u00e8s les avoir remis en \u00e9tat si&hellip;<\/p>\n","protected":false},"author":1,"featured_media":3029,"parent":2525,"menu_order":7,"comment_status":"closed","ping_status":"closed","template":"","meta":{"om_disable_all_campaigns":false,"_monsterinsights_skip_tracking":false,"_monsterinsights_sitenote_active":false,"_monsterinsights_sitenote_note":"","_monsterinsights_sitenote_category":0,"footnotes":""},"class_list":{"0":"post-2815","1":"page","4":"has-post-thumbnail","5":"hentry"},"_links":{"self":[{"href":"https:\/\/www.stamhuis.nl\/fr\/wp-json\/wp\/v2\/pages\/2815","targetHints":{"allow":["GET"]}}],"collection":[{"href":"https:\/\/www.stamhuis.nl\/fr\/wp-json\/wp\/v2\/pages"}],"about":[{"href":"https:\/\/www.stamhuis.nl\/fr\/wp-json\/wp\/v2\/types\/page"}],"author":[{"embeddable":true,"href":"https:\/\/www.stamhuis.nl\/fr\/wp-json\/wp\/v2\/users\/1"}],"replies":[{"embeddable":true,"href":"https:\/\/www.stamhuis.nl\/fr\/wp-json\/wp\/v2\/comments?post=2815"}],"version-history":[{"count":0,"href":"https:\/\/www.stamhuis.nl\/fr\/wp-json\/wp\/v2\/pages\/2815\/revisions"}],"up":[{"embeddable":true,"href":"https:\/\/www.stamhuis.nl\/fr\/wp-json\/wp\/v2\/pages\/2525"}],"wp:featuredmedia":[{"embeddable":true,"href":"https:\/\/www.stamhuis.nl\/fr\/wp-json\/wp\/v2\/media\/3029"}],"wp:attachment":[{"href":"https:\/\/www.stamhuis.nl\/fr\/wp-json\/wp\/v2\/media?parent=2815"}],"curies":[{"name":"wp","href":"https:\/\/api.w.org\/{rel}","templated":true}]}}