{"id":2812,"date":"2016-01-14T17:11:54","date_gmt":"2016-01-14T16:11:54","guid":{"rendered":"https:\/\/www.stamhuis.nl\/fr\/quick-step\/"},"modified":"2016-04-21T09:09:33","modified_gmt":"2016-04-21T08:09:33","slug":"quick-step","status":"publish","type":"page","link":"https:\/\/www.stamhuis.nl\/fr\/projecten\/quick-step\/","title":{"rendered":"Quick Step"},"content":{"rendered":"<p class=\"intro\"><strong>Stamhuis assure la gestion de projet et l&rsquo;am\u00e9nagement de divers shop-in-shops pour le fabricant de sols belge Quick Step.\u00a0Nous prenons d&rsquo;abord les dimensions du magasin \u00e0 l&rsquo;aide de notre scanner afin de cr\u00e9er un environnement en 3D sur l&rsquo;\u00e9cran : ceci permet de visualiser le magasin avant le commencement des travaux de r\u00e9am\u00e9nagement.<\/strong><\/p>\n<p><strong><div id=\"slider\" class=\"flexslider\"><ul class=\"slides\"><li id=\"img\" href=\"https:\/\/www.stamhuis.nl\/wp-content\/uploads\/2016\/01\/Quickstep4.jpg\"><img decoding=\"async\" src=\"https:\/\/www.stamhuis.nl\/wp-content\/uploads\/2016\/01\/Quickstep4.jpg\" \/><\/li><li id=\"img\" href=\"https:\/\/www.stamhuis.nl\/wp-content\/uploads\/2016\/01\/Quickstep7.jpg\"><img decoding=\"async\" src=\"https:\/\/www.stamhuis.nl\/wp-content\/uploads\/2016\/01\/Quickstep7.jpg\" \/><\/li><li id=\"img\" href=\"https:\/\/www.stamhuis.nl\/wp-content\/uploads\/2016\/01\/Quickstep5.jpg\"><img decoding=\"async\" src=\"https:\/\/www.stamhuis.nl\/wp-content\/uploads\/2016\/01\/Quickstep5.jpg\" \/><\/li><li id=\"img\" href=\"https:\/\/www.stamhuis.nl\/wp-content\/uploads\/2016\/01\/Quickstep1.jpg\"><img decoding=\"async\" src=\"https:\/\/www.stamhuis.nl\/wp-content\/uploads\/2016\/01\/Quickstep1.jpg\" \/><\/li><li id=\"img\" href=\"https:\/\/www.stamhuis.nl\/wp-content\/uploads\/2016\/01\/Quickstep2.jpg\"><img decoding=\"async\" src=\"https:\/\/www.stamhuis.nl\/wp-content\/uploads\/2016\/01\/Quickstep2.jpg\" \/><\/li><li id=\"img\" href=\"https:\/\/www.stamhuis.nl\/wp-content\/uploads\/2016\/01\/Quickstep3.jpg\"><img decoding=\"async\" src=\"https:\/\/www.stamhuis.nl\/wp-content\/uploads\/2016\/01\/Quickstep3.jpg\" \/><\/li><\/ul><\/div><div id=\"carousel\" class=\"flexslider\"><ul class=\"slides\"><li><img decoding=\"async\" src=\"https:\/\/www.stamhuis.nl\/wp-content\/uploads\/2016\/01\/Quickstep4.jpg\" \/><div class=\"overlay\"><\/div><\/li><li><img decoding=\"async\" src=\"https:\/\/www.stamhuis.nl\/wp-content\/uploads\/2016\/01\/Quickstep7.jpg\" \/><div class=\"overlay\"><\/div><\/li><li><img decoding=\"async\" src=\"https:\/\/www.stamhuis.nl\/wp-content\/uploads\/2016\/01\/Quickstep5.jpg\" \/><div class=\"overlay\"><\/div><\/li><li><img decoding=\"async\" src=\"https:\/\/www.stamhuis.nl\/wp-content\/uploads\/2016\/01\/Quickstep1.jpg\" \/><div class=\"overlay\"><\/div><\/li><li><img decoding=\"async\" src=\"https:\/\/www.stamhuis.nl\/wp-content\/uploads\/2016\/01\/Quickstep2.jpg\" \/><div class=\"overlay\"><\/div><\/li><li><img decoding=\"async\" src=\"https:\/\/www.stamhuis.nl\/wp-content\/uploads\/2016\/01\/Quickstep3.jpg\" \/><div class=\"overlay\"><\/div><\/li><\/ul><\/div><\/strong><\/p>\n<p>Depuis la fabrication sur mesure des meubles jusqu&rsquo;au remplissage des \u00e9chantillons et la mise en place de la signalisation : Stamhuis est en mesure de d\u00e9livrer le client de toutes ces t\u00e2ches. Ex\u00e9cuter des travaux dans un magasin ouvert aux clients est un grand d\u00e9fi.\u00a0Cela signifie qu&rsquo;il faut travailler vite et minutieusement avec le moins possible de nuisances pour le client.<\/p>\n","protected":false},"excerpt":{"rendered":"<p>Stamhuis assure la gestion de projet et l&rsquo;am\u00e9nagement de divers shop-in-shops pour le fabricant de sols belge Quick Step.\u00a0Nous prenons d&rsquo;abord les dimensions du magasin \u00e0 l&rsquo;aide de notre scanner afin de cr\u00e9er un environnement en 3D sur l&rsquo;\u00e9cran : ceci permet de visualiser le magasin avant le commencement des travaux de r\u00e9am\u00e9nagement. Depuis la fabrication sur mesure des meubles jusqu&rsquo;au remplissage des \u00e9chantillons et la mise en place de la signalisation : Stamhuis est en mesure de d\u00e9livrer le client de toutes ces t\u00e2ches. Ex\u00e9cuter des travaux dans un magasin ouvert aux clients est un grand d\u00e9fi.\u00a0Cela signifie qu&rsquo;il faut travailler vite et minutieusement avec le moins possible de nuisances pour le client.<\/p>\n","protected":false},"author":3,"featured_media":3091,"parent":2829,"menu_order":25,"comment_status":"closed","ping_status":"closed","template":"","meta":{"om_disable_all_campaigns":false,"_monsterinsights_skip_tracking":false,"_monsterinsights_sitenote_active":false,"_monsterinsights_sitenote_note":"","_monsterinsights_sitenote_category":0,"footnotes":""},"class_list":{"0":"post-2812","1":"page","4":"has-post-thumbnail","5":"hentry"},"_links":{"self":[{"href":"https:\/\/www.stamhuis.nl\/fr\/wp-json\/wp\/v2\/pages\/2812","targetHints":{"allow":["GET"]}}],"collection":[{"href":"https:\/\/www.stamhuis.nl\/fr\/wp-json\/wp\/v2\/pages"}],"about":[{"href":"https:\/\/www.stamhuis.nl\/fr\/wp-json\/wp\/v2\/types\/page"}],"author":[{"embeddable":true,"href":"https:\/\/www.stamhuis.nl\/fr\/wp-json\/wp\/v2\/users\/3"}],"replies":[{"embeddable":true,"href":"https:\/\/www.stamhuis.nl\/fr\/wp-json\/wp\/v2\/comments?post=2812"}],"version-history":[{"count":0,"href":"https:\/\/www.stamhuis.nl\/fr\/wp-json\/wp\/v2\/pages\/2812\/revisions"}],"up":[{"embeddable":true,"href":"https:\/\/www.stamhuis.nl\/fr\/wp-json\/wp\/v2\/pages\/2829"}],"wp:featuredmedia":[{"embeddable":true,"href":"https:\/\/www.stamhuis.nl\/fr\/wp-json\/wp\/v2\/media\/3091"}],"wp:attachment":[{"href":"https:\/\/www.stamhuis.nl\/fr\/wp-json\/wp\/v2\/media?parent=2812"}],"curies":[{"name":"wp","href":"https:\/\/api.w.org\/{rel}","templated":true}]}}