{"id":2809,"date":"2015-12-17T13:20:33","date_gmt":"2015-12-17T12:20:33","guid":{"rendered":"https:\/\/www.stamhuis.nl\/fr\/la-ligna\/"},"modified":"2016-04-21T09:07:19","modified_gmt":"2016-04-21T08:07:19","slug":"la-ligna","status":"publish","type":"page","link":"https:\/\/www.stamhuis.nl\/fr\/projecten\/la-ligna\/","title":{"rendered":"La Ligna"},"content":{"rendered":"<p><strong>La soci\u00e9t\u00e9 Stamhuis est un point de r\u00e9f\u00e9rence en mati\u00e8re de construction\/r\u00e9am\u00e9nagement modulaire et efficace. Les g\u00e9rants des boutiques de mode f\u00e9minine La Ligna le confirment. Cette marque de v\u00eatements dynamique nous a demand\u00e9 de r\u00e9fl\u00e9chir \u00e0 une nouvelle formule de magasins originaux qui plairont aussi aux jeunes femmes&#8230; Et c&rsquo;est ce que nous avons fait&#8230;<br \/>\n<\/strong><\/p>\n<p class=\"intro\"><strong><div id=\"slider\" class=\"flexslider\"><ul class=\"slides\"><li id=\"img\" href=\"https:\/\/www.stamhuis.nl\/wp-content\/uploads\/2016\/01\/IMG_0228-1484x990.jpg\"><img decoding=\"async\" src=\"https:\/\/www.stamhuis.nl\/wp-content\/uploads\/2016\/01\/IMG_0228-1484x990.jpg\" \/><\/li><li id=\"img\" href=\"https:\/\/www.stamhuis.nl\/wp-content\/uploads\/2016\/01\/IMG_0229-1484x990.jpg\"><img decoding=\"async\" src=\"https:\/\/www.stamhuis.nl\/wp-content\/uploads\/2016\/01\/IMG_0229-1484x990.jpg\" \/><\/li><li id=\"img\" href=\"https:\/\/www.stamhuis.nl\/wp-content\/uploads\/2016\/01\/IMG_0243-1484x990.jpg\"><img decoding=\"async\" src=\"https:\/\/www.stamhuis.nl\/wp-content\/uploads\/2016\/01\/IMG_0243-1484x990.jpg\" \/><\/li><li id=\"img\" href=\"https:\/\/www.stamhuis.nl\/wp-content\/uploads\/2016\/01\/IMG_0230-1484x990.jpg\"><img decoding=\"async\" src=\"https:\/\/www.stamhuis.nl\/wp-content\/uploads\/2016\/01\/IMG_0230-1484x990.jpg\" \/><\/li><li id=\"img\" href=\"https:\/\/www.stamhuis.nl\/wp-content\/uploads\/2016\/01\/La-Ligna-Amsterdam-26032014-004-1484x990.jpg\"><img decoding=\"async\" src=\"https:\/\/www.stamhuis.nl\/wp-content\/uploads\/2016\/01\/La-Ligna-Amsterdam-26032014-004-1484x990.jpg\" \/><\/li><li id=\"img\" href=\"https:\/\/www.stamhuis.nl\/wp-content\/uploads\/2016\/01\/IMG_4644-1484x990.jpg\"><img decoding=\"async\" src=\"https:\/\/www.stamhuis.nl\/wp-content\/uploads\/2016\/01\/IMG_4644-1484x990.jpg\" \/><\/li><li id=\"img\" href=\"https:\/\/www.stamhuis.nl\/wp-content\/uploads\/2016\/01\/IMG_0244-1484x990.jpg\"><img decoding=\"async\" src=\"https:\/\/www.stamhuis.nl\/wp-content\/uploads\/2016\/01\/IMG_0244-1484x990.jpg\" \/><\/li><li id=\"img\" href=\"https:\/\/www.stamhuis.nl\/wp-content\/uploads\/2016\/01\/LaLignaGevel-e1451999782471-1484x990.jpg\"><img decoding=\"async\" src=\"https:\/\/www.stamhuis.nl\/wp-content\/uploads\/2016\/01\/LaLignaGevel-e1451999782471-1484x990.jpg\" \/><\/li><\/ul><\/div><div id=\"carousel\" class=\"flexslider\"><ul class=\"slides\"><li><img decoding=\"async\" src=\"https:\/\/www.stamhuis.nl\/wp-content\/uploads\/2016\/01\/IMG_0228-1484x990.jpg\" \/><div class=\"overlay\"><\/div><\/li><li><img decoding=\"async\" src=\"https:\/\/www.stamhuis.nl\/wp-content\/uploads\/2016\/01\/IMG_0229-1484x990.jpg\" \/><div class=\"overlay\"><\/div><\/li><li><img decoding=\"async\" src=\"https:\/\/www.stamhuis.nl\/wp-content\/uploads\/2016\/01\/IMG_0243-1484x990.jpg\" \/><div class=\"overlay\"><\/div><\/li><li><img decoding=\"async\" src=\"https:\/\/www.stamhuis.nl\/wp-content\/uploads\/2016\/01\/IMG_0230-1484x990.jpg\" \/><div class=\"overlay\"><\/div><\/li><li><img decoding=\"async\" src=\"https:\/\/www.stamhuis.nl\/wp-content\/uploads\/2016\/01\/La-Ligna-Amsterdam-26032014-004-1484x990.jpg\" \/><div class=\"overlay\"><\/div><\/li><li><img decoding=\"async\" src=\"https:\/\/www.stamhuis.nl\/wp-content\/uploads\/2016\/01\/IMG_4644-1484x990.jpg\" \/><div class=\"overlay\"><\/div><\/li><li><img decoding=\"async\" src=\"https:\/\/www.stamhuis.nl\/wp-content\/uploads\/2016\/01\/IMG_0244-1484x990.jpg\" \/><div class=\"overlay\"><\/div><\/li><li><img decoding=\"async\" src=\"https:\/\/www.stamhuis.nl\/wp-content\/uploads\/2016\/01\/LaLignaGevel-e1451999782471-1484x990.jpg\" \/><div class=\"overlay\"><\/div><\/li><\/ul><\/div><\/strong><\/p>\n<p>La formule de magasin \u00e9labor\u00e9e par notre service innovation est embl\u00e9matique du magasin n\u00e9erlandais typique. Chaque magasin La Ligna est r\u00e9alis\u00e9 avec des accents de brocante, comme des boutons de tiroir en Bleu de Delft, de vieux imprim\u00e9s sur le papier peint derri\u00e8re la caisse et un comptoir authentique avec deux lampes suspendues. Le v\u00e9lo La Ligna en bois, install\u00e9 de fa\u00e7on bien visible dans le magasin, revient souvent. La formule se caract\u00e9rise par une ambiance originale et lumineuse, dans laquelle les v\u00eatements color\u00e9s sont parfaitement mis en valeur.<\/p>\n","protected":false},"excerpt":{"rendered":"<p>La soci\u00e9t\u00e9 Stamhuis est un point de r\u00e9f\u00e9rence en mati\u00e8re de construction\/r\u00e9am\u00e9nagement modulaire et efficace. Les g\u00e9rants des boutiques de mode f\u00e9minine La Ligna le confirment. Cette marque de v\u00eatements dynamique nous a demand\u00e9 de r\u00e9fl\u00e9chir \u00e0 une nouvelle formule de magasins originaux qui plairont aussi aux jeunes femmes&#8230; Et c&rsquo;est ce que nous avons fait&#8230; La formule de magasin \u00e9labor\u00e9e par notre service innovation est embl\u00e9matique du magasin n\u00e9erlandais typique. Chaque magasin La Ligna est r\u00e9alis\u00e9 avec des accents de brocante, comme des boutons de tiroir en Bleu de Delft, de vieux imprim\u00e9s sur le papier peint derri\u00e8re la caisse et un comptoir authentique avec deux lampes suspendues. Le v\u00e9lo La Ligna en bois, install\u00e9 de fa\u00e7on bien visible dans le magasin, revient souvent. La formule se caract\u00e9rise par une ambiance originale et lumineuse, dans laquelle les v\u00eatements color\u00e9s&hellip;<\/p>\n","protected":false},"author":3,"featured_media":3089,"parent":2829,"menu_order":23,"comment_status":"closed","ping_status":"closed","template":"","meta":{"om_disable_all_campaigns":false,"_monsterinsights_skip_tracking":false,"_monsterinsights_sitenote_active":false,"_monsterinsights_sitenote_note":"","_monsterinsights_sitenote_category":0,"footnotes":""},"class_list":{"0":"post-2809","1":"page","4":"has-post-thumbnail","5":"hentry"},"_links":{"self":[{"href":"https:\/\/www.stamhuis.nl\/fr\/wp-json\/wp\/v2\/pages\/2809","targetHints":{"allow":["GET"]}}],"collection":[{"href":"https:\/\/www.stamhuis.nl\/fr\/wp-json\/wp\/v2\/pages"}],"about":[{"href":"https:\/\/www.stamhuis.nl\/fr\/wp-json\/wp\/v2\/types\/page"}],"author":[{"embeddable":true,"href":"https:\/\/www.stamhuis.nl\/fr\/wp-json\/wp\/v2\/users\/3"}],"replies":[{"embeddable":true,"href":"https:\/\/www.stamhuis.nl\/fr\/wp-json\/wp\/v2\/comments?post=2809"}],"version-history":[{"count":0,"href":"https:\/\/www.stamhuis.nl\/fr\/wp-json\/wp\/v2\/pages\/2809\/revisions"}],"up":[{"embeddable":true,"href":"https:\/\/www.stamhuis.nl\/fr\/wp-json\/wp\/v2\/pages\/2829"}],"wp:featuredmedia":[{"embeddable":true,"href":"https:\/\/www.stamhuis.nl\/fr\/wp-json\/wp\/v2\/media\/3089"}],"wp:attachment":[{"href":"https:\/\/www.stamhuis.nl\/fr\/wp-json\/wp\/v2\/media?parent=2809"}],"curies":[{"name":"wp","href":"https:\/\/api.w.org\/{rel}","templated":true}]}}