{"id":2805,"date":"2015-12-18T16:32:00","date_gmt":"2015-12-18T15:32:00","guid":{"rendered":"https:\/\/www.stamhuis.nl\/fr\/aveve\/"},"modified":"2016-04-21T09:04:55","modified_gmt":"2016-04-21T08:04:55","slug":"aveve","status":"publish","type":"page","link":"https:\/\/www.stamhuis.nl\/fr\/projecten\/aveve\/","title":{"rendered":"Aveve"},"content":{"rendered":"<p class=\"intro\"><strong>Stamhuis apporte une jolie contribution au d\u00e9ploiement national de la nouvelle formule de magasin d&rsquo;AVEVE, une grande cha\u00eene de jardineries belge. Nous avons remodel\u00e9 un grand nombre de leurs succursales : depuis la planification et la r\u00e9alisation jusqu&rsquo;\u00e0 la coordination des interventions techniques.\u00a0En seulement quatre jours (!), nous r\u00e9am\u00e9nageons un magasin de 1500 m\u00b2 \u00e0 2000 m\u00b2, y compris les rayons que nous vidons et remplissons !<\/strong><\/p>\n<p><strong><div id=\"slider\" class=\"flexslider\"><ul class=\"slides\"><li id=\"img\" href=\"https:\/\/www.stamhuis.nl\/wp-content\/uploads\/2016\/01\/Photography-DM_AV-5.jpg\"><img decoding=\"async\" src=\"https:\/\/www.stamhuis.nl\/wp-content\/uploads\/2016\/01\/Photography-DM_AV-5.jpg\" \/><\/li><li id=\"img\" href=\"https:\/\/www.stamhuis.nl\/wp-content\/uploads\/2016\/01\/Photography-DM_AV-1.jpg\"><img decoding=\"async\" src=\"https:\/\/www.stamhuis.nl\/wp-content\/uploads\/2016\/01\/Photography-DM_AV-1.jpg\" \/><\/li><li id=\"img\" href=\"https:\/\/www.stamhuis.nl\/wp-content\/uploads\/2016\/01\/Photography-DM_AV-24.jpg\"><img decoding=\"async\" src=\"https:\/\/www.stamhuis.nl\/wp-content\/uploads\/2016\/01\/Photography-DM_AV-24.jpg\" \/><\/li><li id=\"img\" href=\"https:\/\/www.stamhuis.nl\/wp-content\/uploads\/2016\/01\/Photography-DM_AV-16.jpg\"><img decoding=\"async\" src=\"https:\/\/www.stamhuis.nl\/wp-content\/uploads\/2016\/01\/Photography-DM_AV-16.jpg\" \/><\/li><li id=\"img\" href=\"https:\/\/www.stamhuis.nl\/wp-content\/uploads\/2016\/01\/Photography-DM_AV-14.jpg\"><img decoding=\"async\" src=\"https:\/\/www.stamhuis.nl\/wp-content\/uploads\/2016\/01\/Photography-DM_AV-14.jpg\" \/><\/li><li id=\"img\" href=\"https:\/\/www.stamhuis.nl\/wp-content\/uploads\/2016\/01\/Photography-DM_AV-9.jpg\"><img decoding=\"async\" src=\"https:\/\/www.stamhuis.nl\/wp-content\/uploads\/2016\/01\/Photography-DM_AV-9.jpg\" \/><\/li><li id=\"img\" href=\"https:\/\/www.stamhuis.nl\/wp-content\/uploads\/2016\/01\/Photography-DM_AV-7.jpg\"><img decoding=\"async\" src=\"https:\/\/www.stamhuis.nl\/wp-content\/uploads\/2016\/01\/Photography-DM_AV-7.jpg\" \/><\/li><\/ul><\/div><div id=\"carousel\" class=\"flexslider\"><ul class=\"slides\"><li><img decoding=\"async\" src=\"https:\/\/www.stamhuis.nl\/wp-content\/uploads\/2016\/01\/Photography-DM_AV-5.jpg\" \/><div class=\"overlay\"><\/div><\/li><li><img decoding=\"async\" src=\"https:\/\/www.stamhuis.nl\/wp-content\/uploads\/2016\/01\/Photography-DM_AV-1.jpg\" \/><div class=\"overlay\"><\/div><\/li><li><img decoding=\"async\" src=\"https:\/\/www.stamhuis.nl\/wp-content\/uploads\/2016\/01\/Photography-DM_AV-24.jpg\" \/><div class=\"overlay\"><\/div><\/li><li><img decoding=\"async\" src=\"https:\/\/www.stamhuis.nl\/wp-content\/uploads\/2016\/01\/Photography-DM_AV-16.jpg\" \/><div class=\"overlay\"><\/div><\/li><li><img decoding=\"async\" src=\"https:\/\/www.stamhuis.nl\/wp-content\/uploads\/2016\/01\/Photography-DM_AV-14.jpg\" \/><div class=\"overlay\"><\/div><\/li><li><img decoding=\"async\" src=\"https:\/\/www.stamhuis.nl\/wp-content\/uploads\/2016\/01\/Photography-DM_AV-9.jpg\" \/><div class=\"overlay\"><\/div><\/li><li><img decoding=\"async\" src=\"https:\/\/www.stamhuis.nl\/wp-content\/uploads\/2016\/01\/Photography-DM_AV-7.jpg\" \/><div class=\"overlay\"><\/div><\/li><\/ul><\/div><\/strong><\/p>\n<p>Notre longue exp\u00e9rience en mati\u00e8re de r\u00e9am\u00e9nagement de magasins nous permet de diriger et coordonner les travaux avec soin. Les connaissances et comp\u00e9tences acquises au fil des ann\u00e9es mati\u00e8re de constructions de qualit\u00e9 en un temps record font de nous un partenaire digne de confiance et comp\u00e9tent.<\/p>\n","protected":false},"excerpt":{"rendered":"<p>Stamhuis apporte une jolie contribution au d\u00e9ploiement national de la nouvelle formule de magasin d&rsquo;AVEVE, une grande cha\u00eene de jardineries belge. Nous avons remodel\u00e9 un grand nombre de leurs succursales : depuis la planification et la r\u00e9alisation jusqu&rsquo;\u00e0 la coordination des interventions techniques.\u00a0En seulement quatre jours (!), nous r\u00e9am\u00e9nageons un magasin de 1500 m\u00b2 \u00e0 2000 m\u00b2, y compris les rayons que nous vidons et remplissons ! Notre longue exp\u00e9rience en mati\u00e8re de r\u00e9am\u00e9nagement de magasins nous permet de diriger et coordonner les travaux avec soin. Les connaissances et comp\u00e9tences acquises au fil des ann\u00e9es mati\u00e8re de constructions de qualit\u00e9 en un temps record font de nous un partenaire digne de confiance et comp\u00e9tent.<\/p>\n","protected":false},"author":3,"featured_media":3086,"parent":2829,"menu_order":19,"comment_status":"closed","ping_status":"closed","template":"","meta":{"om_disable_all_campaigns":false,"_monsterinsights_skip_tracking":false,"_monsterinsights_sitenote_active":false,"_monsterinsights_sitenote_note":"","_monsterinsights_sitenote_category":0,"footnotes":""},"class_list":{"0":"post-2805","1":"page","4":"has-post-thumbnail","5":"hentry"},"_links":{"self":[{"href":"https:\/\/www.stamhuis.nl\/fr\/wp-json\/wp\/v2\/pages\/2805","targetHints":{"allow":["GET"]}}],"collection":[{"href":"https:\/\/www.stamhuis.nl\/fr\/wp-json\/wp\/v2\/pages"}],"about":[{"href":"https:\/\/www.stamhuis.nl\/fr\/wp-json\/wp\/v2\/types\/page"}],"author":[{"embeddable":true,"href":"https:\/\/www.stamhuis.nl\/fr\/wp-json\/wp\/v2\/users\/3"}],"replies":[{"embeddable":true,"href":"https:\/\/www.stamhuis.nl\/fr\/wp-json\/wp\/v2\/comments?post=2805"}],"version-history":[{"count":0,"href":"https:\/\/www.stamhuis.nl\/fr\/wp-json\/wp\/v2\/pages\/2805\/revisions"}],"up":[{"embeddable":true,"href":"https:\/\/www.stamhuis.nl\/fr\/wp-json\/wp\/v2\/pages\/2829"}],"wp:featuredmedia":[{"embeddable":true,"href":"https:\/\/www.stamhuis.nl\/fr\/wp-json\/wp\/v2\/media\/3086"}],"wp:attachment":[{"href":"https:\/\/www.stamhuis.nl\/fr\/wp-json\/wp\/v2\/media?parent=2805"}],"curies":[{"name":"wp","href":"https:\/\/api.w.org\/{rel}","templated":true}]}}