{"id":2802,"date":"2015-11-30T16:04:29","date_gmt":"2015-11-30T15:04:29","guid":{"rendered":"https:\/\/www.stamhuis.nl\/fr\/ah-to-go\/"},"modified":"2016-04-21T09:00:51","modified_gmt":"2016-04-21T08:00:51","slug":"ah-to-go","status":"publish","type":"page","link":"https:\/\/www.stamhuis.nl\/fr\/projecten\/ah-to-go\/","title":{"rendered":"Albert Heijn To Go"},"content":{"rendered":"<p class=\"intro\"><strong>La rapidit\u00e9, la flexibilit\u00e9 et le dynamisme sont indispensables \u00e0 proximit\u00e9 d&rsquo;une gare ou dans un centre urbain. C\u2019est aussi d\u2019application pour les r\u00e9am\u00e9nagements que nous r\u00e9alisons \u00e0 ces endroits pour Albert Heijn to go. L&rsquo;entreprise Stamhuis est en mesure de r\u00e9am\u00e9nager compl\u00e8tement ces sup\u00e9rettes en une semaine.<\/strong><\/p>\n<p class=\"intro\"><strong><div id=\"slider\" class=\"flexslider\"><ul class=\"slides\"><li id=\"img\" href=\"https:\/\/www.stamhuis.nl\/wp-content\/uploads\/2016\/01\/Bake-off-1484x990.jpg\"><img decoding=\"async\" src=\"https:\/\/www.stamhuis.nl\/wp-content\/uploads\/2016\/01\/Bake-off-1484x990.jpg\" \/><\/li><li id=\"img\" href=\"https:\/\/www.stamhuis.nl\/wp-content\/uploads\/2016\/01\/IMG_0910-1484x990.jpg\"><img decoding=\"async\" src=\"https:\/\/www.stamhuis.nl\/wp-content\/uploads\/2016\/01\/IMG_0910-1484x990.jpg\" \/><\/li><li id=\"img\" href=\"https:\/\/www.stamhuis.nl\/wp-content\/uploads\/2016\/01\/196-1484x990.jpg\"><img decoding=\"async\" src=\"https:\/\/www.stamhuis.nl\/wp-content\/uploads\/2016\/01\/196-1484x990.jpg\" \/><\/li><li id=\"img\" href=\"https:\/\/www.stamhuis.nl\/wp-content\/uploads\/2016\/01\/IMG_0933-1484x990.jpg\"><img decoding=\"async\" src=\"https:\/\/www.stamhuis.nl\/wp-content\/uploads\/2016\/01\/IMG_0933-1484x990.jpg\" \/><\/li><li id=\"img\" href=\"https:\/\/www.stamhuis.nl\/wp-content\/uploads\/2016\/01\/203-1484x990.jpg\"><img decoding=\"async\" src=\"https:\/\/www.stamhuis.nl\/wp-content\/uploads\/2016\/01\/203-1484x990.jpg\" \/><\/li><li id=\"img\" href=\"https:\/\/www.stamhuis.nl\/wp-content\/uploads\/2016\/01\/IMG_0938-1484x990.jpg\"><img decoding=\"async\" src=\"https:\/\/www.stamhuis.nl\/wp-content\/uploads\/2016\/01\/IMG_0938-1484x990.jpg\" \/><\/li><li id=\"img\" href=\"https:\/\/www.stamhuis.nl\/wp-content\/uploads\/2016\/01\/IMG_0954-1484x990.jpg\"><img decoding=\"async\" src=\"https:\/\/www.stamhuis.nl\/wp-content\/uploads\/2016\/01\/IMG_0954-1484x990.jpg\" \/><\/li><\/ul><\/div><div id=\"carousel\" class=\"flexslider\"><ul class=\"slides\"><li><img decoding=\"async\" src=\"https:\/\/www.stamhuis.nl\/wp-content\/uploads\/2016\/01\/Bake-off-1484x990.jpg\" \/><div class=\"overlay\"><\/div><\/li><li><img decoding=\"async\" src=\"https:\/\/www.stamhuis.nl\/wp-content\/uploads\/2016\/01\/IMG_0910-1484x990.jpg\" \/><div class=\"overlay\"><\/div><\/li><li><img decoding=\"async\" src=\"https:\/\/www.stamhuis.nl\/wp-content\/uploads\/2016\/01\/196-1484x990.jpg\" \/><div class=\"overlay\"><\/div><\/li><li><img decoding=\"async\" src=\"https:\/\/www.stamhuis.nl\/wp-content\/uploads\/2016\/01\/IMG_0933-1484x990.jpg\" \/><div class=\"overlay\"><\/div><\/li><li><img decoding=\"async\" src=\"https:\/\/www.stamhuis.nl\/wp-content\/uploads\/2016\/01\/203-1484x990.jpg\" \/><div class=\"overlay\"><\/div><\/li><li><img decoding=\"async\" src=\"https:\/\/www.stamhuis.nl\/wp-content\/uploads\/2016\/01\/IMG_0938-1484x990.jpg\" \/><div class=\"overlay\"><\/div><\/li><li><img decoding=\"async\" src=\"https:\/\/www.stamhuis.nl\/wp-content\/uploads\/2016\/01\/IMG_0954-1484x990.jpg\" \/><div class=\"overlay\"><\/div><\/li><\/ul><\/div><\/strong><\/p>\n<p>Les endroits tr\u00e8s fr\u00e9quent\u00e9s entra\u00eenent beaucoup d&rsquo;incommodit\u00e9s et de contraintes. La force de Stamhuis r\u00e9side dans le fait qu&rsquo;elle sait ce qu&rsquo;il faut faire, m\u00eame dans des situations extr\u00eamement difficiles. Notre exp\u00e9rience et nos connaissances en mati\u00e8re de processus logistiques et de r\u00e9am\u00e9nagements de magasins nous permettent de finir les travaux \u00e0 temps et comme convenu pour chaque magasin. C&rsquo;est ce que nous faisons actuellement en Allemagne, o\u00f9 nous avons r\u00e9am\u00e9nag\u00e9 plusieurs succursales AH-to go avec succ\u00e8s.<\/p>\n<h4><\/h4>\n","protected":false},"excerpt":{"rendered":"<p>La rapidit\u00e9, la flexibilit\u00e9 et le dynamisme sont indispensables \u00e0 proximit\u00e9 d&rsquo;une gare ou dans un centre urbain. C\u2019est aussi d\u2019application pour les r\u00e9am\u00e9nagements que nous r\u00e9alisons \u00e0 ces endroits pour Albert Heijn to go. L&rsquo;entreprise Stamhuis est en mesure de r\u00e9am\u00e9nager compl\u00e8tement ces sup\u00e9rettes en une semaine. Les endroits tr\u00e8s fr\u00e9quent\u00e9s entra\u00eenent beaucoup d&rsquo;incommodit\u00e9s et de contraintes. La force de Stamhuis r\u00e9side dans le fait qu&rsquo;elle sait ce qu&rsquo;il faut faire, m\u00eame dans des situations extr\u00eamement difficiles. Notre exp\u00e9rience et nos connaissances en mati\u00e8re de processus logistiques et de r\u00e9am\u00e9nagements de magasins nous permettent de finir les travaux \u00e0 temps et comme convenu pour chaque magasin. C&rsquo;est ce que nous faisons actuellement en Allemagne, o\u00f9 nous avons r\u00e9am\u00e9nag\u00e9 plusieurs succursales AH-to go avec succ\u00e8s.<\/p>\n","protected":false},"author":1,"featured_media":3082,"parent":2829,"menu_order":17,"comment_status":"closed","ping_status":"closed","template":"","meta":{"om_disable_all_campaigns":false,"_monsterinsights_skip_tracking":false,"_monsterinsights_sitenote_active":false,"_monsterinsights_sitenote_note":"","_monsterinsights_sitenote_category":0,"footnotes":""},"class_list":{"0":"post-2802","1":"page","4":"has-post-thumbnail","5":"hentry"},"_links":{"self":[{"href":"https:\/\/www.stamhuis.nl\/fr\/wp-json\/wp\/v2\/pages\/2802","targetHints":{"allow":["GET"]}}],"collection":[{"href":"https:\/\/www.stamhuis.nl\/fr\/wp-json\/wp\/v2\/pages"}],"about":[{"href":"https:\/\/www.stamhuis.nl\/fr\/wp-json\/wp\/v2\/types\/page"}],"author":[{"embeddable":true,"href":"https:\/\/www.stamhuis.nl\/fr\/wp-json\/wp\/v2\/users\/1"}],"replies":[{"embeddable":true,"href":"https:\/\/www.stamhuis.nl\/fr\/wp-json\/wp\/v2\/comments?post=2802"}],"version-history":[{"count":0,"href":"https:\/\/www.stamhuis.nl\/fr\/wp-json\/wp\/v2\/pages\/2802\/revisions"}],"up":[{"embeddable":true,"href":"https:\/\/www.stamhuis.nl\/fr\/wp-json\/wp\/v2\/pages\/2829"}],"wp:featuredmedia":[{"embeddable":true,"href":"https:\/\/www.stamhuis.nl\/fr\/wp-json\/wp\/v2\/media\/3082"}],"wp:attachment":[{"href":"https:\/\/www.stamhuis.nl\/fr\/wp-json\/wp\/v2\/media?parent=2802"}],"curies":[{"name":"wp","href":"https:\/\/api.w.org\/{rel}","templated":true}]}}