{"id":2789,"date":"2015-12-17T16:01:25","date_gmt":"2015-12-17T15:01:25","guid":{"rendered":"https:\/\/www.stamhuis.nl\/fr\/de-hypotheker\/"},"modified":"2016-04-21T08:52:46","modified_gmt":"2016-04-21T07:52:46","slug":"de-hypotheker","status":"publish","type":"page","link":"https:\/\/www.stamhuis.nl\/fr\/projecten\/de-hypotheker\/","title":{"rendered":"De Hypotheker"},"content":{"rendered":"<p class=\"intro\">Eh oui,\u00a0Stamhuis travaille aussi pour De Hypotheker ! Pour ce prestataire de services financiers, nous avons mis au point divers types de succursales, alliant des lignes et formes \u00e9pur\u00e9es \u00e0 l&rsquo;ambiance chaleureuse d&rsquo;une salle de s\u00e9jour. Stamhuis a d\u00e9velopp\u00e9 le nouveau concept et suit de pr\u00e8s la surveillance et le d\u00e9ploiement au niveau national.<\/p>\n<p class=\"intro\"><strong><div id=\"slider\" class=\"flexslider\"><ul class=\"slides\"><li id=\"img\" href=\"https:\/\/www.stamhuis.nl\/wp-content\/uploads\/2016\/07\/DH-Enschede-39-1484x990.jpg\"><img decoding=\"async\" src=\"https:\/\/www.stamhuis.nl\/wp-content\/uploads\/2016\/07\/DH-Enschede-39-1484x990.jpg\" \/><\/li><li id=\"img\" href=\"https:\/\/www.stamhuis.nl\/wp-content\/uploads\/2016\/07\/IMG_9013-1484x990.jpg\"><img decoding=\"async\" src=\"https:\/\/www.stamhuis.nl\/wp-content\/uploads\/2016\/07\/IMG_9013-1484x990.jpg\" \/><\/li><li id=\"img\" href=\"https:\/\/www.stamhuis.nl\/wp-content\/uploads\/2016\/07\/IMG_8459-1484x990.jpg\"><img decoding=\"async\" src=\"https:\/\/www.stamhuis.nl\/wp-content\/uploads\/2016\/07\/IMG_8459-1484x990.jpg\" \/><\/li><li id=\"img\" href=\"https:\/\/www.stamhuis.nl\/wp-content\/uploads\/2016\/01\/Advieskamer-blauw-1484x990.jpg\"><img decoding=\"async\" src=\"https:\/\/www.stamhuis.nl\/wp-content\/uploads\/2016\/01\/Advieskamer-blauw-1484x990.jpg\" \/><\/li><li id=\"img\" href=\"https:\/\/www.stamhuis.nl\/wp-content\/uploads\/2016\/07\/DH-Enschede-71-1484x990.jpg\"><img decoding=\"async\" src=\"https:\/\/www.stamhuis.nl\/wp-content\/uploads\/2016\/07\/DH-Enschede-71-1484x990.jpg\" \/><\/li><li id=\"img\" href=\"https:\/\/www.stamhuis.nl\/wp-content\/uploads\/2016\/07\/DH-Enschede-77-1484x990.jpg\"><img decoding=\"async\" src=\"https:\/\/www.stamhuis.nl\/wp-content\/uploads\/2016\/07\/DH-Enschede-77-1484x990.jpg\" \/><\/li><li id=\"img\" href=\"https:\/\/www.stamhuis.nl\/wp-content\/uploads\/2016\/07\/DH-Enschede-31-1484x990.jpg\"><img decoding=\"async\" src=\"https:\/\/www.stamhuis.nl\/wp-content\/uploads\/2016\/07\/DH-Enschede-31-1484x990.jpg\" \/><\/li><li id=\"img\" href=\"https:\/\/www.stamhuis.nl\/wp-content\/uploads\/2016\/07\/DH-Enschede-57-1484x990.jpg\"><img decoding=\"async\" src=\"https:\/\/www.stamhuis.nl\/wp-content\/uploads\/2016\/07\/DH-Enschede-57-1484x990.jpg\" \/><\/li><li id=\"img\" href=\"https:\/\/www.stamhuis.nl\/wp-content\/uploads\/2016\/07\/IMG_9004-1484x990.jpg\"><img decoding=\"async\" src=\"https:\/\/www.stamhuis.nl\/wp-content\/uploads\/2016\/07\/IMG_9004-1484x990.jpg\" \/><\/li><\/ul><\/div><div id=\"carousel\" class=\"flexslider\"><ul class=\"slides\"><li><img decoding=\"async\" src=\"https:\/\/www.stamhuis.nl\/wp-content\/uploads\/2016\/07\/DH-Enschede-39-1484x990.jpg\" \/><div class=\"overlay\"><\/div><\/li><li><img decoding=\"async\" src=\"https:\/\/www.stamhuis.nl\/wp-content\/uploads\/2016\/07\/IMG_9013-1484x990.jpg\" \/><div class=\"overlay\"><\/div><\/li><li><img decoding=\"async\" src=\"https:\/\/www.stamhuis.nl\/wp-content\/uploads\/2016\/07\/IMG_8459-1484x990.jpg\" \/><div class=\"overlay\"><\/div><\/li><li><img decoding=\"async\" src=\"https:\/\/www.stamhuis.nl\/wp-content\/uploads\/2016\/01\/Advieskamer-blauw-1484x990.jpg\" \/><div class=\"overlay\"><\/div><\/li><li><img decoding=\"async\" src=\"https:\/\/www.stamhuis.nl\/wp-content\/uploads\/2016\/07\/DH-Enschede-71-1484x990.jpg\" \/><div class=\"overlay\"><\/div><\/li><li><img decoding=\"async\" src=\"https:\/\/www.stamhuis.nl\/wp-content\/uploads\/2016\/07\/DH-Enschede-77-1484x990.jpg\" \/><div class=\"overlay\"><\/div><\/li><li><img decoding=\"async\" src=\"https:\/\/www.stamhuis.nl\/wp-content\/uploads\/2016\/07\/DH-Enschede-31-1484x990.jpg\" \/><div class=\"overlay\"><\/div><\/li><li><img decoding=\"async\" src=\"https:\/\/www.stamhuis.nl\/wp-content\/uploads\/2016\/07\/DH-Enschede-57-1484x990.jpg\" \/><div class=\"overlay\"><\/div><\/li><li><img decoding=\"async\" src=\"https:\/\/www.stamhuis.nl\/wp-content\/uploads\/2016\/07\/IMG_9004-1484x990.jpg\" \/><div class=\"overlay\"><\/div><\/li><\/ul><\/div><\/strong><\/p>\n<h4>L&rsquo;unit\u00e9 dans la diversit\u00e9<\/h4>\n<p>Lors de l&rsquo;\u00e9laboration du nouveau concept, nous avons opt\u00e9 pour l&rsquo;unit\u00e9 dans la diversit\u00e9. Chaque succursale est pourvue de plusieurs espaces de consultation. Ces espaces de consultation portent des noms comme <em>Classic<\/em>, <em>Casual<\/em>, <em>White<\/em>, <em>Black &amp; Yellow<\/em> et <em>Natural <\/em>et refl\u00e8tent chacune l&rsquo;ambiance chaleureuse d&rsquo;une salle de s\u00e9jour. C&rsquo;est un choix d\u00e9lib\u00e9r\u00e9. Un environnement agr\u00e9able et chaleureux aide le client \u00e0 prendre une d\u00e9cision m\u00fbrement r\u00e9fl\u00e9chie sur la constitution d&rsquo;une hypoth\u00e8que ou la conclusion d&rsquo;un contrat d&rsquo;assurance.<\/p>\n<h4>Des co\u00fbts de r\u00e9am\u00e9nagement r\u00e9duits<\/h4>\n<p>Lors d&rsquo;un r\u00e9am\u00e9nagement, nous sommes responsables des travaux de pr\u00e9paration, de la gestion du projet, des finitions et de l&rsquo;int\u00e9rieur. Nous sommes \u00e9galement en mesure d&rsquo;apporter des modifications subtiles sur le plan commercial. Gr\u00e2ce \u00e0 la r\u00e9utilisation de l&rsquo;int\u00e9rieur et l&rsquo;utilisation astucieuse de mat\u00e9riaux et de processus rigoureux, nous avons r\u00e9ussi \u00e0 r\u00e9duire les co\u00fbts de r\u00e9am\u00e9nagement de 20 % !<\/p>\n","protected":false},"excerpt":{"rendered":"<p>Eh oui,\u00a0Stamhuis travaille aussi pour De Hypotheker ! Pour ce prestataire de services financiers, nous avons mis au point divers types de succursales, alliant des lignes et formes \u00e9pur\u00e9es \u00e0 l&rsquo;ambiance chaleureuse d&rsquo;une salle de s\u00e9jour. Stamhuis a d\u00e9velopp\u00e9 le nouveau concept et suit de pr\u00e8s la surveillance et le d\u00e9ploiement au niveau national. L&rsquo;unit\u00e9 dans la diversit\u00e9 Lors de l&rsquo;\u00e9laboration du nouveau concept, nous avons opt\u00e9 pour l&rsquo;unit\u00e9 dans la diversit\u00e9. Chaque succursale est pourvue de plusieurs espaces de consultation. Ces espaces de consultation portent des noms comme Classic, Casual, White, Black &amp; Yellow et Natural et refl\u00e8tent chacune l&rsquo;ambiance chaleureuse d&rsquo;une salle de s\u00e9jour. C&rsquo;est un choix d\u00e9lib\u00e9r\u00e9. Un environnement agr\u00e9able et chaleureux aide le client \u00e0 prendre une d\u00e9cision m\u00fbrement r\u00e9fl\u00e9chie sur la constitution d&rsquo;une hypoth\u00e8que ou la conclusion d&rsquo;un contrat d&rsquo;assurance. Des co\u00fbts de r\u00e9am\u00e9nagement r\u00e9duits&hellip;<\/p>\n","protected":false},"author":3,"featured_media":4393,"parent":2829,"menu_order":6,"comment_status":"closed","ping_status":"closed","template":"","meta":{"om_disable_all_campaigns":false,"_monsterinsights_skip_tracking":false,"_monsterinsights_sitenote_active":false,"_monsterinsights_sitenote_note":"","_monsterinsights_sitenote_category":0,"footnotes":""},"class_list":{"0":"post-2789","1":"page","4":"has-post-thumbnail","5":"hentry"},"_links":{"self":[{"href":"https:\/\/www.stamhuis.nl\/fr\/wp-json\/wp\/v2\/pages\/2789","targetHints":{"allow":["GET"]}}],"collection":[{"href":"https:\/\/www.stamhuis.nl\/fr\/wp-json\/wp\/v2\/pages"}],"about":[{"href":"https:\/\/www.stamhuis.nl\/fr\/wp-json\/wp\/v2\/types\/page"}],"author":[{"embeddable":true,"href":"https:\/\/www.stamhuis.nl\/fr\/wp-json\/wp\/v2\/users\/3"}],"replies":[{"embeddable":true,"href":"https:\/\/www.stamhuis.nl\/fr\/wp-json\/wp\/v2\/comments?post=2789"}],"version-history":[{"count":0,"href":"https:\/\/www.stamhuis.nl\/fr\/wp-json\/wp\/v2\/pages\/2789\/revisions"}],"up":[{"embeddable":true,"href":"https:\/\/www.stamhuis.nl\/fr\/wp-json\/wp\/v2\/pages\/2829"}],"wp:featuredmedia":[{"embeddable":true,"href":"https:\/\/www.stamhuis.nl\/fr\/wp-json\/wp\/v2\/media\/4393"}],"wp:attachment":[{"href":"https:\/\/www.stamhuis.nl\/fr\/wp-json\/wp\/v2\/media?parent=2789"}],"curies":[{"name":"wp","href":"https:\/\/api.w.org\/{rel}","templated":true}]}}