{"id":2781,"date":"2015-11-30T16:05:43","date_gmt":"2015-11-30T15:05:43","guid":{"rendered":"https:\/\/www.stamhuis.nl\/fr\/action\/"},"modified":"2016-04-21T08:46:10","modified_gmt":"2016-04-21T07:46:10","slug":"action","status":"publish","type":"page","link":"https:\/\/www.stamhuis.nl\/fr\/projecten\/action\/","title":{"rendered":"Action"},"content":{"rendered":"<p class=\"intro\">La croissance exponentielle du discounteur Action ne semble pas fl\u00e9chir pour l&rsquo;instant. Cette cha\u00eene de magasins d&rsquo;origine n\u00e9erlandaise dispose de plus de 600 (!) succursales r\u00e9parties sur cinq pays. Depuis peu, nous sommes heureux de pouvoir apporter une contribution concr\u00e8te au d\u00e9ploiement en France et en Allemagne&#8230;<\/p>\n<p><strong><div id=\"slider\" class=\"flexslider\"><ul class=\"slides\"><li id=\"img\" href=\"https:\/\/www.stamhuis.nl\/wp-content\/uploads\/2016\/01\/Action2-1484x990.jpg\"><img decoding=\"async\" src=\"https:\/\/www.stamhuis.nl\/wp-content\/uploads\/2016\/01\/Action2-1484x990.jpg\" \/><\/li><li id=\"img\" href=\"https:\/\/www.stamhuis.nl\/wp-content\/uploads\/2016\/01\/Action3-1484x990.jpg\"><img decoding=\"async\" src=\"https:\/\/www.stamhuis.nl\/wp-content\/uploads\/2016\/01\/Action3-1484x990.jpg\" \/><\/li><li id=\"img\" href=\"https:\/\/www.stamhuis.nl\/wp-content\/uploads\/2016\/01\/Action4-1484x990.jpg\"><img decoding=\"async\" src=\"https:\/\/www.stamhuis.nl\/wp-content\/uploads\/2016\/01\/Action4-1484x990.jpg\" \/><\/li><li id=\"img\" href=\"https:\/\/www.stamhuis.nl\/wp-content\/uploads\/2016\/01\/Action5-1484x990.jpg\"><img decoding=\"async\" src=\"https:\/\/www.stamhuis.nl\/wp-content\/uploads\/2016\/01\/Action5-1484x990.jpg\" \/><\/li><li id=\"img\" href=\"https:\/\/www.stamhuis.nl\/wp-content\/uploads\/2016\/01\/Action6-e1452525531315-1484x990.jpg\"><img decoding=\"async\" src=\"https:\/\/www.stamhuis.nl\/wp-content\/uploads\/2016\/01\/Action6-e1452525531315-1484x990.jpg\" \/><\/li><li id=\"img\" href=\"https:\/\/www.stamhuis.nl\/wp-content\/uploads\/2016\/01\/Action1-e1452526045457.jpeg\"><img decoding=\"async\" src=\"https:\/\/www.stamhuis.nl\/wp-content\/uploads\/2016\/01\/Action1-e1452526045457.jpeg\" \/><\/li><\/ul><\/div><div id=\"carousel\" class=\"flexslider\"><ul class=\"slides\"><li><img decoding=\"async\" src=\"https:\/\/www.stamhuis.nl\/wp-content\/uploads\/2016\/01\/Action2-1484x990.jpg\" \/><div class=\"overlay\"><\/div><\/li><li><img decoding=\"async\" src=\"https:\/\/www.stamhuis.nl\/wp-content\/uploads\/2016\/01\/Action3-1484x990.jpg\" \/><div class=\"overlay\"><\/div><\/li><li><img decoding=\"async\" src=\"https:\/\/www.stamhuis.nl\/wp-content\/uploads\/2016\/01\/Action4-1484x990.jpg\" \/><div class=\"overlay\"><\/div><\/li><li><img decoding=\"async\" src=\"https:\/\/www.stamhuis.nl\/wp-content\/uploads\/2016\/01\/Action5-1484x990.jpg\" \/><div class=\"overlay\"><\/div><\/li><li><img decoding=\"async\" src=\"https:\/\/www.stamhuis.nl\/wp-content\/uploads\/2016\/01\/Action6-e1452525531315-1484x990.jpg\" \/><div class=\"overlay\"><\/div><\/li><li><img decoding=\"async\" src=\"https:\/\/www.stamhuis.nl\/wp-content\/uploads\/2016\/01\/Action1-e1452526045457.jpeg\" \/><div class=\"overlay\"><\/div><\/li><\/ul><\/div><\/strong><\/p>\n<h4 class=\"intro\">Distribution vers la France<\/h4>\n<p>Stamhuis assure le stockage, le transport et le montage de syst\u00e8mes de caisse pour un grand nombre de succursales Action en France. Nous mettons \u00e9galement notre r\u00e9serve \u00e0 disposition pour le stockage et la distribution de caddies, de portiques de d\u00e9tection et de coffres-forts. Nous r\u00e9alisons des \u00e9conomies consid\u00e9rables en le faisant en interne et en utilisant nos propres camions pour le transport.<\/p>\n<h4>Rapide, transparent et avantageux<\/h4>\n<p>Entre-temps, nous avons \u00e9tendu notre champ d&rsquo;action vers l&rsquo;Allemagne. En tant qu&rsquo;entrepreneur principal, nous coordonnons le gros \u0153uvre et les travaux de finition (tels que la pose des sols et des plafonds) selon la m\u00e9thode caract\u00e9ristique de Stamhuis : plus rapide, plus transparent (bas\u00e9 sur un calcul accessible) et plus avantageux&#8230; et tout cela sans perte de qualit\u00e9 !<\/p>\n","protected":false},"excerpt":{"rendered":"<p>La croissance exponentielle du discounteur Action ne semble pas fl\u00e9chir pour l&rsquo;instant. Cette cha\u00eene de magasins d&rsquo;origine n\u00e9erlandaise dispose de plus de 600 (!) succursales r\u00e9parties sur cinq pays. Depuis peu, nous sommes heureux de pouvoir apporter une contribution concr\u00e8te au d\u00e9ploiement en France et en Allemagne&#8230; Distribution vers la France Stamhuis assure le stockage, le transport et le montage de syst\u00e8mes de caisse pour un grand nombre de succursales Action en France. Nous mettons \u00e9galement notre r\u00e9serve \u00e0 disposition pour le stockage et la distribution de caddies, de portiques de d\u00e9tection et de coffres-forts. Nous r\u00e9alisons des \u00e9conomies consid\u00e9rables en le faisant en interne et en utilisant nos propres camions pour le transport. Rapide, transparent et avantageux Entre-temps, nous avons \u00e9tendu notre champ d&rsquo;action vers l&rsquo;Allemagne. En tant qu&rsquo;entrepreneur principal, nous coordonnons le gros \u0153uvre et les travaux de&hellip;<\/p>\n","protected":false},"author":1,"featured_media":3057,"parent":2829,"menu_order":4,"comment_status":"closed","ping_status":"closed","template":"","meta":{"om_disable_all_campaigns":false,"_monsterinsights_skip_tracking":false,"_monsterinsights_sitenote_active":false,"_monsterinsights_sitenote_note":"","_monsterinsights_sitenote_category":0,"footnotes":""},"class_list":{"0":"post-2781","1":"page","4":"has-post-thumbnail","5":"hentry"},"_links":{"self":[{"href":"https:\/\/www.stamhuis.nl\/fr\/wp-json\/wp\/v2\/pages\/2781","targetHints":{"allow":["GET"]}}],"collection":[{"href":"https:\/\/www.stamhuis.nl\/fr\/wp-json\/wp\/v2\/pages"}],"about":[{"href":"https:\/\/www.stamhuis.nl\/fr\/wp-json\/wp\/v2\/types\/page"}],"author":[{"embeddable":true,"href":"https:\/\/www.stamhuis.nl\/fr\/wp-json\/wp\/v2\/users\/1"}],"replies":[{"embeddable":true,"href":"https:\/\/www.stamhuis.nl\/fr\/wp-json\/wp\/v2\/comments?post=2781"}],"version-history":[{"count":0,"href":"https:\/\/www.stamhuis.nl\/fr\/wp-json\/wp\/v2\/pages\/2781\/revisions"}],"up":[{"embeddable":true,"href":"https:\/\/www.stamhuis.nl\/fr\/wp-json\/wp\/v2\/pages\/2829"}],"wp:featuredmedia":[{"embeddable":true,"href":"https:\/\/www.stamhuis.nl\/fr\/wp-json\/wp\/v2\/media\/3057"}],"wp:attachment":[{"href":"https:\/\/www.stamhuis.nl\/fr\/wp-json\/wp\/v2\/media?parent=2781"}],"curies":[{"name":"wp","href":"https:\/\/api.w.org\/{rel}","templated":true}]}}