{"id":2778,"date":"2015-12-18T10:28:40","date_gmt":"2015-12-18T09:28:40","guid":{"rendered":"https:\/\/www.stamhuis.nl\/fr\/ikea\/"},"modified":"2016-04-22T12:52:25","modified_gmt":"2016-04-22T11:52:25","slug":"ikea","status":"publish","type":"page","link":"https:\/\/www.stamhuis.nl\/fr\/projecten\/ikea\/","title":{"rendered":"IKEA"},"content":{"rendered":"<p class=\"intro\">Vous d\u00e9sirez un r\u00e9am\u00e9nagement complet de votre magasin ou une adaptation subtile d&rsquo;un rayon ? Stamhuis s&rsquo;y conna\u00eet dans tous les domaines et IKEA le sait maintenant. Cette cha\u00eene de magasins d&rsquo;ameublement a fait appel \u00e0 nos services pour la transformation de sept rayons cuisine, un rayon armoires et un restaurant.<\/p>\n<p class=\"intro\"><div id=\"slider\" class=\"flexslider\"><ul class=\"slides\"><li id=\"img\" href=\"https:\/\/www.stamhuis.nl\/wp-content\/uploads\/2015\/12\/IKEA-Barendrecht-008-1484x990.jpg\"><img decoding=\"async\" src=\"https:\/\/www.stamhuis.nl\/wp-content\/uploads\/2015\/12\/IKEA-Barendrecht-008-1484x990.jpg\" \/><\/li><li id=\"img\" href=\"https:\/\/www.stamhuis.nl\/wp-content\/uploads\/2015\/12\/IKEA-Barendrecht-004-1484x990.jpg\"><img decoding=\"async\" src=\"https:\/\/www.stamhuis.nl\/wp-content\/uploads\/2015\/12\/IKEA-Barendrecht-004-1484x990.jpg\" \/><\/li><li id=\"img\" href=\"https:\/\/www.stamhuis.nl\/wp-content\/uploads\/2016\/01\/DSCN2702-1484x990.jpg\"><img decoding=\"async\" src=\"https:\/\/www.stamhuis.nl\/wp-content\/uploads\/2016\/01\/DSCN2702-1484x990.jpg\" \/><\/li><li id=\"img\" href=\"https:\/\/www.stamhuis.nl\/wp-content\/uploads\/2016\/01\/DSCN2711-1484x990.jpg\"><img decoding=\"async\" src=\"https:\/\/www.stamhuis.nl\/wp-content\/uploads\/2016\/01\/DSCN2711-1484x990.jpg\" \/><\/li><li id=\"img\" href=\"https:\/\/www.stamhuis.nl\/wp-content\/uploads\/2016\/01\/DSCN2729-1484x990.jpg\"><img decoding=\"async\" src=\"https:\/\/www.stamhuis.nl\/wp-content\/uploads\/2016\/01\/DSCN2729-1484x990.jpg\" \/><\/li><li id=\"img\" href=\"https:\/\/www.stamhuis.nl\/wp-content\/uploads\/2016\/01\/DSCN2730-1484x990.jpg\"><img decoding=\"async\" src=\"https:\/\/www.stamhuis.nl\/wp-content\/uploads\/2016\/01\/DSCN2730-1484x990.jpg\" \/><\/li><li id=\"img\" href=\"https:\/\/www.stamhuis.nl\/wp-content\/uploads\/2016\/01\/DSCN2739-1484x990.jpg\"><img decoding=\"async\" src=\"https:\/\/www.stamhuis.nl\/wp-content\/uploads\/2016\/01\/DSCN2739-1484x990.jpg\" \/><\/li><li id=\"img\" href=\"https:\/\/www.stamhuis.nl\/wp-content\/uploads\/2016\/01\/DSCN2760-1484x990.jpg\"><img decoding=\"async\" src=\"https:\/\/www.stamhuis.nl\/wp-content\/uploads\/2016\/01\/DSCN2760-1484x990.jpg\" \/><\/li><li id=\"img\" href=\"https:\/\/www.stamhuis.nl\/wp-content\/uploads\/2016\/01\/DSCN2762-1484x990.jpg\"><img decoding=\"async\" src=\"https:\/\/www.stamhuis.nl\/wp-content\/uploads\/2016\/01\/DSCN2762-1484x990.jpg\" \/><\/li><li id=\"img\" href=\"https:\/\/www.stamhuis.nl\/wp-content\/uploads\/2016\/01\/DSCN2772-1484x990.jpg\"><img decoding=\"async\" src=\"https:\/\/www.stamhuis.nl\/wp-content\/uploads\/2016\/01\/DSCN2772-1484x990.jpg\" \/><\/li><\/ul><\/div><div id=\"carousel\" class=\"flexslider\"><ul class=\"slides\"><li><img decoding=\"async\" src=\"https:\/\/www.stamhuis.nl\/wp-content\/uploads\/2015\/12\/IKEA-Barendrecht-008-1484x990.jpg\" \/><div class=\"overlay\"><\/div><\/li><li><img decoding=\"async\" src=\"https:\/\/www.stamhuis.nl\/wp-content\/uploads\/2015\/12\/IKEA-Barendrecht-004-1484x990.jpg\" \/><div class=\"overlay\"><\/div><\/li><li><img decoding=\"async\" src=\"https:\/\/www.stamhuis.nl\/wp-content\/uploads\/2016\/01\/DSCN2702-1484x990.jpg\" \/><div class=\"overlay\"><\/div><\/li><li><img decoding=\"async\" src=\"https:\/\/www.stamhuis.nl\/wp-content\/uploads\/2016\/01\/DSCN2711-1484x990.jpg\" \/><div class=\"overlay\"><\/div><\/li><li><img decoding=\"async\" src=\"https:\/\/www.stamhuis.nl\/wp-content\/uploads\/2016\/01\/DSCN2729-1484x990.jpg\" \/><div class=\"overlay\"><\/div><\/li><li><img decoding=\"async\" src=\"https:\/\/www.stamhuis.nl\/wp-content\/uploads\/2016\/01\/DSCN2730-1484x990.jpg\" \/><div class=\"overlay\"><\/div><\/li><li><img decoding=\"async\" src=\"https:\/\/www.stamhuis.nl\/wp-content\/uploads\/2016\/01\/DSCN2739-1484x990.jpg\" \/><div class=\"overlay\"><\/div><\/li><li><img decoding=\"async\" src=\"https:\/\/www.stamhuis.nl\/wp-content\/uploads\/2016\/01\/DSCN2760-1484x990.jpg\" \/><div class=\"overlay\"><\/div><\/li><li><img decoding=\"async\" src=\"https:\/\/www.stamhuis.nl\/wp-content\/uploads\/2016\/01\/DSCN2762-1484x990.jpg\" \/><div class=\"overlay\"><\/div><\/li><li><img decoding=\"async\" src=\"https:\/\/www.stamhuis.nl\/wp-content\/uploads\/2016\/01\/DSCN2772-1484x990.jpg\" \/><div class=\"overlay\"><\/div><\/li><\/ul><\/div><\/p>\n<h4>D\u00e9montage et montage<\/h4>\n<p>Lors du r\u00e9am\u00e9nagement du restaurant IKEA, nous \u00e9tions responsable du (d\u00e9)montage de l&rsquo;int\u00e9rieur. En seulement deux nuits, nous avons \u00e9galement remplac\u00e9 le plafond grillag\u00e9 caract\u00e9ristique par un plafond industriel ouvert pourvu de lignes lumineuses. Pour finir, nous avons r\u00e9alis\u00e9 les travaux de peinture et adapt\u00e9 les meubles \u00e0 caf\u00e9. En seulement deux semaines, un nouveau restaurant, beau \u00e0 s&rsquo;en l\u00e9cher les doigts, a vu le jour.<\/p>\n<h4>Sept rayons en cinq semaines<\/h4>\n<p>Une mission d&rsquo;un tout autre ordre : le r\u00e9am\u00e9nagement de sept rayons cuisine diff\u00e9rents en seulement cinq semaines ! \u00a0Tout le monde a travaill\u00e9 dur en m\u00eame temps sur plusieurs sites. Apr\u00e8s les travaux de d\u00e9molition, nous avons tout de suite commenc\u00e9 \u00e0 poser les sols, installer les parois et monter les blocs-cuisine. Le savoir-faire et la capacit\u00e9 que Stamhuis peut offrir dans ce domaine sont sans \u00e9gal.<\/p>\n","protected":false},"excerpt":{"rendered":"<p>Vous d\u00e9sirez un r\u00e9am\u00e9nagement complet de votre magasin ou une adaptation subtile d&rsquo;un rayon ? Stamhuis s&rsquo;y conna\u00eet dans tous les domaines et IKEA le sait maintenant. Cette cha\u00eene de magasins d&rsquo;ameublement a fait appel \u00e0 nos services pour la transformation de sept rayons cuisine, un rayon armoires et un restaurant. D\u00e9montage et montage Lors du r\u00e9am\u00e9nagement du restaurant IKEA, nous \u00e9tions responsable du (d\u00e9)montage de l&rsquo;int\u00e9rieur. En seulement deux nuits, nous avons \u00e9galement remplac\u00e9 le plafond grillag\u00e9 caract\u00e9ristique par un plafond industriel ouvert pourvu de lignes lumineuses. Pour finir, nous avons r\u00e9alis\u00e9 les travaux de peinture et adapt\u00e9 les meubles \u00e0 caf\u00e9. En seulement deux semaines, un nouveau restaurant, beau \u00e0 s&rsquo;en l\u00e9cher les doigts, a vu le jour. Sept rayons en cinq semaines Une mission d&rsquo;un tout autre ordre : le r\u00e9am\u00e9nagement de sept rayons cuisine diff\u00e9rents en&hellip;<\/p>\n","protected":false},"author":3,"featured_media":3055,"parent":2829,"menu_order":3,"comment_status":"closed","ping_status":"closed","template":"","meta":{"om_disable_all_campaigns":false,"_monsterinsights_skip_tracking":false,"_monsterinsights_sitenote_active":false,"_monsterinsights_sitenote_note":"","_monsterinsights_sitenote_category":0,"footnotes":""},"class_list":{"0":"post-2778","1":"page","4":"has-post-thumbnail","5":"hentry"},"_links":{"self":[{"href":"https:\/\/www.stamhuis.nl\/fr\/wp-json\/wp\/v2\/pages\/2778","targetHints":{"allow":["GET"]}}],"collection":[{"href":"https:\/\/www.stamhuis.nl\/fr\/wp-json\/wp\/v2\/pages"}],"about":[{"href":"https:\/\/www.stamhuis.nl\/fr\/wp-json\/wp\/v2\/types\/page"}],"author":[{"embeddable":true,"href":"https:\/\/www.stamhuis.nl\/fr\/wp-json\/wp\/v2\/users\/3"}],"replies":[{"embeddable":true,"href":"https:\/\/www.stamhuis.nl\/fr\/wp-json\/wp\/v2\/comments?post=2778"}],"version-history":[{"count":0,"href":"https:\/\/www.stamhuis.nl\/fr\/wp-json\/wp\/v2\/pages\/2778\/revisions"}],"up":[{"embeddable":true,"href":"https:\/\/www.stamhuis.nl\/fr\/wp-json\/wp\/v2\/pages\/2829"}],"wp:featuredmedia":[{"embeddable":true,"href":"https:\/\/www.stamhuis.nl\/fr\/wp-json\/wp\/v2\/media\/3055"}],"wp:attachment":[{"href":"https:\/\/www.stamhuis.nl\/fr\/wp-json\/wp\/v2\/media?parent=2778"}],"curies":[{"name":"wp","href":"https:\/\/api.w.org\/{rel}","templated":true}]}}