{"id":2775,"date":"2015-11-30T16:09:58","date_gmt":"2015-11-30T15:09:58","guid":{"rendered":"https:\/\/www.stamhuis.nl\/fr\/blokker\/"},"modified":"2016-06-29T15:53:33","modified_gmt":"2016-06-29T13:53:33","slug":"blokker","status":"publish","type":"page","link":"https:\/\/www.stamhuis.nl\/fr\/projecten\/blokker\/","title":{"rendered":"Blokker"},"content":{"rendered":"<p class=\"intro\">Blokker est un d\u00e9taillant qui a du culot ! Le sp\u00e9cialiste en articles m\u00e9nagers le plus connu des Pays-Bas ose encore r\u00e9nover et agrandir ses magasins, m\u00eame \u00e0 cette \u00e9poque mouvement\u00e9e. Et non sans succ\u00e8s ! La nouvelle formule de magasin pla\u00eet au grand public.<\/p>\n<p class=\"intro\"><div id=\"slider\" class=\"flexslider\"><ul class=\"slides\"><li id=\"img\" href=\"https:\/\/www.stamhuis.nl\/wp-content\/uploads\/2016\/01\/IMG_3168-e1452941263303-1484x990.jpg\"><img decoding=\"async\" src=\"https:\/\/www.stamhuis.nl\/wp-content\/uploads\/2016\/01\/IMG_3168-e1452941263303-1484x990.jpg\" \/><\/li><li id=\"img\" href=\"https:\/\/www.stamhuis.nl\/wp-content\/uploads\/2016\/01\/IMG_3177-1-e1452941116655-1484x990.jpg\"><img decoding=\"async\" src=\"https:\/\/www.stamhuis.nl\/wp-content\/uploads\/2016\/01\/IMG_3177-1-e1452941116655-1484x990.jpg\" \/><\/li><li id=\"img\" href=\"https:\/\/www.stamhuis.nl\/wp-content\/uploads\/2016\/01\/IMG_3175-e1452941076268-1484x990.jpg\"><img decoding=\"async\" src=\"https:\/\/www.stamhuis.nl\/wp-content\/uploads\/2016\/01\/IMG_3175-e1452941076268-1484x990.jpg\" \/><\/li><li id=\"img\" href=\"https:\/\/www.stamhuis.nl\/wp-content\/uploads\/2016\/01\/IMG_3173-e1452941047451-1484x990.jpg\"><img decoding=\"async\" src=\"https:\/\/www.stamhuis.nl\/wp-content\/uploads\/2016\/01\/IMG_3173-e1452941047451-1484x990.jpg\" \/><\/li><li id=\"img\" href=\"https:\/\/www.stamhuis.nl\/wp-content\/uploads\/2016\/01\/IMG_3172-e1452941012454-1484x990.jpg\"><img decoding=\"async\" src=\"https:\/\/www.stamhuis.nl\/wp-content\/uploads\/2016\/01\/IMG_3172-e1452941012454-1484x990.jpg\" \/><\/li><li id=\"img\" href=\"https:\/\/www.stamhuis.nl\/wp-content\/uploads\/2016\/01\/IMG_3171-e1452940962610-1484x990.jpg\"><img decoding=\"async\" src=\"https:\/\/www.stamhuis.nl\/wp-content\/uploads\/2016\/01\/IMG_3171-e1452940962610-1484x990.jpg\" \/><\/li><li id=\"img\" href=\"https:\/\/www.stamhuis.nl\/wp-content\/uploads\/2016\/01\/IMG_3169-e1452940879895-1484x990.jpg\"><img decoding=\"async\" src=\"https:\/\/www.stamhuis.nl\/wp-content\/uploads\/2016\/01\/IMG_3169-e1452940879895-1484x990.jpg\" \/><\/li><\/ul><\/div><div id=\"carousel\" class=\"flexslider\"><ul class=\"slides\"><li><img decoding=\"async\" src=\"https:\/\/www.stamhuis.nl\/wp-content\/uploads\/2016\/01\/IMG_3168-e1452941263303-1484x990.jpg\" \/><div class=\"overlay\"><\/div><\/li><li><img decoding=\"async\" src=\"https:\/\/www.stamhuis.nl\/wp-content\/uploads\/2016\/01\/IMG_3177-1-e1452941116655-1484x990.jpg\" \/><div class=\"overlay\"><\/div><\/li><li><img decoding=\"async\" src=\"https:\/\/www.stamhuis.nl\/wp-content\/uploads\/2016\/01\/IMG_3175-e1452941076268-1484x990.jpg\" \/><div class=\"overlay\"><\/div><\/li><li><img decoding=\"async\" src=\"https:\/\/www.stamhuis.nl\/wp-content\/uploads\/2016\/01\/IMG_3173-e1452941047451-1484x990.jpg\" \/><div class=\"overlay\"><\/div><\/li><li><img decoding=\"async\" src=\"https:\/\/www.stamhuis.nl\/wp-content\/uploads\/2016\/01\/IMG_3172-e1452941012454-1484x990.jpg\" \/><div class=\"overlay\"><\/div><\/li><li><img decoding=\"async\" src=\"https:\/\/www.stamhuis.nl\/wp-content\/uploads\/2016\/01\/IMG_3171-e1452940962610-1484x990.jpg\" \/><div class=\"overlay\"><\/div><\/li><li><img decoding=\"async\" src=\"https:\/\/www.stamhuis.nl\/wp-content\/uploads\/2016\/01\/IMG_3169-e1452940879895-1484x990.jpg\" \/><div class=\"overlay\"><\/div><\/li><\/ul><\/div><\/p>\n<h4>Slim Slim<\/h4>\n<p>Stamhuis assiste Blokker lors de la transformation d&rsquo;un grand nombre de succursales. C&rsquo;est notamment le cas pour les succursales Blokker situ\u00e9es dans les grandes villes. Les magasins Blokker situ\u00e9s ailleurs sont r\u00e9am\u00e9nag\u00e9s selon la m\u00e9thode Slim Slim. Les magasins y sont r\u00e9am\u00e9nag\u00e9s \u00e0 un tarif r\u00e9duit et conservent leur rayonnement et ambiance reconnaissables. Pour les premiers magasins pilot\u00e9s, Stamhuis a opt\u00e9 pour un d\u00e9lai de finition plus court (une semaine) en concertation avec Blokker !<\/p>\n<p>&nbsp;<\/p>\n","protected":false},"excerpt":{"rendered":"<p>Blokker est un d\u00e9taillant qui a du culot ! Le sp\u00e9cialiste en articles m\u00e9nagers le plus connu des Pays-Bas ose encore r\u00e9nover et agrandir ses magasins, m\u00eame \u00e0 cette \u00e9poque mouvement\u00e9e. Et non sans succ\u00e8s ! La nouvelle formule de magasin pla\u00eet au grand public. Slim Slim Stamhuis assiste Blokker lors de la transformation d&rsquo;un grand nombre de succursales. C&rsquo;est notamment le cas pour les succursales Blokker situ\u00e9es dans les grandes villes. Les magasins Blokker situ\u00e9s ailleurs sont r\u00e9am\u00e9nag\u00e9s selon la m\u00e9thode Slim Slim. Les magasins y sont r\u00e9am\u00e9nag\u00e9s \u00e0 un tarif r\u00e9duit et conservent leur rayonnement et ambiance reconnaissables. Pour les premiers magasins pilot\u00e9s, Stamhuis a opt\u00e9 pour un d\u00e9lai de finition plus court (une semaine) en concertation avec Blokker ! &nbsp;<\/p>\n","protected":false},"author":1,"featured_media":4336,"parent":2829,"menu_order":2,"comment_status":"closed","ping_status":"closed","template":"","meta":{"om_disable_all_campaigns":false,"_monsterinsights_skip_tracking":false,"_monsterinsights_sitenote_active":false,"_monsterinsights_sitenote_note":"","_monsterinsights_sitenote_category":0,"footnotes":""},"class_list":{"0":"post-2775","1":"page","4":"has-post-thumbnail","5":"hentry"},"_links":{"self":[{"href":"https:\/\/www.stamhuis.nl\/fr\/wp-json\/wp\/v2\/pages\/2775","targetHints":{"allow":["GET"]}}],"collection":[{"href":"https:\/\/www.stamhuis.nl\/fr\/wp-json\/wp\/v2\/pages"}],"about":[{"href":"https:\/\/www.stamhuis.nl\/fr\/wp-json\/wp\/v2\/types\/page"}],"author":[{"embeddable":true,"href":"https:\/\/www.stamhuis.nl\/fr\/wp-json\/wp\/v2\/users\/1"}],"replies":[{"embeddable":true,"href":"https:\/\/www.stamhuis.nl\/fr\/wp-json\/wp\/v2\/comments?post=2775"}],"version-history":[{"count":0,"href":"https:\/\/www.stamhuis.nl\/fr\/wp-json\/wp\/v2\/pages\/2775\/revisions"}],"up":[{"embeddable":true,"href":"https:\/\/www.stamhuis.nl\/fr\/wp-json\/wp\/v2\/pages\/2829"}],"wp:featuredmedia":[{"embeddable":true,"href":"https:\/\/www.stamhuis.nl\/fr\/wp-json\/wp\/v2\/media\/4336"}],"wp:attachment":[{"href":"https:\/\/www.stamhuis.nl\/fr\/wp-json\/wp\/v2\/media?parent=2775"}],"curies":[{"name":"wp","href":"https:\/\/api.w.org\/{rel}","templated":true}]}}