{"id":2766,"date":"2015-11-23T13:23:39","date_gmt":"2015-11-23T12:23:39","guid":{"rendered":"https:\/\/www.stamhuis.nl\/fr\/activiteiten\/onderhoud\/"},"modified":"2016-04-21T09:41:53","modified_gmt":"2016-04-21T08:41:53","slug":"entretien","status":"publish","type":"page","link":"https:\/\/www.stamhuis.nl\/fr\/activites\/entretien\/","title":{"rendered":"Entretien"},"content":{"rendered":"<p>C&rsquo;est le cauchemar de tout entrepreneur : le magasin est plein de monde et tout \u00e0 coup, quelque chose ne fonctionne plus. Cela peut \u00eatre n&rsquo;importe quoi. Un toit qui fuit, un syst\u00e8me de r\u00e9frig\u00e9ration d\u00e9fectueux ou des portes coulissantes qui ne s&rsquo;ouvrent ou ne se ferment plus. De telles situations n\u00e9cessitent une intervention rapide et ad\u00e9quate&#8230;<\/p>\n<h4>Couverture nationale<\/h4>\n<p>Stamhuis Services d\u2019Entretien (SOS) est en mesure de vous d\u00e9barrasser de tous vos soucis dans le domaine des pannes, calamit\u00e9s et entretiens. Gr\u00e2ce \u00e0 notre couverture nationale, nous pouvons venir rapidement (dans les 2 heures !) sur place. De plus, notre centre d&rsquo;appels est joignable 24 heures sur 24 et 7 jours sur 7 !<\/p>\n<h4>Service ind\u00e9pendant<\/h4>\n<p>Stamhuis Services d\u2019entretien se distingue par la fourniture de conseils d&rsquo;experts ind\u00e9pendants sur l&rsquo;entretien de votre magasin. Nous avons confi\u00e9 l&rsquo;ex\u00e9cution des travaux d&rsquo;entretien \u00e0 des partenaires s\u00e9lectionn\u00e9s. Cette m\u00e9thode assure une appr\u00e9ciation fiable des travaux d&rsquo;entretien et nous permet d&rsquo;op\u00e9rer de fa\u00e7on enti\u00e8rement ind\u00e9pendante.<\/p>\n<p><a href=\"https:\/\/www.stamhuis.nl\/wp-content\/uploads\/2016\/02\/Onderhoud-5-1170x300.jpg\" rel=\"attachment wp-att-2217\"><img loading=\"lazy\" decoding=\"async\" class=\"body-post-image wp-image-2217 size-leftImage alignnone\" src=\"https:\/\/www.stamhuis.nl\/wp-content\/uploads\/2016\/02\/Onderhoud-5-1170x300.jpg\" alt=\"Onderhoud 5\" width=\"1170\" height=\"300\" \/><\/a><\/p>\n<h4><\/h4>\n<h4>Flexible<\/h4>\n<p>Comme nous sommes flexibles, nous pouvons enregistrer vos techniciens d&rsquo;entretien actuels dans notre syst\u00e8me de gestion. Cela signifie que vous pouvez maintenir sans probl\u00e8mes vos relations avec vos prestataires actuels. Si vous n&rsquo;avez pas encore vos propres prestataires de services d&rsquo;entretien, nous pouvons aussi faire intervenir nos partenaires qui r\u00e9pondent bien \u00e9videmment \u00e0 nos exigences strictes en mati\u00e8re de qualit\u00e9.\u00a0 Les directives claires et strictes nous permettent de garantir une ex\u00e9cution rapide et fluide de tous vos travaux d&rsquo;entretiens et de r\u00e9parations.<\/p>\n<h4>Entretien pr\u00e9ventif<\/h4>\n<p>Mieux vaut pr\u00e9venir que gu\u00e9rir, surtout s&rsquo;il s&rsquo;agit de dommages et de pannes. C&rsquo;est pourquoi nous \u00e9tablissons des programmes d&rsquo;entretien d\u00e9taill\u00e9s. \u00c0 tout moment, nous pouvons vous expliquer l&rsquo;entretien m\u00e9thodique et les co\u00fbts correspondants. Nous vous permettons \u00e9galement de t\u00e9l\u00e9commander divers syst\u00e8mes et installations. Par exemple, nous avons mis au point une m\u00e9thode brevet\u00e9e permettant de mesurer \u00e0 distance le niveau des eaux dans votre \u00e9gout. Comme cette m\u00e9thode nous permet d&rsquo;intervenir \u00e0 temps, les d\u00e9bordements d&rsquo;\u00e9gout appartiendront au pass\u00e9.<\/p>\n","protected":false},"excerpt":{"rendered":"<p>C&rsquo;est le cauchemar de tout entrepreneur : le magasin est plein de monde et tout \u00e0 coup, quelque chose ne fonctionne plus. Cela peut \u00eatre n&rsquo;importe quoi. Un toit qui fuit, un syst\u00e8me de r\u00e9frig\u00e9ration d\u00e9fectueux ou des portes coulissantes qui ne s&rsquo;ouvrent ou ne se ferment plus. De telles situations n\u00e9cessitent une intervention rapide et ad\u00e9quate&#8230; Couverture nationale Stamhuis Services d\u2019Entretien (SOS) est en mesure de vous d\u00e9barrasser de tous vos soucis dans le domaine des pannes, calamit\u00e9s et entretiens. Gr\u00e2ce \u00e0 notre couverture nationale, nous pouvons venir rapidement (dans les 2 heures !) sur place. De plus, notre centre d&rsquo;appels est joignable 24 heures sur 24 et 7 jours sur 7 ! Service ind\u00e9pendant Stamhuis Services d\u2019entretien se distingue par la fourniture de conseils d&rsquo;experts ind\u00e9pendants sur l&rsquo;entretien de votre magasin. Nous avons confi\u00e9 l&rsquo;ex\u00e9cution des travaux d&rsquo;entretien&hellip;<\/p>\n","protected":false},"author":1,"featured_media":3027,"parent":2525,"menu_order":6,"comment_status":"closed","ping_status":"closed","template":"","meta":{"om_disable_all_campaigns":false,"_monsterinsights_skip_tracking":false,"_monsterinsights_sitenote_active":false,"_monsterinsights_sitenote_note":"","_monsterinsights_sitenote_category":0,"footnotes":""},"class_list":{"0":"post-2766","1":"page","4":"has-post-thumbnail","5":"hentry"},"_links":{"self":[{"href":"https:\/\/www.stamhuis.nl\/fr\/wp-json\/wp\/v2\/pages\/2766","targetHints":{"allow":["GET"]}}],"collection":[{"href":"https:\/\/www.stamhuis.nl\/fr\/wp-json\/wp\/v2\/pages"}],"about":[{"href":"https:\/\/www.stamhuis.nl\/fr\/wp-json\/wp\/v2\/types\/page"}],"author":[{"embeddable":true,"href":"https:\/\/www.stamhuis.nl\/fr\/wp-json\/wp\/v2\/users\/1"}],"replies":[{"embeddable":true,"href":"https:\/\/www.stamhuis.nl\/fr\/wp-json\/wp\/v2\/comments?post=2766"}],"version-history":[{"count":0,"href":"https:\/\/www.stamhuis.nl\/fr\/wp-json\/wp\/v2\/pages\/2766\/revisions"}],"up":[{"embeddable":true,"href":"https:\/\/www.stamhuis.nl\/fr\/wp-json\/wp\/v2\/pages\/2525"}],"wp:featuredmedia":[{"embeddable":true,"href":"https:\/\/www.stamhuis.nl\/fr\/wp-json\/wp\/v2\/media\/3027"}],"wp:attachment":[{"href":"https:\/\/www.stamhuis.nl\/fr\/wp-json\/wp\/v2\/media?parent=2766"}],"curies":[{"name":"wp","href":"https:\/\/api.w.org\/{rel}","templated":true}]}}