{"id":2752,"date":"2015-11-23T13:23:16","date_gmt":"2015-11-23T12:23:16","guid":{"rendered":"https:\/\/www.stamhuis.nl\/fr\/activiteiten\/interieur-afbouw\/"},"modified":"2016-04-21T09:32:42","modified_gmt":"2016-04-21T08:32:42","slug":"interieurs-et-finitions","status":"publish","type":"page","link":"https:\/\/www.stamhuis.nl\/fr\/activites\/interieurs-et-finitions\/","title":{"rendered":"INT\u00c9RIEURS ET FINITIONS"},"content":{"rendered":"<p class=\"intro\">Chez Stamhuis, nous pr\u00e9parons chaque projet dans les moindres d\u00e9tails. Nos professionnels exp\u00e9riment\u00e9s s&rsquo;occupent de la pr\u00e9fabrication de votre int\u00e9rieur personnalis\u00e9 depuis notre atelier moderne \u00e0 Medemblik. Nous pouvons en outre diriger les travaux de finition de votre magasin, bureau, cantine ou appartement depuis un seul point de contact. Ceci permettra d&rsquo;ouvrir votre b\u00e2timent plus vite \u00e0 un co\u00fbt consid\u00e9rablement plus bas !<\/p>\n<h4>Pr\u00e9fabrication<\/h4>\n<p>Bimmerman, filiale importante du groupe Stamhuis<strong>,<\/strong> s&rsquo;est sp\u00e9cialis\u00e9e dans la proposition d&rsquo;un ensemble de services concernant l&rsquo;int\u00e9rieur et les finitions : depuis les premiers travaux de d\u00e9molition jusqu&rsquo;\u00e0 l&rsquo;installation des derniers meubles. Notre branche Int\u00e9rieurs et finitions dispose d&rsquo;un atelier ultramoderne avec un parc de machines de pointe. La num\u00e9risation des sites de construction et l&rsquo;application de technologies 3D nous permettent de pr\u00e9fabriquer divers \u00e9l\u00e9ments de votre r\u00e9am\u00e9nagement.<\/p>\n<h4><strong><div id=\"slider\" class=\"flexslider\"><ul class=\"slides\"><li id=\"img\" href=\"https:\/\/www.stamhuis.nl\/wp-content\/uploads\/2015\/11\/IMG_0210ret-1484x990.jpg\"><img decoding=\"async\" src=\"https:\/\/www.stamhuis.nl\/wp-content\/uploads\/2015\/11\/IMG_0210ret-1484x990.jpg\" \/><\/li><li id=\"img\" href=\"https:\/\/www.stamhuis.nl\/wp-content\/uploads\/2015\/11\/IMG_0017ret-1484x990.jpg\"><img decoding=\"async\" src=\"https:\/\/www.stamhuis.nl\/wp-content\/uploads\/2015\/11\/IMG_0017ret-1484x990.jpg\" \/><\/li><li id=\"img\" href=\"https:\/\/www.stamhuis.nl\/wp-content\/uploads\/2015\/11\/IMG_0266-1484x990.jpg\"><img decoding=\"async\" src=\"https:\/\/www.stamhuis.nl\/wp-content\/uploads\/2015\/11\/IMG_0266-1484x990.jpg\" \/><\/li><li id=\"img\" href=\"https:\/\/www.stamhuis.nl\/wp-content\/uploads\/2015\/11\/IMG_0013-1484x990.jpg\"><img decoding=\"async\" src=\"https:\/\/www.stamhuis.nl\/wp-content\/uploads\/2015\/11\/IMG_0013-1484x990.jpg\" \/><\/li><li id=\"img\" href=\"https:\/\/www.stamhuis.nl\/wp-content\/uploads\/2015\/11\/IMG_0286-1484x990.jpg\"><img decoding=\"async\" src=\"https:\/\/www.stamhuis.nl\/wp-content\/uploads\/2015\/11\/IMG_0286-1484x990.jpg\" \/><\/li><li id=\"img\" href=\"https:\/\/www.stamhuis.nl\/wp-content\/uploads\/2015\/11\/IMG_0009-1484x990.jpg\"><img decoding=\"async\" src=\"https:\/\/www.stamhuis.nl\/wp-content\/uploads\/2015\/11\/IMG_0009-1484x990.jpg\" \/><\/li><li id=\"img\" href=\"https:\/\/www.stamhuis.nl\/wp-content\/uploads\/2015\/11\/MG_0247-1484x990.jpg\"><img decoding=\"async\" src=\"https:\/\/www.stamhuis.nl\/wp-content\/uploads\/2015\/11\/MG_0247-1484x990.jpg\" \/><\/li><li id=\"img\" href=\"https:\/\/www.stamhuis.nl\/wp-content\/uploads\/2016\/02\/IMG_0004-1484x990.jpg\"><img decoding=\"async\" src=\"https:\/\/www.stamhuis.nl\/wp-content\/uploads\/2016\/02\/IMG_0004-1484x990.jpg\" \/><\/li><li id=\"img\" href=\"https:\/\/www.stamhuis.nl\/wp-content\/uploads\/2016\/02\/IMG_0205-1484x990.jpg\"><img decoding=\"async\" src=\"https:\/\/www.stamhuis.nl\/wp-content\/uploads\/2016\/02\/IMG_0205-1484x990.jpg\" \/><\/li><li id=\"img\" href=\"https:\/\/www.stamhuis.nl\/wp-content\/uploads\/2016\/02\/IMG_0187-1484x990.jpg\"><img decoding=\"async\" src=\"https:\/\/www.stamhuis.nl\/wp-content\/uploads\/2016\/02\/IMG_0187-1484x990.jpg\" \/><\/li><li id=\"img\" href=\"https:\/\/www.stamhuis.nl\/wp-content\/uploads\/2015\/11\/MG_02221-1484x990.jpg\"><img decoding=\"async\" src=\"https:\/\/www.stamhuis.nl\/wp-content\/uploads\/2015\/11\/MG_02221-1484x990.jpg\" \/><\/li><\/ul><\/div><div id=\"carousel\" class=\"flexslider\"><ul class=\"slides\"><li><img decoding=\"async\" src=\"https:\/\/www.stamhuis.nl\/wp-content\/uploads\/2015\/11\/IMG_0210ret-1484x990.jpg\" \/><div class=\"overlay\"><\/div><\/li><li><img decoding=\"async\" src=\"https:\/\/www.stamhuis.nl\/wp-content\/uploads\/2015\/11\/IMG_0017ret-1484x990.jpg\" \/><div class=\"overlay\"><\/div><\/li><li><img decoding=\"async\" src=\"https:\/\/www.stamhuis.nl\/wp-content\/uploads\/2015\/11\/IMG_0266-1484x990.jpg\" \/><div class=\"overlay\"><\/div><\/li><li><img decoding=\"async\" src=\"https:\/\/www.stamhuis.nl\/wp-content\/uploads\/2015\/11\/IMG_0013-1484x990.jpg\" \/><div class=\"overlay\"><\/div><\/li><li><img decoding=\"async\" src=\"https:\/\/www.stamhuis.nl\/wp-content\/uploads\/2015\/11\/IMG_0286-1484x990.jpg\" \/><div class=\"overlay\"><\/div><\/li><li><img decoding=\"async\" src=\"https:\/\/www.stamhuis.nl\/wp-content\/uploads\/2015\/11\/IMG_0009-1484x990.jpg\" \/><div class=\"overlay\"><\/div><\/li><li><img decoding=\"async\" src=\"https:\/\/www.stamhuis.nl\/wp-content\/uploads\/2015\/11\/MG_0247-1484x990.jpg\" \/><div class=\"overlay\"><\/div><\/li><li><img decoding=\"async\" src=\"https:\/\/www.stamhuis.nl\/wp-content\/uploads\/2016\/02\/IMG_0004-1484x990.jpg\" \/><div class=\"overlay\"><\/div><\/li><li><img decoding=\"async\" src=\"https:\/\/www.stamhuis.nl\/wp-content\/uploads\/2016\/02\/IMG_0205-1484x990.jpg\" \/><div class=\"overlay\"><\/div><\/li><li><img decoding=\"async\" src=\"https:\/\/www.stamhuis.nl\/wp-content\/uploads\/2016\/02\/IMG_0187-1484x990.jpg\" \/><div class=\"overlay\"><\/div><\/li><li><img decoding=\"async\" src=\"https:\/\/www.stamhuis.nl\/wp-content\/uploads\/2015\/11\/MG_02221-1484x990.jpg\" \/><div class=\"overlay\"><\/div><\/li><\/ul><\/div><\/strong><\/h4>\n<h4>Ouvert plus t\u00f4t<\/h4>\n<p>Tout est pr\u00e9par\u00e9 tant que possible dans notre atelier moderne, de fa\u00e7on \u00e0 ce que votre entreprise, bureau ou magasin soit pr\u00eat \u00e0 l&#8217;emploi en l&rsquo;espace d&rsquo;une semaine. Notre fa\u00e7on de travailler se caract\u00e9rise par une approche personnelle, un savoir-faire de qualit\u00e9 et le souci du d\u00e9tail. Comme nous accordons une attention toute particuli\u00e8re \u00e0 la pr\u00e9paration, votre projet est non seulement plus facile \u00e0 planifier, mais cela nous permet aussi de travailler efficacement (\u00e0 l&rsquo;avance). Ceci entra\u00eene une r\u00e9duction consid\u00e9rable des frais (d&rsquo;\u00e9chec) et une ouverture plus rapide de votre b\u00e2timent.<\/p>\n<h4>Un rapport qualit\u00e9-prix optimal<\/h4>\n<p>Nous disposons de machines CNC de pointe qui permettent de fabriquer des syst\u00e8mes de construction pr\u00eats \u00e0 l&#8217;emploi. Nos professionnels produisent des int\u00e9rieurs sur mesure avec un rapport qualit\u00e9-prix optimal et assurent une installation et un montage minutieux. L&rsquo;ambiance, le rayonnement et le routage apparaissent dans le r\u00e9sultat final. Du sol au plafond et de l&rsquo;ameublement \u00e0 l&rsquo;am\u00e9nagement.<\/p>\n<p><a href=\"https:\/\/www.stamhuis.nl\/wp-content\/uploads\/2015\/11\/IMG_0072-1170x300.jpg\" rel=\"attachment wp-att-251\"><img loading=\"lazy\" decoding=\"async\" class=\"body-post-image alignnone wp-image-251 size-leftImage\" src=\"https:\/\/www.stamhuis.nl\/wp-content\/uploads\/2015\/11\/IMG_0072-1170x300.jpg\" alt=\"Bimmerman13\" width=\"1170\" height=\"300\" \/><\/a><\/p>\n<h4>Un point de contact fixe<\/h4>\n<p>En r\u00e9unissant les services construction, finitions et int\u00e9rieurs, nous pouvons vous d\u00e9barrasser de vos t\u00e2ches de A \u00e0 Z. De la phase du design \u00e0 la r\u00e9alisation, nous vous fournissons nos services depuis un seul point de contact fixe. Ceci nous permet d&rsquo;assurer la flexibilit\u00e9 de votre projet et de passer encore plus vite \u00e0 la vitesse sup\u00e9rieure.\u00a0 Notre service finitions et int\u00e9rieurs assure une direction claire des travaux et un r\u00e9am\u00e9nagement r\u00e9alis\u00e9 \u00e0 temps et comme convenu. Travailler efficacement est devenu une seconde nature.<\/p>\n<h4><\/h4>\n","protected":false},"excerpt":{"rendered":"<p>Chez Stamhuis, nous pr\u00e9parons chaque projet dans les moindres d\u00e9tails. Nos professionnels exp\u00e9riment\u00e9s s&rsquo;occupent de la pr\u00e9fabrication de votre int\u00e9rieur personnalis\u00e9 depuis notre atelier moderne \u00e0 Medemblik. Nous pouvons en outre diriger les travaux de finition de votre magasin, bureau, cantine ou appartement depuis un seul point de contact. Ceci permettra d&rsquo;ouvrir votre b\u00e2timent plus vite \u00e0 un co\u00fbt consid\u00e9rablement plus bas ! Pr\u00e9fabrication Bimmerman, filiale importante du groupe Stamhuis, s&rsquo;est sp\u00e9cialis\u00e9e dans la proposition d&rsquo;un ensemble de services concernant l&rsquo;int\u00e9rieur et les finitions : depuis les premiers travaux de d\u00e9molition jusqu&rsquo;\u00e0 l&rsquo;installation des derniers meubles. Notre branche Int\u00e9rieurs et finitions dispose d&rsquo;un atelier ultramoderne avec un parc de machines de pointe. La num\u00e9risation des sites de construction et l&rsquo;application de technologies 3D nous permettent de pr\u00e9fabriquer divers \u00e9l\u00e9ments de votre r\u00e9am\u00e9nagement. Ouvert plus t\u00f4t Tout est pr\u00e9par\u00e9 tant que&hellip;<\/p>\n","protected":false},"author":1,"featured_media":3019,"parent":2525,"menu_order":5,"comment_status":"closed","ping_status":"closed","template":"","meta":{"om_disable_all_campaigns":false,"_monsterinsights_skip_tracking":false,"_monsterinsights_sitenote_active":false,"_monsterinsights_sitenote_note":"","_monsterinsights_sitenote_category":0,"footnotes":""},"class_list":{"0":"post-2752","1":"page","4":"has-post-thumbnail","5":"hentry"},"_links":{"self":[{"href":"https:\/\/www.stamhuis.nl\/fr\/wp-json\/wp\/v2\/pages\/2752","targetHints":{"allow":["GET"]}}],"collection":[{"href":"https:\/\/www.stamhuis.nl\/fr\/wp-json\/wp\/v2\/pages"}],"about":[{"href":"https:\/\/www.stamhuis.nl\/fr\/wp-json\/wp\/v2\/types\/page"}],"author":[{"embeddable":true,"href":"https:\/\/www.stamhuis.nl\/fr\/wp-json\/wp\/v2\/users\/1"}],"replies":[{"embeddable":true,"href":"https:\/\/www.stamhuis.nl\/fr\/wp-json\/wp\/v2\/comments?post=2752"}],"version-history":[{"count":0,"href":"https:\/\/www.stamhuis.nl\/fr\/wp-json\/wp\/v2\/pages\/2752\/revisions"}],"up":[{"embeddable":true,"href":"https:\/\/www.stamhuis.nl\/fr\/wp-json\/wp\/v2\/pages\/2525"}],"wp:featuredmedia":[{"embeddable":true,"href":"https:\/\/www.stamhuis.nl\/fr\/wp-json\/wp\/v2\/media\/3019"}],"wp:attachment":[{"href":"https:\/\/www.stamhuis.nl\/fr\/wp-json\/wp\/v2\/media?parent=2752"}],"curies":[{"name":"wp","href":"https:\/\/api.w.org\/{rel}","templated":true}]}}