{"id":2744,"date":"2015-11-26T17:06:00","date_gmt":"2015-11-26T16:06:00","guid":{"rendered":"https:\/\/www.stamhuis.nl\/fr\/albert-heijn\/"},"modified":"2016-04-21T08:38:45","modified_gmt":"2016-04-21T07:38:45","slug":"albert-heijn","status":"publish","type":"page","link":"https:\/\/www.stamhuis.nl\/fr\/projecten\/albert-heijn\/","title":{"rendered":"Albert Heijn"},"content":{"rendered":"<p class=\"intro\">Au d\u00e9but des ann\u00e9es soixante-dix, Stamhuis a pour la premi\u00e8re fois re\u00e7u l&rsquo;ordre de construire un supermarch\u00e9 Albert Heijn. Depuis cette \u00e9poque, nous avons r\u00e9alis\u00e9 quelques milliers (!) de r\u00e9am\u00e9nagements et am\u00e9liorations de magasin et Ahold est devenu notre\u00a0plus grand\u00a0client. Afin de garantir la qualit\u00e9 sup\u00e9rieure des magasins, Ahold impose des exigences \u00e9lev\u00e9es \u00e0 ces grands travaux qui sont ex\u00e9cut\u00e9s avec une pr\u00e9cision et une efficacit\u00e9 sans pr\u00e9c\u00e9dent.<\/p>\n<p class=\"intro\"><strong><div id=\"slider\" class=\"flexslider\"><ul class=\"slides\"><li id=\"img\" href=\"https:\/\/www.stamhuis.nl\/wp-content\/uploads\/2016\/01\/Photography-DM_AH-53.jpg\"><img decoding=\"async\" src=\"https:\/\/www.stamhuis.nl\/wp-content\/uploads\/2016\/01\/Photography-DM_AH-53.jpg\" \/><\/li><li id=\"img\" href=\"https:\/\/www.stamhuis.nl\/wp-content\/uploads\/2016\/01\/Photography-DM_AH-46.jpg\"><img decoding=\"async\" src=\"https:\/\/www.stamhuis.nl\/wp-content\/uploads\/2016\/01\/Photography-DM_AH-46.jpg\" \/><\/li><li id=\"img\" href=\"https:\/\/www.stamhuis.nl\/wp-content\/uploads\/2016\/01\/Photography-DM_AH-42.jpg\"><img decoding=\"async\" src=\"https:\/\/www.stamhuis.nl\/wp-content\/uploads\/2016\/01\/Photography-DM_AH-42.jpg\" \/><\/li><li id=\"img\" href=\"https:\/\/www.stamhuis.nl\/wp-content\/uploads\/2016\/01\/Photography-DM_AH-41.jpg\"><img decoding=\"async\" src=\"https:\/\/www.stamhuis.nl\/wp-content\/uploads\/2016\/01\/Photography-DM_AH-41.jpg\" \/><\/li><li id=\"img\" href=\"https:\/\/www.stamhuis.nl\/wp-content\/uploads\/2016\/01\/Photography-DM_AH-38.jpg\"><img decoding=\"async\" src=\"https:\/\/www.stamhuis.nl\/wp-content\/uploads\/2016\/01\/Photography-DM_AH-38.jpg\" \/><\/li><li id=\"img\" href=\"https:\/\/www.stamhuis.nl\/wp-content\/uploads\/2016\/01\/Photography-DM_AH-35.jpg\"><img decoding=\"async\" src=\"https:\/\/www.stamhuis.nl\/wp-content\/uploads\/2016\/01\/Photography-DM_AH-35.jpg\" \/><\/li><li id=\"img\" href=\"https:\/\/www.stamhuis.nl\/wp-content\/uploads\/2016\/01\/Photography-DM_AH-33.jpg\"><img decoding=\"async\" src=\"https:\/\/www.stamhuis.nl\/wp-content\/uploads\/2016\/01\/Photography-DM_AH-33.jpg\" \/><\/li><li id=\"img\" href=\"https:\/\/www.stamhuis.nl\/wp-content\/uploads\/2016\/01\/Photography-DM_AH-30.jpg\"><img decoding=\"async\" src=\"https:\/\/www.stamhuis.nl\/wp-content\/uploads\/2016\/01\/Photography-DM_AH-30.jpg\" \/><\/li><li id=\"img\" href=\"https:\/\/www.stamhuis.nl\/wp-content\/uploads\/2016\/01\/Photography-DM_AH-85.jpg\"><img decoding=\"async\" src=\"https:\/\/www.stamhuis.nl\/wp-content\/uploads\/2016\/01\/Photography-DM_AH-85.jpg\" \/><\/li><li id=\"img\" href=\"https:\/\/www.stamhuis.nl\/wp-content\/uploads\/2016\/01\/Photography-DM_AH-65.jpg\"><img decoding=\"async\" src=\"https:\/\/www.stamhuis.nl\/wp-content\/uploads\/2016\/01\/Photography-DM_AH-65.jpg\" \/><\/li><li id=\"img\" href=\"https:\/\/www.stamhuis.nl\/wp-content\/uploads\/2016\/01\/Photography-DM_AH-64.jpg\"><img decoding=\"async\" src=\"https:\/\/www.stamhuis.nl\/wp-content\/uploads\/2016\/01\/Photography-DM_AH-64.jpg\" \/><\/li><li id=\"img\" href=\"https:\/\/www.stamhuis.nl\/wp-content\/uploads\/2016\/01\/Photography-DM_AH-61.jpg\"><img decoding=\"async\" src=\"https:\/\/www.stamhuis.nl\/wp-content\/uploads\/2016\/01\/Photography-DM_AH-61.jpg\" \/><\/li><\/ul><\/div><div id=\"carousel\" class=\"flexslider\"><ul class=\"slides\"><li><img decoding=\"async\" src=\"https:\/\/www.stamhuis.nl\/wp-content\/uploads\/2016\/01\/Photography-DM_AH-53.jpg\" \/><div class=\"overlay\"><\/div><\/li><li><img decoding=\"async\" src=\"https:\/\/www.stamhuis.nl\/wp-content\/uploads\/2016\/01\/Photography-DM_AH-46.jpg\" \/><div class=\"overlay\"><\/div><\/li><li><img decoding=\"async\" src=\"https:\/\/www.stamhuis.nl\/wp-content\/uploads\/2016\/01\/Photography-DM_AH-42.jpg\" \/><div class=\"overlay\"><\/div><\/li><li><img decoding=\"async\" src=\"https:\/\/www.stamhuis.nl\/wp-content\/uploads\/2016\/01\/Photography-DM_AH-41.jpg\" \/><div class=\"overlay\"><\/div><\/li><li><img decoding=\"async\" src=\"https:\/\/www.stamhuis.nl\/wp-content\/uploads\/2016\/01\/Photography-DM_AH-38.jpg\" \/><div class=\"overlay\"><\/div><\/li><li><img decoding=\"async\" src=\"https:\/\/www.stamhuis.nl\/wp-content\/uploads\/2016\/01\/Photography-DM_AH-35.jpg\" \/><div class=\"overlay\"><\/div><\/li><li><img decoding=\"async\" src=\"https:\/\/www.stamhuis.nl\/wp-content\/uploads\/2016\/01\/Photography-DM_AH-33.jpg\" \/><div class=\"overlay\"><\/div><\/li><li><img decoding=\"async\" src=\"https:\/\/www.stamhuis.nl\/wp-content\/uploads\/2016\/01\/Photography-DM_AH-30.jpg\" \/><div class=\"overlay\"><\/div><\/li><li><img decoding=\"async\" src=\"https:\/\/www.stamhuis.nl\/wp-content\/uploads\/2016\/01\/Photography-DM_AH-85.jpg\" \/><div class=\"overlay\"><\/div><\/li><li><img decoding=\"async\" src=\"https:\/\/www.stamhuis.nl\/wp-content\/uploads\/2016\/01\/Photography-DM_AH-65.jpg\" \/><div class=\"overlay\"><\/div><\/li><li><img decoding=\"async\" src=\"https:\/\/www.stamhuis.nl\/wp-content\/uploads\/2016\/01\/Photography-DM_AH-64.jpg\" \/><div class=\"overlay\"><\/div><\/li><li><img decoding=\"async\" src=\"https:\/\/www.stamhuis.nl\/wp-content\/uploads\/2016\/01\/Photography-DM_AH-61.jpg\" \/><div class=\"overlay\"><\/div><\/li><\/ul><\/div><\/strong><\/p>\n<h4>Des services compl\u00e9mentaires uniques<\/h4>\n<p>Nous coordonnons tout le projet de r\u00e9am\u00e9nagement pour Albert Heijn : depuis l&rsquo;\u00e9tude de faisabilit\u00e9 jusqu&rsquo;\u00e0 la r\u00e9ception des travaux. En tant que service compl\u00e9mentaire distinctif, nous assurons le stockage et le transport des rayons pr\u00e9assembl\u00e9s et des articles non commerciaux, tels que les syst\u00e8mes de caisse, les pr\u00e9sentoirs de pain, les fromages d\u00e9coratifs et les caddies et paniers.<\/p>\n<h4>Pr\u00e9paration rigoureuse<\/h4>\n<p>Pour les projets d&rsquo;Albert Heijn, il s&rsquo;agit surtout de r\u00e9am\u00e9nager de fa\u00e7on <em>simple et rapide<\/em>. Plus la dur\u00e9e de fermeture est longue, plus le manque \u00e0 gagner est important. Une pr\u00e9paration rigoureuse et une stricte surveillance de l&rsquo;avancement des travaux sont d&rsquo;une importance cruciale pour respecter le bref d\u00e9lai. Lorsque le magasin ferme le samedi \u00e0 17 h, la r\u00e9ception des travaux doit avoir lieu le samedi suivant. Pendant ces cinq jours ouvrables, tout le b\u00e2timent (quelle que soit la taille du magasin) est mis \u00e0 nu et pourvu d&rsquo;un nouvel int\u00e9rieur et d&rsquo;installations modernes. Le processus est d\u00e9sign\u00e9 sous le sigle <em>VWO :<\/em> &lsquo;Volgende Week Open&rsquo; (ouvert la semaine prochaine).<\/p>\n<p>&nbsp;<\/p>\n","protected":false},"excerpt":{"rendered":"<p>Au d\u00e9but des ann\u00e9es soixante-dix, Stamhuis a pour la premi\u00e8re fois re\u00e7u l&rsquo;ordre de construire un supermarch\u00e9 Albert Heijn. Depuis cette \u00e9poque, nous avons r\u00e9alis\u00e9 quelques milliers (!) de r\u00e9am\u00e9nagements et am\u00e9liorations de magasin et Ahold est devenu notre\u00a0plus grand\u00a0client. Afin de garantir la qualit\u00e9 sup\u00e9rieure des magasins, Ahold impose des exigences \u00e9lev\u00e9es \u00e0 ces grands travaux qui sont ex\u00e9cut\u00e9s avec une pr\u00e9cision et une efficacit\u00e9 sans pr\u00e9c\u00e9dent. Des services compl\u00e9mentaires uniques Nous coordonnons tout le projet de r\u00e9am\u00e9nagement pour Albert Heijn : depuis l&rsquo;\u00e9tude de faisabilit\u00e9 jusqu&rsquo;\u00e0 la r\u00e9ception des travaux. En tant que service compl\u00e9mentaire distinctif, nous assurons le stockage et le transport des rayons pr\u00e9assembl\u00e9s et des articles non commerciaux, tels que les syst\u00e8mes de caisse, les pr\u00e9sentoirs de pain, les fromages d\u00e9coratifs et les caddies et paniers. Pr\u00e9paration rigoureuse Pour les projets d&rsquo;Albert Heijn, il s&rsquo;agit&hellip;<\/p>\n","protected":false},"author":1,"featured_media":3048,"parent":2829,"menu_order":1,"comment_status":"closed","ping_status":"closed","template":"","meta":{"om_disable_all_campaigns":false,"_monsterinsights_skip_tracking":false,"_monsterinsights_sitenote_active":false,"_monsterinsights_sitenote_note":"","_monsterinsights_sitenote_category":0,"footnotes":""},"class_list":{"0":"post-2744","1":"page","4":"has-post-thumbnail","5":"hentry"},"_links":{"self":[{"href":"https:\/\/www.stamhuis.nl\/fr\/wp-json\/wp\/v2\/pages\/2744","targetHints":{"allow":["GET"]}}],"collection":[{"href":"https:\/\/www.stamhuis.nl\/fr\/wp-json\/wp\/v2\/pages"}],"about":[{"href":"https:\/\/www.stamhuis.nl\/fr\/wp-json\/wp\/v2\/types\/page"}],"author":[{"embeddable":true,"href":"https:\/\/www.stamhuis.nl\/fr\/wp-json\/wp\/v2\/users\/1"}],"replies":[{"embeddable":true,"href":"https:\/\/www.stamhuis.nl\/fr\/wp-json\/wp\/v2\/comments?post=2744"}],"version-history":[{"count":0,"href":"https:\/\/www.stamhuis.nl\/fr\/wp-json\/wp\/v2\/pages\/2744\/revisions"}],"up":[{"embeddable":true,"href":"https:\/\/www.stamhuis.nl\/fr\/wp-json\/wp\/v2\/pages\/2829"}],"wp:featuredmedia":[{"embeddable":true,"href":"https:\/\/www.stamhuis.nl\/fr\/wp-json\/wp\/v2\/media\/3048"}],"wp:attachment":[{"href":"https:\/\/www.stamhuis.nl\/fr\/wp-json\/wp\/v2\/media?parent=2744"}],"curies":[{"name":"wp","href":"https:\/\/api.w.org\/{rel}","templated":true}]}}