{"id":2741,"date":"2015-11-23T13:23:48","date_gmt":"2015-11-23T12:23:48","guid":{"rendered":"https:\/\/www.stamhuis.nl\/fr\/activiteiten\/logistieke-dienstverlening\/"},"modified":"2016-04-21T09:29:06","modified_gmt":"2016-04-21T08:29:06","slug":"nos-services-logistiques","status":"publish","type":"page","link":"https:\/\/www.stamhuis.nl\/fr\/activites\/nos-services-logistiques\/","title":{"rendered":"Nos services logistiques"},"content":{"rendered":"<p class=\"intro\">Notre prestation de services logistiques uniques nous permet de livrer au bon moment vos rayons, pr\u00e9sentoirs de pain et \u00e9tag\u00e8res promo sur le\u00a0site.\u00a0Stamhuis Retail Services assemble, (d\u00e9)monte, enregistre en transporte tout l&rsquo;inventaire dont vous avez besoin en constituant ainsi la force motrice du r\u00e9am\u00e9nagement ou de la r\u00e9novation de votre magasin en un temps record. Ce service fait \u00e9galement office d&rsquo;axe logistique pour toutes les livraisons ou d\u00e9m\u00e9nagements.<\/p>\n<h4>Bonne pr\u00e9paration<\/h4>\n<p>Un r\u00e9am\u00e9nagement de qualit\u00e9 sup\u00e9rieure d\u00e9pend enti\u00e8rement d&rsquo;une bonne pr\u00e9paration. C&rsquo;est pourquoi nos processus logistiques ont fait l&rsquo;objet d&rsquo;une longue r\u00e9flexion. Notre planification d\u00e9taill\u00e9e ne laisse subsister aucun doute. Stamhuis conna\u00eet donc la meilleur route, qu&rsquo;il s&rsquo;agisse de r\u00e9approvisionner les rayons dans le bon ordre ou d&rsquo;installer toutes les \u00e9tag\u00e8res promo dans votre magasin. La voie la plus rapide !<\/p>\n<h4><div id=\"slider\" class=\"flexslider\"><ul class=\"slides\"><li id=\"img\" href=\"https:\/\/www.stamhuis.nl\/wp-content\/uploads\/2015\/12\/IMG_0070-1484x990.jpg\"><img decoding=\"async\" src=\"https:\/\/www.stamhuis.nl\/wp-content\/uploads\/2015\/12\/IMG_0070-1484x990.jpg\" \/><\/li><li id=\"img\" href=\"https:\/\/www.stamhuis.nl\/wp-content\/uploads\/2015\/12\/IMG_0108-1484x990.jpg\"><img decoding=\"async\" src=\"https:\/\/www.stamhuis.nl\/wp-content\/uploads\/2015\/12\/IMG_0108-1484x990.jpg\" \/><\/li><li id=\"img\" href=\"https:\/\/www.stamhuis.nl\/wp-content\/uploads\/2015\/12\/IMG_0015-1484x990.jpg\"><img decoding=\"async\" src=\"https:\/\/www.stamhuis.nl\/wp-content\/uploads\/2015\/12\/IMG_0015-1484x990.jpg\" \/><\/li><li id=\"img\" href=\"https:\/\/www.stamhuis.nl\/wp-content\/uploads\/2015\/12\/IMG_02391-1484x990.jpg\"><img decoding=\"async\" src=\"https:\/\/www.stamhuis.nl\/wp-content\/uploads\/2015\/12\/IMG_02391-1484x990.jpg\" \/><\/li><li id=\"img\" href=\"https:\/\/www.stamhuis.nl\/wp-content\/uploads\/2015\/12\/IMG_0076-1484x990.jpg\"><img decoding=\"async\" src=\"https:\/\/www.stamhuis.nl\/wp-content\/uploads\/2015\/12\/IMG_0076-1484x990.jpg\" \/><\/li><li id=\"img\" href=\"https:\/\/www.stamhuis.nl\/wp-content\/uploads\/2015\/12\/IMG_04181-1484x990.jpg\"><img decoding=\"async\" src=\"https:\/\/www.stamhuis.nl\/wp-content\/uploads\/2015\/12\/IMG_04181-1484x990.jpg\" \/><\/li><li id=\"img\" href=\"https:\/\/www.stamhuis.nl\/wp-content\/uploads\/2015\/12\/MG_03832-1484x990.jpg\"><img decoding=\"async\" src=\"https:\/\/www.stamhuis.nl\/wp-content\/uploads\/2015\/12\/MG_03832-1484x990.jpg\" \/><\/li><li id=\"img\" href=\"https:\/\/www.stamhuis.nl\/wp-content\/uploads\/2015\/12\/IMG_0329-1484x990.jpg\"><img decoding=\"async\" src=\"https:\/\/www.stamhuis.nl\/wp-content\/uploads\/2015\/12\/IMG_0329-1484x990.jpg\" \/><\/li><li id=\"img\" href=\"https:\/\/www.stamhuis.nl\/wp-content\/uploads\/2015\/12\/MG_0338-1484x990.jpg\"><img decoding=\"async\" src=\"https:\/\/www.stamhuis.nl\/wp-content\/uploads\/2015\/12\/MG_0338-1484x990.jpg\" \/><\/li><\/ul><\/div><div id=\"carousel\" class=\"flexslider\"><ul class=\"slides\"><li><img decoding=\"async\" src=\"https:\/\/www.stamhuis.nl\/wp-content\/uploads\/2015\/12\/IMG_0070-1484x990.jpg\" \/><div class=\"overlay\"><\/div><\/li><li><img decoding=\"async\" src=\"https:\/\/www.stamhuis.nl\/wp-content\/uploads\/2015\/12\/IMG_0108-1484x990.jpg\" \/><div class=\"overlay\"><\/div><\/li><li><img decoding=\"async\" src=\"https:\/\/www.stamhuis.nl\/wp-content\/uploads\/2015\/12\/IMG_0015-1484x990.jpg\" \/><div class=\"overlay\"><\/div><\/li><li><img decoding=\"async\" src=\"https:\/\/www.stamhuis.nl\/wp-content\/uploads\/2015\/12\/IMG_02391-1484x990.jpg\" \/><div class=\"overlay\"><\/div><\/li><li><img decoding=\"async\" src=\"https:\/\/www.stamhuis.nl\/wp-content\/uploads\/2015\/12\/IMG_0076-1484x990.jpg\" \/><div class=\"overlay\"><\/div><\/li><li><img decoding=\"async\" src=\"https:\/\/www.stamhuis.nl\/wp-content\/uploads\/2015\/12\/IMG_04181-1484x990.jpg\" \/><div class=\"overlay\"><\/div><\/li><li><img decoding=\"async\" src=\"https:\/\/www.stamhuis.nl\/wp-content\/uploads\/2015\/12\/MG_03832-1484x990.jpg\" \/><div class=\"overlay\"><\/div><\/li><li><img decoding=\"async\" src=\"https:\/\/www.stamhuis.nl\/wp-content\/uploads\/2015\/12\/IMG_0329-1484x990.jpg\" \/><div class=\"overlay\"><\/div><\/li><li><img decoding=\"async\" src=\"https:\/\/www.stamhuis.nl\/wp-content\/uploads\/2015\/12\/MG_0338-1484x990.jpg\" \/><div class=\"overlay\"><\/div><\/li><\/ul><\/div><\/h4>\n<h4>Op\u00e9ration militaire<\/h4>\n<p>La fa\u00e7on dont nous r\u00e9am\u00e9nageons un magasin ressemble beaucoup \u00e0 une op\u00e9ration militaire. Nous avons r\u00e9fl\u00e9chi\u00a0\u00e0 tous les aspects et le moment o\u00f9 les travaux sont effectu\u00e9s est \u00e9tabli \u00e0 la minute pr\u00e8s. Le stockage de l&rsquo;inventaire et le (pr\u00e9)assemblage de tous les rayons ont lieu dans notre r\u00e9serve de 20 000 m\u00b2 \u00e0 Utrecht. Ensuite, ils sont transport\u00e9s par nos propres camions. Une matin\u00e9e ou un apr\u00e8s-midi suffit pour monter les rayons pr\u00e9assembl\u00e9s. Difficile de faire plus vite !<\/p>\n<h4>Ouvert plus t\u00f4t<\/h4>\n<p>Notre fa\u00e7on unique de travailler offre des avantages int\u00e9ressants. La combinaison de qualit\u00e9 et rapidit\u00e9 permet de r\u00e9duire l&rsquo;investissement dans votre r\u00e9am\u00e9nagement et d&rsquo;ouvrir votre magasin plus t\u00f4t. Le manque \u00e0 gagner et les nuisances sont donc limit\u00e9s au strict minimum ! Vous-m\u00eame et vos clients en profiteront !<\/p>\n","protected":false},"excerpt":{"rendered":"<p>Notre prestation de services logistiques uniques nous permet de livrer au bon moment vos rayons, pr\u00e9sentoirs de pain et \u00e9tag\u00e8res promo sur le\u00a0site.\u00a0Stamhuis Retail Services assemble, (d\u00e9)monte, enregistre en transporte tout l&rsquo;inventaire dont vous avez besoin en constituant ainsi la force motrice du r\u00e9am\u00e9nagement ou de la r\u00e9novation de votre magasin en un temps record. Ce service fait \u00e9galement office d&rsquo;axe logistique pour toutes les livraisons ou d\u00e9m\u00e9nagements. Bonne pr\u00e9paration Un r\u00e9am\u00e9nagement de qualit\u00e9 sup\u00e9rieure d\u00e9pend enti\u00e8rement d&rsquo;une bonne pr\u00e9paration. C&rsquo;est pourquoi nos processus logistiques ont fait l&rsquo;objet d&rsquo;une longue r\u00e9flexion. Notre planification d\u00e9taill\u00e9e ne laisse subsister aucun doute. Stamhuis conna\u00eet donc la meilleur route, qu&rsquo;il s&rsquo;agisse de r\u00e9approvisionner les rayons dans le bon ordre ou d&rsquo;installer toutes les \u00e9tag\u00e8res promo dans votre magasin. La voie la plus rapide ! Op\u00e9ration militaire La fa\u00e7on dont nous r\u00e9am\u00e9nageons un magasin ressemble&hellip;<\/p>\n","protected":false},"author":1,"featured_media":2996,"parent":2525,"menu_order":3,"comment_status":"closed","ping_status":"closed","template":"","meta":{"om_disable_all_campaigns":false,"_monsterinsights_skip_tracking":false,"_monsterinsights_sitenote_active":false,"_monsterinsights_sitenote_note":"","_monsterinsights_sitenote_category":0,"footnotes":""},"class_list":{"0":"post-2741","1":"page","4":"has-post-thumbnail","5":"hentry"},"_links":{"self":[{"href":"https:\/\/www.stamhuis.nl\/fr\/wp-json\/wp\/v2\/pages\/2741","targetHints":{"allow":["GET"]}}],"collection":[{"href":"https:\/\/www.stamhuis.nl\/fr\/wp-json\/wp\/v2\/pages"}],"about":[{"href":"https:\/\/www.stamhuis.nl\/fr\/wp-json\/wp\/v2\/types\/page"}],"author":[{"embeddable":true,"href":"https:\/\/www.stamhuis.nl\/fr\/wp-json\/wp\/v2\/users\/1"}],"replies":[{"embeddable":true,"href":"https:\/\/www.stamhuis.nl\/fr\/wp-json\/wp\/v2\/comments?post=2741"}],"version-history":[{"count":0,"href":"https:\/\/www.stamhuis.nl\/fr\/wp-json\/wp\/v2\/pages\/2741\/revisions"}],"up":[{"embeddable":true,"href":"https:\/\/www.stamhuis.nl\/fr\/wp-json\/wp\/v2\/pages\/2525"}],"wp:featuredmedia":[{"embeddable":true,"href":"https:\/\/www.stamhuis.nl\/fr\/wp-json\/wp\/v2\/media\/2996"}],"wp:attachment":[{"href":"https:\/\/www.stamhuis.nl\/fr\/wp-json\/wp\/v2\/media?parent=2741"}],"curies":[{"name":"wp","href":"https:\/\/api.w.org\/{rel}","templated":true}]}}