{"id":2738,"date":"2015-12-29T23:04:58","date_gmt":"2015-12-29T22:04:58","guid":{"rendered":"https:\/\/www.stamhuis.nl\/fr\/flamingo-casinos\/"},"modified":"2016-03-29T13:20:28","modified_gmt":"2016-03-29T12:20:28","slug":"flamingo-casinos","status":"publish","type":"page","link":"https:\/\/www.stamhuis.nl\/fr\/projecten\/flamingo-casinos\/","title":{"rendered":"Casinos Flamingo"},"content":{"rendered":"<p class=\"intro\">De l&rsquo;ambiance, des jeux et du suspense : voici les ingr\u00e9dients d&rsquo;une soir\u00e9e r\u00e9ussie aux casinos Flamingo. Les sp\u00e9cialistes en int\u00e9rieurs et finitions de Stamhuis ont r\u00e9ussi \u00e0 rendre ces facettes dans l&rsquo;int\u00e9rieur. Les parois, sols et plafonds contribuent \u00e9galement \u00e0 une ambiance accueillante et luxueuse, fa\u00e7on Las Vegas. Bref, le cadre id\u00e9al pour une soir\u00e9e palpitante. <em>Mesdames, messieurs, faites vos jeux !<\/em><\/p>\n<p class=\"intro\"><strong><div id=\"slider\" class=\"flexslider\"><ul class=\"slides\"><li id=\"img\" href=\"https:\/\/www.stamhuis.nl\/wp-content\/uploads\/2015\/12\/FLAMIN1-1484x990.jpg\"><img decoding=\"async\" src=\"https:\/\/www.stamhuis.nl\/wp-content\/uploads\/2015\/12\/FLAMIN1-1484x990.jpg\" \/><\/li><li id=\"img\" href=\"https:\/\/www.stamhuis.nl\/wp-content\/uploads\/2015\/12\/FLAMIN2-1484x990.jpg\"><img decoding=\"async\" src=\"https:\/\/www.stamhuis.nl\/wp-content\/uploads\/2015\/12\/FLAMIN2-1484x990.jpg\" \/><\/li><li id=\"img\" href=\"https:\/\/www.stamhuis.nl\/wp-content\/uploads\/2016\/01\/20140924_44177.jpg\"><img decoding=\"async\" src=\"https:\/\/www.stamhuis.nl\/wp-content\/uploads\/2016\/01\/20140924_44177.jpg\" \/><\/li><li id=\"img\" href=\"https:\/\/www.stamhuis.nl\/wp-content\/uploads\/2016\/01\/20140924_44060.jpg\"><img decoding=\"async\" src=\"https:\/\/www.stamhuis.nl\/wp-content\/uploads\/2016\/01\/20140924_44060.jpg\" \/><\/li><li id=\"img\" href=\"https:\/\/www.stamhuis.nl\/wp-content\/uploads\/2016\/01\/20140924_44055.jpg\"><img decoding=\"async\" src=\"https:\/\/www.stamhuis.nl\/wp-content\/uploads\/2016\/01\/20140924_44055.jpg\" \/><\/li><li id=\"img\" href=\"https:\/\/www.stamhuis.nl\/wp-content\/uploads\/2015\/12\/FLAMIN3-1484x990.jpg\"><img decoding=\"async\" src=\"https:\/\/www.stamhuis.nl\/wp-content\/uploads\/2015\/12\/FLAMIN3-1484x990.jpg\" \/><\/li><\/ul><\/div><div id=\"carousel\" class=\"flexslider\"><ul class=\"slides\"><li><img decoding=\"async\" src=\"https:\/\/www.stamhuis.nl\/wp-content\/uploads\/2015\/12\/FLAMIN1-1484x990.jpg\" \/><div class=\"overlay\"><\/div><\/li><li><img decoding=\"async\" src=\"https:\/\/www.stamhuis.nl\/wp-content\/uploads\/2015\/12\/FLAMIN2-1484x990.jpg\" \/><div class=\"overlay\"><\/div><\/li><li><img decoding=\"async\" src=\"https:\/\/www.stamhuis.nl\/wp-content\/uploads\/2016\/01\/20140924_44177.jpg\" \/><div class=\"overlay\"><\/div><\/li><li><img decoding=\"async\" src=\"https:\/\/www.stamhuis.nl\/wp-content\/uploads\/2016\/01\/20140924_44060.jpg\" \/><div class=\"overlay\"><\/div><\/li><li><img decoding=\"async\" src=\"https:\/\/www.stamhuis.nl\/wp-content\/uploads\/2016\/01\/20140924_44055.jpg\" \/><div class=\"overlay\"><\/div><\/li><li><img decoding=\"async\" src=\"https:\/\/www.stamhuis.nl\/wp-content\/uploads\/2015\/12\/FLAMIN3-1484x990.jpg\" \/><div class=\"overlay\"><\/div><\/li><\/ul><\/div><\/strong><\/p>\n<p>Stamhuis a r\u00e9alis\u00e9 les int\u00e9rieurs et finitions pour plusieurs succursales des casinos Flamingo. Les \u00e9l\u00e9ments sont en grande partie fabriqu\u00e9s dans notre atelier, ce qui nous permet de travailler encore mieux et plus vite sur site. En accordant une attention toute particuli\u00e8re \u00e0 la pr\u00e9paration (\u00e0 l&rsquo;aide de num\u00e9risations et dessins en 3D), nous pouvons mieux planifier les projets et travailler (\u00e0 l&rsquo;avance) de fa\u00e7on encore plus efficace.<\/p>\n","protected":false},"excerpt":{"rendered":"<p>De l&rsquo;ambiance, des jeux et du suspense : voici les ingr\u00e9dients d&rsquo;une soir\u00e9e r\u00e9ussie aux casinos Flamingo. Les sp\u00e9cialistes en int\u00e9rieurs et finitions de Stamhuis ont r\u00e9ussi \u00e0 rendre ces facettes dans l&rsquo;int\u00e9rieur. Les parois, sols et plafonds contribuent \u00e9galement \u00e0 une ambiance accueillante et luxueuse, fa\u00e7on Las Vegas. Bref, le cadre id\u00e9al pour une soir\u00e9e palpitante. Mesdames, messieurs, faites vos jeux ! Stamhuis a r\u00e9alis\u00e9 les int\u00e9rieurs et finitions pour plusieurs succursales des casinos Flamingo. Les \u00e9l\u00e9ments sont en grande partie fabriqu\u00e9s dans notre atelier, ce qui nous permet de travailler encore mieux et plus vite sur site. En accordant une attention toute particuli\u00e8re \u00e0 la pr\u00e9paration (\u00e0 l&rsquo;aide de num\u00e9risations et dessins en 3D), nous pouvons mieux planifier les projets et travailler (\u00e0 l&rsquo;avance) de fa\u00e7on encore plus efficace.<\/p>\n","protected":false},"author":3,"featured_media":0,"parent":2829,"menu_order":21,"comment_status":"closed","ping_status":"closed","template":"","meta":{"om_disable_all_campaigns":false,"_monsterinsights_skip_tracking":false,"_monsterinsights_sitenote_active":false,"_monsterinsights_sitenote_note":"","_monsterinsights_sitenote_category":0,"footnotes":""},"class_list":{"0":"post-2738","1":"page","4":"hentry"},"_links":{"self":[{"href":"https:\/\/www.stamhuis.nl\/fr\/wp-json\/wp\/v2\/pages\/2738","targetHints":{"allow":["GET"]}}],"collection":[{"href":"https:\/\/www.stamhuis.nl\/fr\/wp-json\/wp\/v2\/pages"}],"about":[{"href":"https:\/\/www.stamhuis.nl\/fr\/wp-json\/wp\/v2\/types\/page"}],"author":[{"embeddable":true,"href":"https:\/\/www.stamhuis.nl\/fr\/wp-json\/wp\/v2\/users\/3"}],"replies":[{"embeddable":true,"href":"https:\/\/www.stamhuis.nl\/fr\/wp-json\/wp\/v2\/comments?post=2738"}],"version-history":[{"count":0,"href":"https:\/\/www.stamhuis.nl\/fr\/wp-json\/wp\/v2\/pages\/2738\/revisions"}],"up":[{"embeddable":true,"href":"https:\/\/www.stamhuis.nl\/fr\/wp-json\/wp\/v2\/pages\/2829"}],"wp:attachment":[{"href":"https:\/\/www.stamhuis.nl\/fr\/wp-json\/wp\/v2\/media?parent=2738"}],"curies":[{"name":"wp","href":"https:\/\/api.w.org\/{rel}","templated":true}]}}