{"id":2731,"date":"2016-01-05T17:01:33","date_gmt":"2016-01-05T16:01:33","guid":{"rendered":"https:\/\/www.stamhuis.nl\/fr\/de-kampanje\/"},"modified":"2016-04-21T09:23:22","modified_gmt":"2016-04-21T08:23:22","slug":"de-kampanje","status":"publish","type":"page","link":"https:\/\/www.stamhuis.nl\/fr\/projecten\/de-kampanje\/","title":{"rendered":"De Kampanje"},"content":{"rendered":"<p class=\"intro\">L&rsquo;ancien chantier national \u2018Willemsoord\u2019 \u00e0 Den Helder est devenu le point d&rsquo;attache du th\u00e9\u00e2tre De Kampanje. Celui-ci a demand\u00e9 \u00e0 Stamhuis d&rsquo;\u00e9quiper la partie restauration du caf\u00e9 KeyKey de nouveaux \u00e9l\u00e9ments d&rsquo;int\u00e9rieur. Ce fut un gros travail\u00a0avec un r\u00e9sultat final impressionnant.<\/p>\n<p><strong><div id=\"slider\" class=\"flexslider\"><ul class=\"slides\"><li id=\"img\" href=\"https:\/\/www.stamhuis.nl\/wp-content\/uploads\/2016\/01\/Kampanje-117-1484x990.jpg\"><img decoding=\"async\" src=\"https:\/\/www.stamhuis.nl\/wp-content\/uploads\/2016\/01\/Kampanje-117-1484x990.jpg\" \/><\/li><li id=\"img\" href=\"https:\/\/www.stamhuis.nl\/wp-content\/uploads\/2016\/01\/Kampanje-112-1484x990.jpg\"><img decoding=\"async\" src=\"https:\/\/www.stamhuis.nl\/wp-content\/uploads\/2016\/01\/Kampanje-112-1484x990.jpg\" \/><\/li><li id=\"img\" href=\"https:\/\/www.stamhuis.nl\/wp-content\/uploads\/2016\/01\/Kampanje-110-1484x990.jpg\"><img decoding=\"async\" src=\"https:\/\/www.stamhuis.nl\/wp-content\/uploads\/2016\/01\/Kampanje-110-1484x990.jpg\" \/><\/li><li id=\"img\" href=\"https:\/\/www.stamhuis.nl\/wp-content\/uploads\/2016\/01\/Kampanje-103-1484x990.jpg\"><img decoding=\"async\" src=\"https:\/\/www.stamhuis.nl\/wp-content\/uploads\/2016\/01\/Kampanje-103-1484x990.jpg\" \/><\/li><li id=\"img\" href=\"https:\/\/www.stamhuis.nl\/wp-content\/uploads\/2016\/01\/Kampanje-101-1484x990.jpg\"><img decoding=\"async\" src=\"https:\/\/www.stamhuis.nl\/wp-content\/uploads\/2016\/01\/Kampanje-101-1484x990.jpg\" \/><\/li><li id=\"img\" href=\"https:\/\/www.stamhuis.nl\/wp-content\/uploads\/2016\/01\/Kampanje-128-1484x990.jpg\"><img decoding=\"async\" src=\"https:\/\/www.stamhuis.nl\/wp-content\/uploads\/2016\/01\/Kampanje-128-1484x990.jpg\" \/><\/li><li id=\"img\" href=\"https:\/\/www.stamhuis.nl\/wp-content\/uploads\/2016\/01\/Kampanje-109.jpg\"><img decoding=\"async\" src=\"https:\/\/www.stamhuis.nl\/wp-content\/uploads\/2016\/01\/Kampanje-109.jpg\" \/><\/li><li id=\"img\" href=\"https:\/\/www.stamhuis.nl\/wp-content\/uploads\/2016\/01\/Kampanje-113.jpg\"><img decoding=\"async\" src=\"https:\/\/www.stamhuis.nl\/wp-content\/uploads\/2016\/01\/Kampanje-113.jpg\" \/><\/li><li id=\"img\" href=\"https:\/\/www.stamhuis.nl\/wp-content\/uploads\/2016\/01\/Kampanje-115.jpg\"><img decoding=\"async\" src=\"https:\/\/www.stamhuis.nl\/wp-content\/uploads\/2016\/01\/Kampanje-115.jpg\" \/><\/li><li id=\"img\" href=\"https:\/\/www.stamhuis.nl\/wp-content\/uploads\/2016\/01\/Kampanje-125.jpg\"><img decoding=\"async\" src=\"https:\/\/www.stamhuis.nl\/wp-content\/uploads\/2016\/01\/Kampanje-125.jpg\" \/><\/li><\/ul><\/div><div id=\"carousel\" class=\"flexslider\"><ul class=\"slides\"><li><img decoding=\"async\" src=\"https:\/\/www.stamhuis.nl\/wp-content\/uploads\/2016\/01\/Kampanje-117-1484x990.jpg\" \/><div class=\"overlay\"><\/div><\/li><li><img decoding=\"async\" src=\"https:\/\/www.stamhuis.nl\/wp-content\/uploads\/2016\/01\/Kampanje-112-1484x990.jpg\" \/><div class=\"overlay\"><\/div><\/li><li><img decoding=\"async\" src=\"https:\/\/www.stamhuis.nl\/wp-content\/uploads\/2016\/01\/Kampanje-110-1484x990.jpg\" \/><div class=\"overlay\"><\/div><\/li><li><img decoding=\"async\" src=\"https:\/\/www.stamhuis.nl\/wp-content\/uploads\/2016\/01\/Kampanje-103-1484x990.jpg\" \/><div class=\"overlay\"><\/div><\/li><li><img decoding=\"async\" src=\"https:\/\/www.stamhuis.nl\/wp-content\/uploads\/2016\/01\/Kampanje-101-1484x990.jpg\" \/><div class=\"overlay\"><\/div><\/li><li><img decoding=\"async\" src=\"https:\/\/www.stamhuis.nl\/wp-content\/uploads\/2016\/01\/Kampanje-128-1484x990.jpg\" \/><div class=\"overlay\"><\/div><\/li><li><img decoding=\"async\" src=\"https:\/\/www.stamhuis.nl\/wp-content\/uploads\/2016\/01\/Kampanje-109.jpg\" \/><div class=\"overlay\"><\/div><\/li><li><img decoding=\"async\" src=\"https:\/\/www.stamhuis.nl\/wp-content\/uploads\/2016\/01\/Kampanje-113.jpg\" \/><div class=\"overlay\"><\/div><\/li><li><img decoding=\"async\" src=\"https:\/\/www.stamhuis.nl\/wp-content\/uploads\/2016\/01\/Kampanje-115.jpg\" \/><div class=\"overlay\"><\/div><\/li><li><img decoding=\"async\" src=\"https:\/\/www.stamhuis.nl\/wp-content\/uploads\/2016\/01\/Kampanje-125.jpg\" \/><div class=\"overlay\"><\/div><\/li><\/ul><\/div><\/strong><\/p>\n<p>Lors du r\u00e9am\u00e9nagement de ce caf\u00e9, nous avons tenu compte de la tradition de ce th\u00e9\u00e2tre, o\u00f9 l&rsquo;aspect social est tout aussi important que le spectacle. Les comptoirs ont un aspect qui ressemble \u00e0 celui du b\u00e9ton et le foyer des artistes est \u00e9quip\u00e9 d&rsquo;une grande armoire en ch\u00eane. Deux coins caf\u00e9 et un garde-manger ont \u00e9t\u00e9 am\u00e9nag\u00e9s sp\u00e9cialement pour le personnel. Le caf\u00e9 est en outre \u00e9quip\u00e9 d&rsquo;un bar en bois et d&rsquo;un placard remarquable d&rsquo;une hauteur de quatre m\u00e8tres. Tous ces \u00e9l\u00e9ments d&rsquo;int\u00e9rieur ont \u00e9t\u00e9 pr\u00e9fabriqu\u00e9s sur mesure dans notre atelier. Ceci a permis des r\u00e9aliser le r\u00e9am\u00e9nagement en peu de temps et de fa\u00e7on flexible.<\/p>\n","protected":false},"excerpt":{"rendered":"<p>L&rsquo;ancien chantier national \u2018Willemsoord\u2019 \u00e0 Den Helder est devenu le point d&rsquo;attache du th\u00e9\u00e2tre De Kampanje. Celui-ci a demand\u00e9 \u00e0 Stamhuis d&rsquo;\u00e9quiper la partie restauration du caf\u00e9 KeyKey de nouveaux \u00e9l\u00e9ments d&rsquo;int\u00e9rieur. Ce fut un gros travail\u00a0avec un r\u00e9sultat final impressionnant. Lors du r\u00e9am\u00e9nagement de ce caf\u00e9, nous avons tenu compte de la tradition de ce th\u00e9\u00e2tre, o\u00f9 l&rsquo;aspect social est tout aussi important que le spectacle. Les comptoirs ont un aspect qui ressemble \u00e0 celui du b\u00e9ton et le foyer des artistes est \u00e9quip\u00e9 d&rsquo;une grande armoire en ch\u00eane. Deux coins caf\u00e9 et un garde-manger ont \u00e9t\u00e9 am\u00e9nag\u00e9s sp\u00e9cialement pour le personnel. Le caf\u00e9 est en outre \u00e9quip\u00e9 d&rsquo;un bar en bois et d&rsquo;un placard remarquable d&rsquo;une hauteur de quatre m\u00e8tres. Tous ces \u00e9l\u00e9ments d&rsquo;int\u00e9rieur ont \u00e9t\u00e9 pr\u00e9fabriqu\u00e9s sur mesure dans notre atelier. Ceci a permis des r\u00e9aliser le&hellip;<\/p>\n","protected":false},"author":3,"featured_media":0,"parent":2829,"menu_order":20,"comment_status":"closed","ping_status":"closed","template":"","meta":{"om_disable_all_campaigns":false,"_monsterinsights_skip_tracking":false,"_monsterinsights_sitenote_active":false,"_monsterinsights_sitenote_note":"","_monsterinsights_sitenote_category":0,"footnotes":""},"class_list":{"0":"post-2731","1":"page","4":"hentry"},"_links":{"self":[{"href":"https:\/\/www.stamhuis.nl\/fr\/wp-json\/wp\/v2\/pages\/2731","targetHints":{"allow":["GET"]}}],"collection":[{"href":"https:\/\/www.stamhuis.nl\/fr\/wp-json\/wp\/v2\/pages"}],"about":[{"href":"https:\/\/www.stamhuis.nl\/fr\/wp-json\/wp\/v2\/types\/page"}],"author":[{"embeddable":true,"href":"https:\/\/www.stamhuis.nl\/fr\/wp-json\/wp\/v2\/users\/3"}],"replies":[{"embeddable":true,"href":"https:\/\/www.stamhuis.nl\/fr\/wp-json\/wp\/v2\/comments?post=2731"}],"version-history":[{"count":0,"href":"https:\/\/www.stamhuis.nl\/fr\/wp-json\/wp\/v2\/pages\/2731\/revisions"}],"up":[{"embeddable":true,"href":"https:\/\/www.stamhuis.nl\/fr\/wp-json\/wp\/v2\/pages\/2829"}],"wp:attachment":[{"href":"https:\/\/www.stamhuis.nl\/fr\/wp-json\/wp\/v2\/media?parent=2731"}],"curies":[{"name":"wp","href":"https:\/\/api.w.org\/{rel}","templated":true}]}}