{"id":2730,"date":"2015-11-23T13:22:36","date_gmt":"2015-11-23T12:22:36","guid":{"rendered":"https:\/\/www.stamhuis.nl\/fr\/activiteiten\/projectmanagement\/"},"modified":"2016-04-21T09:26:58","modified_gmt":"2016-04-21T08:26:58","slug":"gestion-de-projet","status":"publish","type":"page","link":"https:\/\/www.stamhuis.nl\/fr\/activites\/gestion-de-projet\/","title":{"rendered":"Gestion de projet"},"content":{"rendered":"<p class=\"intro\">Tout am\u00e9nagement de qualit\u00e9 sup\u00e9rieure n\u00e9cessite une direction et une coordination rigoureuses. Nos gestionnaires de projet surveillent et ma\u00eetrisent votre projet depuis la premi\u00e8re id\u00e9e jusqu&rsquo;\u00e0 la r\u00e9ception des travaux. Nous surveillons constamment les facteurs qualit\u00e9, planification et budget tout au long du parcours.<\/p>\n<h4 class=\"intro\">Exclure le hasard<\/h4>\n<p>Chez Stamhuis, rien n&rsquo;est laiss\u00e9 au hasard. Avant de commencer les travaux de r\u00e9am\u00e9nagement de votre magasin, bureau, restaurant ou centre de soins, nous avons d\u00e9j\u00e0 tout con\u00e7u et discut\u00e9 \u00e0 fond.\u00a0Comme nous pr\u00e9parons chaque projet dans les moindres d\u00e9tails et assurons la direction rigoureuse des partenaires internes et externes, nous obtenons chaque fois des r\u00e9sultats stup\u00e9fiants. Nous cr\u00e9ons de la valeur ajout\u00e9e pour nos clients\u00a0en mettant constamment l&rsquo;accent sur l&rsquo;am\u00e9lioration de la qualit\u00e9, l&rsquo;innovation et l&rsquo;int\u00e9gralit\u00e9.<\/p>\n<p><a href=\"https:\/\/www.stamhuis.nl\/wp-content\/uploads\/2015\/11\/rks20151225-IMG8870-2-1000x300.jpg\" rel=\"attachment wp-att-1726\"><img loading=\"lazy\" decoding=\"async\" class=\"body-post-image alignnone wp-image-1726 size-leftImage\" src=\"https:\/\/www.stamhuis.nl\/wp-content\/uploads\/2015\/11\/rks20151225-IMG8870-2-1000x300.jpg\" alt=\"rks20151225-IMG8870-2\" width=\"1000\" height=\"300\" \/><\/a><\/p>\n<h4>En toute transparence<\/h4>\n<p>\u00c9tant donn\u00e9 que la construction ou le r\u00e9am\u00e9nagement d&rsquo;un magasin, bureau ou bien immobilier (commercial) est un processus \u00e0 fort coefficient de capital, la surveillance des co\u00fbts est devenue une seconde nature. Nous suivons scrupuleusement le budget convenu et en discutons avec vous en toute transparence. La r\u00e9organisation et optimisation du processus nous permet de r\u00e9aliser des \u00e9conomies substantielles.<\/p>\n<h4>\u00c9conomies<\/h4>\n<p>Stamhuis est un partenaire de construction ind\u00e9pendant qui collabore volontiers avec d&rsquo;autres intervenants. Gr\u00e2ce \u00e0 notre longue exp\u00e9rience, nous sommes en mesure de d\u00e9celer les points qui vous permettent de r\u00e9aliser des \u00e9conomies. Par exemple, en r\u00e9visant et r\u00e9utilisant l&rsquo;inventaire existant. Ou en utilisant d&rsquo;autres mat\u00e9riaux et techniques permettant d&rsquo;\u00e9conomiser l&rsquo;\u00e9nergie. Stamhuis peut m\u00eame s&rsquo;occuper de toute la gestion du stock et de l&rsquo;inventaire de votre magasin. Ceci soulage vos soucis au sens propre du terme !<\/p>\n<h4>Gestion de projet sur mesure<\/h4>\n<p>Chez Stamhuis, nous constituons une \u00e9quipe de sp\u00e9cialistes exp\u00e9riment\u00e9s pour chaque type de magasin. Ils assurent ensemble le d\u00e9ploiement efficace et la surveillance de votre formule de magasin. Depuis le service Stamhuis Ontwerp &amp; Managementbureau (SOM), nous assurons la direction et la coordination de projets Ahold, tels que des am\u00e9nagements de magasin pour le compte d&rsquo;Albert Heijn, Etos et Gall &amp; Gall. Le service Stamhuis Project Management (SPM) assure la gestion de projet pour les magasins de Blokker, Action, La Ligna, Le Perron etc. Ces deux services sont en mesure de coordonner tout le parcours de construction\/r\u00e9am\u00e9nagement : depuis le gros \u0153uvre jusqu&rsquo;aux finitions.<\/p>\n","protected":false},"excerpt":{"rendered":"<p>Tout am\u00e9nagement de qualit\u00e9 sup\u00e9rieure n\u00e9cessite une direction et une coordination rigoureuses. Nos gestionnaires de projet surveillent et ma\u00eetrisent votre projet depuis la premi\u00e8re id\u00e9e jusqu&rsquo;\u00e0 la r\u00e9ception des travaux. Nous surveillons constamment les facteurs qualit\u00e9, planification et budget tout au long du parcours. Exclure le hasard Chez Stamhuis, rien n&rsquo;est laiss\u00e9 au hasard. Avant de commencer les travaux de r\u00e9am\u00e9nagement de votre magasin, bureau, restaurant ou centre de soins, nous avons d\u00e9j\u00e0 tout con\u00e7u et discut\u00e9 \u00e0 fond.\u00a0Comme nous pr\u00e9parons chaque projet dans les moindres d\u00e9tails et assurons la direction rigoureuse des partenaires internes et externes, nous obtenons chaque fois des r\u00e9sultats stup\u00e9fiants. Nous cr\u00e9ons de la valeur ajout\u00e9e pour nos clients\u00a0en mettant constamment l&rsquo;accent sur l&rsquo;am\u00e9lioration de la qualit\u00e9, l&rsquo;innovation et l&rsquo;int\u00e9gralit\u00e9. En toute transparence \u00c9tant donn\u00e9 que la construction ou le r\u00e9am\u00e9nagement d&rsquo;un magasin, bureau ou bien&hellip;<\/p>\n","protected":false},"author":1,"featured_media":2995,"parent":2525,"menu_order":2,"comment_status":"closed","ping_status":"closed","template":"","meta":{"om_disable_all_campaigns":false,"_monsterinsights_skip_tracking":false,"_monsterinsights_sitenote_active":false,"_monsterinsights_sitenote_note":"","_monsterinsights_sitenote_category":0,"footnotes":""},"class_list":{"0":"post-2730","1":"page","4":"has-post-thumbnail","5":"hentry"},"_links":{"self":[{"href":"https:\/\/www.stamhuis.nl\/fr\/wp-json\/wp\/v2\/pages\/2730","targetHints":{"allow":["GET"]}}],"collection":[{"href":"https:\/\/www.stamhuis.nl\/fr\/wp-json\/wp\/v2\/pages"}],"about":[{"href":"https:\/\/www.stamhuis.nl\/fr\/wp-json\/wp\/v2\/types\/page"}],"author":[{"embeddable":true,"href":"https:\/\/www.stamhuis.nl\/fr\/wp-json\/wp\/v2\/users\/1"}],"replies":[{"embeddable":true,"href":"https:\/\/www.stamhuis.nl\/fr\/wp-json\/wp\/v2\/comments?post=2730"}],"version-history":[{"count":0,"href":"https:\/\/www.stamhuis.nl\/fr\/wp-json\/wp\/v2\/pages\/2730\/revisions"}],"up":[{"embeddable":true,"href":"https:\/\/www.stamhuis.nl\/fr\/wp-json\/wp\/v2\/pages\/2525"}],"wp:featuredmedia":[{"embeddable":true,"href":"https:\/\/www.stamhuis.nl\/fr\/wp-json\/wp\/v2\/media\/2995"}],"wp:attachment":[{"href":"https:\/\/www.stamhuis.nl\/fr\/wp-json\/wp\/v2\/media?parent=2730"}],"curies":[{"name":"wp","href":"https:\/\/api.w.org\/{rel}","templated":true}]}}