{"id":2720,"date":"2016-02-08T14:29:05","date_gmt":"2016-02-08T13:29:05","guid":{"rendered":"https:\/\/www.stamhuis.nl\/fr\/winkelcentrum-plaza-west-in-haarlem\/"},"modified":"2016-04-21T09:20:14","modified_gmt":"2016-04-21T08:20:14","slug":"winkelcentrum-plaza-west-in-haarlem","status":"publish","type":"page","link":"https:\/\/www.stamhuis.nl\/fr\/projecten\/winkelcentrum-plaza-west-in-haarlem\/","title":{"rendered":"Centre commercial Westergracht"},"content":{"rendered":"<p class=\"intro\">Construire\u00a0au rez-de-chauss\u00e9e d&rsquo;un b\u00e2timent inoccup\u00e9 un centre commercial anim\u00e9 comprenant un espace pour un magasin Albert Heijn, Etos, Gall &amp; Gall et Aldi. Cette mission a \u00e9t\u00e9 confi\u00e9e \u00e0 Stamhuis afin de ranimer l&rsquo;ancien centre de distribution de PTT Post situ\u00e9 \u00e0 la Westergracht \u00e0 Haarlem. \u00c0 l&rsquo;endroit o\u00f9 se trouvait l&rsquo;ancien bureau de poste, il y a maintenant une entr\u00e9e flambant neuve. La halle au rez-de-chauss\u00e9e a \u00e9t\u00e9 transform\u00e9e en espace commercial.<\/p>\n<p class=\"intro\"><strong><div id=\"slider\" class=\"flexslider\"><ul class=\"slides\"><li id=\"img\" href=\"https:\/\/www.stamhuis.nl\/wp-content\/uploads\/2016\/02\/Haarlem-EKP-73-1484x990.jpg\"><img decoding=\"async\" src=\"https:\/\/www.stamhuis.nl\/wp-content\/uploads\/2016\/02\/Haarlem-EKP-73-1484x990.jpg\" \/><\/li><li id=\"img\" href=\"https:\/\/www.stamhuis.nl\/wp-content\/uploads\/2016\/02\/Haarlem-EKP-74-1484x990.jpg\"><img decoding=\"async\" src=\"https:\/\/www.stamhuis.nl\/wp-content\/uploads\/2016\/02\/Haarlem-EKP-74-1484x990.jpg\" \/><\/li><li id=\"img\" href=\"https:\/\/www.stamhuis.nl\/wp-content\/uploads\/2016\/02\/Haarlem-EKP-75-1484x990.jpg\"><img decoding=\"async\" src=\"https:\/\/www.stamhuis.nl\/wp-content\/uploads\/2016\/02\/Haarlem-EKP-75-1484x990.jpg\" \/><\/li><li id=\"img\" href=\"https:\/\/www.stamhuis.nl\/wp-content\/uploads\/2016\/02\/Haarlem-EKP-76-1484x990.jpg\"><img decoding=\"async\" src=\"https:\/\/www.stamhuis.nl\/wp-content\/uploads\/2016\/02\/Haarlem-EKP-76-1484x990.jpg\" \/><\/li><li id=\"img\" href=\"https:\/\/www.stamhuis.nl\/wp-content\/uploads\/2016\/02\/Haarlem-EKP-77-1484x990.jpg\"><img decoding=\"async\" src=\"https:\/\/www.stamhuis.nl\/wp-content\/uploads\/2016\/02\/Haarlem-EKP-77-1484x990.jpg\" \/><\/li><\/ul><\/div><div id=\"carousel\" class=\"flexslider\"><ul class=\"slides\"><li><img decoding=\"async\" src=\"https:\/\/www.stamhuis.nl\/wp-content\/uploads\/2016\/02\/Haarlem-EKP-73-1484x990.jpg\" \/><div class=\"overlay\"><\/div><\/li><li><img decoding=\"async\" src=\"https:\/\/www.stamhuis.nl\/wp-content\/uploads\/2016\/02\/Haarlem-EKP-74-1484x990.jpg\" \/><div class=\"overlay\"><\/div><\/li><li><img decoding=\"async\" src=\"https:\/\/www.stamhuis.nl\/wp-content\/uploads\/2016\/02\/Haarlem-EKP-75-1484x990.jpg\" \/><div class=\"overlay\"><\/div><\/li><li><img decoding=\"async\" src=\"https:\/\/www.stamhuis.nl\/wp-content\/uploads\/2016\/02\/Haarlem-EKP-76-1484x990.jpg\" \/><div class=\"overlay\"><\/div><\/li><li><img decoding=\"async\" src=\"https:\/\/www.stamhuis.nl\/wp-content\/uploads\/2016\/02\/Haarlem-EKP-77-1484x990.jpg\" \/><div class=\"overlay\"><\/div><\/li><\/ul><\/div><\/strong><\/p>\n<p>Stamhuis a r\u00e9ussi \u00e0 achever ce grand projet en tr\u00e8s peu de temps, \u00e0 la grande satisfaction de toutes les personnes concern\u00e9es. Une v\u00e9ritable performance, car les \u00e9conomies impos\u00e9es et les int\u00e9r\u00eats inconciliables n&rsquo;ont certainement pas facilit\u00e9 les choses. Les connaissances et comp\u00e9tences d&rsquo;Interbuild Management et de Stamhuis Bouw se sont av\u00e9r\u00e9es d&rsquo;une valeur inestimable.<\/p>\n","protected":false},"excerpt":{"rendered":"<p>Construire\u00a0au rez-de-chauss\u00e9e d&rsquo;un b\u00e2timent inoccup\u00e9 un centre commercial anim\u00e9 comprenant un espace pour un magasin Albert Heijn, Etos, Gall &amp; Gall et Aldi. Cette mission a \u00e9t\u00e9 confi\u00e9e \u00e0 Stamhuis afin de ranimer l&rsquo;ancien centre de distribution de PTT Post situ\u00e9 \u00e0 la Westergracht \u00e0 Haarlem. \u00c0 l&rsquo;endroit o\u00f9 se trouvait l&rsquo;ancien bureau de poste, il y a maintenant une entr\u00e9e flambant neuve. La halle au rez-de-chauss\u00e9e a \u00e9t\u00e9 transform\u00e9e en espace commercial. Stamhuis a r\u00e9ussi \u00e0 achever ce grand projet en tr\u00e8s peu de temps, \u00e0 la grande satisfaction de toutes les personnes concern\u00e9es. Une v\u00e9ritable performance, car les \u00e9conomies impos\u00e9es et les int\u00e9r\u00eats inconciliables n&rsquo;ont certainement pas facilit\u00e9 les choses. Les connaissances et comp\u00e9tences d&rsquo;Interbuild Management et de Stamhuis Bouw se sont av\u00e9r\u00e9es d&rsquo;une valeur inestimable.<\/p>\n","protected":false},"author":3,"featured_media":3087,"parent":2829,"menu_order":22,"comment_status":"closed","ping_status":"closed","template":"","meta":{"om_disable_all_campaigns":false,"_monsterinsights_skip_tracking":false,"_monsterinsights_sitenote_active":false,"_monsterinsights_sitenote_note":"","_monsterinsights_sitenote_category":0,"footnotes":""},"class_list":{"0":"post-2720","1":"page","4":"has-post-thumbnail","5":"hentry"},"_links":{"self":[{"href":"https:\/\/www.stamhuis.nl\/fr\/wp-json\/wp\/v2\/pages\/2720","targetHints":{"allow":["GET"]}}],"collection":[{"href":"https:\/\/www.stamhuis.nl\/fr\/wp-json\/wp\/v2\/pages"}],"about":[{"href":"https:\/\/www.stamhuis.nl\/fr\/wp-json\/wp\/v2\/types\/page"}],"author":[{"embeddable":true,"href":"https:\/\/www.stamhuis.nl\/fr\/wp-json\/wp\/v2\/users\/3"}],"replies":[{"embeddable":true,"href":"https:\/\/www.stamhuis.nl\/fr\/wp-json\/wp\/v2\/comments?post=2720"}],"version-history":[{"count":0,"href":"https:\/\/www.stamhuis.nl\/fr\/wp-json\/wp\/v2\/pages\/2720\/revisions"}],"up":[{"embeddable":true,"href":"https:\/\/www.stamhuis.nl\/fr\/wp-json\/wp\/v2\/pages\/2829"}],"wp:featuredmedia":[{"embeddable":true,"href":"https:\/\/www.stamhuis.nl\/fr\/wp-json\/wp\/v2\/media\/3087"}],"wp:attachment":[{"href":"https:\/\/www.stamhuis.nl\/fr\/wp-json\/wp\/v2\/media?parent=2720"}],"curies":[{"name":"wp","href":"https:\/\/api.w.org\/{rel}","templated":true}]}}