{"id":2717,"date":"2015-12-28T18:09:40","date_gmt":"2015-12-28T17:09:40","guid":{"rendered":"https:\/\/www.stamhuis.nl\/fr\/de-kastanjetuin\/"},"modified":"2016-04-01T12:34:32","modified_gmt":"2016-04-01T11:34:32","slug":"de-kastanjetuin","status":"publish","type":"page","link":"https:\/\/www.stamhuis.nl\/fr\/projecten\/de-kastanjetuin\/","title":{"rendered":"Complexe d&rsquo;appartements De Kastanjetuin"},"content":{"rendered":"<p class=\"intro\"><strong>En tant qu&rsquo;entreprise de b\u00e2timent d&rsquo;avant-garde, nous sommes tr\u00e8s exigeants lorsque nous r\u00e9alisons un projet. Notamment lorsqu&rsquo;il s&rsquo;agit d&rsquo;un projet immobilier. Dans ce cas, la qualit\u00e9 de vie, le confort et la durabilit\u00e9 ont une importance cruciale. Bien \u00e9videmment, il faut aussi respecter l&rsquo;environnement. La construction du complexe d&rsquo;appartements \u2018De Kastanjetuin\u2019 en est un parfait exemple.<\/strong><\/p>\n<p><strong><div id=\"slider\" class=\"flexslider\"><ul class=\"slides\"><li id=\"img\" href=\"https:\/\/www.stamhuis.nl\/wp-content\/uploads\/2015\/12\/15515753747_54fc01fbfa_c.jpg\"><img decoding=\"async\" src=\"https:\/\/www.stamhuis.nl\/wp-content\/uploads\/2015\/12\/15515753747_54fc01fbfa_c.jpg\" \/><\/li><li id=\"img\" href=\"https:\/\/www.stamhuis.nl\/wp-content\/uploads\/2015\/12\/over-de-kastanjetuin-large1.jpg\"><img decoding=\"async\" src=\"https:\/\/www.stamhuis.nl\/wp-content\/uploads\/2015\/12\/over-de-kastanjetuin-large1.jpg\" \/><\/li><li id=\"img\" href=\"https:\/\/www.stamhuis.nl\/wp-content\/uploads\/2015\/12\/home_5.jpg\"><img decoding=\"async\" src=\"https:\/\/www.stamhuis.nl\/wp-content\/uploads\/2015\/12\/home_5.jpg\" \/><\/li><li id=\"img\" href=\"https:\/\/www.stamhuis.nl\/wp-content\/uploads\/2015\/12\/home_3.jpg\"><img decoding=\"async\" src=\"https:\/\/www.stamhuis.nl\/wp-content\/uploads\/2015\/12\/home_3.jpg\" \/><\/li><li id=\"img\" href=\"https:\/\/www.stamhuis.nl\/wp-content\/uploads\/2015\/12\/home_1.jpg\"><img decoding=\"async\" src=\"https:\/\/www.stamhuis.nl\/wp-content\/uploads\/2015\/12\/home_1.jpg\" \/><\/li><\/ul><\/div><div id=\"carousel\" class=\"flexslider\"><ul class=\"slides\"><li><img decoding=\"async\" src=\"https:\/\/www.stamhuis.nl\/wp-content\/uploads\/2015\/12\/15515753747_54fc01fbfa_c.jpg\" \/><div class=\"overlay\"><\/div><\/li><li><img decoding=\"async\" src=\"https:\/\/www.stamhuis.nl\/wp-content\/uploads\/2015\/12\/over-de-kastanjetuin-large1.jpg\" \/><div class=\"overlay\"><\/div><\/li><li><img decoding=\"async\" src=\"https:\/\/www.stamhuis.nl\/wp-content\/uploads\/2015\/12\/home_5.jpg\" \/><div class=\"overlay\"><\/div><\/li><li><img decoding=\"async\" src=\"https:\/\/www.stamhuis.nl\/wp-content\/uploads\/2015\/12\/home_3.jpg\" \/><div class=\"overlay\"><\/div><\/li><li><img decoding=\"async\" src=\"https:\/\/www.stamhuis.nl\/wp-content\/uploads\/2015\/12\/home_1.jpg\" \/><div class=\"overlay\"><\/div><\/li><\/ul><\/div><\/strong><\/p>\n<p>Au d\u00e9but de l&rsquo;ann\u00e9e 2017, le projet immobilier \u2018De Kastanjetuin\u2019 comprenant dix-huit appartements luxueux et \u00e9tonnamment grands sera achev\u00e9 \u00e0 proximit\u00e9 du quartier Tuindorp \u00e0 Utrecht, qui date des ann\u00e9es 30. Ce complexe d&rsquo;appartements luxueux est situ\u00e9 dans un endroit verdoyant et doit son nom aux deux vieux ch\u00e2taigniers caract\u00e9ristiques qui se trouvent sur le terrain. Petit d\u00e9tail amusant : ces arbres ont \u00e9t\u00e9 plant\u00e9s par Hendrik Stamhuis, le grand-p\u00e8re de Henk Stamhuis, le promoteur immobilier actuel.<\/p>\n","protected":false},"excerpt":{"rendered":"<p>En tant qu&rsquo;entreprise de b\u00e2timent d&rsquo;avant-garde, nous sommes tr\u00e8s exigeants lorsque nous r\u00e9alisons un projet. Notamment lorsqu&rsquo;il s&rsquo;agit d&rsquo;un projet immobilier. Dans ce cas, la qualit\u00e9 de vie, le confort et la durabilit\u00e9 ont une importance cruciale. Bien \u00e9videmment, il faut aussi respecter l&rsquo;environnement. La construction du complexe d&rsquo;appartements \u2018De Kastanjetuin\u2019 en est un parfait exemple. Au d\u00e9but de l&rsquo;ann\u00e9e 2017, le projet immobilier \u2018De Kastanjetuin\u2019 comprenant dix-huit appartements luxueux et \u00e9tonnamment grands sera achev\u00e9 \u00e0 proximit\u00e9 du quartier Tuindorp \u00e0 Utrecht, qui date des ann\u00e9es 30. Ce complexe d&rsquo;appartements luxueux est situ\u00e9 dans un endroit verdoyant et doit son nom aux deux vieux ch\u00e2taigniers caract\u00e9ristiques qui se trouvent sur le terrain. Petit d\u00e9tail amusant : ces arbres ont \u00e9t\u00e9 plant\u00e9s par Hendrik Stamhuis, le grand-p\u00e8re de Henk Stamhuis, le promoteur immobilier actuel.<\/p>\n","protected":false},"author":3,"featured_media":3084,"parent":2829,"menu_order":18,"comment_status":"closed","ping_status":"closed","template":"","meta":{"om_disable_all_campaigns":false,"_monsterinsights_skip_tracking":false,"_monsterinsights_sitenote_active":false,"_monsterinsights_sitenote_note":"","_monsterinsights_sitenote_category":0,"footnotes":""},"class_list":{"0":"post-2717","1":"page","4":"has-post-thumbnail","5":"hentry"},"_links":{"self":[{"href":"https:\/\/www.stamhuis.nl\/fr\/wp-json\/wp\/v2\/pages\/2717","targetHints":{"allow":["GET"]}}],"collection":[{"href":"https:\/\/www.stamhuis.nl\/fr\/wp-json\/wp\/v2\/pages"}],"about":[{"href":"https:\/\/www.stamhuis.nl\/fr\/wp-json\/wp\/v2\/types\/page"}],"author":[{"embeddable":true,"href":"https:\/\/www.stamhuis.nl\/fr\/wp-json\/wp\/v2\/users\/3"}],"replies":[{"embeddable":true,"href":"https:\/\/www.stamhuis.nl\/fr\/wp-json\/wp\/v2\/comments?post=2717"}],"version-history":[{"count":0,"href":"https:\/\/www.stamhuis.nl\/fr\/wp-json\/wp\/v2\/pages\/2717\/revisions"}],"up":[{"embeddable":true,"href":"https:\/\/www.stamhuis.nl\/fr\/wp-json\/wp\/v2\/pages\/2829"}],"wp:featuredmedia":[{"embeddable":true,"href":"https:\/\/www.stamhuis.nl\/fr\/wp-json\/wp\/v2\/media\/3084"}],"wp:attachment":[{"href":"https:\/\/www.stamhuis.nl\/fr\/wp-json\/wp\/v2\/media?parent=2717"}],"curies":[{"name":"wp","href":"https:\/\/api.w.org\/{rel}","templated":true}]}}