{"id":2712,"date":"2016-02-03T13:25:41","date_gmt":"2016-02-03T12:25:41","guid":{"rendered":"https:\/\/www.stamhuis.nl\/fr\/winkelcentrum-buikslotermeerplein\/"},"modified":"2016-04-01T12:23:05","modified_gmt":"2016-04-01T11:23:05","slug":"winkelcentrum-buikslotermeerplein","status":"publish","type":"page","link":"https:\/\/www.stamhuis.nl\/fr\/projecten\/winkelcentrum-buikslotermeerplein\/","title":{"rendered":"Centre commercial Buikslotermeerplein"},"content":{"rendered":"<p class=\"intro\">Stamhuis a compl\u00e8tement r\u00e9nov\u00e9 un \u00e9norme magasin (environ 5000 m<sup>2<\/sup>) \u00e0 Amsterdam-Noord. Nous devions agrandir le supermarch\u00e9 existant et le magasin avoisinant tout en assurant un nouvel agencement logistique de qualit\u00e9. Un v\u00e9ritable d\u00e9fi avec un magnifique r\u00e9sultat final !<\/p>\n<p><strong><div id=\"slider\" class=\"flexslider\"><ul class=\"slides\"><li id=\"img\" href=\"https:\/\/www.stamhuis.nl\/wp-content\/uploads\/2016\/02\/AH1146-nieuw-10-1484x990.jpg\"><img decoding=\"async\" src=\"https:\/\/www.stamhuis.nl\/wp-content\/uploads\/2016\/02\/AH1146-nieuw-10-1484x990.jpg\" \/><\/li><li id=\"img\" href=\"https:\/\/www.stamhuis.nl\/wp-content\/uploads\/2016\/02\/AH1146-nieuw-13-1484x990.jpg\"><img decoding=\"async\" src=\"https:\/\/www.stamhuis.nl\/wp-content\/uploads\/2016\/02\/AH1146-nieuw-13-1484x990.jpg\" \/><\/li><li id=\"img\" href=\"https:\/\/www.stamhuis.nl\/wp-content\/uploads\/2016\/02\/DSCN1527-1484x990.jpg\"><img decoding=\"async\" src=\"https:\/\/www.stamhuis.nl\/wp-content\/uploads\/2016\/02\/DSCN1527-1484x990.jpg\" \/><\/li><li id=\"img\" href=\"https:\/\/www.stamhuis.nl\/wp-content\/uploads\/2016\/02\/DSCN1528-Copy-1484x990.jpg\"><img decoding=\"async\" src=\"https:\/\/www.stamhuis.nl\/wp-content\/uploads\/2016\/02\/DSCN1528-Copy-1484x990.jpg\" \/><\/li><li id=\"img\" href=\"https:\/\/www.stamhuis.nl\/wp-content\/uploads\/2016\/02\/DSCN1558-1484x990.jpg\"><img decoding=\"async\" src=\"https:\/\/www.stamhuis.nl\/wp-content\/uploads\/2016\/02\/DSCN1558-1484x990.jpg\" \/><\/li><li id=\"img\" href=\"https:\/\/www.stamhuis.nl\/wp-content\/uploads\/2016\/02\/DSCN1566-1484x990.jpg\"><img decoding=\"async\" src=\"https:\/\/www.stamhuis.nl\/wp-content\/uploads\/2016\/02\/DSCN1566-1484x990.jpg\" \/><\/li><li id=\"img\" href=\"https:\/\/www.stamhuis.nl\/wp-content\/uploads\/2016\/02\/AH1146-nieuw-15-1484x990.jpg\"><img decoding=\"async\" src=\"https:\/\/www.stamhuis.nl\/wp-content\/uploads\/2016\/02\/AH1146-nieuw-15-1484x990.jpg\" \/><\/li><\/ul><\/div><div id=\"carousel\" class=\"flexslider\"><ul class=\"slides\"><li><img decoding=\"async\" src=\"https:\/\/www.stamhuis.nl\/wp-content\/uploads\/2016\/02\/AH1146-nieuw-10-1484x990.jpg\" \/><div class=\"overlay\"><\/div><\/li><li><img decoding=\"async\" src=\"https:\/\/www.stamhuis.nl\/wp-content\/uploads\/2016\/02\/AH1146-nieuw-13-1484x990.jpg\" \/><div class=\"overlay\"><\/div><\/li><li><img decoding=\"async\" src=\"https:\/\/www.stamhuis.nl\/wp-content\/uploads\/2016\/02\/DSCN1527-1484x990.jpg\" \/><div class=\"overlay\"><\/div><\/li><li><img decoding=\"async\" src=\"https:\/\/www.stamhuis.nl\/wp-content\/uploads\/2016\/02\/DSCN1528-Copy-1484x990.jpg\" \/><div class=\"overlay\"><\/div><\/li><li><img decoding=\"async\" src=\"https:\/\/www.stamhuis.nl\/wp-content\/uploads\/2016\/02\/DSCN1558-1484x990.jpg\" \/><div class=\"overlay\"><\/div><\/li><li><img decoding=\"async\" src=\"https:\/\/www.stamhuis.nl\/wp-content\/uploads\/2016\/02\/DSCN1566-1484x990.jpg\" \/><div class=\"overlay\"><\/div><\/li><li><img decoding=\"async\" src=\"https:\/\/www.stamhuis.nl\/wp-content\/uploads\/2016\/02\/AH1146-nieuw-15-1484x990.jpg\" \/><div class=\"overlay\"><\/div><\/li><\/ul><\/div><\/strong><\/p>\n<p>En plus de ce grand r\u00e9am\u00e9nagement, il fallait r\u00e9aliser un magasin provisoire de 3000 m<sup>2<\/sup>. Il fallait \u00e9galement retirer tout l&rsquo;amiante floqu\u00e9 du b\u00e2timent \u00e0 r\u00e9am\u00e9nager. La fa\u00e7ade a subi une m\u00e9tamorphose compl\u00e8te et une nouvelle entr\u00e9e a \u00e9t\u00e9 cr\u00e9\u00e9e avec deux escalators et un ascenseur. Et tout cela en seulement sept semaines !<\/p>\n","protected":false},"excerpt":{"rendered":"<p>Stamhuis a compl\u00e8tement r\u00e9nov\u00e9 un \u00e9norme magasin (environ 5000 m2) \u00e0 Amsterdam-Noord. Nous devions agrandir le supermarch\u00e9 existant et le magasin avoisinant tout en assurant un nouvel agencement logistique de qualit\u00e9. Un v\u00e9ritable d\u00e9fi avec un magnifique r\u00e9sultat final ! En plus de ce grand r\u00e9am\u00e9nagement, il fallait r\u00e9aliser un magasin provisoire de 3000 m2. Il fallait \u00e9galement retirer tout l&rsquo;amiante floqu\u00e9 du b\u00e2timent \u00e0 r\u00e9am\u00e9nager. La fa\u00e7ade a subi une m\u00e9tamorphose compl\u00e8te et une nouvelle entr\u00e9e a \u00e9t\u00e9 cr\u00e9\u00e9e avec deux escalators et un ascenseur. Et tout cela en seulement sept semaines !<\/p>\n","protected":false},"author":3,"featured_media":3071,"parent":2829,"menu_order":8,"comment_status":"closed","ping_status":"closed","template":"","meta":{"om_disable_all_campaigns":false,"_monsterinsights_skip_tracking":false,"_monsterinsights_sitenote_active":false,"_monsterinsights_sitenote_note":"","_monsterinsights_sitenote_category":0,"footnotes":""},"class_list":{"0":"post-2712","1":"page","4":"has-post-thumbnail","5":"hentry"},"_links":{"self":[{"href":"https:\/\/www.stamhuis.nl\/fr\/wp-json\/wp\/v2\/pages\/2712","targetHints":{"allow":["GET"]}}],"collection":[{"href":"https:\/\/www.stamhuis.nl\/fr\/wp-json\/wp\/v2\/pages"}],"about":[{"href":"https:\/\/www.stamhuis.nl\/fr\/wp-json\/wp\/v2\/types\/page"}],"author":[{"embeddable":true,"href":"https:\/\/www.stamhuis.nl\/fr\/wp-json\/wp\/v2\/users\/3"}],"replies":[{"embeddable":true,"href":"https:\/\/www.stamhuis.nl\/fr\/wp-json\/wp\/v2\/comments?post=2712"}],"version-history":[{"count":0,"href":"https:\/\/www.stamhuis.nl\/fr\/wp-json\/wp\/v2\/pages\/2712\/revisions"}],"up":[{"embeddable":true,"href":"https:\/\/www.stamhuis.nl\/fr\/wp-json\/wp\/v2\/pages\/2829"}],"wp:featuredmedia":[{"embeddable":true,"href":"https:\/\/www.stamhuis.nl\/fr\/wp-json\/wp\/v2\/media\/3071"}],"wp:attachment":[{"href":"https:\/\/www.stamhuis.nl\/fr\/wp-json\/wp\/v2\/media?parent=2712"}],"curies":[{"name":"wp","href":"https:\/\/api.w.org\/{rel}","templated":true}]}}