{"id":2710,"date":"2016-03-02T13:33:44","date_gmt":"2016-03-02T12:33:44","guid":{"rendered":"https:\/\/www.stamhuis.nl\/fr\/hoofdkantoor-de-hypotheker\/"},"modified":"2016-04-21T09:14:56","modified_gmt":"2016-04-21T08:14:56","slug":"hoofdkantoor-de-hypotheker","status":"publish","type":"page","link":"https:\/\/www.stamhuis.nl\/fr\/projecten\/hoofdkantoor-de-hypotheker\/","title":{"rendered":"Si\u00e8ge social de la soci\u00e9t\u00e9 De Hypotheker"},"content":{"rendered":"<p class=\"intro\">\u2018Faites en sorte que l&rsquo;ambiance typique d&rsquo;une salle de s\u00e9jour qui r\u00e8gne dans nos succursales, soit refl\u00e9t\u00e9e dans notre si\u00e8ge social\u2019. Voil\u00e0 la mission que Stamhuis a re\u00e7ue de la soci\u00e9t\u00e9 De Hypotheker. Nous sommes fiers de pouvoir constater que nous avons rempli cette mission \u00e0 la satisfaction de toutes les personnes concern\u00e9es. Surtout nous-m\u00eames ! En effet, nous avons r\u00e9ussi \u00e0 r\u00e9aliser ce projet sans qu&rsquo;il y ait des points \u00e0 am\u00e9liorer \u00e0 la r\u00e9ception des travaux !<\/p>\n<p><strong><div id=\"slider\" class=\"flexslider\"><ul class=\"slides\"><li id=\"img\" href=\"https:\/\/www.stamhuis.nl\/wp-content\/uploads\/2016\/03\/DSCN0780-1484x990.jpg\"><img decoding=\"async\" src=\"https:\/\/www.stamhuis.nl\/wp-content\/uploads\/2016\/03\/DSCN0780-1484x990.jpg\" \/><\/li><li id=\"img\" href=\"https:\/\/www.stamhuis.nl\/wp-content\/uploads\/2016\/03\/DSCN0783-1484x990.jpg\"><img decoding=\"async\" src=\"https:\/\/www.stamhuis.nl\/wp-content\/uploads\/2016\/03\/DSCN0783-1484x990.jpg\" \/><\/li><li id=\"img\" href=\"https:\/\/www.stamhuis.nl\/wp-content\/uploads\/2016\/03\/DSCN0786-1484x990.jpg\"><img decoding=\"async\" src=\"https:\/\/www.stamhuis.nl\/wp-content\/uploads\/2016\/03\/DSCN0786-1484x990.jpg\" \/><\/li><li id=\"img\" href=\"https:\/\/www.stamhuis.nl\/wp-content\/uploads\/2016\/03\/DSCN0789-1484x990.jpg\"><img decoding=\"async\" src=\"https:\/\/www.stamhuis.nl\/wp-content\/uploads\/2016\/03\/DSCN0789-1484x990.jpg\" \/><\/li><li id=\"img\" href=\"https:\/\/www.stamhuis.nl\/wp-content\/uploads\/2016\/03\/DSCN0791-1484x990.jpg\"><img decoding=\"async\" src=\"https:\/\/www.stamhuis.nl\/wp-content\/uploads\/2016\/03\/DSCN0791-1484x990.jpg\" \/><\/li><li id=\"img\" href=\"https:\/\/www.stamhuis.nl\/wp-content\/uploads\/2016\/03\/DSCN0793-1484x990.jpg\"><img decoding=\"async\" src=\"https:\/\/www.stamhuis.nl\/wp-content\/uploads\/2016\/03\/DSCN0793-1484x990.jpg\" \/><\/li><li id=\"img\" href=\"https:\/\/www.stamhuis.nl\/wp-content\/uploads\/2016\/03\/IMG_2252-1484x990.jpg\"><img decoding=\"async\" src=\"https:\/\/www.stamhuis.nl\/wp-content\/uploads\/2016\/03\/IMG_2252-1484x990.jpg\" \/><\/li><li id=\"img\" href=\"https:\/\/www.stamhuis.nl\/wp-content\/uploads\/2016\/03\/IMG_2254-1484x990.jpg\"><img decoding=\"async\" src=\"https:\/\/www.stamhuis.nl\/wp-content\/uploads\/2016\/03\/IMG_2254-1484x990.jpg\" \/><\/li><\/ul><\/div><div id=\"carousel\" class=\"flexslider\"><ul class=\"slides\"><li><img decoding=\"async\" src=\"https:\/\/www.stamhuis.nl\/wp-content\/uploads\/2016\/03\/DSCN0780-1484x990.jpg\" \/><div class=\"overlay\"><\/div><\/li><li><img decoding=\"async\" src=\"https:\/\/www.stamhuis.nl\/wp-content\/uploads\/2016\/03\/DSCN0783-1484x990.jpg\" \/><div class=\"overlay\"><\/div><\/li><li><img decoding=\"async\" src=\"https:\/\/www.stamhuis.nl\/wp-content\/uploads\/2016\/03\/DSCN0786-1484x990.jpg\" \/><div class=\"overlay\"><\/div><\/li><li><img decoding=\"async\" src=\"https:\/\/www.stamhuis.nl\/wp-content\/uploads\/2016\/03\/DSCN0789-1484x990.jpg\" \/><div class=\"overlay\"><\/div><\/li><li><img decoding=\"async\" src=\"https:\/\/www.stamhuis.nl\/wp-content\/uploads\/2016\/03\/DSCN0791-1484x990.jpg\" \/><div class=\"overlay\"><\/div><\/li><li><img decoding=\"async\" src=\"https:\/\/www.stamhuis.nl\/wp-content\/uploads\/2016\/03\/DSCN0793-1484x990.jpg\" \/><div class=\"overlay\"><\/div><\/li><li><img decoding=\"async\" src=\"https:\/\/www.stamhuis.nl\/wp-content\/uploads\/2016\/03\/IMG_2252-1484x990.jpg\" \/><div class=\"overlay\"><\/div><\/li><li><img decoding=\"async\" src=\"https:\/\/www.stamhuis.nl\/wp-content\/uploads\/2016\/03\/IMG_2254-1484x990.jpg\" \/><div class=\"overlay\"><\/div><\/li><\/ul><\/div><\/strong><\/p>\n<p>Stamhuis a assur\u00e9 la direction et la coordination sur site pendant le r\u00e9am\u00e9nagement. Ce ne fut certainement pas un luxe superflu, \u00e9tant donn\u00e9 que ce projet ne pouvait \u00eatre r\u00e9alis\u00e9 qu&rsquo;en \u00e9tapes.\u00a0Pendant les travaux, les employ\u00e9s de bureau se sont install\u00e9s provisoirement dans une aile du b\u00e2timent, de fa\u00e7on \u00e0 ce que les travaux puissent \u00eatre effectu\u00e9s sans probl\u00e8mes dans l&rsquo;autre aile. Stamhuis a d\u00e9cap\u00e9 les deux ailes et a apport\u00e9 en m\u00eame temps des modifications aux plafonds et aux parois en verre.\u00a0\u00c0 l&rsquo;occasion de ce r\u00e9am\u00e9nagement, le bureau a \u00e9t\u00e9 pourvu d&rsquo;un nouveau rev\u00eatement de sol, d&rsquo;une couche de peinture, d&rsquo;une signalisation et (en partie) de nouveaux meubles. L&rsquo;\u00e9lectricit\u00e9, l&rsquo;\u00e9clairage, la climatisation et le chauffage ont \u00e9galement \u00e9t\u00e9 adapt\u00e9s au nouvel agencement. Pour finir, nous avons cr\u00e9\u00e9 un \u00ab\u00a0c\u0153ur social\u00a0\u00bb dans les deux ailes, o\u00f9 les gens peuvent se rencontrer de fa\u00e7on informelle ou, au contraire, trouver un endroit tranquille.\u00a0Les employ\u00e9s et les membres de la direction peuvent \u00e0 pr\u00e9sent profiter pleinement des salles de conf\u00e9rence, des salles de formation et des endroits isol\u00e9s o\u00f9 l&rsquo;on peut travailler en silence.\u00a0Comme cerise sur le g\u00e2teau, nous avons \u00e9galement cr\u00e9e un espace de consultation, o\u00f9 les nouveaux employ\u00e9s peuvent \u00eatre form\u00e9s.<\/p>\n<p class=\"intro\">\n","protected":false},"excerpt":{"rendered":"<p>\u2018Faites en sorte que l&rsquo;ambiance typique d&rsquo;une salle de s\u00e9jour qui r\u00e8gne dans nos succursales, soit refl\u00e9t\u00e9e dans notre si\u00e8ge social\u2019. Voil\u00e0 la mission que Stamhuis a re\u00e7ue de la soci\u00e9t\u00e9 De Hypotheker. Nous sommes fiers de pouvoir constater que nous avons rempli cette mission \u00e0 la satisfaction de toutes les personnes concern\u00e9es. Surtout nous-m\u00eames ! En effet, nous avons r\u00e9ussi \u00e0 r\u00e9aliser ce projet sans qu&rsquo;il y ait des points \u00e0 am\u00e9liorer \u00e0 la r\u00e9ception des travaux ! Stamhuis a assur\u00e9 la direction et la coordination sur site pendant le r\u00e9am\u00e9nagement. Ce ne fut certainement pas un luxe superflu, \u00e9tant donn\u00e9 que ce projet ne pouvait \u00eatre r\u00e9alis\u00e9 qu&rsquo;en \u00e9tapes.\u00a0Pendant les travaux, les employ\u00e9s de bureau se sont install\u00e9s provisoirement dans une aile du b\u00e2timent, de fa\u00e7on \u00e0 ce que les travaux puissent \u00eatre effectu\u00e9s sans probl\u00e8mes dans l&rsquo;autre&hellip;<\/p>\n","protected":false},"author":3,"featured_media":3080,"parent":2829,"menu_order":16,"comment_status":"closed","ping_status":"closed","template":"","meta":{"om_disable_all_campaigns":false,"_monsterinsights_skip_tracking":false,"_monsterinsights_sitenote_active":false,"_monsterinsights_sitenote_note":"","_monsterinsights_sitenote_category":0,"footnotes":""},"class_list":{"0":"post-2710","1":"page","4":"has-post-thumbnail","5":"hentry"},"_links":{"self":[{"href":"https:\/\/www.stamhuis.nl\/fr\/wp-json\/wp\/v2\/pages\/2710","targetHints":{"allow":["GET"]}}],"collection":[{"href":"https:\/\/www.stamhuis.nl\/fr\/wp-json\/wp\/v2\/pages"}],"about":[{"href":"https:\/\/www.stamhuis.nl\/fr\/wp-json\/wp\/v2\/types\/page"}],"author":[{"embeddable":true,"href":"https:\/\/www.stamhuis.nl\/fr\/wp-json\/wp\/v2\/users\/3"}],"replies":[{"embeddable":true,"href":"https:\/\/www.stamhuis.nl\/fr\/wp-json\/wp\/v2\/comments?post=2710"}],"version-history":[{"count":0,"href":"https:\/\/www.stamhuis.nl\/fr\/wp-json\/wp\/v2\/pages\/2710\/revisions"}],"up":[{"embeddable":true,"href":"https:\/\/www.stamhuis.nl\/fr\/wp-json\/wp\/v2\/pages\/2829"}],"wp:featuredmedia":[{"embeddable":true,"href":"https:\/\/www.stamhuis.nl\/fr\/wp-json\/wp\/v2\/media\/3080"}],"wp:attachment":[{"href":"https:\/\/www.stamhuis.nl\/fr\/wp-json\/wp\/v2\/media?parent=2710"}],"curies":[{"name":"wp","href":"https:\/\/api.w.org\/{rel}","templated":true}]}}