{"id":8035,"date":"2023-08-24T15:21:42","date_gmt":"2023-08-24T13:21:42","guid":{"rendered":"https:\/\/www.stamhuis.nl\/?page_id=8035"},"modified":"2023-11-20T13:36:50","modified_gmt":"2023-11-20T12:36:50","slug":"projektleiter-m-w-d-im-bauwesen-in-koeln","status":"publish","type":"page","link":"https:\/\/www.stamhuis.nl\/de\/projektleiter-m-w-d-im-bauwesen-in-koeln\/","title":{"rendered":"Projektleiter (m\/w\/d) im Bauwesen in K\u00f6ln"},"content":{"rendered":"<h3>Stellenangebot<\/h3>\n<p>Du bist ein echtes Organisationstalent? Dann starte jetzt deine Karriere als Projektleiter (m\/w\/d) im Bauwesen in K\u00f6ln!<\/p>\n<h3>Was du machen wirst:<\/h3>\n<p>Unser Partner ist ein wachsendes holl\u00e4ndisches Unternehmen mit Hauptsitz in K\u00f6ln. F\u00fcr den erfolgreichen Ausbau auf dem deutschen Markt suchen wir aktuell einen Projektleiter (m\/w\/d) im Bauwesen. Hier bist du f\u00fcr die vollumf\u00e4ngliche Koordination und Organisation von deutschlandweiten Projekten im Bereich Einzelhandelsumbauten zust\u00e4ndig.<\/p>\n<p>Als Projektleiter (m\/w\/d) im Bauwesen erwarten dich folgende Aufgaben:<\/p>\n<ul>\n<li>Du \u00fcbernimmst Verantwortung, indem du das Projektteam von Ingenieuren bis hin zu Bauleitern leitest und formst<\/li>\n<li>Von Planung Organisation bis hin zur Rechnungserstellung \u00fcbernimmst du alle Aufgaben<\/li>\n<li>Du \u00fcberwachst die Arbeitsqualit\u00e4t, wobei du stets Planung, Sicherheit, Qualit\u00e4t, Budget und Zeit im Blick beh\u00e4ltst<\/li>\n<li>Neben deiner guten Kommunikation mit Auftraggebern und Bauleitern planst du Bau- und Arbeitsbesprechungen<\/li>\n<\/ul>\n<h3>Was wir bieten:<\/h3>\n<ul>\n<li>Dich erwartet ein leistungsgerechtes Gehalt, angepasst an deine Berufserfahrung<\/li>\n<li>Du erh\u00e4ltst eine top Ausstattung bestehend aus Laptop, Handy und Firmenfahrzeug inklusive privater Nutzung<\/li>\n<li>Die M\u00f6glichkeit in einem wachsenden Unternehmen aufzusteigen und dich pers\u00f6nlich weiterzuentwickeln<\/li>\n<li>Eine umfangreiche Einarbeitung im sch\u00f6nen Utrecht<\/li>\n<li>Ein famili\u00e4res Team mit regelm\u00e4\u00dfigen gemeinsamen Events<\/li>\n<\/ul>\n<h3>Was wir erwarten:<\/h3>\n<ul>\n<li>Abgeschlossene Berufsausbildung im Bauwesen oder ein vergleichbares Studium<\/li>\n<li>Idealerweise bringst du Erfahrung aus dem baubezogenen Projektmanagement mit<\/li>\n<li>Die F\u00e4higkeit eine gute Kommunikation mit allen Stakeholdern zu pflegen<\/li>\n<li>Sehr gute Deutsch- und Englischkenntnisse<\/li>\n<\/ul>\n<p>(Niederl\u00e4ndisch ist ein gro\u00dfes Plus)<\/p>\n<ul>\n<li>Einen F\u00fchrerschein der Klasse B<\/li>\n<\/ul>\n<h3>Bewerben:<\/h3>\n<p>Der Job passt perfekt zu dir? Dann bewirb dich jetzt und wir werden dich so schnell wie m\u00f6glich kontaktieren.<\/p>\n<p>Schicke deine vollst\u00e4ndige Bewerbung bitte an<\/p>\n<p><a href=\"bewerbungen@stamhuis.de\"><strong>bewerbungen@stamhuis.de<\/strong><\/a><\/p>\n<p>Wenn du noch Fragen hast, kannst du dich gerne an Florianne Vogt wenden:<\/p>\n<p><strong>f.vogt@stamhuis.de<\/strong><\/p>\n","protected":false},"excerpt":{"rendered":"<p>Stellenangebot Du bist ein echtes Organisationstalent? Dann starte jetzt deine Karriere als Projektleiter (m\/w\/d) im Bauwesen in K\u00f6ln! Was du machen wirst: Unser Partner ist ein wachsendes holl\u00e4ndisches Unternehmen mit Hauptsitz in K\u00f6ln. F\u00fcr den erfolgreichen Ausbau auf dem deutschen Markt suchen wir aktuell einen Projektleiter (m\/w\/d) im Bauwesen. Hier bist du f\u00fcr die vollumf\u00e4ngliche Koordination und Organisation von deutschlandweiten Projekten im Bereich Einzelhandelsumbauten zust\u00e4ndig. Als Projektleiter (m\/w\/d) im Bauwesen erwarten dich folgende Aufgaben: Du \u00fcbernimmst Verantwortung, indem du das Projektteam von Ingenieuren bis hin zu Bauleitern leitest und formst Von Planung Organisation bis hin zur Rechnungserstellung \u00fcbernimmst du alle Aufgaben Du \u00fcberwachst die Arbeitsqualit\u00e4t, wobei du stets Planung, Sicherheit, Qualit\u00e4t, Budget und Zeit im Blick beh\u00e4ltst Neben deiner guten Kommunikation mit Auftraggebern und Bauleitern planst du Bau- und Arbeitsbesprechungen Was wir bieten: Dich erwartet ein leistungsgerechtes Gehalt, angepasst an&hellip;<\/p>\n","protected":false},"author":2,"featured_media":8016,"parent":0,"menu_order":0,"comment_status":"closed","ping_status":"closed","template":"","meta":{"om_disable_all_campaigns":false,"_monsterinsights_skip_tracking":false,"_monsterinsights_sitenote_active":false,"_monsterinsights_sitenote_note":"","_monsterinsights_sitenote_category":0,"footnotes":""},"class_list":{"0":"post-8035","1":"page","4":"has-post-thumbnail","5":"hentry"},"_links":{"self":[{"href":"https:\/\/www.stamhuis.nl\/de\/wp-json\/wp\/v2\/pages\/8035","targetHints":{"allow":["GET"]}}],"collection":[{"href":"https:\/\/www.stamhuis.nl\/de\/wp-json\/wp\/v2\/pages"}],"about":[{"href":"https:\/\/www.stamhuis.nl\/de\/wp-json\/wp\/v2\/types\/page"}],"author":[{"embeddable":true,"href":"https:\/\/www.stamhuis.nl\/de\/wp-json\/wp\/v2\/users\/2"}],"replies":[{"embeddable":true,"href":"https:\/\/www.stamhuis.nl\/de\/wp-json\/wp\/v2\/comments?post=8035"}],"version-history":[{"count":0,"href":"https:\/\/www.stamhuis.nl\/de\/wp-json\/wp\/v2\/pages\/8035\/revisions"}],"wp:featuredmedia":[{"embeddable":true,"href":"https:\/\/www.stamhuis.nl\/de\/wp-json\/wp\/v2\/media\/8016"}],"wp:attachment":[{"href":"https:\/\/www.stamhuis.nl\/de\/wp-json\/wp\/v2\/media?parent=8035"}],"curies":[{"name":"wp","href":"https:\/\/api.w.org\/{rel}","templated":true}]}}