{"id":7874,"date":"2023-07-17T13:24:14","date_gmt":"2023-07-17T11:24:14","guid":{"rendered":"https:\/\/www.stamhuis.nl\/?page_id=7874"},"modified":"2024-06-04T12:46:13","modified_gmt":"2024-06-04T10:46:13","slug":"impressum","status":"publish","type":"page","link":"https:\/\/www.stamhuis.nl\/de\/impressum\/","title":{"rendered":"Impressum"},"content":{"rendered":"<p><strong>Angaben gem\u00e4\u00df \u00a7 5 TMG<\/strong><\/p>\n<p><strong>Firma<\/strong><\/p>\n<p><strong>Stamhuis Deutschland GmbH<\/strong><\/p>\n<p><strong>Anschrift<\/strong><\/p>\n<p>Vitalisstra\u00dfe 200<\/p>\n<p>D \u2013 50827 K\u00f6ln<\/p>\n<p><strong>Tel.<\/strong> \u00a0\u00a0 +49 (0) 221 \u2013 22 28 09 00<\/p>\n<p><strong>E-Mail<\/strong> <a href=\"mailto:info@stamhuis.de\">info@stamhuis.de<\/a><\/p>\n<p><strong>USt-ID-Nr. \u00a0<\/strong>DE 285 703 795<\/p>\n<p><strong><br \/>\nGesch\u00e4ftsf\u00fchrer<\/strong><\/p>\n<p>Hendrik Stamhuis<\/p>\n<p><strong><br \/>\nHandelsregister<\/strong><\/p>\n<p>Amtsgericht M\u00fcnster HRB 115749<\/p>\n","protected":false},"excerpt":{"rendered":"<p>Angaben gem\u00e4\u00df \u00a7 5 TMG Firma Stamhuis Deutschland GmbH Anschrift Vitalisstra\u00dfe 200 D \u2013 50827 K\u00f6ln Tel. \u00a0\u00a0 +49 (0) 221 \u2013 22 28 09 00 E-Mail info@stamhuis.de USt-ID-Nr. \u00a0DE 285 703 795 Gesch\u00e4ftsf\u00fchrer Hendrik Stamhuis Handelsregister Amtsgericht M\u00fcnster HRB 115749<\/p>\n","protected":false},"author":2,"featured_media":0,"parent":0,"menu_order":0,"comment_status":"closed","ping_status":"closed","template":"","meta":{"om_disable_all_campaigns":false,"_monsterinsights_skip_tracking":false,"_monsterinsights_sitenote_active":false,"_monsterinsights_sitenote_note":"","_monsterinsights_sitenote_category":0,"footnotes":""},"class_list":{"0":"post-7874","1":"page","4":"hentry"},"_links":{"self":[{"href":"https:\/\/www.stamhuis.nl\/de\/wp-json\/wp\/v2\/pages\/7874","targetHints":{"allow":["GET"]}}],"collection":[{"href":"https:\/\/www.stamhuis.nl\/de\/wp-json\/wp\/v2\/pages"}],"about":[{"href":"https:\/\/www.stamhuis.nl\/de\/wp-json\/wp\/v2\/types\/page"}],"author":[{"embeddable":true,"href":"https:\/\/www.stamhuis.nl\/de\/wp-json\/wp\/v2\/users\/2"}],"replies":[{"embeddable":true,"href":"https:\/\/www.stamhuis.nl\/de\/wp-json\/wp\/v2\/comments?post=7874"}],"version-history":[{"count":0,"href":"https:\/\/www.stamhuis.nl\/de\/wp-json\/wp\/v2\/pages\/7874\/revisions"}],"wp:attachment":[{"href":"https:\/\/www.stamhuis.nl\/de\/wp-json\/wp\/v2\/media?parent=7874"}],"curies":[{"name":"wp","href":"https:\/\/api.w.org\/{rel}","templated":true}]}}