{"id":5661,"date":"2018-05-14T14:50:21","date_gmt":"2018-05-14T12:50:21","guid":{"rendered":"https:\/\/www.stamhuis.nl\/?page_id=5661"},"modified":"2018-05-30T09:38:25","modified_gmt":"2018-05-30T07:38:25","slug":"datenschutzerklaerung","status":"publish","type":"page","link":"https:\/\/www.stamhuis.nl\/de\/datenschutzerklaerung\/","title":{"rendered":"DATENSCHUTZERKL\u00c4RUNG"},"content":{"rendered":"<p><em>Stamhuis.nl\u00a0<\/em>legt gro\u00dfen Wert auf Ihre Privatsph\u00e4re. Obgleich die meisten Informationen verf\u00fcgbar sind, ohne dass personenbezogene Daten verschafft werden m\u00fcssen, ist es m\u00f6glich, dass wir <em>Sie<\/em> um personenbezogene Daten bitten. Die Verarbeitung dieser personenbezogenen Daten erfolgt gem\u00e4\u00df der EU-Datenschutz-Grundverordnung.<\/p>\n<p>\u00dcber unser Kontaktformular erbitten wir Ihren Namen und Ihre E-Mail-Adresse. In manchen F\u00e4llen k\u00f6nnen <em>wir Sie<\/em>\u00a0um weitere personenbezogene Daten bitten, wenn dies f\u00fcr die Beantwortung Ihrer Fragen relevant ist.<\/p>\n<p><em>Stamhuis.nl<\/em>\u00a0nutzt Ihre personenbezogenen Daten nur f\u00fcr den Zweck, f\u00fcr den <em>Sie<\/em> diese hinterlassen haben, und bewahrt sie nicht l\u00e4nger als n\u00f6tig. Haben <em>Sie<\/em>\u00a0beispielsweise Ihre E-Mail-Adresse angegeben, um Kontakt mit uns aufzunehmen? Dann verwendet <em>Stamhuis.nl<\/em> Ihre Daten nicht, um <em>Ihnen<\/em>\u00a0auch Rundbriefe zuzusenden.<\/p>\n<p>Erhaltene personenbezogene Daten werden auf gesicherten Servern gespeichert und nicht mit Dritten geteilt. Unsere Mitarbeiter sind verpflichtet, vertraulich mit Ihren Daten umzugehen.<\/p>\n<h4>PROTOKOLLDATEIEN<\/h4>\n<p>Diese Website sammelt Daten nicht-pers\u00f6nlicher Art in unseren Protokolldateien. Diese Daten werden nur f\u00fcr allgemeine Statistiken \u00fcber die Nutzung unserer Website genutzt. Cookies werden nicht gesetzt \u00fcber die Nutzung von Protokolldateien. Die aus Protokolldateien gewonnenen Informationen werden nicht mit denen aus anderen Datenquellen zusammengef\u00fcgt.<\/p>\n<p><strong>Recht auf Einsichtnahme, Korrektur und L\u00f6schung Ihrer Daten<\/strong><\/p>\n<p><em>Sie<\/em>\u00a0haben das Recht auf Einsichtnahme, Korrektur und L\u00f6schung Ihrer Daten. Diese Rechte \u00fcben <em>Sie<\/em>\u00a0\u00fcber das Formular auf unserer Kontaktseite aus. Um Missbrauch vorzubeugen, k\u00f6nnen wir <em>Sie<\/em> auffordern, <em>sich<\/em>\u00a0zu identifizieren. Geht es um Einsicht in personenbezogene Daten in Verbindung mit einem Cookie, dann m\u00fcssen <em>Sie<\/em>\u00a0eine Kopie des fraglichen Cookies mitsenden.\u00a0<em>Sie<\/em> finden dies in den Einstellungen Ihres Browsers.<\/p>\n<h4>COOKIES<\/h4>\n<p><em>Stamhuis.nl<\/em>\u00a0verwendet nur Cookies f\u00fcr Netzstatistiken. Dies tun <em>wir<\/em>\u00a0nur zu dem Zweck, um zu analysieren, wie Besucher unsere Website nutzen, und diese daraufhin zu verbessern. F\u00fcr die Nutzung von Netzstatistiken nutzen <em>wir<\/em>\u00a0das Analysepaket Google Analytics.<\/p>\n<table>\n<tbody>\n<tr>\n<td width=\"307\"><strong>Name Cookie<\/strong><\/td>\n<td width=\"307\"><strong>Zweck<\/strong><\/td>\n<\/tr>\n<tr>\n<td width=\"307\">_ga, _gat<\/td>\n<td width=\"307\">Mittels dieser Cookies bekommen wir Einsicht in den Websiteverkehr zu unserer Website. Anhand von Google Analytics wird ein deutliches Bild u. a. der Besucherstr\u00f6me, von welchen anderen Websites Besucher auf unsere Website kommen und Seitenwiedergaben gewonnen. Aufgrund dieser Informationen k\u00f6nnen wir die Website f\u00fcr unsere Besucher verbessern.<\/td>\n<\/tr>\n<\/tbody>\n<\/table>\n<p>Um Ihre Privatsph\u00e4re zu gew\u00e4hrleisten, haben <em>wir<\/em>\u00a0mit Google einen <strong>Verarbeitungsvertrag <\/strong>geschlossen. Darin ist festgelegt, dass bei der Verarbeitung personenbezogener Daten von unseren Besuchern nur Google als Verarbeiter auftritt. Au\u00dferdem haben <em>wir<\/em>\u00a0die Option f\u00fcr das <strong>Anonymisieren<\/strong>\u00a0Ihrer IP-Adresse aktiviert. Das hei\u00dft, dass die letzten drei Ziffern Ihrer IP-Adresse wegfallen und von Google nicht gespeichert werden. Schlie\u00dflich haben <em>wir es<\/em>Google\u00a0<strong>nicht<\/strong>\u00a0gestattet, die gewonnenen Google Analytics-Informationen f\u00fcr andere Google-Dienste zu nutzen.<\/p>\n<p><strong><em>Ausschalten oder L\u00f6schen von Cookies<\/em><\/strong><\/p>\n<p>Sie k\u00f6nnen Ihren Browser so einstellen, dass <em>Sie<\/em> die Setzung von Cookies verhindern, dass <em>Sie<\/em>\u00a0eine Warnung bekommen, wenn ein Cookie gesetzt wird oder dass \u00a0die Cookies hinterher von Ihrem Ger\u00e4t gel\u00f6scht werden. Da jeder Browser diesbez\u00fcglich anders organisiert ist, empfehlen <em>wir<\/em>\u00a0<em>Ihnen<\/em>,\u00a0die Hilfe-Funktion Ihres Browsers zu konsultieren.<\/p>\n","protected":false},"excerpt":{"rendered":"<p>Stamhuis.nl\u00a0legt gro\u00dfen Wert auf Ihre Privatsph\u00e4re. Obgleich die meisten Informationen verf\u00fcgbar sind, ohne dass personenbezogene Daten verschafft werden m\u00fcssen, ist es m\u00f6glich, dass wir Sie um personenbezogene Daten bitten. Die Verarbeitung dieser personenbezogenen Daten erfolgt gem\u00e4\u00df der EU-Datenschutz-Grundverordnung. \u00dcber unser Kontaktformular erbitten wir Ihren Namen und Ihre E-Mail-Adresse. In manchen F\u00e4llen k\u00f6nnen wir Sie\u00a0um weitere personenbezogene Daten bitten, wenn dies f\u00fcr die Beantwortung Ihrer Fragen relevant ist. Stamhuis.nl\u00a0nutzt Ihre personenbezogenen Daten nur f\u00fcr den Zweck, f\u00fcr den Sie diese hinterlassen haben, und bewahrt sie nicht l\u00e4nger als n\u00f6tig. Haben Sie\u00a0beispielsweise Ihre E-Mail-Adresse angegeben, um Kontakt mit uns aufzunehmen? Dann verwendet Stamhuis.nl Ihre Daten nicht, um Ihnen\u00a0auch Rundbriefe zuzusenden. Erhaltene personenbezogene Daten werden auf gesicherten Servern gespeichert und nicht mit Dritten geteilt. Unsere Mitarbeiter sind verpflichtet, vertraulich mit Ihren Daten umzugehen. PROTOKOLLDATEIEN Diese Website sammelt Daten nicht-pers\u00f6nlicher Art in unseren Protokolldateien.&hellip;<\/p>\n","protected":false},"author":1,"featured_media":0,"parent":0,"menu_order":0,"comment_status":"closed","ping_status":"closed","template":"","meta":{"om_disable_all_campaigns":false,"_monsterinsights_skip_tracking":false,"_monsterinsights_sitenote_active":false,"_monsterinsights_sitenote_note":"","_monsterinsights_sitenote_category":0,"footnotes":""},"class_list":{"0":"post-5661","1":"page","4":"hentry"},"_links":{"self":[{"href":"https:\/\/www.stamhuis.nl\/de\/wp-json\/wp\/v2\/pages\/5661","targetHints":{"allow":["GET"]}}],"collection":[{"href":"https:\/\/www.stamhuis.nl\/de\/wp-json\/wp\/v2\/pages"}],"about":[{"href":"https:\/\/www.stamhuis.nl\/de\/wp-json\/wp\/v2\/types\/page"}],"author":[{"embeddable":true,"href":"https:\/\/www.stamhuis.nl\/de\/wp-json\/wp\/v2\/users\/1"}],"replies":[{"embeddable":true,"href":"https:\/\/www.stamhuis.nl\/de\/wp-json\/wp\/v2\/comments?post=5661"}],"version-history":[{"count":0,"href":"https:\/\/www.stamhuis.nl\/de\/wp-json\/wp\/v2\/pages\/5661\/revisions"}],"wp:attachment":[{"href":"https:\/\/www.stamhuis.nl\/de\/wp-json\/wp\/v2\/media?parent=5661"}],"curies":[{"name":"wp","href":"https:\/\/api.w.org\/{rel}","templated":true}]}}