{"id":4085,"date":"2015-12-29T23:04:58","date_gmt":"2015-12-29T22:04:58","guid":{"rendered":"https:\/\/www.stamhuis.nl\/de\/projects\/flamingo-casinos\/"},"modified":"2016-07-04T11:48:57","modified_gmt":"2016-07-04T09:48:57","slug":"flamingo-casinos","status":"publish","type":"page","link":"https:\/\/www.stamhuis.nl\/de\/projekte\/flamingo-casinos\/","title":{"rendered":"Flamingo Casino&#8217;s"},"content":{"rendered":"<p class=\"intro\">Atmosph\u00e4re, Spiel und Spannung: das sind die Zutaten f\u00fcr einen gelungenen Vergn\u00fcgungsabend bei Flamingo Casino&#8217;s. Den Innenausstattungs- und Fertigstellungsspezialisten von Stamhuis ist es gelungen, diese Aspekte in der Einrichtung umzusetzen. Dar\u00fcber hinaus tragen auch die W\u00e4nde, B\u00f6den und Decken zu einer gem\u00fctlichen und luxuri\u00f6sen Las-Vegas-Atmosph\u00e4re bei. Kurzum, der perfekte Rahmen f\u00fcr einen spannenden Vergn\u00fcgungsabend. <em>Place your bets now ladies and gentlemen.<\/em><\/p>\n<p class=\"intro\"><strong><div id=\"slider\" class=\"flexslider\"><ul class=\"slides\"><li id=\"img\" href=\"https:\/\/www.stamhuis.nl\/wp-content\/uploads\/2015\/12\/FLAMIN1-1484x990.jpg\"><img decoding=\"async\" src=\"https:\/\/www.stamhuis.nl\/wp-content\/uploads\/2015\/12\/FLAMIN1-1484x990.jpg\" \/><\/li><li id=\"img\" href=\"https:\/\/www.stamhuis.nl\/wp-content\/uploads\/2015\/12\/FLAMIN2-1484x990.jpg\"><img decoding=\"async\" src=\"https:\/\/www.stamhuis.nl\/wp-content\/uploads\/2015\/12\/FLAMIN2-1484x990.jpg\" \/><\/li><li id=\"img\" href=\"https:\/\/www.stamhuis.nl\/wp-content\/uploads\/2016\/01\/20140924_44177.jpg\"><img decoding=\"async\" src=\"https:\/\/www.stamhuis.nl\/wp-content\/uploads\/2016\/01\/20140924_44177.jpg\" \/><\/li><li id=\"img\" href=\"https:\/\/www.stamhuis.nl\/wp-content\/uploads\/2016\/01\/20140924_44060.jpg\"><img decoding=\"async\" src=\"https:\/\/www.stamhuis.nl\/wp-content\/uploads\/2016\/01\/20140924_44060.jpg\" \/><\/li><li id=\"img\" href=\"https:\/\/www.stamhuis.nl\/wp-content\/uploads\/2016\/01\/20140924_44055.jpg\"><img decoding=\"async\" src=\"https:\/\/www.stamhuis.nl\/wp-content\/uploads\/2016\/01\/20140924_44055.jpg\" \/><\/li><li id=\"img\" href=\"https:\/\/www.stamhuis.nl\/wp-content\/uploads\/2015\/12\/FLAMIN3-1484x990.jpg\"><img decoding=\"async\" src=\"https:\/\/www.stamhuis.nl\/wp-content\/uploads\/2015\/12\/FLAMIN3-1484x990.jpg\" \/><\/li><\/ul><\/div><div id=\"carousel\" class=\"flexslider\"><ul class=\"slides\"><li><img decoding=\"async\" src=\"https:\/\/www.stamhuis.nl\/wp-content\/uploads\/2015\/12\/FLAMIN1-1484x990.jpg\" \/><div class=\"overlay\"><\/div><\/li><li><img decoding=\"async\" src=\"https:\/\/www.stamhuis.nl\/wp-content\/uploads\/2015\/12\/FLAMIN2-1484x990.jpg\" \/><div class=\"overlay\"><\/div><\/li><li><img decoding=\"async\" src=\"https:\/\/www.stamhuis.nl\/wp-content\/uploads\/2016\/01\/20140924_44177.jpg\" \/><div class=\"overlay\"><\/div><\/li><li><img decoding=\"async\" src=\"https:\/\/www.stamhuis.nl\/wp-content\/uploads\/2016\/01\/20140924_44060.jpg\" \/><div class=\"overlay\"><\/div><\/li><li><img decoding=\"async\" src=\"https:\/\/www.stamhuis.nl\/wp-content\/uploads\/2016\/01\/20140924_44055.jpg\" \/><div class=\"overlay\"><\/div><\/li><li><img decoding=\"async\" src=\"https:\/\/www.stamhuis.nl\/wp-content\/uploads\/2015\/12\/FLAMIN3-1484x990.jpg\" \/><div class=\"overlay\"><\/div><\/li><\/ul><\/div><\/strong><\/p>\n<p>F\u00fcr verschiedene Niederlassungen von Flamingo Casino&#8217;s hat sich Stamhuis um die Fertigstellung und die Innenausstattung gek\u00fcmmert. Ein Gro\u00dfteil wird in unserer eigenen Werkstatt vorgefertigt, sodass wir vor Ort noch besser und schneller arbeiten k\u00f6nnen. Indem wir der Vorbereitung besondere Aufmerksamkeit widmen (wobei wir digitales Scannen und 3D-Zeichnen nutzen), k\u00f6nnen wir Projekte besser planen und effizienter (voraus)arbeiten.<\/p>\n","protected":false},"excerpt":{"rendered":"<p>Atmosph\u00e4re, Spiel und Spannung: das sind die Zutaten f\u00fcr einen gelungenen Vergn\u00fcgungsabend bei Flamingo Casino&#8217;s. Den Innenausstattungs- und Fertigstellungsspezialisten von Stamhuis ist es gelungen, diese Aspekte in der Einrichtung umzusetzen. Dar\u00fcber hinaus tragen auch die W\u00e4nde, B\u00f6den und Decken zu einer gem\u00fctlichen und luxuri\u00f6sen Las-Vegas-Atmosph\u00e4re bei. Kurzum, der perfekte Rahmen f\u00fcr einen spannenden Vergn\u00fcgungsabend. Place your bets now ladies and gentlemen. F\u00fcr verschiedene Niederlassungen von Flamingo Casino&#8217;s hat sich Stamhuis um die Fertigstellung und die Innenausstattung gek\u00fcmmert. Ein Gro\u00dfteil wird in unserer eigenen Werkstatt vorgefertigt, sodass wir vor Ort noch besser und schneller arbeiten k\u00f6nnen. Indem wir der Vorbereitung besondere Aufmerksamkeit widmen (wobei wir digitales Scannen und 3D-Zeichnen nutzen), k\u00f6nnen wir Projekte besser planen und effizienter (voraus)arbeiten.<\/p>\n","protected":false},"author":3,"featured_media":4086,"parent":3922,"menu_order":21,"comment_status":"closed","ping_status":"closed","template":"","meta":{"om_disable_all_campaigns":false,"_monsterinsights_skip_tracking":false,"_monsterinsights_sitenote_active":false,"_monsterinsights_sitenote_note":"","_monsterinsights_sitenote_category":0,"footnotes":""},"class_list":{"0":"post-4085","1":"page","4":"has-post-thumbnail","5":"hentry"},"_links":{"self":[{"href":"https:\/\/www.stamhuis.nl\/de\/wp-json\/wp\/v2\/pages\/4085","targetHints":{"allow":["GET"]}}],"collection":[{"href":"https:\/\/www.stamhuis.nl\/de\/wp-json\/wp\/v2\/pages"}],"about":[{"href":"https:\/\/www.stamhuis.nl\/de\/wp-json\/wp\/v2\/types\/page"}],"author":[{"embeddable":true,"href":"https:\/\/www.stamhuis.nl\/de\/wp-json\/wp\/v2\/users\/3"}],"replies":[{"embeddable":true,"href":"https:\/\/www.stamhuis.nl\/de\/wp-json\/wp\/v2\/comments?post=4085"}],"version-history":[{"count":0,"href":"https:\/\/www.stamhuis.nl\/de\/wp-json\/wp\/v2\/pages\/4085\/revisions"}],"up":[{"embeddable":true,"href":"https:\/\/www.stamhuis.nl\/de\/wp-json\/wp\/v2\/pages\/3922"}],"wp:featuredmedia":[{"embeddable":true,"href":"https:\/\/www.stamhuis.nl\/de\/wp-json\/wp\/v2\/media\/4086"}],"wp:attachment":[{"href":"https:\/\/www.stamhuis.nl\/de\/wp-json\/wp\/v2\/media?parent=4085"}],"curies":[{"name":"wp","href":"https:\/\/api.w.org\/{rel}","templated":true}]}}