{"id":4078,"date":"2016-02-05T11:47:22","date_gmt":"2016-02-05T10:47:22","guid":{"rendered":"https:\/\/www.stamhuis.nl\/de\/projects\/deitmers-mannenmode\/"},"modified":"2016-06-29T15:07:08","modified_gmt":"2016-06-29T13:07:08","slug":"deitmers-mannenmode","status":"publish","type":"page","link":"https:\/\/www.stamhuis.nl\/de\/projekte\/deitmers-mannenmode\/","title":{"rendered":"Deitmers Herrenmode"},"content":{"rendered":"<p class=\"intro\">Deitmers Herrenmode ist bereits seit \u00fcber 130 Jahren ein Begriff in der Gemeinde Purmerend. Der Schreck war demnach auch gro\u00df, als dieses vornehme Bekleidungsgesch\u00e4ft v\u00f6llig abbrannte. Zum Gl\u00fcck fanden die Inhaber schon schnell eine neue Unterkunft. Nicht viel sp\u00e4ter wurde mit Stamhuis Kontakt aufgenommen, um dieses Geb\u00e4ude in ein elegantes Bekleidungsgesch\u00e4ft mit derselben Atmosp\u00e4re wie der urspr\u00fcngliche Laden zu verwandeln.<\/p>\n<p class=\"intro\"><strong><div id=\"slider\" class=\"flexslider\"><ul class=\"slides\"><li id=\"img\" href=\"https:\/\/www.stamhuis.nl\/wp-content\/uploads\/2016\/02\/DSC_0332-1484x990.jpg\"><img decoding=\"async\" src=\"https:\/\/www.stamhuis.nl\/wp-content\/uploads\/2016\/02\/DSC_0332-1484x990.jpg\" \/><\/li><li id=\"img\" href=\"https:\/\/www.stamhuis.nl\/wp-content\/uploads\/2016\/02\/DSC_0333-1484x990.jpg\"><img decoding=\"async\" src=\"https:\/\/www.stamhuis.nl\/wp-content\/uploads\/2016\/02\/DSC_0333-1484x990.jpg\" \/><\/li><li id=\"img\" href=\"https:\/\/www.stamhuis.nl\/wp-content\/uploads\/2016\/02\/DSC_0342-1484x990.jpg\"><img decoding=\"async\" src=\"https:\/\/www.stamhuis.nl\/wp-content\/uploads\/2016\/02\/DSC_0342-1484x990.jpg\" \/><\/li><li id=\"img\" href=\"https:\/\/www.stamhuis.nl\/wp-content\/uploads\/2016\/02\/DSC_0343-1484x990.jpg\"><img decoding=\"async\" src=\"https:\/\/www.stamhuis.nl\/wp-content\/uploads\/2016\/02\/DSC_0343-1484x990.jpg\" \/><\/li><li id=\"img\" href=\"https:\/\/www.stamhuis.nl\/wp-content\/uploads\/2016\/02\/DSC_0346-1484x990.jpg\"><img decoding=\"async\" src=\"https:\/\/www.stamhuis.nl\/wp-content\/uploads\/2016\/02\/DSC_0346-1484x990.jpg\" \/><\/li><li id=\"img\" href=\"https:\/\/www.stamhuis.nl\/wp-content\/uploads\/2016\/02\/DSC_0350-1484x990.jpg\"><img decoding=\"async\" src=\"https:\/\/www.stamhuis.nl\/wp-content\/uploads\/2016\/02\/DSC_0350-1484x990.jpg\" \/><\/li><li id=\"img\" href=\"https:\/\/www.stamhuis.nl\/wp-content\/uploads\/2016\/02\/DSC_0366-1484x990.jpg\"><img decoding=\"async\" src=\"https:\/\/www.stamhuis.nl\/wp-content\/uploads\/2016\/02\/DSC_0366-1484x990.jpg\" \/><\/li><li id=\"img\" href=\"https:\/\/www.stamhuis.nl\/wp-content\/uploads\/2016\/02\/DSC_0369-1484x990.jpg\"><img decoding=\"async\" src=\"https:\/\/www.stamhuis.nl\/wp-content\/uploads\/2016\/02\/DSC_0369-1484x990.jpg\" \/><\/li><li id=\"img\" href=\"https:\/\/www.stamhuis.nl\/wp-content\/uploads\/2016\/02\/DSC_0373-1484x990.jpg\"><img decoding=\"async\" src=\"https:\/\/www.stamhuis.nl\/wp-content\/uploads\/2016\/02\/DSC_0373-1484x990.jpg\" \/><\/li><\/ul><\/div><div id=\"carousel\" class=\"flexslider\"><ul class=\"slides\"><li><img decoding=\"async\" src=\"https:\/\/www.stamhuis.nl\/wp-content\/uploads\/2016\/02\/DSC_0332-1484x990.jpg\" \/><div class=\"overlay\"><\/div><\/li><li><img decoding=\"async\" src=\"https:\/\/www.stamhuis.nl\/wp-content\/uploads\/2016\/02\/DSC_0333-1484x990.jpg\" \/><div class=\"overlay\"><\/div><\/li><li><img decoding=\"async\" src=\"https:\/\/www.stamhuis.nl\/wp-content\/uploads\/2016\/02\/DSC_0342-1484x990.jpg\" \/><div class=\"overlay\"><\/div><\/li><li><img decoding=\"async\" src=\"https:\/\/www.stamhuis.nl\/wp-content\/uploads\/2016\/02\/DSC_0343-1484x990.jpg\" \/><div class=\"overlay\"><\/div><\/li><li><img decoding=\"async\" src=\"https:\/\/www.stamhuis.nl\/wp-content\/uploads\/2016\/02\/DSC_0346-1484x990.jpg\" \/><div class=\"overlay\"><\/div><\/li><li><img decoding=\"async\" src=\"https:\/\/www.stamhuis.nl\/wp-content\/uploads\/2016\/02\/DSC_0350-1484x990.jpg\" \/><div class=\"overlay\"><\/div><\/li><li><img decoding=\"async\" src=\"https:\/\/www.stamhuis.nl\/wp-content\/uploads\/2016\/02\/DSC_0366-1484x990.jpg\" \/><div class=\"overlay\"><\/div><\/li><li><img decoding=\"async\" src=\"https:\/\/www.stamhuis.nl\/wp-content\/uploads\/2016\/02\/DSC_0369-1484x990.jpg\" \/><div class=\"overlay\"><\/div><\/li><li><img decoding=\"async\" src=\"https:\/\/www.stamhuis.nl\/wp-content\/uploads\/2016\/02\/DSC_0373-1484x990.jpg\" \/><div class=\"overlay\"><\/div><\/li><\/ul><\/div><\/strong><\/p>\n<p>In enger Zusammenarbeit mit unserer Innovationsabteilung haben wir die Einrichtung in ein zeitgen\u00f6ssisches Licht ger\u00fcckt. In kurzer Zeit produzierten wir ma\u00dfgefertigte Schrankw\u00e4nde, Konfektionstische und einen wundersch\u00f6nen Ladentisch. Anschlie\u00dfend wurde auch die Decke montiert und der Laden rundum mit Wandpaneelen mit H\u00e4nge- und Ablagem\u00f6glichkeiten versehen. Das Ergebnis ist ein elegantes und stimmungsvolles Bekleidungsgesch\u00e4ft und ein neuer Anfang f\u00fcr Deitmers Herrenmode.<\/p>\n","protected":false},"excerpt":{"rendered":"<p>Deitmers Herrenmode ist bereits seit \u00fcber 130 Jahren ein Begriff in der Gemeinde Purmerend. Der Schreck war demnach auch gro\u00df, als dieses vornehme Bekleidungsgesch\u00e4ft v\u00f6llig abbrannte. Zum Gl\u00fcck fanden die Inhaber schon schnell eine neue Unterkunft. Nicht viel sp\u00e4ter wurde mit Stamhuis Kontakt aufgenommen, um dieses Geb\u00e4ude in ein elegantes Bekleidungsgesch\u00e4ft mit derselben Atmosp\u00e4re wie der urspr\u00fcngliche Laden zu verwandeln. In enger Zusammenarbeit mit unserer Innovationsabteilung haben wir die Einrichtung in ein zeitgen\u00f6ssisches Licht ger\u00fcckt. In kurzer Zeit produzierten wir ma\u00dfgefertigte Schrankw\u00e4nde, Konfektionstische und einen wundersch\u00f6nen Ladentisch. Anschlie\u00dfend wurde auch die Decke montiert und der Laden rundum mit Wandpaneelen mit H\u00e4nge- und Ablagem\u00f6glichkeiten versehen. Das Ergebnis ist ein elegantes und stimmungsvolles Bekleidungsgesch\u00e4ft und ein neuer Anfang f\u00fcr Deitmers Herrenmode.<\/p>\n","protected":false},"author":3,"featured_media":4079,"parent":3922,"menu_order":14,"comment_status":"closed","ping_status":"closed","template":"","meta":{"om_disable_all_campaigns":false,"_monsterinsights_skip_tracking":false,"_monsterinsights_sitenote_active":false,"_monsterinsights_sitenote_note":"","_monsterinsights_sitenote_category":0,"footnotes":""},"class_list":{"0":"post-4078","1":"page","4":"has-post-thumbnail","5":"hentry"},"_links":{"self":[{"href":"https:\/\/www.stamhuis.nl\/de\/wp-json\/wp\/v2\/pages\/4078","targetHints":{"allow":["GET"]}}],"collection":[{"href":"https:\/\/www.stamhuis.nl\/de\/wp-json\/wp\/v2\/pages"}],"about":[{"href":"https:\/\/www.stamhuis.nl\/de\/wp-json\/wp\/v2\/types\/page"}],"author":[{"embeddable":true,"href":"https:\/\/www.stamhuis.nl\/de\/wp-json\/wp\/v2\/users\/3"}],"replies":[{"embeddable":true,"href":"https:\/\/www.stamhuis.nl\/de\/wp-json\/wp\/v2\/comments?post=4078"}],"version-history":[{"count":0,"href":"https:\/\/www.stamhuis.nl\/de\/wp-json\/wp\/v2\/pages\/4078\/revisions"}],"up":[{"embeddable":true,"href":"https:\/\/www.stamhuis.nl\/de\/wp-json\/wp\/v2\/pages\/3922"}],"wp:featuredmedia":[{"embeddable":true,"href":"https:\/\/www.stamhuis.nl\/de\/wp-json\/wp\/v2\/media\/4079"}],"wp:attachment":[{"href":"https:\/\/www.stamhuis.nl\/de\/wp-json\/wp\/v2\/media?parent=4078"}],"curies":[{"name":"wp","href":"https:\/\/api.w.org\/{rel}","templated":true}]}}