{"id":4074,"date":"2015-12-28T18:09:40","date_gmt":"2015-12-28T17:09:40","guid":{"rendered":"https:\/\/www.stamhuis.nl\/de\/projects\/de-kastanjetuin\/"},"modified":"2016-07-04T11:38:36","modified_gmt":"2016-07-04T09:38:36","slug":"de-kastanjetuin","status":"publish","type":"page","link":"https:\/\/www.stamhuis.nl\/de\/projekte\/de-kastanjetuin\/","title":{"rendered":"Wohnanlage De Kastanjetuin"},"content":{"rendered":"<p class=\"intro\">Als fortschrittliches Bauunternehmen stellen wir hohe Anforderungen an jedes Projekt, das wir ausf\u00fchren. Das gilt nicht zuletzt f\u00fcr unsere Immobilienprojekte. Hier stehen Lebensqualit\u00e4t, (Wohn-) Komfort und Nachhaltigkeit im Mittelpunkt.\u00a0Selbstverst\u00e4ndlich mit Respekt f\u00fcr die nat\u00fcrliche Umgebung. Der Bau der Wohnanlage \u2018De Kastanjetuin\u2019 gilt diesbez\u00fcglich als ein illustratives Beispiel.<\/p>\n<p><strong><div id=\"slider\" class=\"flexslider\"><ul class=\"slides\"><li id=\"img\" href=\"https:\/\/www.stamhuis.nl\/wp-content\/uploads\/2015\/12\/15515753747_54fc01fbfa_c.jpg\"><img decoding=\"async\" src=\"https:\/\/www.stamhuis.nl\/wp-content\/uploads\/2015\/12\/15515753747_54fc01fbfa_c.jpg\" \/><\/li><li id=\"img\" href=\"https:\/\/www.stamhuis.nl\/wp-content\/uploads\/2015\/12\/over-de-kastanjetuin-large1.jpg\"><img decoding=\"async\" src=\"https:\/\/www.stamhuis.nl\/wp-content\/uploads\/2015\/12\/over-de-kastanjetuin-large1.jpg\" \/><\/li><li id=\"img\" href=\"https:\/\/www.stamhuis.nl\/wp-content\/uploads\/2015\/12\/home_5.jpg\"><img decoding=\"async\" src=\"https:\/\/www.stamhuis.nl\/wp-content\/uploads\/2015\/12\/home_5.jpg\" \/><\/li><li id=\"img\" href=\"https:\/\/www.stamhuis.nl\/wp-content\/uploads\/2015\/12\/home_3.jpg\"><img decoding=\"async\" src=\"https:\/\/www.stamhuis.nl\/wp-content\/uploads\/2015\/12\/home_3.jpg\" \/><\/li><li id=\"img\" href=\"https:\/\/www.stamhuis.nl\/wp-content\/uploads\/2015\/12\/home_1.jpg\"><img decoding=\"async\" src=\"https:\/\/www.stamhuis.nl\/wp-content\/uploads\/2015\/12\/home_1.jpg\" \/><\/li><\/ul><\/div><div id=\"carousel\" class=\"flexslider\"><ul class=\"slides\"><li><img decoding=\"async\" src=\"https:\/\/www.stamhuis.nl\/wp-content\/uploads\/2015\/12\/15515753747_54fc01fbfa_c.jpg\" \/><div class=\"overlay\"><\/div><\/li><li><img decoding=\"async\" src=\"https:\/\/www.stamhuis.nl\/wp-content\/uploads\/2015\/12\/over-de-kastanjetuin-large1.jpg\" \/><div class=\"overlay\"><\/div><\/li><li><img decoding=\"async\" src=\"https:\/\/www.stamhuis.nl\/wp-content\/uploads\/2015\/12\/home_5.jpg\" \/><div class=\"overlay\"><\/div><\/li><li><img decoding=\"async\" src=\"https:\/\/www.stamhuis.nl\/wp-content\/uploads\/2015\/12\/home_3.jpg\" \/><div class=\"overlay\"><\/div><\/li><li><img decoding=\"async\" src=\"https:\/\/www.stamhuis.nl\/wp-content\/uploads\/2015\/12\/home_1.jpg\" \/><div class=\"overlay\"><\/div><\/li><\/ul><\/div><\/strong><\/p>\n<p>Am Rande des gem\u00fctlichen Wohnviertels der drei\u00dfiger Jahre Tuindorp in Utrecht entsteht Anfang 2017 das Immobilienprojekt De Kastanjetuin mit achtzehn luxuri\u00f6sen und \u00fcberraschend ger\u00e4umigen Appartements. Die Luxuswohnanlage liegt wundersch\u00f6n im Gr\u00fcnen und hat ihren Namen von zwei alten, charakteristischen Kastanien auf dem Gel\u00e4nde. Nettes Detail: diese B\u00e4ume wurden einst durch Hendrik Stamhuis, den Gro\u00dfvater des heutigen Projektentwicklers Henk Stamhuis, gepflanzt.<\/p>\n","protected":false},"excerpt":{"rendered":"<p>Als fortschrittliches Bauunternehmen stellen wir hohe Anforderungen an jedes Projekt, das wir ausf\u00fchren. Das gilt nicht zuletzt f\u00fcr unsere Immobilienprojekte. Hier stehen Lebensqualit\u00e4t, (Wohn-) Komfort und Nachhaltigkeit im Mittelpunkt.\u00a0Selbstverst\u00e4ndlich mit Respekt f\u00fcr die nat\u00fcrliche Umgebung. Der Bau der Wohnanlage \u2018De Kastanjetuin\u2019 gilt diesbez\u00fcglich als ein illustratives Beispiel. Am Rande des gem\u00fctlichen Wohnviertels der drei\u00dfiger Jahre Tuindorp in Utrecht entsteht Anfang 2017 das Immobilienprojekt De Kastanjetuin mit achtzehn luxuri\u00f6sen und \u00fcberraschend ger\u00e4umigen Appartements. Die Luxuswohnanlage liegt wundersch\u00f6n im Gr\u00fcnen und hat ihren Namen von zwei alten, charakteristischen Kastanien auf dem Gel\u00e4nde. Nettes Detail: diese B\u00e4ume wurden einst durch Hendrik Stamhuis, den Gro\u00dfvater des heutigen Projektentwicklers Henk Stamhuis, gepflanzt.<\/p>\n","protected":false},"author":3,"featured_media":4075,"parent":3922,"menu_order":18,"comment_status":"closed","ping_status":"closed","template":"","meta":{"om_disable_all_campaigns":false,"_monsterinsights_skip_tracking":false,"_monsterinsights_sitenote_active":false,"_monsterinsights_sitenote_note":"","_monsterinsights_sitenote_category":0,"footnotes":""},"class_list":{"0":"post-4074","1":"page","4":"has-post-thumbnail","5":"hentry"},"_links":{"self":[{"href":"https:\/\/www.stamhuis.nl\/de\/wp-json\/wp\/v2\/pages\/4074","targetHints":{"allow":["GET"]}}],"collection":[{"href":"https:\/\/www.stamhuis.nl\/de\/wp-json\/wp\/v2\/pages"}],"about":[{"href":"https:\/\/www.stamhuis.nl\/de\/wp-json\/wp\/v2\/types\/page"}],"author":[{"embeddable":true,"href":"https:\/\/www.stamhuis.nl\/de\/wp-json\/wp\/v2\/users\/3"}],"replies":[{"embeddable":true,"href":"https:\/\/www.stamhuis.nl\/de\/wp-json\/wp\/v2\/comments?post=4074"}],"version-history":[{"count":0,"href":"https:\/\/www.stamhuis.nl\/de\/wp-json\/wp\/v2\/pages\/4074\/revisions"}],"up":[{"embeddable":true,"href":"https:\/\/www.stamhuis.nl\/de\/wp-json\/wp\/v2\/pages\/3922"}],"wp:featuredmedia":[{"embeddable":true,"href":"https:\/\/www.stamhuis.nl\/de\/wp-json\/wp\/v2\/media\/4075"}],"wp:attachment":[{"href":"https:\/\/www.stamhuis.nl\/de\/wp-json\/wp\/v2\/media?parent=4074"}],"curies":[{"name":"wp","href":"https:\/\/api.w.org\/{rel}","templated":true}]}}