{"id":4069,"date":"2016-03-02T13:33:44","date_gmt":"2016-03-02T12:33:44","guid":{"rendered":"https:\/\/www.stamhuis.nl\/de\/projects\/hoofdkantoor-de-hypotheker\/"},"modified":"2016-06-28T16:17:54","modified_gmt":"2016-06-28T14:17:54","slug":"hoofdkantoor-de-hypotheker","status":"publish","type":"page","link":"https:\/\/www.stamhuis.nl\/de\/projekte\/hoofdkantoor-de-hypotheker\/","title":{"rendered":"Zentrale De Hypotheker"},"content":{"rendered":"<p class=\"intro\">\u2018Setzen Sie die typische\u00a0Wohnzimmeratmosph\u00e4re unserer normalen Filialen in die Einrichtung unserer Zentrale um\u2019. Mit diesem Auftrag wurde\u00a0Stamhuis\u00a0von De Hypotheker betraut. Mit Stolz k\u00f6nnen wir feststellen, dass dieser herausfordernde Auftrag zur vollen Zufriedenheit aller Beteiligten\u00a0ausgef\u00fchrt wurde. Und nicht zuletzt zu unserer eigenen\u00a0Zufriedenheit! Es ist uns n\u00e4mlich gelungen, dieses Projekt ohne Problempunkte zu realisieren!<\/p>\n<p><strong><div id=\"slider\" class=\"flexslider\"><ul class=\"slides\"><li id=\"img\" href=\"https:\/\/www.stamhuis.nl\/wp-content\/uploads\/2016\/03\/DSCN0780-1484x990.jpg\"><img decoding=\"async\" src=\"https:\/\/www.stamhuis.nl\/wp-content\/uploads\/2016\/03\/DSCN0780-1484x990.jpg\" \/><\/li><li id=\"img\" href=\"https:\/\/www.stamhuis.nl\/wp-content\/uploads\/2016\/03\/DSCN0783-1484x990.jpg\"><img decoding=\"async\" src=\"https:\/\/www.stamhuis.nl\/wp-content\/uploads\/2016\/03\/DSCN0783-1484x990.jpg\" \/><\/li><li id=\"img\" href=\"https:\/\/www.stamhuis.nl\/wp-content\/uploads\/2016\/03\/DSCN0786-1484x990.jpg\"><img decoding=\"async\" src=\"https:\/\/www.stamhuis.nl\/wp-content\/uploads\/2016\/03\/DSCN0786-1484x990.jpg\" \/><\/li><li id=\"img\" href=\"https:\/\/www.stamhuis.nl\/wp-content\/uploads\/2016\/03\/DSCN0789-1484x990.jpg\"><img decoding=\"async\" src=\"https:\/\/www.stamhuis.nl\/wp-content\/uploads\/2016\/03\/DSCN0789-1484x990.jpg\" \/><\/li><li id=\"img\" href=\"https:\/\/www.stamhuis.nl\/wp-content\/uploads\/2016\/03\/DSCN0791-1484x990.jpg\"><img decoding=\"async\" src=\"https:\/\/www.stamhuis.nl\/wp-content\/uploads\/2016\/03\/DSCN0791-1484x990.jpg\" \/><\/li><li id=\"img\" href=\"https:\/\/www.stamhuis.nl\/wp-content\/uploads\/2016\/03\/DSCN0793-1484x990.jpg\"><img decoding=\"async\" src=\"https:\/\/www.stamhuis.nl\/wp-content\/uploads\/2016\/03\/DSCN0793-1484x990.jpg\" \/><\/li><li id=\"img\" href=\"https:\/\/www.stamhuis.nl\/wp-content\/uploads\/2016\/03\/IMG_2252-1484x990.jpg\"><img decoding=\"async\" src=\"https:\/\/www.stamhuis.nl\/wp-content\/uploads\/2016\/03\/IMG_2252-1484x990.jpg\" \/><\/li><li id=\"img\" href=\"https:\/\/www.stamhuis.nl\/wp-content\/uploads\/2016\/03\/IMG_2254-1484x990.jpg\"><img decoding=\"async\" src=\"https:\/\/www.stamhuis.nl\/wp-content\/uploads\/2016\/03\/IMG_2254-1484x990.jpg\" \/><\/li><\/ul><\/div><div id=\"carousel\" class=\"flexslider\"><ul class=\"slides\"><li><img decoding=\"async\" src=\"https:\/\/www.stamhuis.nl\/wp-content\/uploads\/2016\/03\/DSCN0780-1484x990.jpg\" \/><div class=\"overlay\"><\/div><\/li><li><img decoding=\"async\" src=\"https:\/\/www.stamhuis.nl\/wp-content\/uploads\/2016\/03\/DSCN0783-1484x990.jpg\" \/><div class=\"overlay\"><\/div><\/li><li><img decoding=\"async\" src=\"https:\/\/www.stamhuis.nl\/wp-content\/uploads\/2016\/03\/DSCN0786-1484x990.jpg\" \/><div class=\"overlay\"><\/div><\/li><li><img decoding=\"async\" src=\"https:\/\/www.stamhuis.nl\/wp-content\/uploads\/2016\/03\/DSCN0789-1484x990.jpg\" \/><div class=\"overlay\"><\/div><\/li><li><img decoding=\"async\" src=\"https:\/\/www.stamhuis.nl\/wp-content\/uploads\/2016\/03\/DSCN0791-1484x990.jpg\" \/><div class=\"overlay\"><\/div><\/li><li><img decoding=\"async\" src=\"https:\/\/www.stamhuis.nl\/wp-content\/uploads\/2016\/03\/DSCN0793-1484x990.jpg\" \/><div class=\"overlay\"><\/div><\/li><li><img decoding=\"async\" src=\"https:\/\/www.stamhuis.nl\/wp-content\/uploads\/2016\/03\/IMG_2252-1484x990.jpg\" \/><div class=\"overlay\"><\/div><\/li><li><img decoding=\"async\" src=\"https:\/\/www.stamhuis.nl\/wp-content\/uploads\/2016\/03\/IMG_2254-1484x990.jpg\" \/><div class=\"overlay\"><\/div><\/li><\/ul><\/div><\/strong><\/p>\n<p>W\u00e4hrend des Umbaus sorgte Stamhuis f\u00fcr die Anleitung und Koordinierung am Arbeitsplatz. Das war\u00a0sicherlich notwendig, da dieses\u00a0Projekt\u00a0nur in Abschnitten ausgef\u00fchrt werden konnte.\u00a0Die B\u00fcroangestellten wurden w\u00e4hrend der Ausf\u00fchrung\u00a0vor\u00fcbergehend im einen Trakt untergebracht, sodass die Arbeiten ohne Probleme\u00a0im anderen Trakt stattfinden konnten. Stamhuis hat die Fassade der\u00a0beiden B\u00fcrotrakte freigelegt und gleichzeitig\u00a0Anpassungen\u00a0an\u00a0Decken und\u00a0Glasw\u00e4nden vorgenommen.\u00a0Das B\u00fcro wurde\u00a0w\u00e4hrend des Umbaus mit neuem Bodenbelag, Anstrich, Signing und\u00a0(teilweise) neuen M\u00f6beln versehen. Die\u00a0elektrischen Anschl\u00fcsse, die Beleuchtung sowie die Klima- und Heizanlage wurden ebenfalls der neuen Einteilung angepasst. Zum Schluss wurde in beiden Trakten ein\u00a0Begegnungsraum geschaffen, wo man informell tagen oder sich ein ruhiges Pl\u00e4tzchen\u00a0suchen kann.\u00a0Die Mitarbeiter und Vorstandsmitglieder k\u00f6nnen\u00a0in der neuen Situation\u00a0nach Herzenslust\u00a0die modernen\u00a0Konferenzr\u00e4umen, Ausbildungsr\u00e4umen und\u00a0ruhigen Arbeitspl\u00e4tze nutzen.\u00a0Als\u00a0I-P\u00fcnktchen haben wir noch\u00a0ein Beratungszimmer nachgebaut, in dem neue Mitarbeiter eingearbeitet werden k\u00f6nnen.<\/p>\n","protected":false},"excerpt":{"rendered":"<p>\u2018Setzen Sie die typische\u00a0Wohnzimmeratmosph\u00e4re unserer normalen Filialen in die Einrichtung unserer Zentrale um\u2019. Mit diesem Auftrag wurde\u00a0Stamhuis\u00a0von De Hypotheker betraut. Mit Stolz k\u00f6nnen wir feststellen, dass dieser herausfordernde Auftrag zur vollen Zufriedenheit aller Beteiligten\u00a0ausgef\u00fchrt wurde. Und nicht zuletzt zu unserer eigenen\u00a0Zufriedenheit! Es ist uns n\u00e4mlich gelungen, dieses Projekt ohne Problempunkte zu realisieren! W\u00e4hrend des Umbaus sorgte Stamhuis f\u00fcr die Anleitung und Koordinierung am Arbeitsplatz. Das war\u00a0sicherlich notwendig, da dieses\u00a0Projekt\u00a0nur in Abschnitten ausgef\u00fchrt werden konnte.\u00a0Die B\u00fcroangestellten wurden w\u00e4hrend der Ausf\u00fchrung\u00a0vor\u00fcbergehend im einen Trakt untergebracht, sodass die Arbeiten ohne Probleme\u00a0im anderen Trakt stattfinden konnten. Stamhuis hat die Fassade der\u00a0beiden B\u00fcrotrakte freigelegt und gleichzeitig\u00a0Anpassungen\u00a0an\u00a0Decken und\u00a0Glasw\u00e4nden vorgenommen.\u00a0Das B\u00fcro wurde\u00a0w\u00e4hrend des Umbaus mit neuem Bodenbelag, Anstrich, Signing und\u00a0(teilweise) neuen M\u00f6beln versehen. Die\u00a0elektrischen Anschl\u00fcsse, die Beleuchtung sowie die Klima- und Heizanlage wurden ebenfalls der neuen Einteilung angepasst. Zum Schluss wurde in beiden Trakten ein\u00a0Begegnungsraum geschaffen, wo&hellip;<\/p>\n","protected":false},"author":3,"featured_media":4070,"parent":3922,"menu_order":16,"comment_status":"closed","ping_status":"closed","template":"","meta":{"om_disable_all_campaigns":false,"_monsterinsights_skip_tracking":false,"_monsterinsights_sitenote_active":false,"_monsterinsights_sitenote_note":"","_monsterinsights_sitenote_category":0,"footnotes":""},"class_list":{"0":"post-4069","1":"page","4":"has-post-thumbnail","5":"hentry"},"_links":{"self":[{"href":"https:\/\/www.stamhuis.nl\/de\/wp-json\/wp\/v2\/pages\/4069","targetHints":{"allow":["GET"]}}],"collection":[{"href":"https:\/\/www.stamhuis.nl\/de\/wp-json\/wp\/v2\/pages"}],"about":[{"href":"https:\/\/www.stamhuis.nl\/de\/wp-json\/wp\/v2\/types\/page"}],"author":[{"embeddable":true,"href":"https:\/\/www.stamhuis.nl\/de\/wp-json\/wp\/v2\/users\/3"}],"replies":[{"embeddable":true,"href":"https:\/\/www.stamhuis.nl\/de\/wp-json\/wp\/v2\/comments?post=4069"}],"version-history":[{"count":0,"href":"https:\/\/www.stamhuis.nl\/de\/wp-json\/wp\/v2\/pages\/4069\/revisions"}],"up":[{"embeddable":true,"href":"https:\/\/www.stamhuis.nl\/de\/wp-json\/wp\/v2\/pages\/3922"}],"wp:featuredmedia":[{"embeddable":true,"href":"https:\/\/www.stamhuis.nl\/de\/wp-json\/wp\/v2\/media\/4070"}],"wp:attachment":[{"href":"https:\/\/www.stamhuis.nl\/de\/wp-json\/wp\/v2\/media?parent=4069"}],"curies":[{"name":"wp","href":"https:\/\/api.w.org\/{rel}","templated":true}]}}