{"id":4065,"date":"2016-01-08T16:42:56","date_gmt":"2016-01-08T15:42:56","guid":{"rendered":"https:\/\/www.stamhuis.nl\/de\/projects\/albert-heijn-hoofdkantoor-belgie\/"},"modified":"2016-06-28T16:12:30","modified_gmt":"2016-06-28T14:12:30","slug":"albert-heijn-zentrale-belgien","status":"publish","type":"page","link":"https:\/\/www.stamhuis.nl\/de\/projekte\/albert-heijn-zentrale-belgien\/","title":{"rendered":"ALBERT HEIJN ZENTRALE BELGIEN"},"content":{"rendered":"<p class=\"intro\">F\u00fcr die Einrichtung der belgischen Zentrale von Albert Heijn wurde Stamhuis gebeten, die komplette Fertigstellung zu \u00fcbernehmen. Im Rahmen des vollst\u00e4ndigen Umbaus dieser ehemaligen dreigeschossigen Autowerkstatt stellte dieses B\u00fcro sowohl w\u00f6rtlich als auch im \u00fcbertragenen Sinne den H\u00f6hepunkt dar. In nur einem Monat wurde das oberste Geschoss mit einer Gesamtfl\u00e4che von\u00a0\u00b1 900 m\u00b2 in eine angenehme Arbeitsumgebung verwandelt.<\/p>\n<p><strong><div id=\"slider\" class=\"flexslider\"><ul class=\"slides\"><li id=\"img\" href=\"https:\/\/www.stamhuis.nl\/wp-content\/uploads\/2016\/01\/Photography-DM_AH-8-1484x990.jpg\"><img decoding=\"async\" src=\"https:\/\/www.stamhuis.nl\/wp-content\/uploads\/2016\/01\/Photography-DM_AH-8-1484x990.jpg\" \/><\/li><li id=\"img\" href=\"https:\/\/www.stamhuis.nl\/wp-content\/uploads\/2016\/01\/Photography-DM_AH-21-1484x990.jpg\"><img decoding=\"async\" src=\"https:\/\/www.stamhuis.nl\/wp-content\/uploads\/2016\/01\/Photography-DM_AH-21-1484x990.jpg\" \/><\/li><li id=\"img\" href=\"https:\/\/www.stamhuis.nl\/wp-content\/uploads\/2016\/01\/Photography-DM_AH-22.jpg\"><img decoding=\"async\" src=\"https:\/\/www.stamhuis.nl\/wp-content\/uploads\/2016\/01\/Photography-DM_AH-22.jpg\" \/><\/li><li id=\"img\" href=\"https:\/\/www.stamhuis.nl\/wp-content\/uploads\/2016\/01\/Photography-DM_AH-19.jpg\"><img decoding=\"async\" src=\"https:\/\/www.stamhuis.nl\/wp-content\/uploads\/2016\/01\/Photography-DM_AH-19.jpg\" \/><\/li><li id=\"img\" href=\"https:\/\/www.stamhuis.nl\/wp-content\/uploads\/2016\/01\/Photography-DM_AH-18.jpg\"><img decoding=\"async\" src=\"https:\/\/www.stamhuis.nl\/wp-content\/uploads\/2016\/01\/Photography-DM_AH-18.jpg\" \/><\/li><li id=\"img\" href=\"https:\/\/www.stamhuis.nl\/wp-content\/uploads\/2016\/01\/Photography-DM_AH-16.jpg\"><img decoding=\"async\" src=\"https:\/\/www.stamhuis.nl\/wp-content\/uploads\/2016\/01\/Photography-DM_AH-16.jpg\" \/><\/li><li id=\"img\" href=\"https:\/\/www.stamhuis.nl\/wp-content\/uploads\/2016\/01\/Photography-DM_AH-13.jpg\"><img decoding=\"async\" src=\"https:\/\/www.stamhuis.nl\/wp-content\/uploads\/2016\/01\/Photography-DM_AH-13.jpg\" \/><\/li><li id=\"img\" href=\"https:\/\/www.stamhuis.nl\/wp-content\/uploads\/2016\/01\/Photography-DM_AH-12.jpg\"><img decoding=\"async\" src=\"https:\/\/www.stamhuis.nl\/wp-content\/uploads\/2016\/01\/Photography-DM_AH-12.jpg\" \/><\/li><li id=\"img\" href=\"https:\/\/www.stamhuis.nl\/wp-content\/uploads\/2016\/01\/Photography-DM_AH-7.jpg\"><img decoding=\"async\" src=\"https:\/\/www.stamhuis.nl\/wp-content\/uploads\/2016\/01\/Photography-DM_AH-7.jpg\" \/><\/li><li id=\"img\" href=\"https:\/\/www.stamhuis.nl\/wp-content\/uploads\/2016\/01\/Photography-DM_AH-4.jpg\"><img decoding=\"async\" src=\"https:\/\/www.stamhuis.nl\/wp-content\/uploads\/2016\/01\/Photography-DM_AH-4.jpg\" \/><\/li><li id=\"img\" href=\"https:\/\/www.stamhuis.nl\/wp-content\/uploads\/2016\/01\/Photography-DM_AH-1.jpg\"><img decoding=\"async\" src=\"https:\/\/www.stamhuis.nl\/wp-content\/uploads\/2016\/01\/Photography-DM_AH-1.jpg\" \/><\/li><li id=\"img\" href=\"https:\/\/www.stamhuis.nl\/wp-content\/uploads\/2016\/01\/Photography-DM_AH-5-1-1484x990.jpg\"><img decoding=\"async\" src=\"https:\/\/www.stamhuis.nl\/wp-content\/uploads\/2016\/01\/Photography-DM_AH-5-1-1484x990.jpg\" \/><\/li><li id=\"img\" href=\"https:\/\/www.stamhuis.nl\/wp-content\/uploads\/2016\/01\/Photography-DM_AH-23.jpg\"><img decoding=\"async\" src=\"https:\/\/www.stamhuis.nl\/wp-content\/uploads\/2016\/01\/Photography-DM_AH-23.jpg\" \/><\/li><\/ul><\/div><div id=\"carousel\" class=\"flexslider\"><ul class=\"slides\"><li><img decoding=\"async\" src=\"https:\/\/www.stamhuis.nl\/wp-content\/uploads\/2016\/01\/Photography-DM_AH-8-1484x990.jpg\" \/><div class=\"overlay\"><\/div><\/li><li><img decoding=\"async\" src=\"https:\/\/www.stamhuis.nl\/wp-content\/uploads\/2016\/01\/Photography-DM_AH-21-1484x990.jpg\" \/><div class=\"overlay\"><\/div><\/li><li><img decoding=\"async\" src=\"https:\/\/www.stamhuis.nl\/wp-content\/uploads\/2016\/01\/Photography-DM_AH-22.jpg\" \/><div class=\"overlay\"><\/div><\/li><li><img decoding=\"async\" src=\"https:\/\/www.stamhuis.nl\/wp-content\/uploads\/2016\/01\/Photography-DM_AH-19.jpg\" \/><div class=\"overlay\"><\/div><\/li><li><img decoding=\"async\" src=\"https:\/\/www.stamhuis.nl\/wp-content\/uploads\/2016\/01\/Photography-DM_AH-18.jpg\" \/><div class=\"overlay\"><\/div><\/li><li><img decoding=\"async\" src=\"https:\/\/www.stamhuis.nl\/wp-content\/uploads\/2016\/01\/Photography-DM_AH-16.jpg\" \/><div class=\"overlay\"><\/div><\/li><li><img decoding=\"async\" src=\"https:\/\/www.stamhuis.nl\/wp-content\/uploads\/2016\/01\/Photography-DM_AH-13.jpg\" \/><div class=\"overlay\"><\/div><\/li><li><img decoding=\"async\" src=\"https:\/\/www.stamhuis.nl\/wp-content\/uploads\/2016\/01\/Photography-DM_AH-12.jpg\" \/><div class=\"overlay\"><\/div><\/li><li><img decoding=\"async\" src=\"https:\/\/www.stamhuis.nl\/wp-content\/uploads\/2016\/01\/Photography-DM_AH-7.jpg\" \/><div class=\"overlay\"><\/div><\/li><li><img decoding=\"async\" src=\"https:\/\/www.stamhuis.nl\/wp-content\/uploads\/2016\/01\/Photography-DM_AH-4.jpg\" \/><div class=\"overlay\"><\/div><\/li><li><img decoding=\"async\" src=\"https:\/\/www.stamhuis.nl\/wp-content\/uploads\/2016\/01\/Photography-DM_AH-1.jpg\" \/><div class=\"overlay\"><\/div><\/li><li><img decoding=\"async\" src=\"https:\/\/www.stamhuis.nl\/wp-content\/uploads\/2016\/01\/Photography-DM_AH-5-1-1484x990.jpg\" \/><div class=\"overlay\"><\/div><\/li><li><img decoding=\"async\" src=\"https:\/\/www.stamhuis.nl\/wp-content\/uploads\/2016\/01\/Photography-DM_AH-23.jpg\" \/><div class=\"overlay\"><\/div><\/li><\/ul><\/div><\/strong><\/p>\n<p>Die Fertigstellung ging mit der Montage einer Industriek\u00fcche mit zwei Sektionaltoren einher. Damit wurde auf subtile Weise auf die\u00a0urspr\u00fcngliche Bestimmung dieses Raums verwiesen. Bei der Einrichtung der Zentrale wurden die Akustik und die Wirkung offener R\u00e4ume ber\u00fccksichtigt. Das Ergebnis: eine komfortable Arbeitsumgebung mit Flexibilit\u00e4t und Kreativit\u00e4t als wichtigste Merkmale.<\/p>\n","protected":false},"excerpt":{"rendered":"<p>F\u00fcr die Einrichtung der belgischen Zentrale von Albert Heijn wurde Stamhuis gebeten, die komplette Fertigstellung zu \u00fcbernehmen. Im Rahmen des vollst\u00e4ndigen Umbaus dieser ehemaligen dreigeschossigen Autowerkstatt stellte dieses B\u00fcro sowohl w\u00f6rtlich als auch im \u00fcbertragenen Sinne den H\u00f6hepunkt dar. In nur einem Monat wurde das oberste Geschoss mit einer Gesamtfl\u00e4che von\u00a0\u00b1 900 m\u00b2 in eine angenehme Arbeitsumgebung verwandelt. Die Fertigstellung ging mit der Montage einer Industriek\u00fcche mit zwei Sektionaltoren einher. Damit wurde auf subtile Weise auf die\u00a0urspr\u00fcngliche Bestimmung dieses Raums verwiesen. Bei der Einrichtung der Zentrale wurden die Akustik und die Wirkung offener R\u00e4ume ber\u00fccksichtigt. Das Ergebnis: eine komfortable Arbeitsumgebung mit Flexibilit\u00e4t und Kreativit\u00e4t als wichtigste Merkmale.<\/p>\n","protected":false},"author":3,"featured_media":4066,"parent":3922,"menu_order":13,"comment_status":"closed","ping_status":"closed","template":"","meta":{"om_disable_all_campaigns":false,"_monsterinsights_skip_tracking":false,"_monsterinsights_sitenote_active":false,"_monsterinsights_sitenote_note":"","_monsterinsights_sitenote_category":0,"footnotes":""},"class_list":{"0":"post-4065","1":"page","4":"has-post-thumbnail","5":"hentry"},"_links":{"self":[{"href":"https:\/\/www.stamhuis.nl\/de\/wp-json\/wp\/v2\/pages\/4065","targetHints":{"allow":["GET"]}}],"collection":[{"href":"https:\/\/www.stamhuis.nl\/de\/wp-json\/wp\/v2\/pages"}],"about":[{"href":"https:\/\/www.stamhuis.nl\/de\/wp-json\/wp\/v2\/types\/page"}],"author":[{"embeddable":true,"href":"https:\/\/www.stamhuis.nl\/de\/wp-json\/wp\/v2\/users\/3"}],"replies":[{"embeddable":true,"href":"https:\/\/www.stamhuis.nl\/de\/wp-json\/wp\/v2\/comments?post=4065"}],"version-history":[{"count":0,"href":"https:\/\/www.stamhuis.nl\/de\/wp-json\/wp\/v2\/pages\/4065\/revisions"}],"up":[{"embeddable":true,"href":"https:\/\/www.stamhuis.nl\/de\/wp-json\/wp\/v2\/pages\/3922"}],"wp:featuredmedia":[{"embeddable":true,"href":"https:\/\/www.stamhuis.nl\/de\/wp-json\/wp\/v2\/media\/4066"}],"wp:attachment":[{"href":"https:\/\/www.stamhuis.nl\/de\/wp-json\/wp\/v2\/media?parent=4065"}],"curies":[{"name":"wp","href":"https:\/\/api.w.org\/{rel}","templated":true}]}}