{"id":4060,"date":"2015-12-29T22:54:09","date_gmt":"2015-12-29T21:54:09","guid":{"rendered":"https:\/\/www.stamhuis.nl\/de\/projects\/921-2\/"},"modified":"2016-06-29T14:16:26","modified_gmt":"2016-06-29T12:16:26","slug":"921-2","status":"publish","type":"page","link":"https:\/\/www.stamhuis.nl\/de\/projekte\/921-2\/","title":{"rendered":"Apotheke Centrumwaard"},"content":{"rendered":"<p class=\"intro\">In Heerhugowaard befindet sich ein medizinisches Zentrum mit einer Apotheke, einer haus\u00e4rztlichen Gemeinschaftspraxis und zus\u00e4tzlichen medizinischen Einrichtungen. Das Geb\u00e4ude besteht aus drei Wohngeschossen und nimmt mehr als zweitausend Quadratmeter ein. Durch die h\u00e4ufige Anwendung von vorgefertigten Elementen hat Stamhuis dieses nagelneue medizinische Zentrum mit ma\u00dfgefertigten Front- und Back-Office-Innenausstattungselementen versehen.<\/p>\n<p class=\"intro\"><strong><div id=\"slider\" class=\"flexslider\"><ul class=\"slides\"><li id=\"img\" href=\"https:\/\/www.stamhuis.nl\/wp-content\/uploads\/2016\/02\/20150520_080245-1484x990.jpg\"><img decoding=\"async\" src=\"https:\/\/www.stamhuis.nl\/wp-content\/uploads\/2016\/02\/20150520_080245-1484x990.jpg\" \/><\/li><li id=\"img\" href=\"https:\/\/www.stamhuis.nl\/wp-content\/uploads\/2016\/02\/20150520_080300-1484x990.jpg\"><img decoding=\"async\" src=\"https:\/\/www.stamhuis.nl\/wp-content\/uploads\/2016\/02\/20150520_080300-1484x990.jpg\" \/><\/li><li id=\"img\" href=\"https:\/\/www.stamhuis.nl\/wp-content\/uploads\/2016\/02\/20150520_080310-1484x990.jpg\"><img decoding=\"async\" src=\"https:\/\/www.stamhuis.nl\/wp-content\/uploads\/2016\/02\/20150520_080310-1484x990.jpg\" \/><\/li><li id=\"img\" href=\"https:\/\/www.stamhuis.nl\/wp-content\/uploads\/2016\/02\/20150520_170824-1484x990.jpg\"><img decoding=\"async\" src=\"https:\/\/www.stamhuis.nl\/wp-content\/uploads\/2016\/02\/20150520_170824-1484x990.jpg\" \/><\/li><li id=\"img\" href=\"https:\/\/www.stamhuis.nl\/wp-content\/uploads\/2016\/02\/20150520_170857-1484x990.jpg\"><img decoding=\"async\" src=\"https:\/\/www.stamhuis.nl\/wp-content\/uploads\/2016\/02\/20150520_170857-1484x990.jpg\" \/><\/li><li id=\"img\" href=\"https:\/\/www.stamhuis.nl\/wp-content\/uploads\/2016\/02\/20150520_170917-1484x990.jpg\"><img decoding=\"async\" src=\"https:\/\/www.stamhuis.nl\/wp-content\/uploads\/2016\/02\/20150520_170917-1484x990.jpg\" \/><\/li><li id=\"img\" href=\"https:\/\/www.stamhuis.nl\/wp-content\/uploads\/2016\/02\/20150520_171628-1484x990.jpg\"><img decoding=\"async\" src=\"https:\/\/www.stamhuis.nl\/wp-content\/uploads\/2016\/02\/20150520_171628-1484x990.jpg\" \/><\/li><\/ul><\/div><div id=\"carousel\" class=\"flexslider\"><ul class=\"slides\"><li><img decoding=\"async\" src=\"https:\/\/www.stamhuis.nl\/wp-content\/uploads\/2016\/02\/20150520_080245-1484x990.jpg\" \/><div class=\"overlay\"><\/div><\/li><li><img decoding=\"async\" src=\"https:\/\/www.stamhuis.nl\/wp-content\/uploads\/2016\/02\/20150520_080300-1484x990.jpg\" \/><div class=\"overlay\"><\/div><\/li><li><img decoding=\"async\" src=\"https:\/\/www.stamhuis.nl\/wp-content\/uploads\/2016\/02\/20150520_080310-1484x990.jpg\" \/><div class=\"overlay\"><\/div><\/li><li><img decoding=\"async\" src=\"https:\/\/www.stamhuis.nl\/wp-content\/uploads\/2016\/02\/20150520_170824-1484x990.jpg\" \/><div class=\"overlay\"><\/div><\/li><li><img decoding=\"async\" src=\"https:\/\/www.stamhuis.nl\/wp-content\/uploads\/2016\/02\/20150520_170857-1484x990.jpg\" \/><div class=\"overlay\"><\/div><\/li><li><img decoding=\"async\" src=\"https:\/\/www.stamhuis.nl\/wp-content\/uploads\/2016\/02\/20150520_170917-1484x990.jpg\" \/><div class=\"overlay\"><\/div><\/li><li><img decoding=\"async\" src=\"https:\/\/www.stamhuis.nl\/wp-content\/uploads\/2016\/02\/20150520_171628-1484x990.jpg\" \/><div class=\"overlay\"><\/div><\/li><\/ul><\/div><\/strong><\/p>\n<p>Das Interieur des Front-Office sieht mit seinen sch\u00f6nen Schaltern mit runden Formen und einer wellenf\u00f6rmigen Platte sehr zug\u00e4nglich und kundenfreundlich aus. Die mit Stoff verkleideten runden Schirme sorgen dabei f\u00fcr die erforderliche Privatsp\u00e4re. Das Personal kann einfach die offenen Schr\u00e4nke und Schubladenbl\u00f6cke nutzen, die mit einem raffinierten Blue-Motion-Lichtsystem ausger\u00fcstet sind. Auch hier gilt: Benutzerkomfort geht \u00fcber alles.<\/p>\n","protected":false},"excerpt":{"rendered":"<p>In Heerhugowaard befindet sich ein medizinisches Zentrum mit einer Apotheke, einer haus\u00e4rztlichen Gemeinschaftspraxis und zus\u00e4tzlichen medizinischen Einrichtungen. Das Geb\u00e4ude besteht aus drei Wohngeschossen und nimmt mehr als zweitausend Quadratmeter ein. Durch die h\u00e4ufige Anwendung von vorgefertigten Elementen hat Stamhuis dieses nagelneue medizinische Zentrum mit ma\u00dfgefertigten Front- und Back-Office-Innenausstattungselementen versehen. Das Interieur des Front-Office sieht mit seinen sch\u00f6nen Schaltern mit runden Formen und einer wellenf\u00f6rmigen Platte sehr zug\u00e4nglich und kundenfreundlich aus. Die mit Stoff verkleideten runden Schirme sorgen dabei f\u00fcr die erforderliche Privatsp\u00e4re. Das Personal kann einfach die offenen Schr\u00e4nke und Schubladenbl\u00f6cke nutzen, die mit einem raffinierten Blue-Motion-Lichtsystem ausger\u00fcstet sind. Auch hier gilt: Benutzerkomfort geht \u00fcber alles.<\/p>\n","protected":false},"author":3,"featured_media":4061,"parent":3922,"menu_order":10,"comment_status":"closed","ping_status":"closed","template":"","meta":{"om_disable_all_campaigns":false,"_monsterinsights_skip_tracking":false,"_monsterinsights_sitenote_active":false,"_monsterinsights_sitenote_note":"","_monsterinsights_sitenote_category":0,"footnotes":""},"class_list":{"0":"post-4060","1":"page","4":"has-post-thumbnail","5":"hentry"},"_links":{"self":[{"href":"https:\/\/www.stamhuis.nl\/de\/wp-json\/wp\/v2\/pages\/4060","targetHints":{"allow":["GET"]}}],"collection":[{"href":"https:\/\/www.stamhuis.nl\/de\/wp-json\/wp\/v2\/pages"}],"about":[{"href":"https:\/\/www.stamhuis.nl\/de\/wp-json\/wp\/v2\/types\/page"}],"author":[{"embeddable":true,"href":"https:\/\/www.stamhuis.nl\/de\/wp-json\/wp\/v2\/users\/3"}],"replies":[{"embeddable":true,"href":"https:\/\/www.stamhuis.nl\/de\/wp-json\/wp\/v2\/comments?post=4060"}],"version-history":[{"count":0,"href":"https:\/\/www.stamhuis.nl\/de\/wp-json\/wp\/v2\/pages\/4060\/revisions"}],"up":[{"embeddable":true,"href":"https:\/\/www.stamhuis.nl\/de\/wp-json\/wp\/v2\/pages\/3922"}],"wp:featuredmedia":[{"embeddable":true,"href":"https:\/\/www.stamhuis.nl\/de\/wp-json\/wp\/v2\/media\/4061"}],"wp:attachment":[{"href":"https:\/\/www.stamhuis.nl\/de\/wp-json\/wp\/v2\/media?parent=4060"}],"curies":[{"name":"wp","href":"https:\/\/api.w.org\/{rel}","templated":true}]}}