{"id":4051,"date":"2016-02-03T13:25:41","date_gmt":"2016-02-03T12:25:41","guid":{"rendered":"https:\/\/www.stamhuis.nl\/de\/projects\/winkelcentrum-buikslotermeerplein\/"},"modified":"2016-06-28T16:07:11","modified_gmt":"2016-06-28T14:07:11","slug":"winkelcentrum-buikslotermeerplein","status":"publish","type":"page","link":"https:\/\/www.stamhuis.nl\/de\/projekte\/winkelcentrum-buikslotermeerplein\/","title":{"rendered":"Einkaufszentrum Buikslotermeerplein"},"content":{"rendered":"<p class=\"intro\">In Amsterdam hat Stamhuis den kompletten Umbau eines\u00a0riesigen Gesch\u00e4ftshauses (zirka 5000 m<sup>2<\/sup>) durchgef\u00fchrt. Es war unsere Aufgabe, den bestehenden Supermarkt und den angrenzenden Laden auszubauen und gleichzeitig f\u00fcr eine qualitative und logische Neuverteilung zu sorgen. Ein herausfordernder Auftrag mit einem\u00a0gelungenen Endergebnis!<\/p>\n<p><strong><div id=\"slider\" class=\"flexslider\"><ul class=\"slides\"><li id=\"img\" href=\"https:\/\/www.stamhuis.nl\/wp-content\/uploads\/2016\/02\/AH1146-nieuw-10-1484x990.jpg\"><img decoding=\"async\" src=\"https:\/\/www.stamhuis.nl\/wp-content\/uploads\/2016\/02\/AH1146-nieuw-10-1484x990.jpg\" \/><\/li><li id=\"img\" href=\"https:\/\/www.stamhuis.nl\/wp-content\/uploads\/2016\/02\/AH1146-nieuw-13-1484x990.jpg\"><img decoding=\"async\" src=\"https:\/\/www.stamhuis.nl\/wp-content\/uploads\/2016\/02\/AH1146-nieuw-13-1484x990.jpg\" \/><\/li><li id=\"img\" href=\"https:\/\/www.stamhuis.nl\/wp-content\/uploads\/2016\/02\/DSCN1527-1484x990.jpg\"><img decoding=\"async\" src=\"https:\/\/www.stamhuis.nl\/wp-content\/uploads\/2016\/02\/DSCN1527-1484x990.jpg\" \/><\/li><li id=\"img\" href=\"https:\/\/www.stamhuis.nl\/wp-content\/uploads\/2016\/02\/DSCN1528-Copy-1484x990.jpg\"><img decoding=\"async\" src=\"https:\/\/www.stamhuis.nl\/wp-content\/uploads\/2016\/02\/DSCN1528-Copy-1484x990.jpg\" \/><\/li><li id=\"img\" href=\"https:\/\/www.stamhuis.nl\/wp-content\/uploads\/2016\/02\/DSCN1558-1484x990.jpg\"><img decoding=\"async\" src=\"https:\/\/www.stamhuis.nl\/wp-content\/uploads\/2016\/02\/DSCN1558-1484x990.jpg\" \/><\/li><li id=\"img\" href=\"https:\/\/www.stamhuis.nl\/wp-content\/uploads\/2016\/02\/DSCN1566-1484x990.jpg\"><img decoding=\"async\" src=\"https:\/\/www.stamhuis.nl\/wp-content\/uploads\/2016\/02\/DSCN1566-1484x990.jpg\" \/><\/li><li id=\"img\" href=\"https:\/\/www.stamhuis.nl\/wp-content\/uploads\/2016\/02\/AH1146-nieuw-15-1484x990.jpg\"><img decoding=\"async\" src=\"https:\/\/www.stamhuis.nl\/wp-content\/uploads\/2016\/02\/AH1146-nieuw-15-1484x990.jpg\" \/><\/li><\/ul><\/div><div id=\"carousel\" class=\"flexslider\"><ul class=\"slides\"><li><img decoding=\"async\" src=\"https:\/\/www.stamhuis.nl\/wp-content\/uploads\/2016\/02\/AH1146-nieuw-10-1484x990.jpg\" \/><div class=\"overlay\"><\/div><\/li><li><img decoding=\"async\" src=\"https:\/\/www.stamhuis.nl\/wp-content\/uploads\/2016\/02\/AH1146-nieuw-13-1484x990.jpg\" \/><div class=\"overlay\"><\/div><\/li><li><img decoding=\"async\" src=\"https:\/\/www.stamhuis.nl\/wp-content\/uploads\/2016\/02\/DSCN1527-1484x990.jpg\" \/><div class=\"overlay\"><\/div><\/li><li><img decoding=\"async\" src=\"https:\/\/www.stamhuis.nl\/wp-content\/uploads\/2016\/02\/DSCN1528-Copy-1484x990.jpg\" \/><div class=\"overlay\"><\/div><\/li><li><img decoding=\"async\" src=\"https:\/\/www.stamhuis.nl\/wp-content\/uploads\/2016\/02\/DSCN1558-1484x990.jpg\" \/><div class=\"overlay\"><\/div><\/li><li><img decoding=\"async\" src=\"https:\/\/www.stamhuis.nl\/wp-content\/uploads\/2016\/02\/DSCN1566-1484x990.jpg\" \/><div class=\"overlay\"><\/div><\/li><li><img decoding=\"async\" src=\"https:\/\/www.stamhuis.nl\/wp-content\/uploads\/2016\/02\/AH1146-nieuw-15-1484x990.jpg\" \/><div class=\"overlay\"><\/div><\/li><\/ul><\/div><\/strong><\/p>\n<p>Dieser umfangreiche Umbau war mit der Realisierung einer vor\u00fcbergehenden Ladeneinheit von zirka 3000 m<sup>2<\/sup> verbunden. Dar\u00fcber hinaus wurde das umzubauende Geb\u00e4ude einer intensiven Spritzasbestsanierung unterzogen. Anschlie\u00dfend\u00a0wurde die Fassade komplett\u00a0verwandelt und ein neuer Eingang mit darin zwei Rolltreppen und einem Aufzug dazu. Und das alles\u00a0in nur sieben Wochen!<\/p>\n","protected":false},"excerpt":{"rendered":"<p>In Amsterdam hat Stamhuis den kompletten Umbau eines\u00a0riesigen Gesch\u00e4ftshauses (zirka 5000 m2) durchgef\u00fchrt. Es war unsere Aufgabe, den bestehenden Supermarkt und den angrenzenden Laden auszubauen und gleichzeitig f\u00fcr eine qualitative und logische Neuverteilung zu sorgen. Ein herausfordernder Auftrag mit einem\u00a0gelungenen Endergebnis! Dieser umfangreiche Umbau war mit der Realisierung einer vor\u00fcbergehenden Ladeneinheit von zirka 3000 m2 verbunden. Dar\u00fcber hinaus wurde das umzubauende Geb\u00e4ude einer intensiven Spritzasbestsanierung unterzogen. Anschlie\u00dfend\u00a0wurde die Fassade komplett\u00a0verwandelt und ein neuer Eingang mit darin zwei Rolltreppen und einem Aufzug dazu. Und das alles\u00a0in nur sieben Wochen!<\/p>\n","protected":false},"author":3,"featured_media":4052,"parent":3922,"menu_order":8,"comment_status":"closed","ping_status":"closed","template":"","meta":{"om_disable_all_campaigns":false,"_monsterinsights_skip_tracking":false,"_monsterinsights_sitenote_active":false,"_monsterinsights_sitenote_note":"","_monsterinsights_sitenote_category":0,"footnotes":""},"class_list":{"0":"post-4051","1":"page","4":"has-post-thumbnail","5":"hentry"},"_links":{"self":[{"href":"https:\/\/www.stamhuis.nl\/de\/wp-json\/wp\/v2\/pages\/4051","targetHints":{"allow":["GET"]}}],"collection":[{"href":"https:\/\/www.stamhuis.nl\/de\/wp-json\/wp\/v2\/pages"}],"about":[{"href":"https:\/\/www.stamhuis.nl\/de\/wp-json\/wp\/v2\/types\/page"}],"author":[{"embeddable":true,"href":"https:\/\/www.stamhuis.nl\/de\/wp-json\/wp\/v2\/users\/3"}],"replies":[{"embeddable":true,"href":"https:\/\/www.stamhuis.nl\/de\/wp-json\/wp\/v2\/comments?post=4051"}],"version-history":[{"count":0,"href":"https:\/\/www.stamhuis.nl\/de\/wp-json\/wp\/v2\/pages\/4051\/revisions"}],"up":[{"embeddable":true,"href":"https:\/\/www.stamhuis.nl\/de\/wp-json\/wp\/v2\/pages\/3922"}],"wp:featuredmedia":[{"embeddable":true,"href":"https:\/\/www.stamhuis.nl\/de\/wp-json\/wp\/v2\/media\/4052"}],"wp:attachment":[{"href":"https:\/\/www.stamhuis.nl\/de\/wp-json\/wp\/v2\/media?parent=4051"}],"curies":[{"name":"wp","href":"https:\/\/api.w.org\/{rel}","templated":true}]}}