{"id":4047,"date":"2016-01-14T17:11:54","date_gmt":"2016-01-14T16:11:54","guid":{"rendered":"https:\/\/www.stamhuis.nl\/de\/projects\/quick-step\/"},"modified":"2016-06-28T15:34:09","modified_gmt":"2016-06-28T13:34:09","slug":"quick-step","status":"publish","type":"page","link":"https:\/\/www.stamhuis.nl\/de\/projekte\/quick-step\/","title":{"rendered":"Quick Step"},"content":{"rendered":"<p class=\"intro\">F\u00fcr den belgischen\u00a0Bodenhersteller Quick Step\u00a0\u00fcbernimmt Stamhuis das Projektmanagement und die Einrichtung verschiedener Shop-in-Shops.\u00a0Dabei vermessen wir zuerst wir die Ladenfl\u00e4che\u00a0mit\u00a0unseren\u00a0Scanger\u00e4ten, wonach eine 3D-Umgebung entsteht:\u00a0Auf diese\u00a0Weise\u00a0wird\u00a0die\u00a0Ladenfl\u00e4che\u00a0sichtbar, noch\u00a0bevor die Umbauarbeiten begonnen haben.<\/p>\n<p><strong><div id=\"slider\" class=\"flexslider\"><ul class=\"slides\"><li id=\"img\" href=\"https:\/\/www.stamhuis.nl\/wp-content\/uploads\/2016\/01\/Quickstep4.jpg\"><img decoding=\"async\" src=\"https:\/\/www.stamhuis.nl\/wp-content\/uploads\/2016\/01\/Quickstep4.jpg\" \/><\/li><li id=\"img\" href=\"https:\/\/www.stamhuis.nl\/wp-content\/uploads\/2016\/01\/Quickstep7.jpg\"><img decoding=\"async\" src=\"https:\/\/www.stamhuis.nl\/wp-content\/uploads\/2016\/01\/Quickstep7.jpg\" \/><\/li><li id=\"img\" href=\"https:\/\/www.stamhuis.nl\/wp-content\/uploads\/2016\/01\/Quickstep5.jpg\"><img decoding=\"async\" src=\"https:\/\/www.stamhuis.nl\/wp-content\/uploads\/2016\/01\/Quickstep5.jpg\" \/><\/li><li id=\"img\" href=\"https:\/\/www.stamhuis.nl\/wp-content\/uploads\/2016\/01\/Quickstep1.jpg\"><img decoding=\"async\" src=\"https:\/\/www.stamhuis.nl\/wp-content\/uploads\/2016\/01\/Quickstep1.jpg\" \/><\/li><li id=\"img\" href=\"https:\/\/www.stamhuis.nl\/wp-content\/uploads\/2016\/01\/Quickstep2.jpg\"><img decoding=\"async\" src=\"https:\/\/www.stamhuis.nl\/wp-content\/uploads\/2016\/01\/Quickstep2.jpg\" \/><\/li><li id=\"img\" href=\"https:\/\/www.stamhuis.nl\/wp-content\/uploads\/2016\/01\/Quickstep3.jpg\"><img decoding=\"async\" src=\"https:\/\/www.stamhuis.nl\/wp-content\/uploads\/2016\/01\/Quickstep3.jpg\" \/><\/li><\/ul><\/div><div id=\"carousel\" class=\"flexslider\"><ul class=\"slides\"><li><img decoding=\"async\" src=\"https:\/\/www.stamhuis.nl\/wp-content\/uploads\/2016\/01\/Quickstep4.jpg\" \/><div class=\"overlay\"><\/div><\/li><li><img decoding=\"async\" src=\"https:\/\/www.stamhuis.nl\/wp-content\/uploads\/2016\/01\/Quickstep7.jpg\" \/><div class=\"overlay\"><\/div><\/li><li><img decoding=\"async\" src=\"https:\/\/www.stamhuis.nl\/wp-content\/uploads\/2016\/01\/Quickstep5.jpg\" \/><div class=\"overlay\"><\/div><\/li><li><img decoding=\"async\" src=\"https:\/\/www.stamhuis.nl\/wp-content\/uploads\/2016\/01\/Quickstep1.jpg\" \/><div class=\"overlay\"><\/div><\/li><li><img decoding=\"async\" src=\"https:\/\/www.stamhuis.nl\/wp-content\/uploads\/2016\/01\/Quickstep2.jpg\" \/><div class=\"overlay\"><\/div><\/li><li><img decoding=\"async\" src=\"https:\/\/www.stamhuis.nl\/wp-content\/uploads\/2016\/01\/Quickstep3.jpg\" \/><div class=\"overlay\"><\/div><\/li><\/ul><\/div><\/strong><\/p>\n<p>Von der Ma\u00dffertigung\u00a0von M\u00f6beln bis zur Auslegung von Mustern und dem Anbringen von\u00a0Signing: Stamhuis ist in der Lage, den Auftraggeber alle Arbeiten ab zu nehmen. Die gro\u00dfe Herausforderung darin, dass wir die Arbeiten auch w\u00e4hrend der Ladens\u00f6ffnungszeitem ausf\u00fchren m\u00fcssen.\u00a0Das bedeutet, dass\u00a0schnell und genau gearbeitet werden muss, mit einem Minimum an Bel\u00e4stigung f\u00fcr den Kunden.<\/p>\n","protected":false},"excerpt":{"rendered":"<p>F\u00fcr den belgischen\u00a0Bodenhersteller Quick Step\u00a0\u00fcbernimmt Stamhuis das Projektmanagement und die Einrichtung verschiedener Shop-in-Shops.\u00a0Dabei vermessen wir zuerst wir die Ladenfl\u00e4che\u00a0mit\u00a0unseren\u00a0Scanger\u00e4ten, wonach eine 3D-Umgebung entsteht:\u00a0Auf diese\u00a0Weise\u00a0wird\u00a0die\u00a0Ladenfl\u00e4che\u00a0sichtbar, noch\u00a0bevor die Umbauarbeiten begonnen haben. Von der Ma\u00dffertigung\u00a0von M\u00f6beln bis zur Auslegung von Mustern und dem Anbringen von\u00a0Signing: Stamhuis ist in der Lage, den Auftraggeber alle Arbeiten ab zu nehmen. Die gro\u00dfe Herausforderung darin, dass wir die Arbeiten auch w\u00e4hrend der Ladens\u00f6ffnungszeitem ausf\u00fchren m\u00fcssen.\u00a0Das bedeutet, dass\u00a0schnell und genau gearbeitet werden muss, mit einem Minimum an Bel\u00e4stigung f\u00fcr den Kunden.<\/p>\n","protected":false},"author":3,"featured_media":4048,"parent":3922,"menu_order":25,"comment_status":"closed","ping_status":"closed","template":"","meta":{"om_disable_all_campaigns":false,"_monsterinsights_skip_tracking":false,"_monsterinsights_sitenote_active":false,"_monsterinsights_sitenote_note":"","_monsterinsights_sitenote_category":0,"footnotes":""},"class_list":{"0":"post-4047","1":"page","4":"has-post-thumbnail","5":"hentry"},"_links":{"self":[{"href":"https:\/\/www.stamhuis.nl\/de\/wp-json\/wp\/v2\/pages\/4047","targetHints":{"allow":["GET"]}}],"collection":[{"href":"https:\/\/www.stamhuis.nl\/de\/wp-json\/wp\/v2\/pages"}],"about":[{"href":"https:\/\/www.stamhuis.nl\/de\/wp-json\/wp\/v2\/types\/page"}],"author":[{"embeddable":true,"href":"https:\/\/www.stamhuis.nl\/de\/wp-json\/wp\/v2\/users\/3"}],"replies":[{"embeddable":true,"href":"https:\/\/www.stamhuis.nl\/de\/wp-json\/wp\/v2\/comments?post=4047"}],"version-history":[{"count":0,"href":"https:\/\/www.stamhuis.nl\/de\/wp-json\/wp\/v2\/pages\/4047\/revisions"}],"up":[{"embeddable":true,"href":"https:\/\/www.stamhuis.nl\/de\/wp-json\/wp\/v2\/pages\/3922"}],"wp:featuredmedia":[{"embeddable":true,"href":"https:\/\/www.stamhuis.nl\/de\/wp-json\/wp\/v2\/media\/4048"}],"wp:attachment":[{"href":"https:\/\/www.stamhuis.nl\/de\/wp-json\/wp\/v2\/media?parent=4047"}],"curies":[{"name":"wp","href":"https:\/\/api.w.org\/{rel}","templated":true}]}}