{"id":4039,"date":"2015-12-18T16:32:00","date_gmt":"2015-12-18T15:32:00","guid":{"rendered":"https:\/\/www.stamhuis.nl\/de\/projects\/aveve\/"},"modified":"2016-06-23T12:52:49","modified_gmt":"2016-06-23T10:52:49","slug":"aveve","status":"publish","type":"page","link":"https:\/\/www.stamhuis.nl\/de\/projekte\/aveve\/","title":{"rendered":"Aveve"},"content":{"rendered":"<p><strong>Stamhuis liefert zum\u00a0landesweiten Rollout des neuen Ladenkonzepts von AVEVE, einer gro\u00dfen\u00a0Kette von Gartencentern in Belgien, einen\u00a0wichtigen Beitrag. So haben wir\u00a0f\u00fcr eine gro\u00dfe Anzahl Filialen Neumodellierungen durchgef\u00fchrt:\u00a0von der\u00a0Planung und\u00a0Ausf\u00fchrung bis zur\u00a0Koordinierung der technischen Arbeiten.\u00a0In einer Zeit von nur\u00a0vier Tagen (!)\u00a0richten\u00a0wir einen Laden mit einer Fl\u00e4che von 1.500 m\u00b2 bis 2.000 m\u00b2\u00a0 neu ein,\u00a0wobei wir auch noch die Ladenregale aus- und wieder neu einr\u00e4umen! <\/strong><\/p>\n<p><strong><div id=\"slider\" class=\"flexslider\"><ul class=\"slides\"><li id=\"img\" href=\"https:\/\/www.stamhuis.nl\/wp-content\/uploads\/2016\/01\/Photography-DM_AV-5.jpg\"><img decoding=\"async\" src=\"https:\/\/www.stamhuis.nl\/wp-content\/uploads\/2016\/01\/Photography-DM_AV-5.jpg\" \/><\/li><li id=\"img\" href=\"https:\/\/www.stamhuis.nl\/wp-content\/uploads\/2016\/01\/Photography-DM_AV-1.jpg\"><img decoding=\"async\" src=\"https:\/\/www.stamhuis.nl\/wp-content\/uploads\/2016\/01\/Photography-DM_AV-1.jpg\" \/><\/li><li id=\"img\" href=\"https:\/\/www.stamhuis.nl\/wp-content\/uploads\/2016\/01\/Photography-DM_AV-24.jpg\"><img decoding=\"async\" src=\"https:\/\/www.stamhuis.nl\/wp-content\/uploads\/2016\/01\/Photography-DM_AV-24.jpg\" \/><\/li><li id=\"img\" href=\"https:\/\/www.stamhuis.nl\/wp-content\/uploads\/2016\/01\/Photography-DM_AV-16.jpg\"><img decoding=\"async\" src=\"https:\/\/www.stamhuis.nl\/wp-content\/uploads\/2016\/01\/Photography-DM_AV-16.jpg\" \/><\/li><li id=\"img\" href=\"https:\/\/www.stamhuis.nl\/wp-content\/uploads\/2016\/01\/Photography-DM_AV-14.jpg\"><img decoding=\"async\" src=\"https:\/\/www.stamhuis.nl\/wp-content\/uploads\/2016\/01\/Photography-DM_AV-14.jpg\" \/><\/li><li id=\"img\" href=\"https:\/\/www.stamhuis.nl\/wp-content\/uploads\/2016\/01\/Photography-DM_AV-9.jpg\"><img decoding=\"async\" src=\"https:\/\/www.stamhuis.nl\/wp-content\/uploads\/2016\/01\/Photography-DM_AV-9.jpg\" \/><\/li><li id=\"img\" href=\"https:\/\/www.stamhuis.nl\/wp-content\/uploads\/2016\/01\/Photography-DM_AV-7.jpg\"><img decoding=\"async\" src=\"https:\/\/www.stamhuis.nl\/wp-content\/uploads\/2016\/01\/Photography-DM_AV-7.jpg\" \/><\/li><\/ul><\/div><div id=\"carousel\" class=\"flexslider\"><ul class=\"slides\"><li><img decoding=\"async\" src=\"https:\/\/www.stamhuis.nl\/wp-content\/uploads\/2016\/01\/Photography-DM_AV-5.jpg\" \/><div class=\"overlay\"><\/div><\/li><li><img decoding=\"async\" src=\"https:\/\/www.stamhuis.nl\/wp-content\/uploads\/2016\/01\/Photography-DM_AV-1.jpg\" \/><div class=\"overlay\"><\/div><\/li><li><img decoding=\"async\" src=\"https:\/\/www.stamhuis.nl\/wp-content\/uploads\/2016\/01\/Photography-DM_AV-24.jpg\" \/><div class=\"overlay\"><\/div><\/li><li><img decoding=\"async\" src=\"https:\/\/www.stamhuis.nl\/wp-content\/uploads\/2016\/01\/Photography-DM_AV-16.jpg\" \/><div class=\"overlay\"><\/div><\/li><li><img decoding=\"async\" src=\"https:\/\/www.stamhuis.nl\/wp-content\/uploads\/2016\/01\/Photography-DM_AV-14.jpg\" \/><div class=\"overlay\"><\/div><\/li><li><img decoding=\"async\" src=\"https:\/\/www.stamhuis.nl\/wp-content\/uploads\/2016\/01\/Photography-DM_AV-9.jpg\" \/><div class=\"overlay\"><\/div><\/li><li><img decoding=\"async\" src=\"https:\/\/www.stamhuis.nl\/wp-content\/uploads\/2016\/01\/Photography-DM_AV-7.jpg\" \/><div class=\"overlay\"><\/div><\/li><\/ul><\/div><\/strong><\/p>\n<p>Dank unserer langj\u00e4hrigen Erfahrung mit\u00a0diesem Umbautyp sind wir in der Lage, die Arbeiten sorgf\u00e4ltig anzuleiten und zu koordinieren. Durch die Sach- und Fachkenntnisse,\u00a0die wir\u00a0im Laufe der Jahre mit dem schnellen und qualitativen Bau gewonnen haben, sind wir ein zuverl\u00e4ssiger und sachkundiger Partner.<\/p>\n","protected":false},"excerpt":{"rendered":"<p>Stamhuis liefert zum\u00a0landesweiten Rollout des neuen Ladenkonzepts von AVEVE, einer gro\u00dfen\u00a0Kette von Gartencentern in Belgien, einen\u00a0wichtigen Beitrag. So haben wir\u00a0f\u00fcr eine gro\u00dfe Anzahl Filialen Neumodellierungen durchgef\u00fchrt:\u00a0von der\u00a0Planung und\u00a0Ausf\u00fchrung bis zur\u00a0Koordinierung der technischen Arbeiten.\u00a0In einer Zeit von nur\u00a0vier Tagen (!)\u00a0richten\u00a0wir einen Laden mit einer Fl\u00e4che von 1.500 m\u00b2 bis 2.000 m\u00b2\u00a0 neu ein,\u00a0wobei wir auch noch die Ladenregale aus- und wieder neu einr\u00e4umen! Dank unserer langj\u00e4hrigen Erfahrung mit\u00a0diesem Umbautyp sind wir in der Lage, die Arbeiten sorgf\u00e4ltig anzuleiten und zu koordinieren. Durch die Sach- und Fachkenntnisse,\u00a0die wir\u00a0im Laufe der Jahre mit dem schnellen und qualitativen Bau gewonnen haben, sind wir ein zuverl\u00e4ssiger und sachkundiger Partner.<\/p>\n","protected":false},"author":3,"featured_media":4040,"parent":3922,"menu_order":19,"comment_status":"closed","ping_status":"closed","template":"","meta":{"om_disable_all_campaigns":false,"_monsterinsights_skip_tracking":false,"_monsterinsights_sitenote_active":false,"_monsterinsights_sitenote_note":"","_monsterinsights_sitenote_category":0,"footnotes":""},"class_list":{"0":"post-4039","1":"page","4":"has-post-thumbnail","5":"hentry"},"_links":{"self":[{"href":"https:\/\/www.stamhuis.nl\/de\/wp-json\/wp\/v2\/pages\/4039","targetHints":{"allow":["GET"]}}],"collection":[{"href":"https:\/\/www.stamhuis.nl\/de\/wp-json\/wp\/v2\/pages"}],"about":[{"href":"https:\/\/www.stamhuis.nl\/de\/wp-json\/wp\/v2\/types\/page"}],"author":[{"embeddable":true,"href":"https:\/\/www.stamhuis.nl\/de\/wp-json\/wp\/v2\/users\/3"}],"replies":[{"embeddable":true,"href":"https:\/\/www.stamhuis.nl\/de\/wp-json\/wp\/v2\/comments?post=4039"}],"version-history":[{"count":0,"href":"https:\/\/www.stamhuis.nl\/de\/wp-json\/wp\/v2\/pages\/4039\/revisions"}],"up":[{"embeddable":true,"href":"https:\/\/www.stamhuis.nl\/de\/wp-json\/wp\/v2\/pages\/3922"}],"wp:featuredmedia":[{"embeddable":true,"href":"https:\/\/www.stamhuis.nl\/de\/wp-json\/wp\/v2\/media\/4040"}],"wp:attachment":[{"href":"https:\/\/www.stamhuis.nl\/de\/wp-json\/wp\/v2\/media?parent=4039"}],"curies":[{"name":"wp","href":"https:\/\/api.w.org\/{rel}","templated":true}]}}