{"id":4034,"date":"2015-11-30T16:04:29","date_gmt":"2015-11-30T15:04:29","guid":{"rendered":"https:\/\/www.stamhuis.nl\/de\/projects\/ah-to-go\/"},"modified":"2016-06-23T12:39:45","modified_gmt":"2016-06-23T10:39:45","slug":"ah-to-go","status":"publish","type":"page","link":"https:\/\/www.stamhuis.nl\/de\/projekte\/ah-to-go\/","title":{"rendered":"Albert Heijn To Go"},"content":{"rendered":"<p><strong>In einem Bahnhofsgebiet oder in einer\u00a0regen\u00a0Innenstadt\u00a0dreht sich alles um Schnelligkeit, Flexibilit\u00e4t und\u00a0Dynamik. Das gilt auch f\u00fcr die Ladenumbauten, die wir\u00a0an diesen Standorten\u00a0f\u00fcr Albert Heijn to go realisieren. Das Stamhuis-Unternehmen ist in der Lage, diese\u00a0kleinen Superm\u00e4rkte\u00a0in\u00a0einer Woche komplett umzubauen.\u00a0<\/strong><\/p>\n<p class=\"intro\"><strong><div id=\"slider\" class=\"flexslider\"><ul class=\"slides\"><li id=\"img\" href=\"https:\/\/www.stamhuis.nl\/wp-content\/uploads\/2016\/01\/Bake-off-1484x990.jpg\"><img decoding=\"async\" src=\"https:\/\/www.stamhuis.nl\/wp-content\/uploads\/2016\/01\/Bake-off-1484x990.jpg\" \/><\/li><li id=\"img\" href=\"https:\/\/www.stamhuis.nl\/wp-content\/uploads\/2016\/01\/IMG_0910-1484x990.jpg\"><img decoding=\"async\" src=\"https:\/\/www.stamhuis.nl\/wp-content\/uploads\/2016\/01\/IMG_0910-1484x990.jpg\" \/><\/li><li id=\"img\" href=\"https:\/\/www.stamhuis.nl\/wp-content\/uploads\/2016\/01\/196-1484x990.jpg\"><img decoding=\"async\" src=\"https:\/\/www.stamhuis.nl\/wp-content\/uploads\/2016\/01\/196-1484x990.jpg\" \/><\/li><li id=\"img\" href=\"https:\/\/www.stamhuis.nl\/wp-content\/uploads\/2016\/01\/IMG_0933-1484x990.jpg\"><img decoding=\"async\" src=\"https:\/\/www.stamhuis.nl\/wp-content\/uploads\/2016\/01\/IMG_0933-1484x990.jpg\" \/><\/li><li id=\"img\" href=\"https:\/\/www.stamhuis.nl\/wp-content\/uploads\/2016\/01\/203-1484x990.jpg\"><img decoding=\"async\" src=\"https:\/\/www.stamhuis.nl\/wp-content\/uploads\/2016\/01\/203-1484x990.jpg\" \/><\/li><li id=\"img\" href=\"https:\/\/www.stamhuis.nl\/wp-content\/uploads\/2016\/01\/IMG_0938-1484x990.jpg\"><img decoding=\"async\" src=\"https:\/\/www.stamhuis.nl\/wp-content\/uploads\/2016\/01\/IMG_0938-1484x990.jpg\" \/><\/li><li id=\"img\" href=\"https:\/\/www.stamhuis.nl\/wp-content\/uploads\/2016\/01\/IMG_0954-1484x990.jpg\"><img decoding=\"async\" src=\"https:\/\/www.stamhuis.nl\/wp-content\/uploads\/2016\/01\/IMG_0954-1484x990.jpg\" \/><\/li><\/ul><\/div><div id=\"carousel\" class=\"flexslider\"><ul class=\"slides\"><li><img decoding=\"async\" src=\"https:\/\/www.stamhuis.nl\/wp-content\/uploads\/2016\/01\/Bake-off-1484x990.jpg\" \/><div class=\"overlay\"><\/div><\/li><li><img decoding=\"async\" src=\"https:\/\/www.stamhuis.nl\/wp-content\/uploads\/2016\/01\/IMG_0910-1484x990.jpg\" \/><div class=\"overlay\"><\/div><\/li><li><img decoding=\"async\" src=\"https:\/\/www.stamhuis.nl\/wp-content\/uploads\/2016\/01\/196-1484x990.jpg\" \/><div class=\"overlay\"><\/div><\/li><li><img decoding=\"async\" src=\"https:\/\/www.stamhuis.nl\/wp-content\/uploads\/2016\/01\/IMG_0933-1484x990.jpg\" \/><div class=\"overlay\"><\/div><\/li><li><img decoding=\"async\" src=\"https:\/\/www.stamhuis.nl\/wp-content\/uploads\/2016\/01\/203-1484x990.jpg\" \/><div class=\"overlay\"><\/div><\/li><li><img decoding=\"async\" src=\"https:\/\/www.stamhuis.nl\/wp-content\/uploads\/2016\/01\/IMG_0938-1484x990.jpg\" \/><div class=\"overlay\"><\/div><\/li><li><img decoding=\"async\" src=\"https:\/\/www.stamhuis.nl\/wp-content\/uploads\/2016\/01\/IMG_0954-1484x990.jpg\" \/><div class=\"overlay\"><\/div><\/li><\/ul><\/div><\/strong><\/p>\n<p>Die stark besuchten\u00a0Standorte\u00a0bringen\u00a0ziemlich viele\u00a0Unbequemlichkeiten und beschr\u00e4nkende Faktoren mit sich. Die St\u00e4rke von Stamhuis ist, dass\u00a0man auch in extrem\u00a0schwierigen\u00a0Situationen wei\u00df, was geschehen muss.\u00a0Aufgrund unserer Erfahrungen\u00a0und\u00a0Kenntnisse\u00a0\u00fcber Logistikprozesse und Ladenumbauten\u00a0k\u00f6nnen wir jeden Laden frist- und vereinbarungsgem\u00e4\u00df \u00fcbergeben. Das tun wir inzwischen auch in\u00a0Deutschland, wo wir\u00a0verschiedene Filialen von Albert Heijn to go erfolgreich umgebaut haben.<\/p>\n","protected":false},"excerpt":{"rendered":"<p>In einem Bahnhofsgebiet oder in einer\u00a0regen\u00a0Innenstadt\u00a0dreht sich alles um Schnelligkeit, Flexibilit\u00e4t und\u00a0Dynamik. Das gilt auch f\u00fcr die Ladenumbauten, die wir\u00a0an diesen Standorten\u00a0f\u00fcr Albert Heijn to go realisieren. Das Stamhuis-Unternehmen ist in der Lage, diese\u00a0kleinen Superm\u00e4rkte\u00a0in\u00a0einer Woche komplett umzubauen.\u00a0 Die stark besuchten\u00a0Standorte\u00a0bringen\u00a0ziemlich viele\u00a0Unbequemlichkeiten und beschr\u00e4nkende Faktoren mit sich. Die St\u00e4rke von Stamhuis ist, dass\u00a0man auch in extrem\u00a0schwierigen\u00a0Situationen wei\u00df, was geschehen muss.\u00a0Aufgrund unserer Erfahrungen\u00a0und\u00a0Kenntnisse\u00a0\u00fcber Logistikprozesse und Ladenumbauten\u00a0k\u00f6nnen wir jeden Laden frist- und vereinbarungsgem\u00e4\u00df \u00fcbergeben. Das tun wir inzwischen auch in\u00a0Deutschland, wo wir\u00a0verschiedene Filialen von Albert Heijn to go erfolgreich umgebaut haben.<\/p>\n","protected":false},"author":1,"featured_media":4035,"parent":3922,"menu_order":17,"comment_status":"closed","ping_status":"closed","template":"","meta":{"om_disable_all_campaigns":false,"_monsterinsights_skip_tracking":false,"_monsterinsights_sitenote_active":false,"_monsterinsights_sitenote_note":"","_monsterinsights_sitenote_category":0,"footnotes":""},"class_list":{"0":"post-4034","1":"page","4":"has-post-thumbnail","5":"hentry"},"_links":{"self":[{"href":"https:\/\/www.stamhuis.nl\/de\/wp-json\/wp\/v2\/pages\/4034","targetHints":{"allow":["GET"]}}],"collection":[{"href":"https:\/\/www.stamhuis.nl\/de\/wp-json\/wp\/v2\/pages"}],"about":[{"href":"https:\/\/www.stamhuis.nl\/de\/wp-json\/wp\/v2\/types\/page"}],"author":[{"embeddable":true,"href":"https:\/\/www.stamhuis.nl\/de\/wp-json\/wp\/v2\/users\/1"}],"replies":[{"embeddable":true,"href":"https:\/\/www.stamhuis.nl\/de\/wp-json\/wp\/v2\/comments?post=4034"}],"version-history":[{"count":0,"href":"https:\/\/www.stamhuis.nl\/de\/wp-json\/wp\/v2\/pages\/4034\/revisions"}],"up":[{"embeddable":true,"href":"https:\/\/www.stamhuis.nl\/de\/wp-json\/wp\/v2\/pages\/3922"}],"wp:featuredmedia":[{"embeddable":true,"href":"https:\/\/www.stamhuis.nl\/de\/wp-json\/wp\/v2\/media\/4035"}],"wp:attachment":[{"href":"https:\/\/www.stamhuis.nl\/de\/wp-json\/wp\/v2\/media?parent=4034"}],"curies":[{"name":"wp","href":"https:\/\/api.w.org\/{rel}","templated":true}]}}