{"id":4025,"date":"2015-12-17T11:53:32","date_gmt":"2015-12-17T10:53:32","guid":{"rendered":"https:\/\/www.stamhuis.nl\/de\/projects\/le-perron\/"},"modified":"2016-07-04T11:46:09","modified_gmt":"2016-07-04T09:46:09","slug":"le-perron","status":"publish","type":"page","link":"https:\/\/www.stamhuis.nl\/de\/projekte\/le-perron\/","title":{"rendered":"Le Perron"},"content":{"rendered":"<p class=\"intro\">Bei Stamhuis bezeichnen wir die B\u00e4ckereien von <em>Le Perron<\/em> auch als Brottheater.\u00a0Unsere kreative Abteilung hat sich f\u00fcr diese authentische Boulangerie ein Konzept ausgedacht, in dem Tradition und Handwerk auf besondere Weise vereint sind. Wir haben uns dabei f\u00fcr eine k\u00fchne und nicht allt\u00e4gliche Ladeneinteilung entschieden.<\/p>\n<h4 class=\"intro\"><\/h4>\n<p><strong><div id=\"slider\" class=\"flexslider\"><ul class=\"slides\"><li id=\"img\" href=\"https:\/\/www.stamhuis.nl\/wp-content\/uploads\/2015\/12\/Le-Perron-Formulehandboek-022.jpg\"><img decoding=\"async\" src=\"https:\/\/www.stamhuis.nl\/wp-content\/uploads\/2015\/12\/Le-Perron-Formulehandboek-022.jpg\" \/><\/li><li id=\"img\" href=\"https:\/\/www.stamhuis.nl\/wp-content\/uploads\/2015\/12\/Le-Perron-Formulehandboek-254.jpg\"><img decoding=\"async\" src=\"https:\/\/www.stamhuis.nl\/wp-content\/uploads\/2015\/12\/Le-Perron-Formulehandboek-254.jpg\" \/><\/li><li id=\"img\" href=\"https:\/\/www.stamhuis.nl\/wp-content\/uploads\/2015\/12\/Le-Perron-Formulehandboek-196.jpg\"><img decoding=\"async\" src=\"https:\/\/www.stamhuis.nl\/wp-content\/uploads\/2015\/12\/Le-Perron-Formulehandboek-196.jpg\" \/><\/li><li id=\"img\" href=\"https:\/\/www.stamhuis.nl\/wp-content\/uploads\/2015\/12\/Le-Perron-Formulehandboek-164.jpg\"><img decoding=\"async\" src=\"https:\/\/www.stamhuis.nl\/wp-content\/uploads\/2015\/12\/Le-Perron-Formulehandboek-164.jpg\" \/><\/li><li id=\"img\" href=\"https:\/\/www.stamhuis.nl\/wp-content\/uploads\/2015\/12\/Le-Perron-Formulehandboek-068.jpg\"><img decoding=\"async\" src=\"https:\/\/www.stamhuis.nl\/wp-content\/uploads\/2015\/12\/Le-Perron-Formulehandboek-068.jpg\" \/><\/li><li id=\"img\" href=\"https:\/\/www.stamhuis.nl\/wp-content\/uploads\/2015\/12\/Le-Perron-Formulehandboek-078.jpg\"><img decoding=\"async\" src=\"https:\/\/www.stamhuis.nl\/wp-content\/uploads\/2015\/12\/Le-Perron-Formulehandboek-078.jpg\" \/><\/li><li id=\"img\" href=\"https:\/\/www.stamhuis.nl\/wp-content\/uploads\/2015\/12\/Le-Perron-Formulehandboek-086.jpg\"><img decoding=\"async\" src=\"https:\/\/www.stamhuis.nl\/wp-content\/uploads\/2015\/12\/Le-Perron-Formulehandboek-086.jpg\" \/><\/li><\/ul><\/div><div id=\"carousel\" class=\"flexslider\"><ul class=\"slides\"><li><img decoding=\"async\" src=\"https:\/\/www.stamhuis.nl\/wp-content\/uploads\/2015\/12\/Le-Perron-Formulehandboek-022.jpg\" \/><div class=\"overlay\"><\/div><\/li><li><img decoding=\"async\" src=\"https:\/\/www.stamhuis.nl\/wp-content\/uploads\/2015\/12\/Le-Perron-Formulehandboek-254.jpg\" \/><div class=\"overlay\"><\/div><\/li><li><img decoding=\"async\" src=\"https:\/\/www.stamhuis.nl\/wp-content\/uploads\/2015\/12\/Le-Perron-Formulehandboek-196.jpg\" \/><div class=\"overlay\"><\/div><\/li><li><img decoding=\"async\" src=\"https:\/\/www.stamhuis.nl\/wp-content\/uploads\/2015\/12\/Le-Perron-Formulehandboek-164.jpg\" \/><div class=\"overlay\"><\/div><\/li><li><img decoding=\"async\" src=\"https:\/\/www.stamhuis.nl\/wp-content\/uploads\/2015\/12\/Le-Perron-Formulehandboek-068.jpg\" \/><div class=\"overlay\"><\/div><\/li><li><img decoding=\"async\" src=\"https:\/\/www.stamhuis.nl\/wp-content\/uploads\/2015\/12\/Le-Perron-Formulehandboek-078.jpg\" \/><div class=\"overlay\"><\/div><\/li><li><img decoding=\"async\" src=\"https:\/\/www.stamhuis.nl\/wp-content\/uploads\/2015\/12\/Le-Perron-Formulehandboek-086.jpg\" \/><div class=\"overlay\"><\/div><\/li><\/ul><\/div><\/strong><\/p>\n<h4>Volle Verantwortung<\/h4>\n<p>Stamhuis spielt beim Rollout dieses neuen Ladenkonzepts eine entscheidende Rolle, indem es die volle Verantwortung f\u00fcr den Umbau \u00fcbernimmt. Obwohl Le Perron f\u00fcr Authentizit\u00e4t und Tradition steht, werden die Projekte von <em>Le Perron<\/em>\u00a0bewusst fortschrittlich angegangen. Stamhuis\u00a0nutzt dazu Techniken wie Revit, 3D-Einscannen der Ladenfl\u00e4che und das Arbeiten mittels eines Geb\u00e4ude-Informations-Modells.<\/p>\n","protected":false},"excerpt":{"rendered":"<p>Bei Stamhuis bezeichnen wir die B\u00e4ckereien von Le Perron auch als Brottheater.\u00a0Unsere kreative Abteilung hat sich f\u00fcr diese authentische Boulangerie ein Konzept ausgedacht, in dem Tradition und Handwerk auf besondere Weise vereint sind. Wir haben uns dabei f\u00fcr eine k\u00fchne und nicht allt\u00e4gliche Ladeneinteilung entschieden. Volle Verantwortung Stamhuis spielt beim Rollout dieses neuen Ladenkonzepts eine entscheidende Rolle, indem es die volle Verantwortung f\u00fcr den Umbau \u00fcbernimmt. Obwohl Le Perron f\u00fcr Authentizit\u00e4t und Tradition steht, werden die Projekte von Le Perron\u00a0bewusst fortschrittlich angegangen. Stamhuis\u00a0nutzt dazu Techniken wie Revit, 3D-Einscannen der Ladenfl\u00e4che und das Arbeiten mittels eines Geb\u00e4ude-Informations-Modells.<\/p>\n","protected":false},"author":3,"featured_media":4026,"parent":3922,"menu_order":9,"comment_status":"closed","ping_status":"closed","template":"","meta":{"om_disable_all_campaigns":false,"_monsterinsights_skip_tracking":false,"_monsterinsights_sitenote_active":false,"_monsterinsights_sitenote_note":"","_monsterinsights_sitenote_category":0,"footnotes":""},"class_list":{"0":"post-4025","1":"page","4":"has-post-thumbnail","5":"hentry"},"_links":{"self":[{"href":"https:\/\/www.stamhuis.nl\/de\/wp-json\/wp\/v2\/pages\/4025","targetHints":{"allow":["GET"]}}],"collection":[{"href":"https:\/\/www.stamhuis.nl\/de\/wp-json\/wp\/v2\/pages"}],"about":[{"href":"https:\/\/www.stamhuis.nl\/de\/wp-json\/wp\/v2\/types\/page"}],"author":[{"embeddable":true,"href":"https:\/\/www.stamhuis.nl\/de\/wp-json\/wp\/v2\/users\/3"}],"replies":[{"embeddable":true,"href":"https:\/\/www.stamhuis.nl\/de\/wp-json\/wp\/v2\/comments?post=4025"}],"version-history":[{"count":0,"href":"https:\/\/www.stamhuis.nl\/de\/wp-json\/wp\/v2\/pages\/4025\/revisions"}],"up":[{"embeddable":true,"href":"https:\/\/www.stamhuis.nl\/de\/wp-json\/wp\/v2\/pages\/3922"}],"wp:featuredmedia":[{"embeddable":true,"href":"https:\/\/www.stamhuis.nl\/de\/wp-json\/wp\/v2\/media\/4026"}],"wp:attachment":[{"href":"https:\/\/www.stamhuis.nl\/de\/wp-json\/wp\/v2\/media?parent=4025"}],"curies":[{"name":"wp","href":"https:\/\/api.w.org\/{rel}","templated":true}]}}