{"id":4022,"date":"2015-12-18T16:37:11","date_gmt":"2015-12-18T15:37:11","guid":{"rendered":"https:\/\/www.stamhuis.nl\/de\/projects\/etos\/"},"modified":"2016-06-29T14:20:28","modified_gmt":"2016-06-29T12:20:28","slug":"etos","status":"publish","type":"page","link":"https:\/\/www.stamhuis.nl\/de\/projekte\/etos\/","title":{"rendered":"Etos"},"content":{"rendered":"<p class=\"intro\"><strong>Ein Ladenumbau braucht nicht immer gro\u00dfartig und mitrei\u00dfend zu sein. Das beweist Stamhuis in diesem Moment mit dem subtilen Umbau verschiedener Etos-L\u00e4den. Auch bei den Umbauarbeiten dieser Drogeriekette sind wir intensiv\u00a0in Kontakt \u00a0mit unserem bedeutesten Auftraggeber Ahold.<\/strong><\/p>\n<p class=\"intro\"><strong><div id=\"slider\" class=\"flexslider\"><ul class=\"slides\"><li id=\"img\" href=\"https:\/\/www.stamhuis.nl\/wp-content\/uploads\/2016\/04\/21.11.15Etos_0395.jpg\"><img decoding=\"async\" src=\"https:\/\/www.stamhuis.nl\/wp-content\/uploads\/2016\/04\/21.11.15Etos_0395.jpg\" \/><\/li><li id=\"img\" href=\"https:\/\/www.stamhuis.nl\/wp-content\/uploads\/2016\/04\/21.11.15Etos_0389.jpg\"><img decoding=\"async\" src=\"https:\/\/www.stamhuis.nl\/wp-content\/uploads\/2016\/04\/21.11.15Etos_0389.jpg\" \/><\/li><li id=\"img\" href=\"https:\/\/www.stamhuis.nl\/wp-content\/uploads\/2016\/04\/21.11.15Etos_0369.jpg\"><img decoding=\"async\" src=\"https:\/\/www.stamhuis.nl\/wp-content\/uploads\/2016\/04\/21.11.15Etos_0369.jpg\" \/><\/li><li id=\"img\" href=\"https:\/\/www.stamhuis.nl\/wp-content\/uploads\/2016\/04\/21.11.15Etos_0307.jpg\"><img decoding=\"async\" src=\"https:\/\/www.stamhuis.nl\/wp-content\/uploads\/2016\/04\/21.11.15Etos_0307.jpg\" \/><\/li><li id=\"img\" href=\"https:\/\/www.stamhuis.nl\/wp-content\/uploads\/2016\/04\/21.11.15Etos_0200.jpg\"><img decoding=\"async\" src=\"https:\/\/www.stamhuis.nl\/wp-content\/uploads\/2016\/04\/21.11.15Etos_0200.jpg\" \/><\/li><li id=\"img\" href=\"https:\/\/www.stamhuis.nl\/wp-content\/uploads\/2016\/04\/21.11.15Etos_0048-1.jpg\"><img decoding=\"async\" src=\"https:\/\/www.stamhuis.nl\/wp-content\/uploads\/2016\/04\/21.11.15Etos_0048-1.jpg\" \/><\/li><\/ul><\/div><div id=\"carousel\" class=\"flexslider\"><ul class=\"slides\"><li><img decoding=\"async\" src=\"https:\/\/www.stamhuis.nl\/wp-content\/uploads\/2016\/04\/21.11.15Etos_0395.jpg\" \/><div class=\"overlay\"><\/div><\/li><li><img decoding=\"async\" src=\"https:\/\/www.stamhuis.nl\/wp-content\/uploads\/2016\/04\/21.11.15Etos_0389.jpg\" \/><div class=\"overlay\"><\/div><\/li><li><img decoding=\"async\" src=\"https:\/\/www.stamhuis.nl\/wp-content\/uploads\/2016\/04\/21.11.15Etos_0369.jpg\" \/><div class=\"overlay\"><\/div><\/li><li><img decoding=\"async\" src=\"https:\/\/www.stamhuis.nl\/wp-content\/uploads\/2016\/04\/21.11.15Etos_0307.jpg\" \/><div class=\"overlay\"><\/div><\/li><li><img decoding=\"async\" src=\"https:\/\/www.stamhuis.nl\/wp-content\/uploads\/2016\/04\/21.11.15Etos_0200.jpg\" \/><div class=\"overlay\"><\/div><\/li><li><img decoding=\"async\" src=\"https:\/\/www.stamhuis.nl\/wp-content\/uploads\/2016\/04\/21.11.15Etos_0048-1.jpg\" \/><div class=\"overlay\"><\/div><\/li><\/ul><\/div><\/strong><\/p>\n<h4>Maximaler Effekt<\/h4>\n<p>Wo wir die kompletten Etos-Ladenumbauten nach dem Stamhuis NWG-Prinzip angehen, beschr\u00e4nken sich unsere Arbeiten im Moment auf die Durchf\u00fchrung subtiler Anpassungen mit minimalen Kosten. Das hat alles mit dem neuen Weg zu tun, den Etos eingeschlagen hat. So kehrt das\u00a0h\u00fcbsche Logo aus den Anfangsjahren zur\u00fcck und der Laden bekommt einen\u00a0klassischeren Look-And-Feel. Also subtile Anpassungen\u00a0mit maximalem Effekt.<\/p>\n","protected":false},"excerpt":{"rendered":"<p>Ein Ladenumbau braucht nicht immer gro\u00dfartig und mitrei\u00dfend zu sein. Das beweist Stamhuis in diesem Moment mit dem subtilen Umbau verschiedener Etos-L\u00e4den. Auch bei den Umbauarbeiten dieser Drogeriekette sind wir intensiv\u00a0in Kontakt \u00a0mit unserem bedeutesten Auftraggeber Ahold. Maximaler Effekt Wo wir die kompletten Etos-Ladenumbauten nach dem Stamhuis NWG-Prinzip angehen, beschr\u00e4nken sich unsere Arbeiten im Moment auf die Durchf\u00fchrung subtiler Anpassungen mit minimalen Kosten. Das hat alles mit dem neuen Weg zu tun, den Etos eingeschlagen hat. So kehrt das\u00a0h\u00fcbsche Logo aus den Anfangsjahren zur\u00fcck und der Laden bekommt einen\u00a0klassischeren Look-And-Feel. Also subtile Anpassungen\u00a0mit maximalem Effekt.<\/p>\n","protected":false},"author":3,"featured_media":3313,"parent":3922,"menu_order":7,"comment_status":"closed","ping_status":"closed","template":"","meta":{"om_disable_all_campaigns":false,"_monsterinsights_skip_tracking":false,"_monsterinsights_sitenote_active":false,"_monsterinsights_sitenote_note":"","_monsterinsights_sitenote_category":0,"footnotes":""},"class_list":{"0":"post-4022","1":"page","4":"has-post-thumbnail","5":"hentry"},"_links":{"self":[{"href":"https:\/\/www.stamhuis.nl\/de\/wp-json\/wp\/v2\/pages\/4022","targetHints":{"allow":["GET"]}}],"collection":[{"href":"https:\/\/www.stamhuis.nl\/de\/wp-json\/wp\/v2\/pages"}],"about":[{"href":"https:\/\/www.stamhuis.nl\/de\/wp-json\/wp\/v2\/types\/page"}],"author":[{"embeddable":true,"href":"https:\/\/www.stamhuis.nl\/de\/wp-json\/wp\/v2\/users\/3"}],"replies":[{"embeddable":true,"href":"https:\/\/www.stamhuis.nl\/de\/wp-json\/wp\/v2\/comments?post=4022"}],"version-history":[{"count":0,"href":"https:\/\/www.stamhuis.nl\/de\/wp-json\/wp\/v2\/pages\/4022\/revisions"}],"up":[{"embeddable":true,"href":"https:\/\/www.stamhuis.nl\/de\/wp-json\/wp\/v2\/pages\/3922"}],"wp:featuredmedia":[{"embeddable":true,"href":"https:\/\/www.stamhuis.nl\/de\/wp-json\/wp\/v2\/media\/3313"}],"wp:attachment":[{"href":"https:\/\/www.stamhuis.nl\/de\/wp-json\/wp\/v2\/media?parent=4022"}],"curies":[{"name":"wp","href":"https:\/\/api.w.org\/{rel}","templated":true}]}}