{"id":4017,"date":"2015-12-17T16:01:25","date_gmt":"2015-12-17T15:01:25","guid":{"rendered":"https:\/\/www.stamhuis.nl\/de\/projects\/de-hypotheker\/"},"modified":"2016-06-29T13:45:11","modified_gmt":"2016-06-29T11:45:11","slug":"de-hypotheker","status":"publish","type":"page","link":"https:\/\/www.stamhuis.nl\/de\/projekte\/de-hypotheker\/","title":{"rendered":"De Hypotheker"},"content":{"rendered":"<p class=\"intro\">Ja, nat\u00fcrlich. Stamhuis arbeitet auch\u00a0f\u00fcr De Hypotheker! F\u00fcr diesen Finanzdienstleister haben wir\u00a0unterschiedliche Filialformen entwickelt, wobei klare Linien und Formen mit der warmen Atmosph\u00e4re eines Wohnzimmers verschmolzen werden. Stamhuis entwickelte das neue Konzept und ist an der \u00dcberwachung und dem landesweiten Rollout ma\u00dfgeblich beteiligt.<\/p>\n<p class=\"intro\"><strong><div id=\"slider\" class=\"flexslider\"><ul class=\"slides\"><li id=\"img\" href=\"https:\/\/www.stamhuis.nl\/wp-content\/uploads\/2016\/07\/DH-Enschede-39-1484x990.jpg\"><img decoding=\"async\" src=\"https:\/\/www.stamhuis.nl\/wp-content\/uploads\/2016\/07\/DH-Enschede-39-1484x990.jpg\" \/><\/li><li id=\"img\" href=\"https:\/\/www.stamhuis.nl\/wp-content\/uploads\/2016\/07\/IMG_9013-1484x990.jpg\"><img decoding=\"async\" src=\"https:\/\/www.stamhuis.nl\/wp-content\/uploads\/2016\/07\/IMG_9013-1484x990.jpg\" \/><\/li><li id=\"img\" href=\"https:\/\/www.stamhuis.nl\/wp-content\/uploads\/2016\/07\/IMG_8459-1484x990.jpg\"><img decoding=\"async\" src=\"https:\/\/www.stamhuis.nl\/wp-content\/uploads\/2016\/07\/IMG_8459-1484x990.jpg\" \/><\/li><li id=\"img\" href=\"https:\/\/www.stamhuis.nl\/wp-content\/uploads\/2016\/01\/Advieskamer-blauw-1484x990.jpg\"><img decoding=\"async\" src=\"https:\/\/www.stamhuis.nl\/wp-content\/uploads\/2016\/01\/Advieskamer-blauw-1484x990.jpg\" \/><\/li><li id=\"img\" href=\"https:\/\/www.stamhuis.nl\/wp-content\/uploads\/2016\/07\/DH-Enschede-71-1484x990.jpg\"><img decoding=\"async\" src=\"https:\/\/www.stamhuis.nl\/wp-content\/uploads\/2016\/07\/DH-Enschede-71-1484x990.jpg\" \/><\/li><li id=\"img\" href=\"https:\/\/www.stamhuis.nl\/wp-content\/uploads\/2016\/07\/DH-Enschede-77-1484x990.jpg\"><img decoding=\"async\" src=\"https:\/\/www.stamhuis.nl\/wp-content\/uploads\/2016\/07\/DH-Enschede-77-1484x990.jpg\" \/><\/li><li id=\"img\" href=\"https:\/\/www.stamhuis.nl\/wp-content\/uploads\/2016\/07\/DH-Enschede-31-1484x990.jpg\"><img decoding=\"async\" src=\"https:\/\/www.stamhuis.nl\/wp-content\/uploads\/2016\/07\/DH-Enschede-31-1484x990.jpg\" \/><\/li><li id=\"img\" href=\"https:\/\/www.stamhuis.nl\/wp-content\/uploads\/2016\/07\/DH-Enschede-57-1484x990.jpg\"><img decoding=\"async\" src=\"https:\/\/www.stamhuis.nl\/wp-content\/uploads\/2016\/07\/DH-Enschede-57-1484x990.jpg\" \/><\/li><li id=\"img\" href=\"https:\/\/www.stamhuis.nl\/wp-content\/uploads\/2016\/07\/IMG_9004-1484x990.jpg\"><img decoding=\"async\" src=\"https:\/\/www.stamhuis.nl\/wp-content\/uploads\/2016\/07\/IMG_9004-1484x990.jpg\" \/><\/li><\/ul><\/div><div id=\"carousel\" class=\"flexslider\"><ul class=\"slides\"><li><img decoding=\"async\" src=\"https:\/\/www.stamhuis.nl\/wp-content\/uploads\/2016\/07\/DH-Enschede-39-1484x990.jpg\" \/><div class=\"overlay\"><\/div><\/li><li><img decoding=\"async\" src=\"https:\/\/www.stamhuis.nl\/wp-content\/uploads\/2016\/07\/IMG_9013-1484x990.jpg\" \/><div class=\"overlay\"><\/div><\/li><li><img decoding=\"async\" src=\"https:\/\/www.stamhuis.nl\/wp-content\/uploads\/2016\/07\/IMG_8459-1484x990.jpg\" \/><div class=\"overlay\"><\/div><\/li><li><img decoding=\"async\" src=\"https:\/\/www.stamhuis.nl\/wp-content\/uploads\/2016\/01\/Advieskamer-blauw-1484x990.jpg\" \/><div class=\"overlay\"><\/div><\/li><li><img decoding=\"async\" src=\"https:\/\/www.stamhuis.nl\/wp-content\/uploads\/2016\/07\/DH-Enschede-71-1484x990.jpg\" \/><div class=\"overlay\"><\/div><\/li><li><img decoding=\"async\" src=\"https:\/\/www.stamhuis.nl\/wp-content\/uploads\/2016\/07\/DH-Enschede-77-1484x990.jpg\" \/><div class=\"overlay\"><\/div><\/li><li><img decoding=\"async\" src=\"https:\/\/www.stamhuis.nl\/wp-content\/uploads\/2016\/07\/DH-Enschede-31-1484x990.jpg\" \/><div class=\"overlay\"><\/div><\/li><li><img decoding=\"async\" src=\"https:\/\/www.stamhuis.nl\/wp-content\/uploads\/2016\/07\/DH-Enschede-57-1484x990.jpg\" \/><div class=\"overlay\"><\/div><\/li><li><img decoding=\"async\" src=\"https:\/\/www.stamhuis.nl\/wp-content\/uploads\/2016\/07\/IMG_9004-1484x990.jpg\" \/><div class=\"overlay\"><\/div><\/li><\/ul><\/div><\/strong><\/p>\n<h4>Einheit in Verschiedenheit<\/h4>\n<p>Bei der Ausarbeitung des neuen Konzepts haben wir uns f\u00fcr Einheit in Verschiedenheit entschieden. So wird jede Filiale mit unterschiedlichen Beratungszimmern ausger\u00fcstet. Diese Beratungszimmer haben Namen wie <em>Classic<\/em>, <em>Casual<\/em>, <em>White<\/em>, <em>Black<\/em> <em>&amp; Yellow<\/em>\u00a0und <em>Natural<\/em> und strahlen alle auf ihre eigene Weise die Atmosph\u00e4re eines warmen Wohnzimmers aus. Eine bewusste Wahl. Eine angenehme und warme Umgebung hilft dem Kunden bei einem wohl \u00fcberlegten Entscheidung) zu einer Hypothek oder Versicherung.<\/p>\n<h4>Niedrigere Umbaukosten<\/h4>\n<p>Beim Umbau sind wir f\u00fcr die Vorbereitungsarbeiten, das Projektmanagement, die Fertigstellung und die Innenausstattung verantwortlich. Au\u00dferdem sind wir in der Lage, subtile kommerzielle Anpassungen vorzunehmen. Durch die Wiederverwendung der Innenausstattung, kluge Materialverwendung und effiziente Prozesse ist es uns gelungen, die Umbaukosten um 20% zu reduzieren!<\/p>\n","protected":false},"excerpt":{"rendered":"<p>Ja, nat\u00fcrlich. Stamhuis arbeitet auch\u00a0f\u00fcr De Hypotheker! F\u00fcr diesen Finanzdienstleister haben wir\u00a0unterschiedliche Filialformen entwickelt, wobei klare Linien und Formen mit der warmen Atmosph\u00e4re eines Wohnzimmers verschmolzen werden. Stamhuis entwickelte das neue Konzept und ist an der \u00dcberwachung und dem landesweiten Rollout ma\u00dfgeblich beteiligt. Einheit in Verschiedenheit Bei der Ausarbeitung des neuen Konzepts haben wir uns f\u00fcr Einheit in Verschiedenheit entschieden. So wird jede Filiale mit unterschiedlichen Beratungszimmern ausger\u00fcstet. Diese Beratungszimmer haben Namen wie Classic, Casual, White, Black &amp; Yellow\u00a0und Natural und strahlen alle auf ihre eigene Weise die Atmosph\u00e4re eines warmen Wohnzimmers aus. Eine bewusste Wahl. Eine angenehme und warme Umgebung hilft dem Kunden bei einem wohl \u00fcberlegten Entscheidung) zu einer Hypothek oder Versicherung. Niedrigere Umbaukosten Beim Umbau sind wir f\u00fcr die Vorbereitungsarbeiten, das Projektmanagement, die Fertigstellung und die Innenausstattung verantwortlich. Au\u00dferdem sind wir in der Lage, subtile kommerzielle Anpassungen&hellip;<\/p>\n","protected":false},"author":3,"featured_media":4390,"parent":3922,"menu_order":6,"comment_status":"closed","ping_status":"closed","template":"","meta":{"om_disable_all_campaigns":false,"_monsterinsights_skip_tracking":false,"_monsterinsights_sitenote_active":false,"_monsterinsights_sitenote_note":"","_monsterinsights_sitenote_category":0,"footnotes":""},"class_list":{"0":"post-4017","1":"page","4":"has-post-thumbnail","5":"hentry"},"_links":{"self":[{"href":"https:\/\/www.stamhuis.nl\/de\/wp-json\/wp\/v2\/pages\/4017","targetHints":{"allow":["GET"]}}],"collection":[{"href":"https:\/\/www.stamhuis.nl\/de\/wp-json\/wp\/v2\/pages"}],"about":[{"href":"https:\/\/www.stamhuis.nl\/de\/wp-json\/wp\/v2\/types\/page"}],"author":[{"embeddable":true,"href":"https:\/\/www.stamhuis.nl\/de\/wp-json\/wp\/v2\/users\/3"}],"replies":[{"embeddable":true,"href":"https:\/\/www.stamhuis.nl\/de\/wp-json\/wp\/v2\/comments?post=4017"}],"version-history":[{"count":0,"href":"https:\/\/www.stamhuis.nl\/de\/wp-json\/wp\/v2\/pages\/4017\/revisions"}],"up":[{"embeddable":true,"href":"https:\/\/www.stamhuis.nl\/de\/wp-json\/wp\/v2\/pages\/3922"}],"wp:featuredmedia":[{"embeddable":true,"href":"https:\/\/www.stamhuis.nl\/de\/wp-json\/wp\/v2\/media\/4390"}],"wp:attachment":[{"href":"https:\/\/www.stamhuis.nl\/de\/wp-json\/wp\/v2\/media?parent=4017"}],"curies":[{"name":"wp","href":"https:\/\/api.w.org\/{rel}","templated":true}]}}