{"id":4005,"date":"2015-12-17T14:40:48","date_gmt":"2015-12-17T13:40:48","guid":{"rendered":"https:\/\/www.stamhuis.nl\/de\/projects\/gall-gall\/"},"modified":"2016-06-29T13:43:52","modified_gmt":"2016-06-29T11:43:52","slug":"gall-gall","status":"publish","type":"page","link":"https:\/\/www.stamhuis.nl\/de\/projekte\/gall-gall\/","title":{"rendered":"Gall &#038; Gall"},"content":{"rendered":"<p class=\"intro\">Sie werden es vielleicht nicht glauben, aber so ungef\u00e4hr jeder Laden von Gall &amp; Gall (insgesamt etwa 600!) tr\u00e4gt die Signatur von Stamhuis. Auch diese L\u00e4den bauen wir nach dem Stamhuis DWG-Prinzip (Diese Woche Ge\u00f6ffnet) um. F\u00fcr den kompletten Ladenumbau vor Ort ben\u00f6tigen wir nur vier Werktage!<\/p>\n<p><strong><div id=\"slider\" class=\"flexslider\"><ul class=\"slides\"><li id=\"img\" href=\"https:\/\/www.stamhuis.nl\/wp-content\/uploads\/2015\/12\/03.Gall-Gall-Leidschendam-06-02-2008-030-1484x990.jpg\"><img decoding=\"async\" src=\"https:\/\/www.stamhuis.nl\/wp-content\/uploads\/2015\/12\/03.Gall-Gall-Leidschendam-06-02-2008-030-1484x990.jpg\" \/><\/li><li id=\"img\" href=\"https:\/\/www.stamhuis.nl\/wp-content\/uploads\/2016\/02\/IMG_0233-1484x900.jpg\"><img decoding=\"async\" src=\"https:\/\/www.stamhuis.nl\/wp-content\/uploads\/2016\/02\/IMG_0233-1484x900.jpg\" \/><\/li><li id=\"img\" href=\"https:\/\/www.stamhuis.nl\/wp-content\/uploads\/2016\/02\/IMG_0227-1484x990.jpg\"><img decoding=\"async\" src=\"https:\/\/www.stamhuis.nl\/wp-content\/uploads\/2016\/02\/IMG_0227-1484x990.jpg\" \/><\/li><li id=\"img\" href=\"https:\/\/www.stamhuis.nl\/wp-content\/uploads\/2016\/02\/IMG_0195-1200x990.jpg\"><img decoding=\"async\" src=\"https:\/\/www.stamhuis.nl\/wp-content\/uploads\/2016\/02\/IMG_0195-1200x990.jpg\" \/><\/li><li id=\"img\" href=\"https:\/\/www.stamhuis.nl\/wp-content\/uploads\/2016\/02\/IMG_0192-1200x990.jpg\"><img decoding=\"async\" src=\"https:\/\/www.stamhuis.nl\/wp-content\/uploads\/2016\/02\/IMG_0192-1200x990.jpg\" \/><\/li><li id=\"img\" href=\"https:\/\/www.stamhuis.nl\/wp-content\/uploads\/2016\/02\/IMG_0178-1484x990.jpg\"><img decoding=\"async\" src=\"https:\/\/www.stamhuis.nl\/wp-content\/uploads\/2016\/02\/IMG_0178-1484x990.jpg\" \/><\/li><\/ul><\/div><div id=\"carousel\" class=\"flexslider\"><ul class=\"slides\"><li><img decoding=\"async\" src=\"https:\/\/www.stamhuis.nl\/wp-content\/uploads\/2015\/12\/03.Gall-Gall-Leidschendam-06-02-2008-030-1484x990.jpg\" \/><div class=\"overlay\"><\/div><\/li><li><img decoding=\"async\" src=\"https:\/\/www.stamhuis.nl\/wp-content\/uploads\/2016\/02\/IMG_0233-1484x900.jpg\" \/><div class=\"overlay\"><\/div><\/li><li><img decoding=\"async\" src=\"https:\/\/www.stamhuis.nl\/wp-content\/uploads\/2016\/02\/IMG_0227-1484x990.jpg\" \/><div class=\"overlay\"><\/div><\/li><li><img decoding=\"async\" src=\"https:\/\/www.stamhuis.nl\/wp-content\/uploads\/2016\/02\/IMG_0195-1200x990.jpg\" \/><div class=\"overlay\"><\/div><\/li><li><img decoding=\"async\" src=\"https:\/\/www.stamhuis.nl\/wp-content\/uploads\/2016\/02\/IMG_0192-1200x990.jpg\" \/><div class=\"overlay\"><\/div><\/li><li><img decoding=\"async\" src=\"https:\/\/www.stamhuis.nl\/wp-content\/uploads\/2016\/02\/IMG_0178-1484x990.jpg\" \/><div class=\"overlay\"><\/div><\/li><\/ul><\/div><\/strong><\/p>\n<h4>Stamhuis Gesamtkonzept<\/h4>\n<p>F\u00fcr diese Ladenprojekte nutzen wir unser bekanntes Gesamtkonzept. Das bedeutet, dass wir am gesamten Prozess beteiligt sind:\u00a0von der Entwicklung der allerersten Idee bis zur \u00dcbergabe. Der Umbau oder Bau eines Gall &amp; Gall-Ladens basiert auf einer ausgefeilten Vorbereitung. Eine strenge \u00dcberwachung des Fortschritts ist erforderlich, um die kurze Durchlaufzeit zu erzielen. Anders als bei einem durchschnittlichen Albert- Heijn-Laden ist der Arbeitsraum hier beschr\u00e4nkt. Darum werden bei der Einteilung vorgefertigte Elemente, genormte Abst\u00e4nde und Standardbl\u00f6cke gew\u00e4hlt. Ein Gro\u00dfteil der Arbeiten k\u00f6nnen wir in unserer eigenen Werkstatt bereits vorbereiten und durchf\u00fchren. Die Innenausstattungselemente brauchen somit vor Ort nur noch montiert zu werden.<\/p>\n","protected":false},"excerpt":{"rendered":"<p>Sie werden es vielleicht nicht glauben, aber so ungef\u00e4hr jeder Laden von Gall &amp; Gall (insgesamt etwa 600!) tr\u00e4gt die Signatur von Stamhuis. Auch diese L\u00e4den bauen wir nach dem Stamhuis DWG-Prinzip (Diese Woche Ge\u00f6ffnet) um. F\u00fcr den kompletten Ladenumbau vor Ort ben\u00f6tigen wir nur vier Werktage! Stamhuis Gesamtkonzept F\u00fcr diese Ladenprojekte nutzen wir unser bekanntes Gesamtkonzept. Das bedeutet, dass wir am gesamten Prozess beteiligt sind:\u00a0von der Entwicklung der allerersten Idee bis zur \u00dcbergabe. Der Umbau oder Bau eines Gall &amp; Gall-Ladens basiert auf einer ausgefeilten Vorbereitung. Eine strenge \u00dcberwachung des Fortschritts ist erforderlich, um die kurze Durchlaufzeit zu erzielen. Anders als bei einem durchschnittlichen Albert- Heijn-Laden ist der Arbeitsraum hier beschr\u00e4nkt. Darum werden bei der Einteilung vorgefertigte Elemente, genormte Abst\u00e4nde und Standardbl\u00f6cke gew\u00e4hlt. Ein Gro\u00dfteil der Arbeiten k\u00f6nnen wir in unserer eigenen Werkstatt bereits vorbereiten und durchf\u00fchren. Die Innenausstattungselemente&hellip;<\/p>\n","protected":false},"author":3,"featured_media":4007,"parent":3922,"menu_order":5,"comment_status":"closed","ping_status":"closed","template":"","meta":{"om_disable_all_campaigns":false,"_monsterinsights_skip_tracking":false,"_monsterinsights_sitenote_active":false,"_monsterinsights_sitenote_note":"","_monsterinsights_sitenote_category":0,"footnotes":""},"class_list":{"0":"post-4005","1":"page","4":"has-post-thumbnail","5":"hentry"},"_links":{"self":[{"href":"https:\/\/www.stamhuis.nl\/de\/wp-json\/wp\/v2\/pages\/4005","targetHints":{"allow":["GET"]}}],"collection":[{"href":"https:\/\/www.stamhuis.nl\/de\/wp-json\/wp\/v2\/pages"}],"about":[{"href":"https:\/\/www.stamhuis.nl\/de\/wp-json\/wp\/v2\/types\/page"}],"author":[{"embeddable":true,"href":"https:\/\/www.stamhuis.nl\/de\/wp-json\/wp\/v2\/users\/3"}],"replies":[{"embeddable":true,"href":"https:\/\/www.stamhuis.nl\/de\/wp-json\/wp\/v2\/comments?post=4005"}],"version-history":[{"count":0,"href":"https:\/\/www.stamhuis.nl\/de\/wp-json\/wp\/v2\/pages\/4005\/revisions"}],"up":[{"embeddable":true,"href":"https:\/\/www.stamhuis.nl\/de\/wp-json\/wp\/v2\/pages\/3922"}],"wp:featuredmedia":[{"embeddable":true,"href":"https:\/\/www.stamhuis.nl\/de\/wp-json\/wp\/v2\/media\/4007"}],"wp:attachment":[{"href":"https:\/\/www.stamhuis.nl\/de\/wp-json\/wp\/v2\/media?parent=4005"}],"curies":[{"name":"wp","href":"https:\/\/api.w.org\/{rel}","templated":true}]}}