{"id":4001,"date":"2015-11-30T16:05:43","date_gmt":"2015-11-30T15:05:43","guid":{"rendered":"https:\/\/www.stamhuis.nl\/de\/projects\/action\/"},"modified":"2016-06-29T13:40:17","modified_gmt":"2016-06-29T11:40:17","slug":"action","status":"publish","type":"page","link":"https:\/\/www.stamhuis.nl\/de\/projekte\/action\/","title":{"rendered":"Action"},"content":{"rendered":"<p class=\"intro\">Das au\u00dfergew\u00f6hnliche Wachstum des Non-Food-Discounters Action scheint vorl\u00e4ufig noch nicht vorbei zu sein. Diese urspr\u00fcnglich niederl\u00e4ndische Ladenkette verf\u00fcgt \u00fcber mehr als 600 (!) Filialen, verteilt auf f\u00fcnf L\u00e4nder. Seit kurzem haben wir das Vergn\u00fcgen, einen konkreten Beitrag zum Rollout in Frankreich und Deutschland leisten zu d\u00fcrfen\u2026<\/p>\n<p><strong><div id=\"slider\" class=\"flexslider\"><ul class=\"slides\"><li id=\"img\" href=\"https:\/\/www.stamhuis.nl\/wp-content\/uploads\/2016\/01\/Action2-1484x990.jpg\"><img decoding=\"async\" src=\"https:\/\/www.stamhuis.nl\/wp-content\/uploads\/2016\/01\/Action2-1484x990.jpg\" \/><\/li><li id=\"img\" href=\"https:\/\/www.stamhuis.nl\/wp-content\/uploads\/2016\/01\/Action3-1484x990.jpg\"><img decoding=\"async\" src=\"https:\/\/www.stamhuis.nl\/wp-content\/uploads\/2016\/01\/Action3-1484x990.jpg\" \/><\/li><li id=\"img\" href=\"https:\/\/www.stamhuis.nl\/wp-content\/uploads\/2016\/01\/Action4-1484x990.jpg\"><img decoding=\"async\" src=\"https:\/\/www.stamhuis.nl\/wp-content\/uploads\/2016\/01\/Action4-1484x990.jpg\" \/><\/li><li id=\"img\" href=\"https:\/\/www.stamhuis.nl\/wp-content\/uploads\/2016\/01\/Action5-1484x990.jpg\"><img decoding=\"async\" src=\"https:\/\/www.stamhuis.nl\/wp-content\/uploads\/2016\/01\/Action5-1484x990.jpg\" \/><\/li><li id=\"img\" href=\"https:\/\/www.stamhuis.nl\/wp-content\/uploads\/2016\/01\/Action6-e1452525531315-1484x990.jpg\"><img decoding=\"async\" src=\"https:\/\/www.stamhuis.nl\/wp-content\/uploads\/2016\/01\/Action6-e1452525531315-1484x990.jpg\" \/><\/li><li id=\"img\" href=\"https:\/\/www.stamhuis.nl\/wp-content\/uploads\/2016\/01\/Action1-e1452526045457.jpeg\"><img decoding=\"async\" src=\"https:\/\/www.stamhuis.nl\/wp-content\/uploads\/2016\/01\/Action1-e1452526045457.jpeg\" \/><\/li><\/ul><\/div><div id=\"carousel\" class=\"flexslider\"><ul class=\"slides\"><li><img decoding=\"async\" src=\"https:\/\/www.stamhuis.nl\/wp-content\/uploads\/2016\/01\/Action2-1484x990.jpg\" \/><div class=\"overlay\"><\/div><\/li><li><img decoding=\"async\" src=\"https:\/\/www.stamhuis.nl\/wp-content\/uploads\/2016\/01\/Action3-1484x990.jpg\" \/><div class=\"overlay\"><\/div><\/li><li><img decoding=\"async\" src=\"https:\/\/www.stamhuis.nl\/wp-content\/uploads\/2016\/01\/Action4-1484x990.jpg\" \/><div class=\"overlay\"><\/div><\/li><li><img decoding=\"async\" src=\"https:\/\/www.stamhuis.nl\/wp-content\/uploads\/2016\/01\/Action5-1484x990.jpg\" \/><div class=\"overlay\"><\/div><\/li><li><img decoding=\"async\" src=\"https:\/\/www.stamhuis.nl\/wp-content\/uploads\/2016\/01\/Action6-e1452525531315-1484x990.jpg\" \/><div class=\"overlay\"><\/div><\/li><li><img decoding=\"async\" src=\"https:\/\/www.stamhuis.nl\/wp-content\/uploads\/2016\/01\/Action1-e1452526045457.jpeg\" \/><div class=\"overlay\"><\/div><\/li><\/ul><\/div><\/strong><\/p>\n<h4>Vertrieb nach Frankreich<\/h4>\n<p>Stamhuis \u00fcbernimmt f\u00fcr eine gro\u00dfe Anzahl franz\u00f6sischer Action-Filialen die Lagerung, den Transport und die Montage kompletter Kassensysteme. Dar\u00fcber hinaus stellen wir unser Lager f\u00fcr die Lagerung und Distribution von Einkaufswagen, Sicherheitsschranken und Tresoren zur Verf\u00fcgung.\u00a0Weil wir dies v\u00f6llig in eigener Regie versorgen und unsere eigenen Gigaliner-Sattelschlepper effizient f\u00fcr den Transport einsetzen, realisieren wir erhebliche Einsparungen.<\/p>\n<h4>Schnell, transparent und preiswert<\/h4>\n<p>Mittlerweile haben wir unser Arbeitsgebiet auf Deutschland ausgedehnt. Als Generalunternehmer koordinieren wir alle Rohbau- und Fertigstellungsarbeiten (wie unter anderem das Anbringen von B\u00f6den und Decken) auf die charakteristische Stamhuis-Weise: schneller, transparenter (ausgehend von einer offenen Kalkulation) und preiswerter\u2026 und dies alles, ohne die Qualit\u00e4t aus den Augen zu verlieren!(ohne Einb\u00fcsse in Qualit\u00e4t)<\/p>\n","protected":false},"excerpt":{"rendered":"<p>Das au\u00dfergew\u00f6hnliche Wachstum des Non-Food-Discounters Action scheint vorl\u00e4ufig noch nicht vorbei zu sein. Diese urspr\u00fcnglich niederl\u00e4ndische Ladenkette verf\u00fcgt \u00fcber mehr als 600 (!) Filialen, verteilt auf f\u00fcnf L\u00e4nder. Seit kurzem haben wir das Vergn\u00fcgen, einen konkreten Beitrag zum Rollout in Frankreich und Deutschland leisten zu d\u00fcrfen\u2026 Vertrieb nach Frankreich Stamhuis \u00fcbernimmt f\u00fcr eine gro\u00dfe Anzahl franz\u00f6sischer Action-Filialen die Lagerung, den Transport und die Montage kompletter Kassensysteme. Dar\u00fcber hinaus stellen wir unser Lager f\u00fcr die Lagerung und Distribution von Einkaufswagen, Sicherheitsschranken und Tresoren zur Verf\u00fcgung.\u00a0Weil wir dies v\u00f6llig in eigener Regie versorgen und unsere eigenen Gigaliner-Sattelschlepper effizient f\u00fcr den Transport einsetzen, realisieren wir erhebliche Einsparungen. Schnell, transparent und preiswert Mittlerweile haben wir unser Arbeitsgebiet auf Deutschland ausgedehnt. Als Generalunternehmer koordinieren wir alle Rohbau- und Fertigstellungsarbeiten (wie unter anderem das Anbringen von B\u00f6den und Decken) auf die charakteristische Stamhuis-Weise: schneller, transparenter (ausgehend&hellip;<\/p>\n","protected":false},"author":1,"featured_media":4002,"parent":3922,"menu_order":4,"comment_status":"closed","ping_status":"closed","template":"","meta":{"om_disable_all_campaigns":false,"_monsterinsights_skip_tracking":false,"_monsterinsights_sitenote_active":false,"_monsterinsights_sitenote_note":"","_monsterinsights_sitenote_category":0,"footnotes":""},"class_list":{"0":"post-4001","1":"page","4":"has-post-thumbnail","5":"hentry"},"_links":{"self":[{"href":"https:\/\/www.stamhuis.nl\/de\/wp-json\/wp\/v2\/pages\/4001","targetHints":{"allow":["GET"]}}],"collection":[{"href":"https:\/\/www.stamhuis.nl\/de\/wp-json\/wp\/v2\/pages"}],"about":[{"href":"https:\/\/www.stamhuis.nl\/de\/wp-json\/wp\/v2\/types\/page"}],"author":[{"embeddable":true,"href":"https:\/\/www.stamhuis.nl\/de\/wp-json\/wp\/v2\/users\/1"}],"replies":[{"embeddable":true,"href":"https:\/\/www.stamhuis.nl\/de\/wp-json\/wp\/v2\/comments?post=4001"}],"version-history":[{"count":0,"href":"https:\/\/www.stamhuis.nl\/de\/wp-json\/wp\/v2\/pages\/4001\/revisions"}],"up":[{"embeddable":true,"href":"https:\/\/www.stamhuis.nl\/de\/wp-json\/wp\/v2\/pages\/3922"}],"wp:featuredmedia":[{"embeddable":true,"href":"https:\/\/www.stamhuis.nl\/de\/wp-json\/wp\/v2\/media\/4002"}],"wp:attachment":[{"href":"https:\/\/www.stamhuis.nl\/de\/wp-json\/wp\/v2\/media?parent=4001"}],"curies":[{"name":"wp","href":"https:\/\/api.w.org\/{rel}","templated":true}]}}