{"id":3990,"date":"2015-11-30T16:09:58","date_gmt":"2015-11-30T15:09:58","guid":{"rendered":"https:\/\/www.stamhuis.nl\/de\/projects\/blokker\/"},"modified":"2016-07-08T16:02:31","modified_gmt":"2016-07-08T14:02:31","slug":"blokker","status":"publish","type":"page","link":"https:\/\/www.stamhuis.nl\/de\/projekte\/blokker\/","title":{"rendered":"Blokker"},"content":{"rendered":"<p class=\"intro\">Blokker\u00a0ist ein\u00a0Einzelh\u00e4ndler mit Mut! Der bekannteste Haushaltsspezialist in den Niederlanden wagt es, auch in unruhigen Zeiten Erneuerung und Erweiterung anzustreben. Und mit Erfolg! Der Rollout des neuen Ladenkonzepts findet beim gro\u00dfen Kunden Anklang.<\/p>\n<p class=\"intro\"><div id=\"slider\" class=\"flexslider\"><ul class=\"slides\"><li id=\"img\" href=\"https:\/\/www.stamhuis.nl\/wp-content\/uploads\/2016\/01\/IMG_3168-e1452941263303-1484x990.jpg\"><img decoding=\"async\" src=\"https:\/\/www.stamhuis.nl\/wp-content\/uploads\/2016\/01\/IMG_3168-e1452941263303-1484x990.jpg\" \/><\/li><li id=\"img\" href=\"https:\/\/www.stamhuis.nl\/wp-content\/uploads\/2016\/01\/IMG_3177-1-e1452941116655-1484x990.jpg\"><img decoding=\"async\" src=\"https:\/\/www.stamhuis.nl\/wp-content\/uploads\/2016\/01\/IMG_3177-1-e1452941116655-1484x990.jpg\" \/><\/li><li id=\"img\" href=\"https:\/\/www.stamhuis.nl\/wp-content\/uploads\/2016\/01\/IMG_3175-e1452941076268-1484x990.jpg\"><img decoding=\"async\" src=\"https:\/\/www.stamhuis.nl\/wp-content\/uploads\/2016\/01\/IMG_3175-e1452941076268-1484x990.jpg\" \/><\/li><li id=\"img\" href=\"https:\/\/www.stamhuis.nl\/wp-content\/uploads\/2016\/01\/IMG_3173-e1452941047451-1484x990.jpg\"><img decoding=\"async\" src=\"https:\/\/www.stamhuis.nl\/wp-content\/uploads\/2016\/01\/IMG_3173-e1452941047451-1484x990.jpg\" \/><\/li><li id=\"img\" href=\"https:\/\/www.stamhuis.nl\/wp-content\/uploads\/2016\/01\/IMG_3172-e1452941012454-1484x990.jpg\"><img decoding=\"async\" src=\"https:\/\/www.stamhuis.nl\/wp-content\/uploads\/2016\/01\/IMG_3172-e1452941012454-1484x990.jpg\" \/><\/li><li id=\"img\" href=\"https:\/\/www.stamhuis.nl\/wp-content\/uploads\/2016\/01\/IMG_3171-e1452940962610-1484x990.jpg\"><img decoding=\"async\" src=\"https:\/\/www.stamhuis.nl\/wp-content\/uploads\/2016\/01\/IMG_3171-e1452940962610-1484x990.jpg\" \/><\/li><li id=\"img\" href=\"https:\/\/www.stamhuis.nl\/wp-content\/uploads\/2016\/01\/IMG_3169-e1452940879895-1484x990.jpg\"><img decoding=\"async\" src=\"https:\/\/www.stamhuis.nl\/wp-content\/uploads\/2016\/01\/IMG_3169-e1452940879895-1484x990.jpg\" \/><\/li><\/ul><\/div><div id=\"carousel\" class=\"flexslider\"><ul class=\"slides\"><li><img decoding=\"async\" src=\"https:\/\/www.stamhuis.nl\/wp-content\/uploads\/2016\/01\/IMG_3168-e1452941263303-1484x990.jpg\" \/><div class=\"overlay\"><\/div><\/li><li><img decoding=\"async\" src=\"https:\/\/www.stamhuis.nl\/wp-content\/uploads\/2016\/01\/IMG_3177-1-e1452941116655-1484x990.jpg\" \/><div class=\"overlay\"><\/div><\/li><li><img decoding=\"async\" src=\"https:\/\/www.stamhuis.nl\/wp-content\/uploads\/2016\/01\/IMG_3175-e1452941076268-1484x990.jpg\" \/><div class=\"overlay\"><\/div><\/li><li><img decoding=\"async\" src=\"https:\/\/www.stamhuis.nl\/wp-content\/uploads\/2016\/01\/IMG_3173-e1452941047451-1484x990.jpg\" \/><div class=\"overlay\"><\/div><\/li><li><img decoding=\"async\" src=\"https:\/\/www.stamhuis.nl\/wp-content\/uploads\/2016\/01\/IMG_3172-e1452941012454-1484x990.jpg\" \/><div class=\"overlay\"><\/div><\/li><li><img decoding=\"async\" src=\"https:\/\/www.stamhuis.nl\/wp-content\/uploads\/2016\/01\/IMG_3171-e1452940962610-1484x990.jpg\" \/><div class=\"overlay\"><\/div><\/li><li><img decoding=\"async\" src=\"https:\/\/www.stamhuis.nl\/wp-content\/uploads\/2016\/01\/IMG_3169-e1452940879895-1484x990.jpg\" \/><div class=\"overlay\"><\/div><\/li><\/ul><\/div><\/p>\n<h4>Lean &amp; Mean<\/h4>\n<p>Stamhuis hilft Blokker beim Umbau einer gro\u00dfen Anzahl Filialen. Das gilt insbesondere f\u00fcr die Blokker-Filialen in den Gro\u00dfst\u00e4dten.\u00a0Die Blokker-L\u00e4den in den kleineren Orten werden nach der Slim-Slim-Methode (Lean &amp; Mean)\u00a0umgebaut. Dabei werden L\u00e4den zu einem erm\u00e4\u00dfigten Tarif umgebaut, wobei Ausstrahlung und Atmosph\u00e4re mit Wiedererkennungseffekt beibehalten werden. F\u00fcr die ersten Pilotl\u00e4den hat Stamhuis sich nach R\u00fccksprache mit Blokker f\u00fcr eine k\u00fcrzere Fertigstellungszeit von einer Woche entschieden!<\/p>\n","protected":false},"excerpt":{"rendered":"<p>Blokker\u00a0ist ein\u00a0Einzelh\u00e4ndler mit Mut! Der bekannteste Haushaltsspezialist in den Niederlanden wagt es, auch in unruhigen Zeiten Erneuerung und Erweiterung anzustreben. Und mit Erfolg! Der Rollout des neuen Ladenkonzepts findet beim gro\u00dfen Kunden Anklang. Lean &amp; Mean Stamhuis hilft Blokker beim Umbau einer gro\u00dfen Anzahl Filialen. Das gilt insbesondere f\u00fcr die Blokker-Filialen in den Gro\u00dfst\u00e4dten.\u00a0Die Blokker-L\u00e4den in den kleineren Orten werden nach der Slim-Slim-Methode (Lean &amp; Mean)\u00a0umgebaut. Dabei werden L\u00e4den zu einem erm\u00e4\u00dfigten Tarif umgebaut, wobei Ausstrahlung und Atmosph\u00e4re mit Wiedererkennungseffekt beibehalten werden. F\u00fcr die ersten Pilotl\u00e4den hat Stamhuis sich nach R\u00fccksprache mit Blokker f\u00fcr eine k\u00fcrzere Fertigstellungszeit von einer Woche entschieden!<\/p>\n","protected":false},"author":1,"featured_media":4337,"parent":3922,"menu_order":2,"comment_status":"closed","ping_status":"closed","template":"","meta":{"om_disable_all_campaigns":false,"_monsterinsights_skip_tracking":false,"_monsterinsights_sitenote_active":false,"_monsterinsights_sitenote_note":"","_monsterinsights_sitenote_category":0,"footnotes":""},"class_list":{"0":"post-3990","1":"page","4":"has-post-thumbnail","5":"hentry"},"_links":{"self":[{"href":"https:\/\/www.stamhuis.nl\/de\/wp-json\/wp\/v2\/pages\/3990","targetHints":{"allow":["GET"]}}],"collection":[{"href":"https:\/\/www.stamhuis.nl\/de\/wp-json\/wp\/v2\/pages"}],"about":[{"href":"https:\/\/www.stamhuis.nl\/de\/wp-json\/wp\/v2\/types\/page"}],"author":[{"embeddable":true,"href":"https:\/\/www.stamhuis.nl\/de\/wp-json\/wp\/v2\/users\/1"}],"replies":[{"embeddable":true,"href":"https:\/\/www.stamhuis.nl\/de\/wp-json\/wp\/v2\/comments?post=3990"}],"version-history":[{"count":0,"href":"https:\/\/www.stamhuis.nl\/de\/wp-json\/wp\/v2\/pages\/3990\/revisions"}],"up":[{"embeddable":true,"href":"https:\/\/www.stamhuis.nl\/de\/wp-json\/wp\/v2\/pages\/3922"}],"wp:featuredmedia":[{"embeddable":true,"href":"https:\/\/www.stamhuis.nl\/de\/wp-json\/wp\/v2\/media\/4337"}],"wp:attachment":[{"href":"https:\/\/www.stamhuis.nl\/de\/wp-json\/wp\/v2\/media?parent=3990"}],"curies":[{"name":"wp","href":"https:\/\/api.w.org\/{rel}","templated":true}]}}