{"id":3959,"date":"2015-11-26T17:06:00","date_gmt":"2015-11-26T16:06:00","guid":{"rendered":"https:\/\/www.stamhuis.nl\/de\/projects\/albert-heijn\/"},"modified":"2016-06-29T13:32:51","modified_gmt":"2016-06-29T11:32:51","slug":"albert-heijn","status":"publish","type":"page","link":"https:\/\/www.stamhuis.nl\/de\/projekte\/albert-heijn\/","title":{"rendered":"Albert Heijn"},"content":{"rendered":"<p class=\"intro\">Anfang der siebziger Jahre bekam Stamhuis erstmals den Auftrag, einen Albert-Heijn-Supermarkt umzubauen. Mittlerweile sind wir einige Tausend (!) Ladenumbauten und Einzelhandelsverbesserungen weiter und Ahold hat sich zu unserem gr\u00f6\u00dften Auftraggeber entwickelt. Um die hochwertige Qualit\u00e4t der L\u00e4den zu gew\u00e4hrleisten, stellt\u00a0Ahold\u00a0hohe Anforderungen an diese umfangreichen und herausfordernden T\u00e4tigkeiten, die mit beispielloser Pr\u00e4zision und Effizienz durchgef\u00fchrt werden.<\/p>\n<p class=\"intro\"><strong><div id=\"slider\" class=\"flexslider\"><ul class=\"slides\"><li id=\"img\" href=\"https:\/\/www.stamhuis.nl\/wp-content\/uploads\/2016\/01\/Photography-DM_AH-53.jpg\"><img decoding=\"async\" src=\"https:\/\/www.stamhuis.nl\/wp-content\/uploads\/2016\/01\/Photography-DM_AH-53.jpg\" \/><\/li><li id=\"img\" href=\"https:\/\/www.stamhuis.nl\/wp-content\/uploads\/2016\/01\/Photography-DM_AH-46.jpg\"><img decoding=\"async\" src=\"https:\/\/www.stamhuis.nl\/wp-content\/uploads\/2016\/01\/Photography-DM_AH-46.jpg\" \/><\/li><li id=\"img\" href=\"https:\/\/www.stamhuis.nl\/wp-content\/uploads\/2016\/01\/Photography-DM_AH-42.jpg\"><img decoding=\"async\" src=\"https:\/\/www.stamhuis.nl\/wp-content\/uploads\/2016\/01\/Photography-DM_AH-42.jpg\" \/><\/li><li id=\"img\" href=\"https:\/\/www.stamhuis.nl\/wp-content\/uploads\/2016\/01\/Photography-DM_AH-41.jpg\"><img decoding=\"async\" src=\"https:\/\/www.stamhuis.nl\/wp-content\/uploads\/2016\/01\/Photography-DM_AH-41.jpg\" \/><\/li><li id=\"img\" href=\"https:\/\/www.stamhuis.nl\/wp-content\/uploads\/2016\/01\/Photography-DM_AH-38.jpg\"><img decoding=\"async\" src=\"https:\/\/www.stamhuis.nl\/wp-content\/uploads\/2016\/01\/Photography-DM_AH-38.jpg\" \/><\/li><li id=\"img\" href=\"https:\/\/www.stamhuis.nl\/wp-content\/uploads\/2016\/01\/Photography-DM_AH-35.jpg\"><img decoding=\"async\" src=\"https:\/\/www.stamhuis.nl\/wp-content\/uploads\/2016\/01\/Photography-DM_AH-35.jpg\" \/><\/li><li id=\"img\" href=\"https:\/\/www.stamhuis.nl\/wp-content\/uploads\/2016\/01\/Photography-DM_AH-33.jpg\"><img decoding=\"async\" src=\"https:\/\/www.stamhuis.nl\/wp-content\/uploads\/2016\/01\/Photography-DM_AH-33.jpg\" \/><\/li><li id=\"img\" href=\"https:\/\/www.stamhuis.nl\/wp-content\/uploads\/2016\/01\/Photography-DM_AH-30.jpg\"><img decoding=\"async\" src=\"https:\/\/www.stamhuis.nl\/wp-content\/uploads\/2016\/01\/Photography-DM_AH-30.jpg\" \/><\/li><li id=\"img\" href=\"https:\/\/www.stamhuis.nl\/wp-content\/uploads\/2016\/01\/Photography-DM_AH-85.jpg\"><img decoding=\"async\" src=\"https:\/\/www.stamhuis.nl\/wp-content\/uploads\/2016\/01\/Photography-DM_AH-85.jpg\" \/><\/li><li id=\"img\" href=\"https:\/\/www.stamhuis.nl\/wp-content\/uploads\/2016\/01\/Photography-DM_AH-65.jpg\"><img decoding=\"async\" src=\"https:\/\/www.stamhuis.nl\/wp-content\/uploads\/2016\/01\/Photography-DM_AH-65.jpg\" \/><\/li><li id=\"img\" href=\"https:\/\/www.stamhuis.nl\/wp-content\/uploads\/2016\/01\/Photography-DM_AH-64.jpg\"><img decoding=\"async\" src=\"https:\/\/www.stamhuis.nl\/wp-content\/uploads\/2016\/01\/Photography-DM_AH-64.jpg\" \/><\/li><li id=\"img\" href=\"https:\/\/www.stamhuis.nl\/wp-content\/uploads\/2016\/01\/Photography-DM_AH-61.jpg\"><img decoding=\"async\" src=\"https:\/\/www.stamhuis.nl\/wp-content\/uploads\/2016\/01\/Photography-DM_AH-61.jpg\" \/><\/li><\/ul><\/div><div id=\"carousel\" class=\"flexslider\"><ul class=\"slides\"><li><img decoding=\"async\" src=\"https:\/\/www.stamhuis.nl\/wp-content\/uploads\/2016\/01\/Photography-DM_AH-53.jpg\" \/><div class=\"overlay\"><\/div><\/li><li><img decoding=\"async\" src=\"https:\/\/www.stamhuis.nl\/wp-content\/uploads\/2016\/01\/Photography-DM_AH-46.jpg\" \/><div class=\"overlay\"><\/div><\/li><li><img decoding=\"async\" src=\"https:\/\/www.stamhuis.nl\/wp-content\/uploads\/2016\/01\/Photography-DM_AH-42.jpg\" \/><div class=\"overlay\"><\/div><\/li><li><img decoding=\"async\" src=\"https:\/\/www.stamhuis.nl\/wp-content\/uploads\/2016\/01\/Photography-DM_AH-41.jpg\" \/><div class=\"overlay\"><\/div><\/li><li><img decoding=\"async\" src=\"https:\/\/www.stamhuis.nl\/wp-content\/uploads\/2016\/01\/Photography-DM_AH-38.jpg\" \/><div class=\"overlay\"><\/div><\/li><li><img decoding=\"async\" src=\"https:\/\/www.stamhuis.nl\/wp-content\/uploads\/2016\/01\/Photography-DM_AH-35.jpg\" \/><div class=\"overlay\"><\/div><\/li><li><img decoding=\"async\" src=\"https:\/\/www.stamhuis.nl\/wp-content\/uploads\/2016\/01\/Photography-DM_AH-33.jpg\" \/><div class=\"overlay\"><\/div><\/li><li><img decoding=\"async\" src=\"https:\/\/www.stamhuis.nl\/wp-content\/uploads\/2016\/01\/Photography-DM_AH-30.jpg\" \/><div class=\"overlay\"><\/div><\/li><li><img decoding=\"async\" src=\"https:\/\/www.stamhuis.nl\/wp-content\/uploads\/2016\/01\/Photography-DM_AH-85.jpg\" \/><div class=\"overlay\"><\/div><\/li><li><img decoding=\"async\" src=\"https:\/\/www.stamhuis.nl\/wp-content\/uploads\/2016\/01\/Photography-DM_AH-65.jpg\" \/><div class=\"overlay\"><\/div><\/li><li><img decoding=\"async\" src=\"https:\/\/www.stamhuis.nl\/wp-content\/uploads\/2016\/01\/Photography-DM_AH-64.jpg\" \/><div class=\"overlay\"><\/div><\/li><li><img decoding=\"async\" src=\"https:\/\/www.stamhuis.nl\/wp-content\/uploads\/2016\/01\/Photography-DM_AH-61.jpg\" \/><div class=\"overlay\"><\/div><\/li><\/ul><\/div><\/strong><\/p>\n<h4>Einmaliger Zusatzservice<\/h4>\n<p>F\u00fcr Albert Heijn begleiten wir den gesamten Umbauvorgang: von der Machbarkeitsstudie bis zur \u00dcbergabe.\u00a0Als einzigartigen Zusatzservice \u00fcbernehmen wir die Lagerung und den Transport vormontierter Ladenregale und Nicht-Handelsware wie Kassensysteme, Brotecken, Dekorationsk\u00e4se und Einkaufswagen und -k\u00f6rbe.<\/p>\n<h4>Gr\u00fcndliche Vorbereitung<\/h4>\n<p>Bei Albert-Heijn-Projekten geht es vor allem um<em> lean and mean<\/em> Umbauten. Je l\u00e4nger der Laden durch den Umbau geschlossen werden muss, umso mehr Umsatz geht verloren. Eine gr\u00fcndliche Vorbereitung und strenge \u00dcberwachung des Ablaufs sind von wesentlicher Bedeutung, um die erforderliche kurze Durchlaufzeit\u00a0zu erzielen. Wenn der Laden am Samstag um 17.00 Uhr schlie\u00dft, muss am folgenden Samstag die \u00dcbergabe an den Kunden erfolgen.\u00a0Dieser Prozess wird bei Stamhuis\u00a0NWG genannt. N\u00e4chste Woche Ge\u00f6ffnet.<\/p>\n","protected":false},"excerpt":{"rendered":"<p>Anfang der siebziger Jahre bekam Stamhuis erstmals den Auftrag, einen Albert-Heijn-Supermarkt umzubauen. Mittlerweile sind wir einige Tausend (!) Ladenumbauten und Einzelhandelsverbesserungen weiter und Ahold hat sich zu unserem gr\u00f6\u00dften Auftraggeber entwickelt. Um die hochwertige Qualit\u00e4t der L\u00e4den zu gew\u00e4hrleisten, stellt\u00a0Ahold\u00a0hohe Anforderungen an diese umfangreichen und herausfordernden T\u00e4tigkeiten, die mit beispielloser Pr\u00e4zision und Effizienz durchgef\u00fchrt werden. Einmaliger Zusatzservice F\u00fcr Albert Heijn begleiten wir den gesamten Umbauvorgang: von der Machbarkeitsstudie bis zur \u00dcbergabe.\u00a0Als einzigartigen Zusatzservice \u00fcbernehmen wir die Lagerung und den Transport vormontierter Ladenregale und Nicht-Handelsware wie Kassensysteme, Brotecken, Dekorationsk\u00e4se und Einkaufswagen und -k\u00f6rbe. Gr\u00fcndliche Vorbereitung Bei Albert-Heijn-Projekten geht es vor allem um lean and mean Umbauten. Je l\u00e4nger der Laden durch den Umbau geschlossen werden muss, umso mehr Umsatz geht verloren. Eine gr\u00fcndliche Vorbereitung und strenge \u00dcberwachung des Ablaufs sind von wesentlicher Bedeutung, um die erforderliche kurze Durchlaufzeit\u00a0zu erzielen. Wenn der&hellip;<\/p>\n","protected":false},"author":1,"featured_media":3960,"parent":3922,"menu_order":1,"comment_status":"closed","ping_status":"closed","template":"","meta":{"om_disable_all_campaigns":false,"_monsterinsights_skip_tracking":false,"_monsterinsights_sitenote_active":false,"_monsterinsights_sitenote_note":"","_monsterinsights_sitenote_category":0,"footnotes":""},"class_list":{"0":"post-3959","1":"page","4":"has-post-thumbnail","5":"hentry"},"_links":{"self":[{"href":"https:\/\/www.stamhuis.nl\/de\/wp-json\/wp\/v2\/pages\/3959","targetHints":{"allow":["GET"]}}],"collection":[{"href":"https:\/\/www.stamhuis.nl\/de\/wp-json\/wp\/v2\/pages"}],"about":[{"href":"https:\/\/www.stamhuis.nl\/de\/wp-json\/wp\/v2\/types\/page"}],"author":[{"embeddable":true,"href":"https:\/\/www.stamhuis.nl\/de\/wp-json\/wp\/v2\/users\/1"}],"replies":[{"embeddable":true,"href":"https:\/\/www.stamhuis.nl\/de\/wp-json\/wp\/v2\/comments?post=3959"}],"version-history":[{"count":0,"href":"https:\/\/www.stamhuis.nl\/de\/wp-json\/wp\/v2\/pages\/3959\/revisions"}],"up":[{"embeddable":true,"href":"https:\/\/www.stamhuis.nl\/de\/wp-json\/wp\/v2\/pages\/3922"}],"wp:featuredmedia":[{"embeddable":true,"href":"https:\/\/www.stamhuis.nl\/de\/wp-json\/wp\/v2\/media\/3960"}],"wp:attachment":[{"href":"https:\/\/www.stamhuis.nl\/de\/wp-json\/wp\/v2\/media?parent=3959"}],"curies":[{"name":"wp","href":"https:\/\/api.w.org\/{rel}","templated":true}]}}