{"id":3918,"date":"2015-12-17T16:59:03","date_gmt":"2015-12-17T15:59:03","guid":{"rendered":"https:\/\/www.stamhuis.nl\/de\/over-ons\/over-stamhuis\/"},"modified":"2016-07-11T09:44:30","modified_gmt":"2016-07-11T07:44:30","slug":"uber-stamhuis","status":"publish","type":"page","link":"https:\/\/www.stamhuis.nl\/de\/uber-uns\/uber-stamhuis\/","title":{"rendered":"\u00dcber Stamhuis"},"content":{"rendered":"<h3>Vom bescheidenen Bauunternehmer bis zum tonangebenden Einzelhandelsbauunternehmen<\/h3>\n<p class=\"intro\">Die Stamhuis Gruppe ist ein tonangebendes Unternehmen auf den Gebieten Ladenumbau und Einzelhandelsverbesserungen. Unsere Entstehungsgeschichte geht zur\u00fcck ins Jahr 1926. In diesem Jahr zogen die Gebr\u00fcder Hendrik und Lambertus zu Utrecht und gr\u00fcndeten ihr eigenes Bauunternehmen \u2018Gebr\u00fcder Stamhuis\u2019. Sechzig Jahre sp\u00e4ter \u00fcbernimmt der Enkel Henk Stamhuis, unser heutiger Gesch\u00e4ftsf\u00fchrer und Gro\u00dfaktion\u00e4r, das Unternehmen. Mit seiner Leidenschaft f\u00fcr das Unternehmertum und seiner eigensinnigen Ansicht des Baugewerbes ist es Henk gelungen, Stamhuis zu dem auswachsen zu lassen, was wir heutzutage sind: das gr\u00f6\u00dfte Einzelhandelsbauunternehmen in den Beneluxl\u00e4ndern.<\/p>\n<h4>Mehr als ein Einzelhandelsbauunternehmen<\/h4>\n<p>Unser Unternehmen wird noch immer aus \u2018dem Herzen des Landes\u2019 koordiniert, hat heutzutage aber auch Niederlassungen in Medemblik, Zaltbommel, Barendrecht, Zuidwolde und Antwerpen. Mit etwas weniger als 300 fest angestellten Mitarbeitern bauen und renovieren wir jedes Jahr etwa 1200 Projekte im In- und Ausland. Obwohl wir mit dem Umbau von L\u00e4den gro\u00df geworden sind, sind wir viel mehr als ein Einzelhandelsbauunternehmen. Ob es nun um den Bau (die Fertigstellung) oder die Renovierung eines B\u00fcros oder einer Pflegereinrichtung, eines Casinos oder Schwimmbads geht: F\u00fcr jedes Projekt kennen wir den (schnellsten) Weg zum Erfolg.<\/p>\n<h4>Langfristige und intensive Beziehungen<\/h4>\n<p>Wir sind bekannt wegen unserer Vielseitigkeit, Transparenz und Tatkraft und darauf sind wir stolz. Bereits seit neunzig Jahren streben wir langfristige und intensive Beziehungen zu unseren Auftraggebern an. Das ist nur m\u00f6glich, wenn man sich f\u00fcr jedes Projekt in die spezifischen W\u00fcnsche des Kunden vertieft. Und das tun wir denn auch! Immer. Dadurch sind wir in der Lage, unsere Auftraggeber immer wieder mit innovativen ma\u00dfgeschneiderten L\u00f6sungen zu \u00fcberraschen.<\/p>\n<h4>Zuverl\u00e4ssig und flexibel<\/h4>\n<p>Das Ziel von Stamhuis ist es, Einzelh\u00e4ndlern, Immobilienverwaltern und Firmen dabei zu helfen, sich rechtzeitig und ad\u00e4quat auf Ver\u00e4nderungen einzustellen. Dabei setzen wir schwer auf Nachhaltigkeit, multidisziplin\u00e4re Zusammenarbeit und effektives Projektmanagement. Das Allerwichtigste ist aber: Wir tun, was wir versprechen und wir halten uns an die Absprachen. Dadurch sind wir ein zuverl\u00e4ssiger und flexibler Partner, mit dem man gerne Gesch\u00e4fte macht. Eine Partei, auf die man bauen kann!<\/p>\n","protected":false},"excerpt":{"rendered":"<p>Vom bescheidenen Bauunternehmer bis zum tonangebenden Einzelhandelsbauunternehmen Die Stamhuis Gruppe ist ein tonangebendes Unternehmen auf den Gebieten Ladenumbau und Einzelhandelsverbesserungen. Unsere Entstehungsgeschichte geht zur\u00fcck ins Jahr 1926. In diesem Jahr zogen die Gebr\u00fcder Hendrik und Lambertus zu Utrecht und gr\u00fcndeten ihr eigenes Bauunternehmen \u2018Gebr\u00fcder Stamhuis\u2019. Sechzig Jahre sp\u00e4ter \u00fcbernimmt der Enkel Henk Stamhuis, unser heutiger Gesch\u00e4ftsf\u00fchrer und Gro\u00dfaktion\u00e4r, das Unternehmen. Mit seiner Leidenschaft f\u00fcr das Unternehmertum und seiner eigensinnigen Ansicht des Baugewerbes ist es Henk gelungen, Stamhuis zu dem auswachsen zu lassen, was wir heutzutage sind: das gr\u00f6\u00dfte Einzelhandelsbauunternehmen in den Beneluxl\u00e4ndern. Mehr als ein Einzelhandelsbauunternehmen Unser Unternehmen wird noch immer aus \u2018dem Herzen des Landes\u2019 koordiniert, hat heutzutage aber auch Niederlassungen in Medemblik, Zaltbommel, Barendrecht, Zuidwolde und Antwerpen. Mit etwas weniger als 300 fest angestellten Mitarbeitern bauen und renovieren wir jedes Jahr etwa 1200 Projekte im In- und Ausland.&hellip;<\/p>\n","protected":false},"author":3,"featured_media":3881,"parent":3880,"menu_order":0,"comment_status":"closed","ping_status":"closed","template":"","meta":{"om_disable_all_campaigns":false,"_monsterinsights_skip_tracking":false,"_monsterinsights_sitenote_active":false,"_monsterinsights_sitenote_note":"","_monsterinsights_sitenote_category":0,"footnotes":""},"class_list":{"0":"post-3918","1":"page","4":"has-post-thumbnail","5":"hentry"},"_links":{"self":[{"href":"https:\/\/www.stamhuis.nl\/de\/wp-json\/wp\/v2\/pages\/3918","targetHints":{"allow":["GET"]}}],"collection":[{"href":"https:\/\/www.stamhuis.nl\/de\/wp-json\/wp\/v2\/pages"}],"about":[{"href":"https:\/\/www.stamhuis.nl\/de\/wp-json\/wp\/v2\/types\/page"}],"author":[{"embeddable":true,"href":"https:\/\/www.stamhuis.nl\/de\/wp-json\/wp\/v2\/users\/3"}],"replies":[{"embeddable":true,"href":"https:\/\/www.stamhuis.nl\/de\/wp-json\/wp\/v2\/comments?post=3918"}],"version-history":[{"count":0,"href":"https:\/\/www.stamhuis.nl\/de\/wp-json\/wp\/v2\/pages\/3918\/revisions"}],"up":[{"embeddable":true,"href":"https:\/\/www.stamhuis.nl\/de\/wp-json\/wp\/v2\/pages\/3880"}],"wp:featuredmedia":[{"embeddable":true,"href":"https:\/\/www.stamhuis.nl\/de\/wp-json\/wp\/v2\/media\/3881"}],"wp:attachment":[{"href":"https:\/\/www.stamhuis.nl\/de\/wp-json\/wp\/v2\/media?parent=3918"}],"curies":[{"name":"wp","href":"https:\/\/api.w.org\/{rel}","templated":true}]}}