{"id":3897,"date":"2015-11-20T12:13:24","date_gmt":"2015-11-20T11:13:24","guid":{"rendered":"https:\/\/www.stamhuis.nl\/de\/over-ons\/mvo\/"},"modified":"2023-02-24T11:06:39","modified_gmt":"2023-02-24T10:06:39","slug":"nachhaltigkeit","status":"publish","type":"page","link":"https:\/\/www.stamhuis.nl\/de\/uber-uns\/nachhaltigkeit\/","title":{"rendered":"Nachhaltigkeit"},"content":{"rendered":"<h4>BAUEN MIT BLICK AUF MORGEN<\/h4>\n<p>&#8222;Man muss nicht nur sagen, was man tut, sondern auch tun, was man sagt!&#8220;<\/p>\n<p>Bei allem, was wir tun, haben wir ein wachsames Auge auf die Auswirkungen unseres Tuns auf Mensch und Umwelt. Nachhaltigkeit ist f\u00fcr uns ein zentrales Thema! Wie machen wir das? Wir erkl\u00e4ren es Ihnen gerne.<\/p>\n<ul>\n<li>Wir geben Einsicht in die Materialfl\u00fcsse<\/li>\n<li>Wir geben eine R\u00fccknahme-Garantie<\/li>\n<li>Wir bauen auf die Zusammenarbeit mit Partnern<\/li>\n<\/ul>\n<h4>GESCHLOSSENER STOFFKREISLAUF<\/h4>\n<p>Es ist wichtig, die Auswirkungen zu verstehen, um unsere Projekte nachhaltiger zu gestalten. Dies hilft uns, einen Beitrag zu SCOPE 3 der CSRD-Gesetzgebung zu leisten. Unser Materialfluss zeigt, welche Materialien innerhalb eines Projekts verwendet werden, und strebt eine maximale Kreislauff\u00e4higkeit an. Die R\u00fccknahme von Materialien und die \u00dcbernahme von Verantwortung ist ein wichtiger Bestandteil des \u00dcbergangs zur Kreislaufwirtschaft. Wir erm\u00f6glichen dies durch unser eigenes Revisionszentrum (RCN) zusammen mit Produzenten und Partnern aus unserem Bauteam.<\/p>\n<p><img loading=\"lazy\" decoding=\"async\" class=\"body-post-image alignnone wp-image-7602 size-medium\" src=\"https:\/\/www.stamhuis.nl\/wp-content\/uploads\/2023\/02\/Dia1-1-e1677227288255-610x358.jpg\" alt=\"Modell der Materialfl\u00fcsse pro Projekt \" width=\"610\" height=\"358\" srcset=\"https:\/\/www.stamhuis.nl\/wp-content\/uploads\/2023\/02\/Dia1-1-e1677227288255-610x358.jpg 610w, https:\/\/www.stamhuis.nl\/wp-content\/uploads\/2023\/02\/Dia1-1-e1677227288255-1024x601.jpg 1024w, https:\/\/www.stamhuis.nl\/wp-content\/uploads\/2023\/02\/Dia1-1-e1677227288255-768x451.jpg 768w, https:\/\/www.stamhuis.nl\/wp-content\/uploads\/2023\/02\/Dia1-1-e1677227288255-310x182.jpg 310w, https:\/\/www.stamhuis.nl\/wp-content\/uploads\/2023\/02\/Dia1-1-e1677227288255-256x150.jpg 256w, https:\/\/www.stamhuis.nl\/wp-content\/uploads\/2023\/02\/Dia1-1-e1677227288255-450x264.jpg 450w, https:\/\/www.stamhuis.nl\/wp-content\/uploads\/2023\/02\/Dia1-1-e1677227288255.jpg 1068w\" sizes=\"auto, (max-width: 610px) 100vw, 610px\" \/><\/p>\n<p>Modell der Materialfl\u00fcsse pro Projekt<\/p>\n<h4>REVISIONSZENTRUM NIEDERLANDE (RCN)<\/h4>\n<ul>\n<li>Wiederverwendung von Materialien<\/li>\n<li>Eigenes Demontageteam<\/li>\n<li>2 Millionen Tonnen CO\u2082-Reduktion pro Jahr<\/li>\n<\/ul>\n<p>Wir haben seit 2011 ein eigenes Revisionszentrum Dieser Gesch\u00e4ftsbereich ist bestrebt, Materialien in h\u00f6chstm\u00f6glicher Qualit\u00e4t wiederzuverwenden, um Abfall zu vermeiden. Dies kann durch zirkul\u00e4re Anwendung, Wiederverwendung von Teilen oder Wiederaufbereitung geschehen. Durch diese Art der Demontage<span style=\"text-decoration: line-through;\"> \u00a0<\/span>erreichen wir zur Zeit eine Reduzierung von 2 Millionen kg CO\u00b2 und eine maximale Wiederverwendung in den neuen Gesch\u00e4ften. Auf diese Weise tragen wir nicht nur zu unserem eigenen Ziel bei, sondern auch zu dem unserer Kunden!<\/p>\n<p>Unter anderem durch die Schaffung von Praktikumspl\u00e4tzen f\u00fcr arbeitsmarktferne Personen und Langzeitarbeitssuchende, leisten wir einen wertvollen Beitrag zur sozialen Verantwortung der Unternehmen.<\/p>\n<p><img loading=\"lazy\" decoding=\"async\" class=\"body-post-image alignleft wp-image-7606 size-medium\" src=\"https:\/\/www.stamhuis.nl\/wp-content\/uploads\/2023\/02\/Dia2-1-610x343.jpg\" alt=\"Stamhuis Material Pass \" width=\"610\" height=\"343\" srcset=\"https:\/\/www.stamhuis.nl\/wp-content\/uploads\/2023\/02\/Dia2-1-610x343.jpg 610w, https:\/\/www.stamhuis.nl\/wp-content\/uploads\/2023\/02\/Dia2-1-1024x576.jpg 1024w, https:\/\/www.stamhuis.nl\/wp-content\/uploads\/2023\/02\/Dia2-1-768x432.jpg 768w, https:\/\/www.stamhuis.nl\/wp-content\/uploads\/2023\/02\/Dia2-1-310x174.jpg 310w, https:\/\/www.stamhuis.nl\/wp-content\/uploads\/2023\/02\/Dia2-1-260x146.jpg 260w, https:\/\/www.stamhuis.nl\/wp-content\/uploads\/2023\/02\/Dia2-1-450x253.jpg 450w, https:\/\/www.stamhuis.nl\/wp-content\/uploads\/2023\/02\/Dia2-1.jpg 1280w\" sizes=\"auto, (max-width: 610px) 100vw, 610px\" \/><\/p>\n<p>&nbsp;<\/p>\n<p>&nbsp;<\/p>\n<p>&nbsp;<\/p>\n<h4><\/h4>\n<h4><\/h4>\n<h4><\/h4>\n<h4><\/h4>\n<h4><\/h4>\n<h4><\/h4>\n<figure id=\"attachment_7402\" aria-describedby=\"caption-attachment-7402\" style=\"width: 328px\" class=\"wp-caption alignnone\"><img loading=\"lazy\" decoding=\"async\" class=\" body-post-image wp-image-7402\" src=\"https:\/\/www.stamhuis.nl\/wp-content\/uploads\/2023\/02\/sh-cladding-610x494.jpg\" alt=\"Cladding hergebruik\" width=\"328\" height=\"266\" srcset=\"https:\/\/www.stamhuis.nl\/wp-content\/uploads\/2023\/02\/sh-cladding-610x494.jpg 610w, https:\/\/www.stamhuis.nl\/wp-content\/uploads\/2023\/02\/sh-cladding-1024x830.jpg 1024w, https:\/\/www.stamhuis.nl\/wp-content\/uploads\/2023\/02\/sh-cladding-768x622.jpg 768w, https:\/\/www.stamhuis.nl\/wp-content\/uploads\/2023\/02\/sh-cladding-1536x1245.jpg 1536w, https:\/\/www.stamhuis.nl\/wp-content\/uploads\/2023\/02\/sh-cladding-2048x1660.jpg 2048w, https:\/\/www.stamhuis.nl\/wp-content\/uploads\/2023\/02\/sh-cladding-255x207.jpg 255w, https:\/\/www.stamhuis.nl\/wp-content\/uploads\/2023\/02\/sh-cladding-185x150.jpg 185w, https:\/\/www.stamhuis.nl\/wp-content\/uploads\/2023\/02\/sh-cladding-370x300.jpg 370w\" sizes=\"auto, (max-width: 328px) 100vw, 328px\" \/><figcaption id=\"caption-attachment-7402\" class=\"wp-caption-text\">Wir reduzieren den Abfallstrom durch die Wiederverwendung von Materialien.<\/figcaption><\/figure>\n<p><img loading=\"lazy\" decoding=\"async\" class=\" body-post-image wp-image-7434\" src=\"https:\/\/www.stamhuis.nl\/wp-content\/uploads\/2023\/02\/stamhuis-610x357.png\" alt=\"Warentr\u00e4gern\" width=\"331\" height=\"194\" srcset=\"https:\/\/www.stamhuis.nl\/wp-content\/uploads\/2023\/02\/stamhuis-610x357.png 610w, https:\/\/www.stamhuis.nl\/wp-content\/uploads\/2023\/02\/stamhuis-768x450.png 768w, https:\/\/www.stamhuis.nl\/wp-content\/uploads\/2023\/02\/stamhuis-310x182.png 310w, https:\/\/www.stamhuis.nl\/wp-content\/uploads\/2023\/02\/stamhuis-256x150.png 256w, https:\/\/www.stamhuis.nl\/wp-content\/uploads\/2023\/02\/stamhuis-450x264.png 450w, https:\/\/www.stamhuis.nl\/wp-content\/uploads\/2023\/02\/stamhuis.png 944w\" sizes=\"auto, (max-width: 331px) 100vw, 331px\" \/><\/p>\n<p>Wir geben den Warentr\u00e4gern durch ein neues Coating ein zweites Leben<\/p>\n<h4><strong>ZUKUNFTSSICHERE EIGENE IMMOBILIE<\/strong><\/h4>\n<ul>\n<li>Wir benutzen Batteriespeicher f\u00fcr Energie<\/li>\n<li>Wir installieren PV-Folie auf eigenen Lkws<\/li>\n<li>So erreichen wir eine Verminderung von 700 TonnenCO\u2082- Jahr<\/li>\n<\/ul>\n<p>Wir sind st\u00e4ndig auf der Suche nach Verbesserungen auf dem Gebiet der Nachhaltigkeit. Wir tun dies nicht nur f\u00fcr unsere Kunden, sondern auch f\u00fcr unsere eigenen R\u00e4umlichkeiten. Wir sorgen daf\u00fcr, dass unsere Geb\u00e4ude auf dem neuesten Stand sind und Minimal den gesetzlichen Anforderungen entsprechen. Aber wir gehen noch weiter! Als innovatives Unternehmen setzen wir uns mit den neuesten Entwicklungen auseinander und wenden sie an, wo immer es m\u00f6glich ist. So sind beispielsweise unsere D\u00e4cher mit fast 7000 Sonnenkollektoren ausgestattet, die gen\u00fcgend Energie f\u00fcr die Versorgung unserer Geb\u00e4ude\u00a0erzeugen. Bald werden wir den gesamten Strom, den wir nicht verbrauchen, in zwei gro\u00dfen Batterien speichern, um ihn zu einem sp\u00e4teren Zeitpunkt zu nutzen oder das Stromnetz zu entlasten und so eine \u00dcberlastung des Netzes zu verhindern. So helfen wir nicht nur uns selbst, sondern auch der direkten Umgebung. Ein gro\u00dfer Teil unserer Heizung wird mit Infrarot-Heizungen betrieben. Auf diese Weise machen wir unsere B\u00fcrogeb\u00e4ude erdgasfrei, was zu einer j\u00e4hrlichen Reduzierung von \u00fcber 700 Tonnen CO\u2082 f\u00fchrt.<\/p>\n<h4>KLIMAZIELE VON PARIS<\/h4>\n<ul>\n<li>Breeam- und GPR-Wissen<\/li>\n<li>CO\u2082-Berechnung von Projekten<\/li>\n<\/ul>\n<p>Selbstverst\u00e4ndlich erf\u00fcllen alle unsere Geb\u00e4ude die immer strengeren Vorschriften wie MPG (Umwelt Vertr\u00e4glichkeit von Geb\u00e4uden) und BENG (nahezu energieneutrale Geb\u00e4ude). Wir k\u00f6nnen diese Berechnungen erstellen und den Kunden in die verschiedenen \u00dcberlegungen und M\u00f6glichkeiten in Bezug auf Installations-Konzepte und bei der Wahl der Geb\u00e4udeh\u00fclle mit einbeziehen. Stamhuis kennt sich auch mit breeam und gpr Geb\u00e4ude aus und kann CO\u2082-Berechnungen f\u00fcr unsere Projekte erstellen.<\/p>\n<p><img loading=\"lazy\" decoding=\"async\" class=\" wp-image-7406 body-post-image\" src=\"https:\/\/www.stamhuis.nl\/wp-content\/uploads\/2023\/02\/Zonnepanelen-dak-610x330.png\" alt=\"Sonnenkollektoren\" width=\"421\" height=\"228\" srcset=\"https:\/\/www.stamhuis.nl\/wp-content\/uploads\/2023\/02\/Zonnepanelen-dak-610x330.png 610w, https:\/\/www.stamhuis.nl\/wp-content\/uploads\/2023\/02\/Zonnepanelen-dak-1024x553.png 1024w, https:\/\/www.stamhuis.nl\/wp-content\/uploads\/2023\/02\/Zonnepanelen-dak-768x415.png 768w, https:\/\/www.stamhuis.nl\/wp-content\/uploads\/2023\/02\/Zonnepanelen-dak-1536x830.png 1536w, https:\/\/www.stamhuis.nl\/wp-content\/uploads\/2023\/02\/Zonnepanelen-dak-310x167.png 310w, https:\/\/www.stamhuis.nl\/wp-content\/uploads\/2023\/02\/Zonnepanelen-dak-260x140.png 260w, https:\/\/www.stamhuis.nl\/wp-content\/uploads\/2023\/02\/Zonnepanelen-dak-450x243.png 450w, https:\/\/www.stamhuis.nl\/wp-content\/uploads\/2023\/02\/Zonnepanelen-dak.png 1601w\" sizes=\"auto, (max-width: 421px) 100vw, 421px\" \/><\/p>\n<p><em>Stamhuis Sonnenkollektoren<\/em><\/p>\n<p><strong>ENERGIEEFFIZIENTER TRANSPORT<\/strong><\/p>\n<ul>\n<li>Wir geben Einsicht in die Materialfl\u00fcsse<\/li>\n<li>Wir geben eine R\u00fccknahme-Garantie<\/li>\n<li>Wir bauen auf die Zusammenarbeit mit Partnern<\/li>\n<\/ul>\n<p>Seit 2012 setzen wir LHV-Lkws ein, die einen um \u00fcber 20 % geringeren Kraftstoffverbrauch erm\u00f6glichen und bis zu 40 % weniger Transportbewegungen pro Projekt verursachen. Ab 2023 werden unsere LHV-Lkws mit einer elektrischen Zugmaschine und PV-Folien auf den D\u00e4chern der Anh\u00e4nger ausgestattet sein. So k\u00f6nnen wir Energie erzeugen und in einer Batterie speichern. Wir nutzen diese gespeicherte Energie zum Be- und Entladen. Ein gro\u00dfer Teil unserer Fahrzeugflotte ist bereits elektrifiziert; wir nutzen diese \u00dcbersetzung in CO\u2082-Reduktion auch f\u00fcr unseren wasserstoffbetriebenen Logistikverkehr.<\/p>\n<div class=\"mceTemp\"><\/div>\n<p>M\u00f6chten Sie mehr erfahren oder herausfinden, wie Ihr Projekt nachhaltiger werden kann?<\/p>\n<p><img loading=\"lazy\" decoding=\"async\" class=\"alignleft wp-image-7415 body-post-image\" src=\"https:\/\/www.stamhuis.nl\/wp-content\/uploads\/2023\/02\/Stamhuis-DZH-logo-610x594.png\" alt=\"Duurzaamheidslogo\" width=\"93\" height=\"91\" srcset=\"https:\/\/www.stamhuis.nl\/wp-content\/uploads\/2023\/02\/Stamhuis-DZH-logo-610x594.png 610w, https:\/\/www.stamhuis.nl\/wp-content\/uploads\/2023\/02\/Stamhuis-DZH-logo-768x747.png 768w, https:\/\/www.stamhuis.nl\/wp-content\/uploads\/2023\/02\/Stamhuis-DZH-logo-50x50.png 50w, https:\/\/www.stamhuis.nl\/wp-content\/uploads\/2023\/02\/Stamhuis-DZH-logo-213x207.png 213w, https:\/\/www.stamhuis.nl\/wp-content\/uploads\/2023\/02\/Stamhuis-DZH-logo-154x150.png 154w, https:\/\/www.stamhuis.nl\/wp-content\/uploads\/2023\/02\/Stamhuis-DZH-logo-308x300.png 308w, https:\/\/www.stamhuis.nl\/wp-content\/uploads\/2023\/02\/Stamhuis-DZH-logo.png 930w\" sizes=\"auto, (max-width: 93px) 100vw, 93px\" \/><\/p>\n<p>&nbsp;<\/p>\n<p>&nbsp;<\/p>\n<p>Kontaktieren Sie unsere Abteilung f\u00fcr Nachhaltigkeit:<a href=\"mailto:duurzaamheid@stamhuis.nl\"> duurzaamheid@stamhuis.nl<\/a><\/p>\n<p>&nbsp;<\/p>\n","protected":false},"excerpt":{"rendered":"<p>BAUEN MIT BLICK AUF MORGEN &#8222;Man muss nicht nur sagen, was man tut, sondern auch tun, was man sagt!&#8220; Bei allem, was wir tun, haben wir ein wachsames Auge auf die Auswirkungen unseres Tuns auf Mensch und Umwelt. Nachhaltigkeit ist f\u00fcr uns ein zentrales Thema! Wie machen wir das? Wir erkl\u00e4ren es Ihnen gerne. Wir geben Einsicht in die Materialfl\u00fcsse Wir geben eine R\u00fccknahme-Garantie Wir bauen auf die Zusammenarbeit mit Partnern GESCHLOSSENER STOFFKREISLAUF Es ist wichtig, die Auswirkungen zu verstehen, um unsere Projekte nachhaltiger zu gestalten. Dies hilft uns, einen Beitrag zu SCOPE 3 der CSRD-Gesetzgebung zu leisten. Unser Materialfluss zeigt, welche Materialien innerhalb eines Projekts verwendet werden, und strebt eine maximale Kreislauff\u00e4higkeit an. Die R\u00fccknahme von Materialien und die \u00dcbernahme von Verantwortung ist ein wichtiger Bestandteil des \u00dcbergangs zur Kreislaufwirtschaft. Wir erm\u00f6glichen dies durch unser eigenes Revisionszentrum (RCN) zusammen&hellip;<\/p>\n","protected":false},"author":1,"featured_media":7434,"parent":3880,"menu_order":0,"comment_status":"closed","ping_status":"closed","template":"","meta":{"om_disable_all_campaigns":false,"_monsterinsights_skip_tracking":false,"_monsterinsights_sitenote_active":false,"_monsterinsights_sitenote_note":"","_monsterinsights_sitenote_category":0,"footnotes":""},"class_list":{"0":"post-3897","1":"page","4":"has-post-thumbnail","5":"hentry"},"_links":{"self":[{"href":"https:\/\/www.stamhuis.nl\/de\/wp-json\/wp\/v2\/pages\/3897","targetHints":{"allow":["GET"]}}],"collection":[{"href":"https:\/\/www.stamhuis.nl\/de\/wp-json\/wp\/v2\/pages"}],"about":[{"href":"https:\/\/www.stamhuis.nl\/de\/wp-json\/wp\/v2\/types\/page"}],"author":[{"embeddable":true,"href":"https:\/\/www.stamhuis.nl\/de\/wp-json\/wp\/v2\/users\/1"}],"replies":[{"embeddable":true,"href":"https:\/\/www.stamhuis.nl\/de\/wp-json\/wp\/v2\/comments?post=3897"}],"version-history":[{"count":0,"href":"https:\/\/www.stamhuis.nl\/de\/wp-json\/wp\/v2\/pages\/3897\/revisions"}],"up":[{"embeddable":true,"href":"https:\/\/www.stamhuis.nl\/de\/wp-json\/wp\/v2\/pages\/3880"}],"wp:featuredmedia":[{"embeddable":true,"href":"https:\/\/www.stamhuis.nl\/de\/wp-json\/wp\/v2\/media\/7434"}],"wp:attachment":[{"href":"https:\/\/www.stamhuis.nl\/de\/wp-json\/wp\/v2\/media?parent=3897"}],"curies":[{"name":"wp","href":"https:\/\/api.w.org\/{rel}","templated":true}]}}