{"id":3888,"date":"2015-11-20T12:12:34","date_gmt":"2015-11-20T11:12:34","guid":{"rendered":"https:\/\/www.stamhuis.nl\/de\/over-ons\/onze-werkwijze\/"},"modified":"2022-10-28T11:57:05","modified_gmt":"2022-10-28T09:57:05","slug":"unsere-arbeitsweise","status":"publish","type":"page","link":"https:\/\/www.stamhuis.nl\/de\/uber-uns\/unsere-arbeitsweise\/","title":{"rendered":"Unsere Arbeitsweise"},"content":{"rendered":"<h3>Das Erfolgsrezept f\u00fcr einen sorglosen und schnellen Umbau<\/h3>\n<p class=\"intro\">Ein Umbau ist h\u00e4ufig ziemlich kompliziert. Denn wie lange muss mein Laden oder B\u00fcro die T\u00fcren schlie\u00dfen? Und wie steht es um die Bel\u00e4stigung f\u00fcr mein Personal und meine Kunden? Wie viel Umsatz wird uns entgehen und wie kann ich mir sicher sein, dass die getroffenen Absprachen auch tats\u00e4chlich eingehalten werden? Das alles sind Dinge, die Ihnen ziemlich viel Kopfzerbrechen verursachen k\u00f6nnen.<\/p>\n<p>Unsere Antwort auf all Ihre Fragen? Das Stamhuis Gesamtkonzept: Eine einmalige Baumethode, mit der wir Ihnen einen Rundum-Service bieten k\u00f6nnen und uns f\u00fcr eine qualitativ hochwertige und reibungslos verlaufende Ausf\u00fchrung der Arbeiten b\u00fcrgen.<\/p>\n<div class=\"video_box\"><div class=\"left\"><h3>Stamhuis Gesamtkonzept<\/h3><\/div><div class=\"right\"><h3 id=\"closed\">Video ansehen<\/h3><h3 id=\"opened\">schlie\u00dfen<\/h3><\/div><\/div><div class=\"flex-video\" id=\"video_speler\"><iframe loading=\"lazy\" id=\"ytplayer\" type=\"text\/html\" width=\"720\" height=\"405\" src=\"https:\/\/www.youtube.com\/embed\/Y2FM0pnlijE\" frameborder=\"0\" allowfullscreen><\/iframe><\/div>\n<h4>Einmaliger Vorteil<\/h4>\n<p>Wenn es um den Bau und Umbau geht, hat Stamhuis einen Ruf zu wahren. Wir wissen f\u00fcr jeden Projekttyp genau, was von uns verlangt wird und sind in der Lage, unsere renommierten und zuverl\u00e4ssigen Partner einzuschalten und zu koordinieren. Ihr einmaliger Vorteil ist, dass wir alle entscheidenden Baufachbereiche und das Fachwissen selbst im Hause haben. Mit einem soliden Team von aufeinander eingestellten Spezialisten sorgen wir f\u00fcr eine transparente und effiziente Ausf\u00fchrung der Arbeiten.<\/p>\n<h4>Erfahrene Spezialisten<\/h4>\n<p>Bei jedem Projekt w\u00e4hlen wir eine prozessm\u00e4\u00dfige Vorgehensweise, wobei wir nichts dem Zufall \u00fcberlassen. Nach einem Sondierungsgespr\u00e4ch besuchen wir zuerst Ihre Baustelle. Hier lassen wir die bestehende Situation, die Einrichtung und das Layout gut auf uns wirken. Anschlie\u00dfend ber\u00e4t unser Team mit erfahrenen Spezialisten ausf\u00fchrlich \u00fcber die Machbarkeit und die Ausf\u00fchrung Ihres Umbaus, Ihrer Neueinrichtung oder Ihres Neubaus.<\/p>\n<p><a href=\"https:\/\/www.stamhuis.nl\/wp-content\/uploads\/2016\/07\/Discipline-bollen-Duits-1-610x597.jpg\"><img loading=\"lazy\" decoding=\"async\" class=\"body-post-image alignnone wp-image-4430 size-medium\" src=\"https:\/\/www.stamhuis.nl\/wp-content\/uploads\/2016\/07\/Discipline-bollen-Duits-1-610x597.jpg\" width=\"610\" height=\"597\" srcset=\"https:\/\/www.stamhuis.nl\/wp-content\/uploads\/2016\/07\/Discipline-bollen-Duits-1-610x597.jpg 610w, https:\/\/www.stamhuis.nl\/wp-content\/uploads\/2016\/07\/Discipline-bollen-Duits-1-768x752.jpg 768w, https:\/\/www.stamhuis.nl\/wp-content\/uploads\/2016\/07\/Discipline-bollen-Duits-1-1024x1002.jpg 1024w, https:\/\/www.stamhuis.nl\/wp-content\/uploads\/2016\/07\/Discipline-bollen-Duits-1-50x50.jpg 50w, https:\/\/www.stamhuis.nl\/wp-content\/uploads\/2016\/07\/Discipline-bollen-Duits-1-211x207.jpg 211w, https:\/\/www.stamhuis.nl\/wp-content\/uploads\/2016\/07\/Discipline-bollen-Duits-1-153x150.jpg 153w, https:\/\/www.stamhuis.nl\/wp-content\/uploads\/2016\/07\/Discipline-bollen-Duits-1-307x300.jpg 307w, https:\/\/www.stamhuis.nl\/wp-content\/uploads\/2016\/07\/Discipline-bollen-Duits-1.jpg 1837w\" sizes=\"auto, (max-width: 610px) 100vw, 610px\" \/><\/a><\/p>\n<h4>Einmalige Baugeschwindigkeit<\/h4>\n<p>Die Geschwindigkeit, mit der Stamhuis Projekte realisiert, darf ruhig ein Unique Selling Point genannt werden. Jedes Projekt bereiten wir bis ins kleinste Detail vor und wird mittels einer \u00fcberzeugenden Logistik implementiert. Indem wir intensiv von Vorfertigung und Vormontage Gebrauch machen, k\u00f6nnen wir f\u00fcr Sie so ungef\u00e4hr jeden Artikel ma\u00dfgeschneidert herstellen und diesen anschlie\u00dfend blitzschnell und einfach montieren. So k\u00f6nnen wir einen Laden mit einer Fl\u00e4che von 4000 m\u00b2 in nur 8 bis 10 Tagen komplett umbauen. Wieso Geschwindigkeit?<\/p>\n<h4>Fachwissen<\/h4>\n<p>Unser Fachwissen setzen wir seit Jahr und Tag f\u00fcr kleine und gro\u00dfe Auftraggeber ein, darunter verschiedene national und international t\u00e4tige Ladenketten. Au\u00dferdem haben wir auch auf anderen Gebieten einen ausgezeichneten Ruf aufgebaut. Also ob es nun um einen neuen Supermarkt oder um ein neues Theater, Schwimmbad oder Pflegeeinrichtung geht: Wir sind in allen S\u00e4tteln gerecht und \u00fcbertreffen Ihre k\u00fchnsten Erwartungen!<\/p>\n","protected":false},"excerpt":{"rendered":"<p>Das Erfolgsrezept f\u00fcr einen sorglosen und schnellen Umbau Ein Umbau ist h\u00e4ufig ziemlich kompliziert. Denn wie lange muss mein Laden oder B\u00fcro die T\u00fcren schlie\u00dfen? Und wie steht es um die Bel\u00e4stigung f\u00fcr mein Personal und meine Kunden? Wie viel Umsatz wird uns entgehen und wie kann ich mir sicher sein, dass die getroffenen Absprachen auch tats\u00e4chlich eingehalten werden? Das alles sind Dinge, die Ihnen ziemlich viel Kopfzerbrechen verursachen k\u00f6nnen. Unsere Antwort auf all Ihre Fragen? Das Stamhuis Gesamtkonzept: Eine einmalige Baumethode, mit der wir Ihnen einen Rundum-Service bieten k\u00f6nnen und uns f\u00fcr eine qualitativ hochwertige und reibungslos verlaufende Ausf\u00fchrung der Arbeiten b\u00fcrgen. Einmaliger Vorteil Wenn es um den Bau und Umbau geht, hat Stamhuis einen Ruf zu wahren. Wir wissen f\u00fcr jeden Projekttyp genau, was von uns verlangt wird und sind in der Lage, unsere renommierten und zuverl\u00e4ssigen Partner&hellip;<\/p>\n","protected":false},"author":1,"featured_media":3892,"parent":3880,"menu_order":0,"comment_status":"closed","ping_status":"closed","template":"","meta":{"om_disable_all_campaigns":false,"_monsterinsights_skip_tracking":false,"_monsterinsights_sitenote_active":false,"_monsterinsights_sitenote_note":"","_monsterinsights_sitenote_category":0,"footnotes":""},"class_list":{"0":"post-3888","1":"page","4":"has-post-thumbnail","5":"hentry"},"_links":{"self":[{"href":"https:\/\/www.stamhuis.nl\/de\/wp-json\/wp\/v2\/pages\/3888","targetHints":{"allow":["GET"]}}],"collection":[{"href":"https:\/\/www.stamhuis.nl\/de\/wp-json\/wp\/v2\/pages"}],"about":[{"href":"https:\/\/www.stamhuis.nl\/de\/wp-json\/wp\/v2\/types\/page"}],"author":[{"embeddable":true,"href":"https:\/\/www.stamhuis.nl\/de\/wp-json\/wp\/v2\/users\/1"}],"replies":[{"embeddable":true,"href":"https:\/\/www.stamhuis.nl\/de\/wp-json\/wp\/v2\/comments?post=3888"}],"version-history":[{"count":0,"href":"https:\/\/www.stamhuis.nl\/de\/wp-json\/wp\/v2\/pages\/3888\/revisions"}],"up":[{"embeddable":true,"href":"https:\/\/www.stamhuis.nl\/de\/wp-json\/wp\/v2\/pages\/3880"}],"wp:featuredmedia":[{"embeddable":true,"href":"https:\/\/www.stamhuis.nl\/de\/wp-json\/wp\/v2\/media\/3892"}],"wp:attachment":[{"href":"https:\/\/www.stamhuis.nl\/de\/wp-json\/wp\/v2\/media?parent=3888"}],"curies":[{"name":"wp","href":"https:\/\/api.w.org\/{rel}","templated":true}]}}